
{"id":29345,"date":"2024-02-29T07:53:01","date_gmt":"2024-02-29T07:53:01","guid":{"rendered":"https:\/\/azurefilm.com\/?post_type=product&#038;p=29345"},"modified":"2025-12-15T13:04:55","modified_gmt":"2025-12-15T13:04:55","slug":"creality-k1c","status":"publish","type":"product","link":"https:\/\/azurefilm.com\/sl\/izdelek\/creality-k1c\/","title":{"rendered":"Creality K1C"},"content":{"rendered":"<p><b>Creality K1C<\/b><span style=\"font-weight: 400;\"> je izjemno hiter 3D tiskalnik zasnovan za natan\u010dno tiskanje tudi s karbonskimi ali ogljikovimi vlakni.\u00a0 Z volumnom konstrukcije 220x220x250 mm in maksimalno hitrostjo 600 mm\/s ta inovativni tiskalnik postavlja nove meje v svetu 3D tiskanja.<\/span><\/p>\n<h2><strong>Eleganca v kombinaciji z robustno konstrukcijo<\/strong><\/h2>\n<p><span style=\"font-weight: 400;\">Tiskalnik ima robusten enodelni okvir, ki je izdelan iz aluminijeve zlitine. Obdajajo ga tudi elegantne steklene stranice ter akrilni pokrov, kar vam omogo\u010da, da imate ves \u010das vpogled v tiskalno komoro.<\/span><\/p>\n<h2><strong>Popolnoma kovinski ekstruder za mo\u010dan oprijem filamenta<\/strong><\/h2>\n<p><span style=\"font-weight: 400;\">K1C uporablja popolnoma kovinski ekstruderski sistem, ki prepre\u010duje zama\u0161itve, poleg tega pa je opremljen tudi s podporno vzmetjo in krogli\u010dnim batom, kar zagotavlja mo\u010dan oprijem filamenta.<\/span><\/p>\n<h2><strong>Izjemno hitro in okretno tiskanje<\/strong><\/h2>\n<p><span style=\"font-weight: 400;\">Z uporabo lahke in dinami\u010dne CoreXY strukture lahko K1C ohranja izjemno visoke hitrosti, hkrati pa zagotavlja izjemno kakovost tiskanja. Odlikuje ga maksimalna hitrost tiskanja 600 mm\/s, standardna hitrost tiskanja 300 mm\/s in maksimalni pospe\u0161ek 20.000 mm\/s\u00b2.<\/span><\/p>\n<h2><strong>Hitro zamenljiva tri-metalna \u201cunicorn\u201d\u00a0 \u0161oba\u00a0<\/strong><\/h2>\n<p><span style=\"font-weight: 400;\">Creality K1C ima hitro zamenljivo tri-kovinsko &#8220;unicorn&#8221; \u0161obo s toplotno za\u0161\u010dito iz titanove zlitine, kar ji omogo\u010da ve\u010djo vsestranskost. Poleg tega je \u0161oba enostavno zamenljiva. Pazite le, da jo pred zamenjavo ohladite.\u00a0<\/span><\/p>\n<h2><strong>Trojno hlajenje<\/strong><\/h2>\n<p><span style=\"font-weight: 400;\">K1C ima trojni hladilni sistem, ki ga sestavljajo trije glavni ventilatorji, in sicer: <\/span>ventilator vro\u010dega konca (hotenda), ki prepre\u010duje uhajanje toplote, delni hladilni ventilator za takoj\u0161nje strjevanje modela med procesom tiskanja in dodatni ventilator ob strani komore<span style=\"font-weight: 400;\">, ki skrbi za splo\u0161no izbolj\u0161anje kakovosti tiskanja.<\/span><\/p>\n<h2><strong>Enostavno tiskanje z oglikovimi (Carbon Fiber) vlakni<\/strong><\/h2>\n<p><span style=\"font-weight: 400;\">K1C brez napora obdeluje tudi Carbon Fiber filamente. To mu omogo\u010da vro\u010di konec (hotend) s konico iz kaljenega jekla, ki dosega maksimalno temperaturo 300 \u00b0C, poleg tega pa proces tiskanja olaj\u0161uje tudi fleksibilna PEI plo\u0161\u010da ter zaprta komora, ki omogo\u010da dosledno tiskanje pri visokih temperaturah.\u00a0<\/span><\/p>\n<h2><strong>Vsestranskost<\/strong><\/h2>\n<p><span style=\"font-weight: 400;\">K1C je zdru\u017eljiv z razli\u010dnimi materiali, zato je primeren za \u0161iroko paleto aplikacij. Brezskrbno tiska s PLA, ASA, ABS ali TPU. Za mehansko robustne dele odporne proti obrabi, deformaciji in staranju, pa uporablja tudi filamente z ogljikovimi vlakni, kot sta PLA-CF ali PET-CF.<\/span><\/p>\n<h2><strong>Izbolj\u0161ano spremljanje<\/strong><\/h2>\n<p><span style=\"font-weight: 400;\">Vgrajena pametna kamera spremlja postopek tiskanja ter vas opozori v primeru napak. Glavne funkcije kamere so zaznavanje \u0161pagetov, zaznavanje tujkov, \u010dasovno snemanje in video nadzor.<\/span><\/p>\n<h2><strong>Odprtokodna zasnova<\/strong><\/h2>\n<p><span style=\"font-weight: 400;\">Tiskalnik deluje z odprtokodno zasnovo, ki vklju\u010duje Creality OS, Creality Print in Creality Cloud za maksimalno prilagodljivost.<\/span><\/p>\n<p><span style=\"font-weight: 400;\">Creality OS, ki temelji na Klipperju, ponuja napredne funkcije, kot sta Linear Advance in Input Shaping. Creality Print vklju\u010duje Smart Cooling, Optimal Retraction, Slim Supports in upravljanje ve\u010dih 3D tiskalnikov, kar uporabniku olaj\u0161uje celoten postopek tiskanja. Poleg tega Creality Cloud slu\u017ei kot platforma za 3D tiskanje ter med uporabniki omogo\u010da nemoteno interakcijo.\u00a0<\/span><\/p>\n<h2><strong>Dodatne lastnosti<\/strong><\/h2>\n<p><span style=\"font-weight: 400;\">Creality K1C ponuja tudi nekatere dodatne lastnosti, in sicer \u201cPlug and play\u201d z navodili za zagon in hitro nastavitev (3 minute od odpakiranja do za\u010detka tiskanja), visoko avtomatiziran in uporabniku prijazen sistem, samodejno niveliranje z enim klikom, vklju\u010dno s samodejnim odmikom osi Z, samodejnim izravnavanjem in samodejnim preizkusom oblikovanja vnosa, ogleni filter za \u010di\u0161\u010denje spojin in delcev iz staljenih filamentov, tiho delovanje z ravnmi hrupa \u226445 dB, serijsko funkcijo delne napake, vnaprej name\u0161\u010dene du\u0161ilne blazinice, ki zmanj\u0161ujejo vibracije, silikonski otiralnik za vzdr\u017eevanje konice \u0161obe, protilomno folijo na steklu, oja\u010dano kabelsko verigo, zanesljiv bla\u017eilni te\u010daj za nadzorovano premikanje vrat, stranski nosilec koluta ter 4,3-pal\u010dni barvni zaslon na dotik.<\/span><\/p>\n","protected":false},"excerpt":{"rendered":"<p><span style=\"font-weight: 400;\">Spoznajte Creality K1C &#8211; izjemno mo\u010dan ter hiter 3D tiskalnik, popoln za tiskanje s karbonskimi ali ogljikovimi vlakni ter za zahtevne aplikacije.\u00a0\u00a0<\/span><\/p>\n","protected":false},"featured_media":29331,"comment_status":"closed","ping_status":"closed","template":"","meta":{"_acf_changed":false},"product_brand":[],"product_cat":[733,739,736,735,759],"product_tag":[],"brand":[],"class_list":{"0":"post-29345","1":"product","2":"type-product","3":"status-publish","4":"has-post-thumbnail","6":"product_cat-3d-tiskalnik","7":"product_cat-creality","8":"product_cat-fdm-tiskalnik","9":"product_cat-vsi-3d-tiskalniki","10":"product_cat-znizano","12":"first","13":"outofstock","14":"sale","15":"taxable","16":"shipping-taxable","17":"purchasable","18":"product-type-simple"},"acf":[],"_links":{"self":[{"href":"https:\/\/azurefilm.com\/sl\/wp-json\/wp\/v2\/product\/29345","targetHints":{"allow":["GET"]}}],"collection":[{"href":"https:\/\/azurefilm.com\/sl\/wp-json\/wp\/v2\/product"}],"about":[{"href":"https:\/\/azurefilm.com\/sl\/wp-json\/wp\/v2\/types\/product"}],"replies":[{"embeddable":true,"href":"https:\/\/azurefilm.com\/sl\/wp-json\/wp\/v2\/comments?post=29345"}],"wp:featuredmedia":[{"embeddable":true,"href":"https:\/\/azurefilm.com\/sl\/wp-json\/wp\/v2\/media\/29331"}],"wp:attachment":[{"href":"https:\/\/azurefilm.com\/sl\/wp-json\/wp\/v2\/media?parent=29345"}],"wp:term":[{"taxonomy":"product_brand","embeddable":true,"href":"https:\/\/azurefilm.com\/sl\/wp-json\/wp\/v2\/product_brand?post=29345"},{"taxonomy":"product_cat","embeddable":true,"href":"https:\/\/azurefilm.com\/sl\/wp-json\/wp\/v2\/product_cat?post=29345"},{"taxonomy":"product_tag","embeddable":true,"href":"https:\/\/azurefilm.com\/sl\/wp-json\/wp\/v2\/product_tag?post=29345"},{"taxonomy":"brand","embeddable":true,"href":"https:\/\/azurefilm.com\/sl\/wp-json\/wp\/v2\/brand?post=29345"}],"curies":[{"name":"wp","href":"https:\/\/api.w.org\/{rel}","templated":true}]}}