
{"id":29738,"date":"2024-03-07T14:20:19","date_gmt":"2024-03-07T14:20:19","guid":{"rendered":"https:\/\/azurefilm.com\/?post_type=product&#038;p=29738"},"modified":"2025-09-13T19:51:57","modified_gmt":"2025-09-13T19:51:57","slug":"pc-abs-filament-natur","status":"publish","type":"product","link":"https:\/\/azurefilm.com\/sl\/izdelek\/pc-abs-filament-natur\/","title":{"rendered":"PC ABS filament Natur"},"content":{"rendered":"<h2><strong>PC ABS<\/strong><\/h2>\n<p><span style=\"font-weight: 400;\">PC ABS filament Natur je neverjetno mo\u010dan material, ki je popoln za mehanske dele in tehni\u010dne aplikacije \u0161e posebej v avtomobilski industriji. Dodatek polikarbonata (PC) k akrilonitril butadien stirenu (ABS) ustvari material, ki gladko tiska s skoraj popolnim oprijemom med plastmi. Kon\u010dni rezultat je visoko kakovostni tisk, ki je lahek, vzdr\u017eljiv ter ima po povr\u0161ini gladek sijaj.<\/span><\/p>\n<p><span style=\"font-weight: 400;\">\u010ce \u017eelite izvedeti ve\u010d o PC ABS filamentih, preberite na\u0161 <a href=\"https:\/\/azurefilm.com\/sl\/2024\/03\/07\/pc-abs-nova-in-izboljsana-formula\/\" target=\"_blank\" rel=\"noopener\"><strong>blog<\/strong><\/a>.<\/span><\/p>\n<h3><strong>Priporo\u010dila za tiskanje:*<\/strong><\/h3>\n<ul>\n<li style=\"font-weight: 400;\" aria-level=\"1\"><span style=\"font-weight: 400;\">Za najbolj\u0161e rezultate tiskajte pri temperaturi 265\u2013285 \u00b0C.<\/span><\/li>\n<li style=\"font-weight: 400;\" aria-level=\"1\"><span style=\"font-weight: 400;\">Priporo\u010dena temperatura ogrevane mize je 110 \u00b0C. <\/span><b>Za ta material je priporo\u010deno tiskanje z zaprtim 3D tiskalnikom.\u00a0<\/b><\/li>\n<\/ul>\n<p><i><span style=\"font-weight: 400;\">*Idealna temperatura se lahko razlikuje pri uporabi razli\u010dnih tiskalnikov.<\/span><\/i><\/p>\n<div class=\"is-divider divider clearfix\" style=\"max-width:100%;height:1px;background-color:rgb(17, 107, 168);\"><\/div>\n<h3><strong>Aplikacije<\/strong><\/h3>\n<p><span style=\"font-weight: 400;\">Material PC ABS je v industriji 3D tiskanja zelo cenjen, kar je posledica njegove edinstvene kombinacije mo\u010di, visoke<\/span><b> temperaturne odpornosti (do 122 \u00b0C)<\/b><span style=\"font-weight: 400;\"> in enostavnosti uporabe.<\/span><\/p>\n<p><img loading=\"lazy\" decoding=\"async\" class=\" wp-image-29945 alignright\" src=\"https:\/\/azurefilm.com\/wp-content\/uploads\/2024\/03\/PC-ABS_spider_SLO-300x195.png\" alt=\"\" width=\"600\" height=\"390\" title=\"\" srcset=\"https:\/\/azurefilm.com\/wp-content\/uploads\/2024\/03\/PC-ABS_spider_SLO-300x195.png 300w, https:\/\/azurefilm.com\/wp-content\/uploads\/2024\/03\/PC-ABS_spider_SLO-510x331.png 510w, https:\/\/azurefilm.com\/wp-content\/uploads\/2024\/03\/PC-ABS_spider_SLO-1024x665.png 1024w, https:\/\/azurefilm.com\/wp-content\/uploads\/2024\/03\/PC-ABS_spider_SLO-768x499.png 768w, https:\/\/azurefilm.com\/wp-content\/uploads\/2024\/03\/PC-ABS_spider_SLO-1536x998.png 1536w, https:\/\/azurefilm.com\/wp-content\/uploads\/2024\/03\/PC-ABS_spider_SLO.png 1746w\" sizes=\"auto, (max-width: 600px) 100vw, 600px\" \/><\/p>\n<h4><strong>Funkcionalni prototipi<\/strong><\/h4>\n<p><span style=\"font-weight: 400;\">PC ABS se pogosto uporablja za ustvarjanje funkcionalnih prototipov, ki so podvr\u017eeni strogim testiranjem in ocenam. Izdelava funkcionalnih prototipov je klju\u010dni korak v razvojnem procesu v razli\u010dnih panogah, saj zagotavlja dragocene vpoglede v to, kako se bo kon\u010dni izdelek obnesel v dejanskih pogojih ter omogo\u010da prilagajanje in izbolj\u0161ave prvotne zasnove. S PC ABS lahko natisnete razli\u010dne avtomobilske komponente, kot so prezra\u010devalni sistemi, prototipi armaturnih plo\u0161\u010d in vratne kljuke ter jih nato v celoti preizkusite pod razli\u010dnimi pogoji, kot so izpostavljanje mehanskim obremenitvam ali pa visokim temperaturam.<\/span><\/p>\n<h4><strong>Komponente kon\u010dnega izdelka<\/strong><\/h4>\n<p><span style=\"font-weight: 400;\">PC ABS se zaradi svoje odli\u010dne vzdr\u017eljivosti in trdnosti uporablja tudi za 3D tiskanje \u0161iroke palete polizdelkov. Lep primer je tiskanje ohi\u0161ij po meri, ki se jih nato aplicira na elektronske naprave, ki so lahko ro\u010dne (pametni telefoni in tablice), pa vse do ohi\u0161ij brezpilotnih letal. Poleg tega je PC ABS izjemno odporen tudi na vro\u010dino in udarce, kar zagotavlja, da so kon\u010dni izdelki za\u0161\u010diteni v razli\u010dnih okoljih.<\/span><\/p>\n<h4><strong>Komponente po meri za proizvodnjo<\/strong><\/h4>\n<p><span style=\"font-weight: 400;\">Zaradi svoje vsestranskosti je PC ABS idealen za izdelavo \u0161ablon in drugih komponent po meri, ki se uporabljajo v proizvodnih procesih. Slednje vklju\u010duje orodje, pripomo\u010dke za sestavljanje in nosilce po meri, ki morajo biti vzdr\u017eljivi in \u200b\u200bodporni na industrijska okolja.<\/span><\/p>\n<h3><strong>Shranjevanje produkta<\/strong><\/h3>\n<p><span style=\"font-weight: 400;\">Priporo\u010damo vam, da filament shranjujete v hladnem, suhem in zaprtem prostoru, po mo\u017enosti v paketu s su\u0161ilnim sredstvom iz silicijevega dioksida ter stran od UV svetlobe.<\/span><\/p>\n<div class=\"is-divider divider clearfix\" style=\"max-width:100%;height:1px;background-color:rgb(17, 107, 168);\"><\/div>\n<h3><strong>Zna\u010dilnosti<\/strong><\/h3>\n<table>\n<tbody>\n<tr>\n<th><span style=\"font-weight: 400;\">Zna\u010dilnost<\/span><\/th>\n<th><span style=\"font-weight: 400;\">Standard<\/span><\/th>\n<th><span style=\"font-weight: 400;\">Vrednost XY\u00a0<\/span><\/th>\n<th><span style=\"font-weight: 400;\">Vrednost XZ<\/span><\/th>\n<th><span style=\"font-weight: 400;\">VrednostZX\u00a0<\/span><\/th>\n<th><span style=\"font-weight: 400;\">Enota\u00a0<\/span><\/th>\n<\/tr>\n<tr>\n<td><span style=\"font-weight: 400;\">\u00a0Natezna trdnost<\/span><\/td>\n<td><span style=\"font-weight: 400;\">ISO 527-2<\/span><\/td>\n<td><span style=\"font-weight: 400;\">41,4<\/span><\/td>\n<td><span style=\"font-weight: 400;\">42,7<\/span><\/td>\n<td><span style=\"font-weight: 400;\">18,3<\/span><\/td>\n<td><span style=\"font-weight: 400;\">MPa<\/span><\/td>\n<\/tr>\n<tr>\n<td><span style=\"font-weight: 400;\">\u00a0Meja te\u010denja<\/span><\/td>\n<td><span style=\"font-weight: 400;\">ISO 527-2<\/span><\/td>\n<td><span style=\"font-weight: 400;\">33,3<\/span><\/td>\n<td><span style=\"font-weight: 400;\">32,8<\/span><\/td>\n<td><span style=\"font-weight: 400;\">\/<\/span><\/td>\n<td><span style=\"font-weight: 400;\">MPa<\/span><\/td>\n<\/tr>\n<tr>\n<td><span style=\"font-weight: 400;\">\u00a0Natezni modul<\/span><\/td>\n<td><span style=\"font-weight: 400;\">ISO 527-2<\/span><\/td>\n<td><span style=\"font-weight: 400;\">2000<\/span><\/td>\n<td><span style=\"font-weight: 400;\">2000<\/span><\/td>\n<td><span style=\"font-weight: 400;\">1800<\/span><\/td>\n<td><span style=\"font-weight: 400;\">MPa<\/span><\/td>\n<\/tr>\n<tr>\n<td><span style=\"font-weight: 400;\">\u00a0Deformacija pri izkoristku<\/span><\/td>\n<td><span style=\"font-weight: 400;\">ISO 527-2<\/span><\/td>\n<td><span style=\"font-weight: 400;\">5,3<\/span><\/td>\n<td><span style=\"font-weight: 400;\">4,0<\/span><\/td>\n<td><span style=\"font-weight: 400;\">1,2<\/span><\/td>\n<td><span style=\"font-weight: 400;\">%<\/span><\/td>\n<\/tr>\n<tr>\n<td><span style=\"font-weight: 400;\">\u00a0Upogibna trdnost<\/span><\/td>\n<td><span style=\"font-weight: 400;\">ISO 178<\/span><\/td>\n<td><span style=\"font-weight: 400;\">65,7<\/span><\/td>\n<td><span style=\"font-weight: 400;\">67,0<\/span><\/td>\n<td><span style=\"font-weight: 400;\">26,8<\/span><\/td>\n<td><span style=\"font-weight: 400;\">MPa<\/span><\/td>\n<\/tr>\n<tr>\n<td><span style=\"font-weight: 400;\">\u00a0Upogibni na\u010din<\/span><\/td>\n<td><span style=\"font-weight: 400;\">ISO 178<\/span><\/td>\n<td><span style=\"font-weight: 400;\">2100<\/span><\/td>\n<td><span style=\"font-weight: 400;\">2200<\/span><\/td>\n<td><span style=\"font-weight: 400;\">1900<\/span><\/td>\n<td><span style=\"font-weight: 400;\">MPa<\/span><\/td>\n<\/tr>\n<tr>\n<td><span style=\"font-weight: 400;\">\u00a0Udarna trdnost\u00a0<\/span><\/td>\n<td><span style=\"font-weight: 400;\">ISO 179<\/span><\/td>\n<td><span style=\"font-weight: 400;\">25<\/span><\/td>\n<td><span style=\"font-weight: 400;\">\/<\/span><\/td>\n<td><span style=\"font-weight: 400;\">\/<\/span><\/td>\n<td><span style=\"font-weight: 400;\">kJ\/m\u00b2<\/span><\/td>\n<\/tr>\n<\/tbody>\n<\/table>\n<p><span style=\"font-weight: 400;\"><a href=\"https:\/\/azurefilm.com\/sl\/technical-data-sheets\/\" target=\"_blank\" rel=\"noopener\"><strong>Tukaj<\/strong><\/a> lahko dostopate do <\/span><b>tehni\u010dnega in varnostnega lista<\/b><span style=\"font-weight: 400;\">.\u00a0<\/span><\/p>\n","protected":false},"excerpt":{"rendered":"<p><span style=\"font-weight: 400;\">Zaradi svoje neverjetno mo\u010dne in zanesljive narave se PC ABS filament Natur pogosto uporablja za izdelavo funkcionalnih prototipov ter za proizvodnjo avtomobilskih delov.\u00a0\u00a0<\/span><\/p>\n","protected":false},"featured_media":29844,"comment_status":"closed","ping_status":"closed","template":"","meta":{"_acf_changed":false},"product_brand":[],"product_cat":[758,659,756,661],"product_tag":[1532],"brand":[267],"class_list":{"0":"post-29738","1":"product","2":"type-product","3":"status-publish","4":"has-post-thumbnail","6":"product_cat-pc-abs-filament","7":"product_cat-3d-filamenti","8":"product_cat-abs-filament","9":"product_cat-vsi-filamenti","10":"product_tag-high-speed","11":"pa_colour-brown","12":"pa_filament-diameter-1-75mm","13":"pa_filament-weight-1000g","14":"brand-azurefilm","16":"first","17":"instock","18":"taxable","19":"shipping-taxable","20":"purchasable","21":"product-type-variable"},"acf":[],"_links":{"self":[{"href":"https:\/\/azurefilm.com\/sl\/wp-json\/wp\/v2\/product\/29738","targetHints":{"allow":["GET"]}}],"collection":[{"href":"https:\/\/azurefilm.com\/sl\/wp-json\/wp\/v2\/product"}],"about":[{"href":"https:\/\/azurefilm.com\/sl\/wp-json\/wp\/v2\/types\/product"}],"replies":[{"embeddable":true,"href":"https:\/\/azurefilm.com\/sl\/wp-json\/wp\/v2\/comments?post=29738"}],"wp:featuredmedia":[{"embeddable":true,"href":"https:\/\/azurefilm.com\/sl\/wp-json\/wp\/v2\/media\/29844"}],"wp:attachment":[{"href":"https:\/\/azurefilm.com\/sl\/wp-json\/wp\/v2\/media?parent=29738"}],"wp:term":[{"taxonomy":"product_brand","embeddable":true,"href":"https:\/\/azurefilm.com\/sl\/wp-json\/wp\/v2\/product_brand?post=29738"},{"taxonomy":"product_cat","embeddable":true,"href":"https:\/\/azurefilm.com\/sl\/wp-json\/wp\/v2\/product_cat?post=29738"},{"taxonomy":"product_tag","embeddable":true,"href":"https:\/\/azurefilm.com\/sl\/wp-json\/wp\/v2\/product_tag?post=29738"},{"taxonomy":"brand","embeddable":true,"href":"https:\/\/azurefilm.com\/sl\/wp-json\/wp\/v2\/brand?post=29738"}],"curies":[{"name":"wp","href":"https:\/\/api.w.org\/{rel}","templated":true}]}}