
{"id":32709,"date":"2024-04-17T09:51:36","date_gmt":"2024-04-17T09:51:36","guid":{"rendered":"https:\/\/azurefilm.com\/?post_type=product&#038;p=32709"},"modified":"2025-08-22T10:35:42","modified_gmt":"2025-08-22T10:35:42","slug":"pla-prime-filament-red","status":"publish","type":"product","link":"https:\/\/azurefilm.com\/sl\/izdelek\/pla-prime-filament-red\/","title":{"rendered":"PLA Prime filament Red"},"content":{"rendered":"<h2><strong>PLA Prime<\/strong><\/h2>\n<p><img loading=\"lazy\" decoding=\"async\" class=\"alignright wp-image-32440 \" src=\"https:\/\/azurefilm.com\/wp-content\/uploads\/2024\/04\/SL_Spider-chart-PLA-Prime-1024x597.png\" alt=\"\" width=\"700\" height=\"408\" title=\"\" srcset=\"https:\/\/azurefilm.com\/wp-content\/uploads\/2024\/04\/SL_Spider-chart-PLA-Prime-1024x597.png 1024w, https:\/\/azurefilm.com\/wp-content\/uploads\/2024\/04\/SL_Spider-chart-PLA-Prime-510x297.png 510w, https:\/\/azurefilm.com\/wp-content\/uploads\/2024\/04\/SL_Spider-chart-PLA-Prime-300x175.png 300w, https:\/\/azurefilm.com\/wp-content\/uploads\/2024\/04\/SL_Spider-chart-PLA-Prime-768x448.png 768w, https:\/\/azurefilm.com\/wp-content\/uploads\/2024\/04\/SL_Spider-chart-PLA-Prime-1536x896.png 1536w, https:\/\/azurefilm.com\/wp-content\/uploads\/2024\/04\/SL_Spider-chart-PLA-Prime.png 1674w\" sizes=\"auto, (max-width: 700px) 100vw, 700px\" \/><\/p>\n<p><span style=\"font-weight: 400;\">PLA Prime je na\u0161 vrhunski in izbolj\u0161an PLA (polimle\u010dna kislina) primeren za in\u017eenirsko uporabo. Zaradi izbolj\u0161ane formulacije ima PLA Prime odli\u010dno temperaturno odpornost, visoko odpornost na udarce in zanemarljivo stopnjo kr\u010denja po \u017earjenju. Enostavna uporaba v kombinaciji z zmo\u017enostjo hitrega tiskanja in odli\u010dnim oprijemom med plastmi poskrbi za to, da je PLA Prime zanesljiv material, ki se lahko spopade z najzapletenej\u0161imi aplikacijami.<\/span><\/p>\n<p><span style=\"font-weight: 400;\">\u010ce \u017eelite izvedeti ve\u010d o PLA Prime filamentih, preberite na\u0161 <\/span><a href=\"https:\/\/azurefilm.com\/sl\/2024\/04\/23\/prime-filamenti\/\" target=\"_blank\" rel=\"noopener\"><b>blog<\/b><\/a><span style=\"font-weight: 400;\">.<\/span><\/p>\n<h3><strong>Priporo\u010dila za tiskanje:<\/strong><\/h3>\n<ul>\n<li style=\"font-weight: 400;\" aria-level=\"1\"><span style=\"font-weight: 400;\">Za najbolj\u0161e rezultate tiskajte pri 230\u2013265 \u00b0C*.<\/span><\/li>\n<li style=\"font-weight: 400;\" aria-level=\"1\"><span style=\"font-weight: 400;\">Priporo\u010dena temperatura tiskalne povr\u0161ine je 0\u201360 \u00b0C. Ta material je mogo\u010de tiskati brez ohi\u0161ja.<\/span><\/li>\n<li style=\"font-weight: 400;\" aria-level=\"1\"><span style=\"font-weight: 400;\">Toplo priporo\u010damo uporabo debelej\u0161ih in teksturiranih PEI\/steklenih plo\u0161\u010d, saj togost in trdnost PLA Prime materiala zahtevata te\u017eo in\/ali magnetno mo\u010d visokokakovostne tiskalne plo\u0161\u010de.<\/span><\/li>\n<\/ul>\n<p><i><span style=\"font-weight: 400;\">*Idealna temperatura se lahko razlikuje pri uporabi razli\u010dnih tiskalnikov.<\/span><\/i><\/p>\n<div class=\"is-divider divider clearfix\" style=\"max-width:100%;height:1px;background-color:rgb(17, 107, 168);\"><\/div>\n<h2><strong>Aplikacije<\/strong><\/h2>\n<p><span style=\"font-weight: 400;\">PLA Prime je odli\u010den material za tiskanje zapletenih modelov, hkrati pa zagotavlja tudi vzdr\u017eljivost in mo\u010d.<\/span><\/p>\n<h3><strong>Enostavno tiskanje kot s PLA, vzdr\u017eljivost kot ABS<\/strong><\/h3>\n<p><span style=\"font-weight: 400;\">\u010cetudi je tiskanje s PLA Prime tako enostavno, kot tiskanje z navadnim PLA so njegove odli\u010dne mehanske lastnosti podobne ABS. Zaradi tega je PLA Prime odli\u010den material za ustvarjanje funkcionalnih predmetov\/prototipov, ki morajo vzdr\u017eati razli\u010dne okoli\u0161\u010dine, brez te\u017eav s tiskanjem, ki jih predstavljajo obi\u010dajni ABS materiali.<\/span><\/p>\n<div style=\"padding: 56.6% 0 0 0; position: relative;\"><iframe style=\"position: absolute; top: 0; left: 0; width: 100%; height: 100%;\" title=\"Enostavno tiskanje kot s PLA, vzdr\u017eljivost kot ABS\" src=\"https:\/\/player.vimeo.com\/video\/935739718?badge=0&amp;autopause=0&amp;player_id=0&amp;app_id=58479\" frameborder=\"0\"><\/iframe><\/div>\n<p><script src=\"https:\/\/player.vimeo.com\/api\/player.js\"><\/script><\/p>\n<h3><strong>Visoka temperaturna odpornost<\/strong><\/h3>\n<p><span style=\"font-weight: 400;\">PLA Prime zaradi svoje izredne temperaturne odpornosti omogo\u010da veliko \u0161ir\u0161i obseg uporabe kot obi\u010dajni PLA. Kjer obi\u010dajni PLA ne bi bil mo\u017enost, je PLA Prime popolnoma primeren, na primer za predmete, kot so elektronska ohi\u0161ja, pri katerih sta za za\u0161\u010dito elektronike v notranjosti potrebna tako visoka temperaturna odpornost kot visoka odpornost na udarce.<\/span><\/p>\n<p><img loading=\"lazy\" decoding=\"async\" class=\"aligncenter wp-image-31952 size-full\" src=\"https:\/\/azurefilm.com\/wp-content\/uploads\/2024\/04\/PLA-PRIME-Heat-Resistance-scaled.jpg\" alt=\"\" width=\"2560\" height=\"961\" title=\"\" srcset=\"https:\/\/azurefilm.com\/wp-content\/uploads\/2024\/04\/PLA-PRIME-Heat-Resistance-scaled.jpg 2560w, https:\/\/azurefilm.com\/wp-content\/uploads\/2024\/04\/PLA-PRIME-Heat-Resistance-scaled-510x191.jpg 510w, https:\/\/azurefilm.com\/wp-content\/uploads\/2024\/04\/PLA-PRIME-Heat-Resistance-300x113.jpg 300w, https:\/\/azurefilm.com\/wp-content\/uploads\/2024\/04\/PLA-PRIME-Heat-Resistance-1024x384.jpg 1024w, https:\/\/azurefilm.com\/wp-content\/uploads\/2024\/04\/PLA-PRIME-Heat-Resistance-768x288.jpg 768w, https:\/\/azurefilm.com\/wp-content\/uploads\/2024\/04\/PLA-PRIME-Heat-Resistance-1536x576.jpg 1536w, https:\/\/azurefilm.com\/wp-content\/uploads\/2024\/04\/PLA-PRIME-Heat-Resistance-2048x768.jpg 2048w\" sizes=\"auto, (max-width: 2560px) 100vw, 2560px\" \/><\/p>\n<h3><strong>Visoka odpornost na udarce<\/strong><\/h3>\n<p><span style=\"font-weight: 400;\">Odpornost na udarce se nana\u0161a na sposobnost materiala, da se upre deformaciji, pokanju in lomljenju pri nenadnem in mo\u010dnem udarcu. PLA Prime ima visoko udarno trdnost, kar pomeni, da lahko prenese veliko udarcev, ne da bi to vplivalo na celovitost va\u0161ega tiska.<\/span><\/p>\n<div style=\"padding: 56.25% 0 0 0; position: relative;\"><iframe style=\"position: absolute; top: 0; left: 0; width: 100%; height: 100%;\" title=\"Visoka odpornost na udarce\" src=\"https:\/\/player.vimeo.com\/video\/935740714?badge=0&amp;autopause=0&amp;player_id=0&amp;app_id=58479\" frameborder=\"0\"><\/iframe><\/div>\n<p><script src=\"https:\/\/player.vimeo.com\/api\/player.js\"><\/script><\/p>\n<h3><strong>Minimalno kr\u010denje (po \u017earjenju)<\/strong><\/h3>\n<p><span style=\"font-weight: 400;\">Obi\u010dajna tehnika za pove\u010danje trdnosti in temperaturne odpornosti tiskanega predmeta se imenuje <a href=\"https:\/\/azurefilm.com\/sl\/2024\/03\/28\/kaj-je-zarjenje\/\" target=\"_blank\" rel=\"noopener\"><strong>\u017earjenje<\/strong><\/a>. \u017dariti 3D natisnjen predmet pomeni segreti predmet tik nad stopnjo kristalizacije in pustiti, da se nato ohladi. Ta postopek povzro\u010di, da postane tisk znatno mo\u010dnej\u0161i na molekularni ravni.<\/span><\/p>\n<p><span style=\"font-weight: 400;\">\u017darjenje navadnega PLA pogosto povzro\u010di deformacijo ali celo taljenje predmeta. Z na\u0161o izbolj\u0161ano formulo pa ima PLA Prime minimalno kr\u010denje in deformacijo po \u017earjenju, kar pomeni, da si lahko zagotovite kar najbolj natan\u010dne in mo\u010dne tiske.<\/span><\/p>\n<p><span style=\"font-weight: 400;\">\u010ce \u017eelite izvedeti ve\u010d o \u017earjenju, preberite na\u0161 <a href=\"https:\/\/azurefilm.com\/sl\/2024\/03\/28\/kaj-je-zarjenje\/\" target=\"_blank\" rel=\"noopener\"><strong>blog<\/strong><\/a>.<\/span><\/p>\n<div style=\"padding: 56.25% 0 0 0; position: relative;\"><iframe style=\"position: absolute; top: 0; left: 0; width: 100%; height: 100%;\" title=\"Minimalno kr\u010denje po \u017earjenju\" src=\"https:\/\/player.vimeo.com\/video\/935741831?badge=0&amp;autopause=0&amp;player_id=0&amp;app_id=58479\" frameborder=\"0\"><\/iframe><\/div>\n<p><script src=\"https:\/\/player.vimeo.com\/api\/player.js\"><\/script><\/p>\n<h3><strong>Visoka natan\u010dnost<\/strong><\/h3>\n<p><span style=\"font-weight: 400;\">PLA Prime zagotavlja izredno natan\u010dne tiske ter omogo\u010da prikaz vsake podrobnosti na predmetu. Poleg tega je PLA Prime zaradi kombinacije med visoko natan\u010dnim tiskanjem in pol mat videzom, ki zamegli linije med sloji, primeren material tudi za arhitekturne ali umetni\u0161ke projekte.<\/span><\/p>\n<p><img loading=\"lazy\" decoding=\"async\" class=\"wp-image-31875 size-full aligncenter\" src=\"https:\/\/azurefilm.com\/wp-content\/uploads\/2024\/04\/PLA-PRIME-High-Precision-1-scaled.jpg\" alt=\"\" width=\"2560\" height=\"960\" title=\"\" srcset=\"https:\/\/azurefilm.com\/wp-content\/uploads\/2024\/04\/PLA-PRIME-High-Precision-1-scaled.jpg 2560w, https:\/\/azurefilm.com\/wp-content\/uploads\/2024\/04\/PLA-PRIME-High-Precision-1-scaled-510x191.jpg 510w, https:\/\/azurefilm.com\/wp-content\/uploads\/2024\/04\/PLA-PRIME-High-Precision-1-300x112.jpg 300w, https:\/\/azurefilm.com\/wp-content\/uploads\/2024\/04\/PLA-PRIME-High-Precision-1-1024x384.jpg 1024w, https:\/\/azurefilm.com\/wp-content\/uploads\/2024\/04\/PLA-PRIME-High-Precision-1-768x288.jpg 768w, https:\/\/azurefilm.com\/wp-content\/uploads\/2024\/04\/PLA-PRIME-High-Precision-1-1536x576.jpg 1536w, https:\/\/azurefilm.com\/wp-content\/uploads\/2024\/04\/PLA-PRIME-High-Precision-1-2048x768.jpg 2048w\" sizes=\"auto, (max-width: 2560px) 100vw, 2560px\" \/><\/p>\n<h3><strong>Popolno za tiskanje pri izredno visokih hitrostih<\/strong><\/h3>\n<p><span style=\"font-weight: 400;\">PLA Prime je kot nala\u0161\u010d za tiskanje pri izredno visokih hitrostih (\u2264300 mm\/s), ob tem pa njegove mehanske lastnosti ostanejo nespremenjene. To vam omogo\u010da tiskanje pri visoki hitrosti brez skrbi o mo\u017enih u\u010dinkih na kon\u010dni rezultat.<\/span><\/p>\n<p><img loading=\"lazy\" decoding=\"async\" class=\"aligncenter wp-image-31871 size-full\" src=\"https:\/\/azurefilm.com\/wp-content\/uploads\/2024\/04\/PLA-High-Speed-scaled.jpg\" alt=\"\" width=\"2560\" height=\"961\" title=\"\" srcset=\"https:\/\/azurefilm.com\/wp-content\/uploads\/2024\/04\/PLA-High-Speed-scaled.jpg 2560w, https:\/\/azurefilm.com\/wp-content\/uploads\/2024\/04\/PLA-High-Speed-scaled-510x191.jpg 510w, https:\/\/azurefilm.com\/wp-content\/uploads\/2024\/04\/PLA-High-Speed-300x113.jpg 300w, https:\/\/azurefilm.com\/wp-content\/uploads\/2024\/04\/PLA-High-Speed-1024x384.jpg 1024w, https:\/\/azurefilm.com\/wp-content\/uploads\/2024\/04\/PLA-High-Speed-768x288.jpg 768w, https:\/\/azurefilm.com\/wp-content\/uploads\/2024\/04\/PLA-High-Speed-1536x576.jpg 1536w, https:\/\/azurefilm.com\/wp-content\/uploads\/2024\/04\/PLA-High-Speed-2048x768.jpg 2048w\" sizes=\"auto, (max-width: 2560px) 100vw, 2560px\" \/><\/p>\n<h3><strong>Odli\u010den oprijem med plastmi<\/strong><\/h3>\n<p><span style=\"font-weight: 400;\">PLA Prime omogo\u010da odli\u010den oprijem med plastmi. To je lastnost, ki je klju\u010dnega pomena za zagotavljanje strukturne integritete in trdnosti tiskanih delov. Poleg tega odli\u010den oprijem med plastmi zmanj\u0161a tveganje za razpoke pod pritiskom in ustvari bolj gladek postopek tiskanja.<\/span><\/p>\n<p><img loading=\"lazy\" decoding=\"async\" class=\"aligncenter wp-image-31879 size-full\" src=\"https:\/\/azurefilm.com\/wp-content\/uploads\/2024\/04\/PLA-PRIME-interlayer-Adhesion-1-scaled.jpg\" alt=\"\" width=\"2560\" height=\"961\" title=\"\" srcset=\"https:\/\/azurefilm.com\/wp-content\/uploads\/2024\/04\/PLA-PRIME-interlayer-Adhesion-1-scaled.jpg 2560w, https:\/\/azurefilm.com\/wp-content\/uploads\/2024\/04\/PLA-PRIME-interlayer-Adhesion-1-scaled-510x191.jpg 510w, https:\/\/azurefilm.com\/wp-content\/uploads\/2024\/04\/PLA-PRIME-interlayer-Adhesion-1-300x113.jpg 300w, https:\/\/azurefilm.com\/wp-content\/uploads\/2024\/04\/PLA-PRIME-interlayer-Adhesion-1-1024x384.jpg 1024w, https:\/\/azurefilm.com\/wp-content\/uploads\/2024\/04\/PLA-PRIME-interlayer-Adhesion-1-768x288.jpg 768w, https:\/\/azurefilm.com\/wp-content\/uploads\/2024\/04\/PLA-PRIME-interlayer-Adhesion-1-1536x576.jpg 1536w, https:\/\/azurefilm.com\/wp-content\/uploads\/2024\/04\/PLA-PRIME-interlayer-Adhesion-1-2048x768.jpg 2048w\" sizes=\"auto, (max-width: 2560px) 100vw, 2560px\" \/><\/p>\n<h4><strong>Shranjevanje produkta<\/strong><\/h4>\n<p><span style=\"font-weight: 400;\">Priporo\u010damo vam, da filament shranjujete v hladnem, suhem in zaprtem prostoru, po mo\u017enosti v paketu s su\u0161ilnim sredstvom iz silicijevega dioksida ter stran od UV svetlobe.<\/span><\/p>\n<div class=\"is-divider divider clearfix\" style=\"max-width:100%;height:1px;background-color:rgb(17, 107, 168);\"><\/div>\n<h2><strong>Zna\u010dilnosti<\/strong><\/h2>\n<table>\n<tbody>\n<tr>\n<th><\/th>\n<th><span style=\"font-weight: 400;\">Standard<\/span><\/th>\n<th><span style=\"font-weight: 400;\">Vrednost XY<\/span><\/th>\n<th><span style=\"font-weight: 400;\">Vrednost XZ<\/span><\/th>\n<th><span style=\"font-weight: 400;\">Vrednost ZX<\/span><\/th>\n<th><span style=\"font-weight: 400;\">Enota<\/span><\/th>\n<\/tr>\n<tr>\n<td><span style=\"font-weight: 400;\">\u00a0Natezna trdnost<\/span><\/td>\n<td><span style=\"font-weight: 400;\">ISO 527-2<\/span><\/td>\n<td><span style=\"font-weight: 400;\">27,8<\/span><\/td>\n<td><span style=\"font-weight: 400;\">31,4<\/span><\/td>\n<td><span style=\"font-weight: 400;\">14,2<\/span><\/td>\n<td><span style=\"font-weight: 400;\">MPa<\/span><\/td>\n<\/tr>\n<tr>\n<td><span style=\"font-weight: 400;\">\u00a0Meja te\u010denja<\/span><\/td>\n<td><span style=\"font-weight: 400;\">ISO 527-2<\/span><\/td>\n<td><span style=\"font-weight: 400;\">26,1<\/span><\/td>\n<td><span style=\"font-weight: 400;\">29,7<\/span><\/td>\n<td><span style=\"font-weight: 400;\">14,5<\/span><\/td>\n<td><span style=\"font-weight: 400;\">MPa<\/span><\/td>\n<\/tr>\n<tr>\n<td><span style=\"font-weight: 400;\">\u00a0Natezni modul<\/span><\/td>\n<td><span style=\"font-weight: 400;\">ISO 527-2<\/span><\/td>\n<td><span style=\"font-weight: 400;\">2400<\/span><\/td>\n<td><span style=\"font-weight: 400;\">2600<\/span><\/td>\n<td><span style=\"font-weight: 400;\">1900<\/span><\/td>\n<td><span style=\"font-weight: 400;\">MPa<\/span><\/td>\n<\/tr>\n<tr>\n<td><span style=\"font-weight: 400;\">\u00a0Deformacija pri<\/span><\/p>\n<p><span style=\"font-weight: 400;\">\u00a0izkoristku<\/span><\/td>\n<td><span style=\"font-weight: 400;\">ISO 527-2<\/span><\/td>\n<td><span style=\"font-weight: 400;\">4,3<\/span><\/td>\n<td><span style=\"font-weight: 400;\">6,5<\/span><\/td>\n<td><span style=\"font-weight: 400;\">0,9<\/span><\/td>\n<td><span style=\"font-weight: 400;\">%<\/span><\/td>\n<\/tr>\n<tr>\n<td><span style=\"font-weight: 400;\">\u00a0Upogibna trdnost<\/span><\/td>\n<td><span style=\"font-weight: 400;\">ISO 178<\/span><\/td>\n<td><span style=\"font-weight: 400;\">52,3<\/span><\/td>\n<td><span style=\"font-weight: 400;\">56,4<\/span><\/td>\n<td><span style=\"font-weight: 400;\">3,0<\/span><\/td>\n<td><span style=\"font-weight: 400;\">MPa<\/span><\/td>\n<\/tr>\n<tr>\n<td><span style=\"font-weight: 400;\">\u00a0Upogibni na\u010din<\/span><\/td>\n<td><span style=\"font-weight: 400;\">ISO 178\u00a0<\/span><\/td>\n<td><span style=\"font-weight: 400;\">2600<\/span><\/td>\n<td><span style=\"font-weight: 400;\">3000<\/span><\/td>\n<td><span style=\"font-weight: 400;\">1800<\/span><\/td>\n<td><span style=\"font-weight: 400;\">MPa<\/span><\/td>\n<\/tr>\n<tr>\n<td><span style=\"font-weight: 400;\">\u00a0Udarna trdnost<\/span><\/td>\n<td><span style=\"font-weight: 400;\">ISO 179<\/span><\/td>\n<td><span style=\"font-weight: 400;\">21,5<\/span><\/td>\n<td><span style=\"font-weight: 400;\">\/<\/span><\/td>\n<td><span style=\"font-weight: 400;\">\/<\/span><\/td>\n<td><span style=\"font-weight: 400;\">kJ\/m\u00b2<\/span><\/td>\n<\/tr>\n<\/tbody>\n<\/table>\n<p><span style=\"font-weight: 400;\"><a href=\"https:\/\/azurefilm.com\/sl\/technical-data-sheets\/\" target=\"_blank\" rel=\"noopener\"><strong>Tukaj<\/strong><\/a> lahko dostopate do <strong>tehni\u010dnega in varnostnega lista<\/strong>.<\/span><\/p>\n","protected":false},"excerpt":{"rendered":"<p><span style=\"font-weight: 400;\">Preizkusite na\u0161 PLA Prime filament Red ter do\u017eivite visoko odpornost na temperaturo in udarce ter minimalno kr\u010denje po \u017earjenju. Popolno za natan\u010dne tiske.<\/span><\/p>\n","protected":false},"featured_media":32714,"comment_status":"closed","ping_status":"closed","template":"","meta":{"_acf_changed":false},"product_brand":[],"product_cat":[1548,659,685,1544,661],"product_tag":[1532],"brand":[823],"class_list":{"0":"post-32709","1":"product","2":"type-product","3":"status-publish","4":"has-post-thumbnail","6":"product_cat-pla-prime-sl","7":"product_cat-3d-filamenti","8":"product_cat-pla-filament-sl","9":"product_cat-prime-kolekcija","10":"product_cat-vsi-filamenti","11":"product_tag-high-speed","12":"pa_colour-rdeca","13":"pa_filament-diameter-1-75mm-sl","14":"pa_filament-weight-1000g-sl","15":"brand-azurefilm-sl","17":"first","18":"outofstock","19":"taxable","20":"shipping-taxable","21":"purchasable","22":"product-type-variable"},"acf":[],"_links":{"self":[{"href":"https:\/\/azurefilm.com\/sl\/wp-json\/wp\/v2\/product\/32709","targetHints":{"allow":["GET"]}}],"collection":[{"href":"https:\/\/azurefilm.com\/sl\/wp-json\/wp\/v2\/product"}],"about":[{"href":"https:\/\/azurefilm.com\/sl\/wp-json\/wp\/v2\/types\/product"}],"replies":[{"embeddable":true,"href":"https:\/\/azurefilm.com\/sl\/wp-json\/wp\/v2\/comments?post=32709"}],"wp:featuredmedia":[{"embeddable":true,"href":"https:\/\/azurefilm.com\/sl\/wp-json\/wp\/v2\/media\/32714"}],"wp:attachment":[{"href":"https:\/\/azurefilm.com\/sl\/wp-json\/wp\/v2\/media?parent=32709"}],"wp:term":[{"taxonomy":"product_brand","embeddable":true,"href":"https:\/\/azurefilm.com\/sl\/wp-json\/wp\/v2\/product_brand?post=32709"},{"taxonomy":"product_cat","embeddable":true,"href":"https:\/\/azurefilm.com\/sl\/wp-json\/wp\/v2\/product_cat?post=32709"},{"taxonomy":"product_tag","embeddable":true,"href":"https:\/\/azurefilm.com\/sl\/wp-json\/wp\/v2\/product_tag?post=32709"},{"taxonomy":"brand","embeddable":true,"href":"https:\/\/azurefilm.com\/sl\/wp-json\/wp\/v2\/brand?post=32709"}],"curies":[{"name":"wp","href":"https:\/\/api.w.org\/{rel}","templated":true}]}}