
{"id":32848,"date":"2024-04-17T10:55:36","date_gmt":"2024-04-17T10:55:36","guid":{"rendered":"https:\/\/azurefilm.com\/?post_type=product&#038;p=32848"},"modified":"2026-03-22T18:37:13","modified_gmt":"2026-03-22T18:37:13","slug":"asa-prime-filament-dark-blue","status":"publish","type":"product","link":"https:\/\/azurefilm.com\/sl\/izdelek\/asa-prime-filament-dark-blue\/","title":{"rendered":"ASA Prime filament Dark Blue"},"content":{"rendered":"<h2><strong>ASA Prime<\/strong><\/h2>\n<p><span style=\"font-weight: 400;\">ASA Prime je na\u0161 visokokakovostni filament, ki temelji na navadnem ASA materialu (akrilonitril stiren akrilat) ter prepre\u010duje kakr\u0161nekoli deformacije predmetov. Zaradi na\u0161e izbolj\u0161ane formulacije ima ASA Prime izjemno trdnost z visoko odpornostjo na udarce in odli\u010dno oprijemljivost med sloji. Z ASA Prime lahko ustvarjate natan\u010dne tiske, ki so odporni na UV svetlobo in vremenske vplive, zaradi \u010desar je ta material popoln tudi za uporabo na prostem.<\/span><\/p>\n<p><img loading=\"lazy\" decoding=\"async\" class=\"alignright wp-image-32497 \" src=\"https:\/\/azurefilm.com\/wp-content\/uploads\/2024\/04\/SL_Spider-chart-ASA-Prime-1024x598.png\" alt=\"\" width=\"700\" height=\"409\" title=\"\" srcset=\"https:\/\/azurefilm.com\/wp-content\/uploads\/2024\/04\/SL_Spider-chart-ASA-Prime-1024x598.png 1024w, https:\/\/azurefilm.com\/wp-content\/uploads\/2024\/04\/SL_Spider-chart-ASA-Prime-510x298.png 510w, https:\/\/azurefilm.com\/wp-content\/uploads\/2024\/04\/SL_Spider-chart-ASA-Prime-300x175.png 300w, https:\/\/azurefilm.com\/wp-content\/uploads\/2024\/04\/SL_Spider-chart-ASA-Prime-768x449.png 768w, https:\/\/azurefilm.com\/wp-content\/uploads\/2024\/04\/SL_Spider-chart-ASA-Prime-1536x897.png 1536w, https:\/\/azurefilm.com\/wp-content\/uploads\/2024\/04\/SL_Spider-chart-ASA-Prime.png 1674w\" sizes=\"auto, (max-width: 700px) 100vw, 700px\" \/><\/p>\n<p><span style=\"font-weight: 400;\">\u010ce \u017eelite izvedeti ve\u010d o ASA Prime filamentih, preberite na\u0161 <\/span><a href=\"https:\/\/azurefilm.com\/sl\/2024\/04\/23\/prime-filamenti\/\" target=\"_blank\" rel=\"noopener\"><b>blog<\/b><\/a><span style=\"font-weight: 400;\">.<\/span><\/p>\n<h3><strong>Priporo\u010dila za tiskanje:<\/strong><\/h3>\n<ul>\n<li style=\"font-weight: 400;\" aria-level=\"1\"><span style=\"font-weight: 400;\">Za najbolj\u0161e rezultate tiskajte pri 235\u2013255 \u00b0C*.<\/span><\/li>\n<li style=\"font-weight: 400;\" aria-level=\"1\"><span style=\"font-weight: 400;\">Priporo\u010dena temperatura tiskalne povr\u0161ine je 80\u2013100 \u00b0C. Priporo\u010damo uporabo ohi\u0161ja ali zaprtega 3D tiskalnika, \u010deprav je ta material mogo\u010de tiskati tudi brez ohi\u0161ja.<\/span><\/li>\n<li style=\"font-weight: 400;\" aria-level=\"1\"><span style=\"font-weight: 400;\">Toplo priporo\u010damo uporabo debelej\u0161ih in teksturiranih PEI\/steklenih plo\u0161\u010d, saj togost in trdnost ASA Prime materiala zahtevata te\u017eo in\/ali magnetno mo\u010d visokokakovostne tiskalne plo\u0161\u010de.<\/span><\/li>\n<\/ul>\n<p><i><span style=\"font-weight: 400;\">*Idealna temperatura se lahko razlikuje pri uporabi razli\u010dnih tiskalnikov.<\/span><\/i><\/p>\n<h3><strong>Tehnike glajenja<\/strong><\/h3>\n<p><span style=\"font-weight: 400;\">\u010ce \u017eelite zgladiti povr\u0161ino predmeta, natisnjenega iz ASA Prime si lahko pomagate z nanosom acetona. Priporo\u010damo neposredno potopitev predmeta v aceton namesto glajenja s paro.<\/span><\/p>\n<div class=\"is-divider divider clearfix\" style=\"max-width:100%;height:1px;background-color:rgb(17, 107, 168);\"><\/div>\n<h2><strong>Aplikacije<\/strong><\/h2>\n<p><span style=\"font-weight: 400;\">ASA Prime se ne deformira in ima odli\u010den oprijem vmesnih slojev, kar omogo\u010da ob\u010dutno bolj gladek proces tiskanja v primerjavi s tiskanjem z obi\u010dajnim ASA. Poleg tega lahko tiskate brez skrbi, saj ostanejo mehanske lastnosti materiala nespremenjene.\u00a0<\/span><\/p>\n<h3><strong>Brez ukrivljanja<\/strong><\/h3>\n<p><span style=\"font-weight: 400;\">Pri tiskanju z obi\u010dajnimi visoko zmogljivimi materiali, kot je ASA, pogosto naletimo na problem ukrivljanja. Do ukrivljanja pride, ko se robovi natisnjenega dela dvignejo s tiskalne povr\u0161ine, kar povzro\u010di deformacijo tiska. V kombinaciji s slabim oprijemom plasti bodo na predmetu prej ali slej nastale razpoke, kar bo povzro\u010dilo poslab\u0161anje videza in funkcionalnosti tiska. Na\u0161a izbolj\u0161ana ASA Prime je zasnovana na na\u010din, ki omogo\u010da tisk brez deformacij in odli\u010den oprijem vmesnih plasti, kar v celoti odpravi pogoste te\u017eave obi\u010dajnega ASA materiala.<\/span><\/p>\n<div style=\"padding: 56.25% 0 0 0; position: relative;\"><iframe style=\"position: absolute; top: 0; left: 0; width: 100%; height: 100%;\" title=\"Brez ukrivljanja\" src=\"https:\/\/player.vimeo.com\/video\/935748089?badge=0&amp;autopause=0&amp;player_id=0&amp;app_id=58479\" frameborder=\"0\"><\/iframe><\/div>\n<p><script src=\"https:\/\/player.vimeo.com\/api\/player.js\"><\/script><\/p>\n<h3><strong>Visoka odpornost na temperaturo<\/strong><\/h3>\n<p><span style=\"font-weight: 400;\">ASA Prime ima zelo visoko temperaturno odpornost, zaradi \u010desar je to izjemno primeren material za tiskanje delov, ki morajo v praksi prenesti vi\u0161je temperature. Iz tega razloga se ASA Prime uporablja za tiskanje prototipov in delov za kon\u010dne uporabnike, ki jih je potrebno predhodno testirati v razli\u010dnih okoli\u0161\u010dinah resni\u010dnega sveta.<\/span><\/p>\n<p><img loading=\"lazy\" decoding=\"async\" class=\"aligncenter wp-image-31891 size-full\" src=\"https:\/\/azurefilm.com\/wp-content\/uploads\/2024\/04\/ASA-PRIME-Heat-Resistance-1-scaled.jpg\" alt=\"\" width=\"2560\" height=\"961\" title=\"\" srcset=\"https:\/\/azurefilm.com\/wp-content\/uploads\/2024\/04\/ASA-PRIME-Heat-Resistance-1-scaled.jpg 2560w, https:\/\/azurefilm.com\/wp-content\/uploads\/2024\/04\/ASA-PRIME-Heat-Resistance-1-scaled-510x191.jpg 510w, https:\/\/azurefilm.com\/wp-content\/uploads\/2024\/04\/ASA-PRIME-Heat-Resistance-1-300x113.jpg 300w, https:\/\/azurefilm.com\/wp-content\/uploads\/2024\/04\/ASA-PRIME-Heat-Resistance-1-1024x384.jpg 1024w, https:\/\/azurefilm.com\/wp-content\/uploads\/2024\/04\/ASA-PRIME-Heat-Resistance-1-768x288.jpg 768w, https:\/\/azurefilm.com\/wp-content\/uploads\/2024\/04\/ASA-PRIME-Heat-Resistance-1-1536x576.jpg 1536w, https:\/\/azurefilm.com\/wp-content\/uploads\/2024\/04\/ASA-PRIME-Heat-Resistance-1-2048x768.jpg 2048w\" sizes=\"auto, (max-width: 2560px) 100vw, 2560px\" \/><\/p>\n<h3><strong>Visoka odpornost na udarce<\/strong><\/h3>\n<p><span style=\"font-weight: 400;\">Odpornost na udarce se nana\u0161a na sposobnost materiala, da se upre deformaciji, pokanju in lomljenju pri nenadnem in mo\u010dnem udarcu. ASA Prime ima visoko udarno trdnost, kar pomeni, da lahko prenese veliko udarcev brez vpliva na celovitost va\u0161ega tiska.<\/span><\/p>\n<p><img loading=\"lazy\" decoding=\"async\" class=\"aligncenter wp-image-31895 size-full\" src=\"https:\/\/azurefilm.com\/wp-content\/uploads\/2024\/04\/ASA-PRIME-High-Impact-Strength-1-scaled.jpg\" alt=\"\" width=\"2560\" height=\"961\" title=\"\" srcset=\"https:\/\/azurefilm.com\/wp-content\/uploads\/2024\/04\/ASA-PRIME-High-Impact-Strength-1-scaled.jpg 2560w, https:\/\/azurefilm.com\/wp-content\/uploads\/2024\/04\/ASA-PRIME-High-Impact-Strength-1-scaled-510x191.jpg 510w, https:\/\/azurefilm.com\/wp-content\/uploads\/2024\/04\/ASA-PRIME-High-Impact-Strength-1-300x113.jpg 300w, https:\/\/azurefilm.com\/wp-content\/uploads\/2024\/04\/ASA-PRIME-High-Impact-Strength-1-1024x384.jpg 1024w, https:\/\/azurefilm.com\/wp-content\/uploads\/2024\/04\/ASA-PRIME-High-Impact-Strength-1-768x288.jpg 768w, https:\/\/azurefilm.com\/wp-content\/uploads\/2024\/04\/ASA-PRIME-High-Impact-Strength-1-1536x576.jpg 1536w, https:\/\/azurefilm.com\/wp-content\/uploads\/2024\/04\/ASA-PRIME-High-Impact-Strength-1-2048x768.jpg 2048w\" sizes=\"auto, (max-width: 2560px) 100vw, 2560px\" \/><\/p>\n<h3><strong>Visoka odpornost na UV svetlobo in vremenske vplive<\/strong><\/h3>\n<p><span style=\"font-weight: 400;\">ASA Prime je eden najbolj vzdr\u017eljivih in mo\u010dnih materialov, ki se uporabljajo za 3D tiskanje. Zaradi visoke odpornosti na UV \u017earke in vremenske vplive je ASA Prime izjemno primeren za \u0161iroko paleto zunanjih aplikacij. Visoka odpornost na udarce v kombinaciji z vzdr\u017eljivostjo ustvari popoln material za tiskanje dolgo obstojnih delov.<\/span><\/p>\n<p><img loading=\"lazy\" decoding=\"async\" class=\"aligncenter wp-image-31903 size-full\" src=\"https:\/\/azurefilm.com\/wp-content\/uploads\/2024\/04\/Strong-UV-weather-resistance-1-scaled.jpg\" alt=\"\" width=\"2560\" height=\"961\" title=\"\" srcset=\"https:\/\/azurefilm.com\/wp-content\/uploads\/2024\/04\/Strong-UV-weather-resistance-1-scaled.jpg 2560w, https:\/\/azurefilm.com\/wp-content\/uploads\/2024\/04\/Strong-UV-weather-resistance-1-scaled-510x191.jpg 510w, https:\/\/azurefilm.com\/wp-content\/uploads\/2024\/04\/Strong-UV-weather-resistance-1-300x113.jpg 300w, https:\/\/azurefilm.com\/wp-content\/uploads\/2024\/04\/Strong-UV-weather-resistance-1-1024x384.jpg 1024w, https:\/\/azurefilm.com\/wp-content\/uploads\/2024\/04\/Strong-UV-weather-resistance-1-768x288.jpg 768w, https:\/\/azurefilm.com\/wp-content\/uploads\/2024\/04\/Strong-UV-weather-resistance-1-1536x576.jpg 1536w, https:\/\/azurefilm.com\/wp-content\/uploads\/2024\/04\/Strong-UV-weather-resistance-1-2048x768.jpg 2048w\" sizes=\"auto, (max-width: 2560px) 100vw, 2560px\" \/><\/p>\n<h3><strong>Odli\u010den oprijem prve plasti ter medplastni oprijem<\/strong><\/h3>\n<p><span style=\"font-weight: 400;\">ASA Prime ima odli\u010den oprijem prve plasti ter medplastni oprijem, kar je klju\u010dnega pomena za zagotavljanje strukturne integritete in trdnosti natisnjenih predmetov. Dober medplastni oprijem zmanj\u0161a tveganje za razpoke pod pritiskom in ustvari bolj gladek postopek tiskanja.<\/span><\/p>\n<h3><strong>Visoka preciznost<\/strong><\/h3>\n<p><span style=\"font-weight: 400;\">Z ASA Prime lahko ustvarjate zelo natan\u010dnetiske, ki prikazujejo tudi najbolj zapletene podrobnosti. Ob tem je vsaka skrb odve\u010d, saj je ASA Prime material visokega in\u017eenirskega razreda ter ohranja svoje mehanske lastnosti.\u00a0<\/span><\/p>\n<p><img loading=\"lazy\" decoding=\"async\" class=\"aligncenter wp-image-31887 \" src=\"https:\/\/azurefilm.com\/wp-content\/uploads\/2024\/04\/ASA-PRIME-High-Percision-1-scaled.jpg\" alt=\"\" width=\"2560\" height=\"961\" title=\"\" srcset=\"https:\/\/azurefilm.com\/wp-content\/uploads\/2024\/04\/ASA-PRIME-High-Percision-1-scaled.jpg 2560w, https:\/\/azurefilm.com\/wp-content\/uploads\/2024\/04\/ASA-PRIME-High-Percision-1-scaled-510x191.jpg 510w, https:\/\/azurefilm.com\/wp-content\/uploads\/2024\/04\/ASA-PRIME-High-Percision-1-300x113.jpg 300w, https:\/\/azurefilm.com\/wp-content\/uploads\/2024\/04\/ASA-PRIME-High-Percision-1-1024x384.jpg 1024w, https:\/\/azurefilm.com\/wp-content\/uploads\/2024\/04\/ASA-PRIME-High-Percision-1-768x288.jpg 768w, https:\/\/azurefilm.com\/wp-content\/uploads\/2024\/04\/ASA-PRIME-High-Percision-1-1536x576.jpg 1536w, https:\/\/azurefilm.com\/wp-content\/uploads\/2024\/04\/ASA-PRIME-High-Percision-1-2048x768.jpg 2048w\" sizes=\"auto, (max-width: 2560px) 100vw, 2560px\" \/><\/p>\n<h3><strong>Popolno za tiskanje pri izredno visoki hitrosti<\/strong><\/h3>\n<p><span style=\"font-weight: 400;\">ASA Prime je kot nala\u0161\u010d za hitro tiskanje (\u2264350 mm\/s) ob \u010demer ostanejo mehanske lastnosti materiala nespremenjene. To vam omogo\u010da tiskanje pri zelo visoki hitrosti brez skrbi o mo\u017enih posledicahna kon\u010dni rezultat.\u00a0<\/span><\/p>\n<p><img loading=\"lazy\" decoding=\"async\" class=\"aligncenter wp-image-32054 size-full\" src=\"https:\/\/azurefilm.com\/wp-content\/uploads\/2024\/04\/ASA-SPEED-1-scaled.jpg\" alt=\"\" width=\"2560\" height=\"961\" title=\"\" srcset=\"https:\/\/azurefilm.com\/wp-content\/uploads\/2024\/04\/ASA-SPEED-1-scaled.jpg 2560w, https:\/\/azurefilm.com\/wp-content\/uploads\/2024\/04\/ASA-SPEED-1-scaled-510x191.jpg 510w, https:\/\/azurefilm.com\/wp-content\/uploads\/2024\/04\/ASA-SPEED-1-300x113.jpg 300w, https:\/\/azurefilm.com\/wp-content\/uploads\/2024\/04\/ASA-SPEED-1-1024x384.jpg 1024w, https:\/\/azurefilm.com\/wp-content\/uploads\/2024\/04\/ASA-SPEED-1-768x288.jpg 768w, https:\/\/azurefilm.com\/wp-content\/uploads\/2024\/04\/ASA-SPEED-1-1536x576.jpg 1536w, https:\/\/azurefilm.com\/wp-content\/uploads\/2024\/04\/ASA-SPEED-1-2048x768.jpg 2048w\" sizes=\"auto, (max-width: 2560px) 100vw, 2560px\" \/><\/p>\n<h4><strong>Shranjevanje produkta<\/strong><span style=\"font-weight: 400;\"><br \/>\n<\/span><\/h4>\n<p><span style=\"font-weight: 400;\">Priporo\u010damo vam, da filament shranjujete v hladnem, suhem in zaprtem prostoru, po mo\u017enosti v paketu s su\u0161ilnim sredstvom iz silicijevega dioksida ter stran od UV svetlobe.<\/span><\/p>\n<div class=\"is-divider divider clearfix\" style=\"max-width:100%;height:1px;background-color:rgb(17, 107, 168);\"><\/div>\n<h2><strong>Zna\u010dilnosti<\/strong><\/h2>\n<table>\n<tbody>\n<tr>\n<th><\/th>\n<th><span style=\"font-weight: 400;\">Standard<\/span><\/th>\n<th><span style=\"font-weight: 400;\">Vrednost XY<\/span><\/th>\n<th><span style=\"font-weight: 400;\">Vrednost XZ<\/span><\/th>\n<th><span style=\"font-weight: 400;\">Vrednost ZX<\/span><\/th>\n<th><span style=\"font-weight: 400;\">Enota<\/span><\/th>\n<\/tr>\n<tr>\n<td><span style=\"font-weight: 400;\">\u00a0Natezna trdnost<\/span><\/td>\n<td><span style=\"font-weight: 400;\">ISO 527-2<\/span><\/td>\n<td><span style=\"font-weight: 400;\">37,6<\/span><\/td>\n<td><span style=\"font-weight: 400;\">43,0<\/span><\/td>\n<td><span style=\"font-weight: 400;\">9,4<\/span><\/td>\n<td><span style=\"font-weight: 400;\">MPa<\/span><\/td>\n<\/tr>\n<tr>\n<td><span style=\"font-weight: 400;\">\u00a0Meja te\u010denja<\/span><\/td>\n<td><span style=\"font-weight: 400;\">ISO 527-2<\/span><\/td>\n<td><span style=\"font-weight: 400;\">30,1<\/span><\/td>\n<td><span style=\"font-weight: 400;\">31,4<\/span><\/td>\n<td><span style=\"font-weight: 400;\">\/<\/span><\/td>\n<td><span style=\"font-weight: 400;\">MPa<\/span><\/td>\n<\/tr>\n<tr>\n<td><span style=\"font-weight: 400;\">\u00a0Natezni modul<\/span><\/td>\n<td><span style=\"font-weight: 400;\">ISO 527-2<\/span><\/td>\n<td><span style=\"font-weight: 400;\">1900<\/span><\/td>\n<td><span style=\"font-weight: 400;\">2000<\/span><\/td>\n<td><span style=\"font-weight: 400;\">1600<\/span><\/td>\n<td><span style=\"font-weight: 400;\">MPa<\/span><\/td>\n<\/tr>\n<tr>\n<td><span style=\"font-weight: 400;\">\u00a0Deformacija pri<\/span><\/p>\n<p><span style=\"font-weight: 400;\">\u00a0izkoristku<\/span><\/td>\n<td><span style=\"font-weight: 400;\">ISO 527-2<\/span><\/td>\n<td><span style=\"font-weight: 400;\">2,9<\/span><\/td>\n<td><span style=\"font-weight: 400;\">3,2<\/span><\/td>\n<td><span style=\"font-weight: 400;\">0,6<\/span><\/td>\n<td><span style=\"font-weight: 400;\">%<\/span><\/td>\n<\/tr>\n<tr>\n<td><span style=\"font-weight: 400;\">\u00a0Upogibna trdnost<\/span><\/td>\n<td><span style=\"font-weight: 400;\">ISO 178<\/span><\/td>\n<td><span style=\"font-weight: 400;\">56,0<\/span><\/td>\n<td><span style=\"font-weight: 400;\">68,8<\/span><\/td>\n<td><span style=\"font-weight: 400;\">15,6<\/span><\/td>\n<td><span style=\"font-weight: 400;\">MPa<\/span><\/td>\n<\/tr>\n<tr>\n<td><span style=\"font-weight: 400;\">\u00a0Upogibni na\u010din<\/span><\/td>\n<td><span style=\"font-weight: 400;\">ISO 178\u00a0<\/span><\/td>\n<td><span style=\"font-weight: 400;\">1900<\/span><\/td>\n<td><span style=\"font-weight: 400;\">2000<\/span><\/td>\n<td><span style=\"font-weight: 400;\">1700<\/span><\/td>\n<td><span style=\"font-weight: 400;\">MPa<\/span><\/td>\n<\/tr>\n<tr>\n<td><span style=\"font-weight: 400;\">\u00a0Udarna trdnost<\/span><\/td>\n<td><span style=\"font-weight: 400;\">ISO 179<\/span><\/td>\n<td><span style=\"font-weight: 400;\">13,9<\/span><\/td>\n<td><span style=\"font-weight: 400;\">\/<\/span><\/td>\n<td><span style=\"font-weight: 400;\">\/<\/span><\/td>\n<td><span style=\"font-weight: 400;\">kJ\/m\u00b2<\/span><\/td>\n<\/tr>\n<\/tbody>\n<\/table>\n<p><span style=\"font-weight: 400;\"><a href=\"https:\/\/azurefilm.com\/sl\/technical-data-sheets\/\" target=\"_blank\" rel=\"noopener\"><strong>Tukaj<\/strong><\/a> lahko dostopate do <strong>tehni\u010dnega in varnostnega lista<\/strong>.<\/span><\/p>\n","protected":false},"excerpt":{"rendered":"<p><span style=\"font-weight: 400;\">Razi\u0161\u010dite svet izjemne trdnosti, visoke odpornosti na udarce in odli\u010dnega oprijema med plastmi z na\u0161im ASA Prime filament Dark Blue. Popoln za uporabo na prostem.<\/span><\/p>\n","protected":false},"featured_media":32853,"comment_status":"closed","ping_status":"closed","template":"","meta":{"_acf_changed":false},"product_brand":[],"product_cat":[1552,659,662,1544,661],"product_tag":[1532],"brand":[267],"class_list":{"0":"post-32848","1":"product","2":"type-product","3":"status-publish","4":"has-post-thumbnail","6":"product_cat-asa-prime-sl","7":"product_cat-3d-filamenti","8":"product_cat-asa-filament","9":"product_cat-prime-kolekcija","10":"product_cat-vsi-filamenti","11":"product_tag-high-speed","12":"pa_colour-blue","13":"pa_filament-diameter-1-75mm","14":"pa_filament-weight-1000g","15":"brand-azurefilm","17":"first","18":"instock","19":"taxable","20":"shipping-taxable","21":"purchasable","22":"product-type-variable"},"acf":[],"_links":{"self":[{"href":"https:\/\/azurefilm.com\/sl\/wp-json\/wp\/v2\/product\/32848","targetHints":{"allow":["GET"]}}],"collection":[{"href":"https:\/\/azurefilm.com\/sl\/wp-json\/wp\/v2\/product"}],"about":[{"href":"https:\/\/azurefilm.com\/sl\/wp-json\/wp\/v2\/types\/product"}],"replies":[{"embeddable":true,"href":"https:\/\/azurefilm.com\/sl\/wp-json\/wp\/v2\/comments?post=32848"}],"wp:featuredmedia":[{"embeddable":true,"href":"https:\/\/azurefilm.com\/sl\/wp-json\/wp\/v2\/media\/32853"}],"wp:attachment":[{"href":"https:\/\/azurefilm.com\/sl\/wp-json\/wp\/v2\/media?parent=32848"}],"wp:term":[{"taxonomy":"product_brand","embeddable":true,"href":"https:\/\/azurefilm.com\/sl\/wp-json\/wp\/v2\/product_brand?post=32848"},{"taxonomy":"product_cat","embeddable":true,"href":"https:\/\/azurefilm.com\/sl\/wp-json\/wp\/v2\/product_cat?post=32848"},{"taxonomy":"product_tag","embeddable":true,"href":"https:\/\/azurefilm.com\/sl\/wp-json\/wp\/v2\/product_tag?post=32848"},{"taxonomy":"brand","embeddable":true,"href":"https:\/\/azurefilm.com\/sl\/wp-json\/wp\/v2\/brand?post=32848"}],"curies":[{"name":"wp","href":"https:\/\/api.w.org\/{rel}","templated":true}]}}