
{"id":32927,"date":"2024-04-17T11:39:08","date_gmt":"2024-04-17T11:39:08","guid":{"rendered":"https:\/\/azurefilm.com\/?post_type=product&#038;p=32927"},"modified":"2025-08-22T10:36:35","modified_gmt":"2025-08-22T10:36:35","slug":"abs-prime-filament-dark-blue","status":"publish","type":"product","link":"https:\/\/azurefilm.com\/sl\/izdelek\/abs-prime-filament-dark-blue\/","title":{"rendered":"ABS Prime filament Dark Blue"},"content":{"rendered":"<h2><strong>ABS Prime<\/strong><\/h2>\n<p><span style=\"font-weight: 400;\">ABS Prime je na\u0161 vrhunski in\u017eenirski filament, ki temelji na navadnem ABS (akrilonitril butadien stiren) ter se ob tiskanju ne deformira. Na\u0161a izbolj\u0161ana formulacija je materialu ABS Prime omogo\u010dila izjemno trdnost s pove\u010dano odpornostjo na udarce in odli\u010dno oprijemljivostjo med sloji. Z ABS Prime boste lahko ustvarjali natan\u010dne tiske, ki so obstojni in imajo \u010dudovito povr\u0161ino.<\/span><\/p>\n<p><img loading=\"lazy\" decoding=\"async\" class=\"alignright wp-image-32529 \" src=\"https:\/\/azurefilm.com\/wp-content\/uploads\/2024\/04\/SL_Spider-chart-ABS-Prime-1024x600.png\" alt=\"\" width=\"700\" height=\"410\" title=\"\" srcset=\"https:\/\/azurefilm.com\/wp-content\/uploads\/2024\/04\/SL_Spider-chart-ABS-Prime-1024x600.png 1024w, https:\/\/azurefilm.com\/wp-content\/uploads\/2024\/04\/SL_Spider-chart-ABS-Prime-510x299.png 510w, https:\/\/azurefilm.com\/wp-content\/uploads\/2024\/04\/SL_Spider-chart-ABS-Prime-300x176.png 300w, https:\/\/azurefilm.com\/wp-content\/uploads\/2024\/04\/SL_Spider-chart-ABS-Prime-768x450.png 768w, https:\/\/azurefilm.com\/wp-content\/uploads\/2024\/04\/SL_Spider-chart-ABS-Prime-1536x900.png 1536w, https:\/\/azurefilm.com\/wp-content\/uploads\/2024\/04\/SL_Spider-chart-ABS-Prime.png 1670w\" sizes=\"auto, (max-width: 700px) 100vw, 700px\" \/><\/p>\n<p><span style=\"font-weight: 400;\">\u010ce \u017eelite izvedeti ve\u010d o ABS Prime filamentih, preberite na\u0161 <\/span><a href=\"https:\/\/azurefilm.com\/sl\/2024\/04\/23\/prime-filamenti\/\" target=\"_blank\" rel=\"noopener\"><b>blog<\/b><\/a><span style=\"font-weight: 400;\">.<\/span><\/p>\n<h3><strong>Priporo\u010dila za tiskanje:<\/strong><\/h3>\n<ul>\n<li style=\"font-weight: 400;\" aria-level=\"1\"><span style=\"font-weight: 400;\">Za najbolj\u0161e rezultate tiskajte pri 240\u2013265 \u00b0C*.<\/span><\/li>\n<li style=\"font-weight: 400;\" aria-level=\"1\"><span style=\"font-weight: 400;\">Priporo\u010dena temperatura tiskalne povr\u0161ine je 70\u2013100 \u00b0C. Priporo\u010damo uporabo ohi\u0161ja ali zaprtega 3D tiskalnika, \u010deprav je ta material mogo\u010de tiskati tudi brez ohi\u0161ja.<\/span><\/li>\n<li style=\"font-weight: 400;\" aria-level=\"1\"><span style=\"font-weight: 400;\">Toplo priporo\u010damo uporabo debelej\u0161ih in teksturiranih PEI\/steklenih plo\u0161\u010d, saj togost in trdnost ABS Prime materiala zahtevata te\u017eo in\/ali magnetno mo\u010d visokokakovostne tiskalne plo\u0161\u010de.<\/span><\/li>\n<\/ul>\n<p><i><span style=\"font-weight: 400;\">*Idealna temperatura se lahko razlikuje pri uporabi razli\u010dnih tiskalnikov.<\/span><\/i><\/p>\n<h3><strong>Tehnike glajenja<\/strong><\/h3>\n<p><span style=\"font-weight: 400;\">\u010ce \u017eelite zgladiti povr\u0161ino predmeta, natisnjenega iz ABS Prime, si lahko pomagate z nanosom acetona. Priporo\u010damo neposredno potopitev predmeta v aceton namesto glajenja s paro.<\/span><\/p>\n<div class=\"is-divider divider clearfix\" style=\"max-width:100%;height:1px;background-color:rgb(17, 107, 168);\"><\/div>\n<h2><strong>Aplikacije<\/strong><\/h2>\n<p><span style=\"font-weight: 400;\">ABS<\/span><span style=\"font-weight: 400;\"> Prime se ne ukrivlja in ima odli\u010den oprijem vmesnih slojev, kar omogo\u010da ob\u010dutno bolj gladek proces tiskanja v primerjavi s tiskanjem z obi\u010dajnim ABS. Poleg tega lahko tiskate brez skrbi, saj ostanejo mehanske lastnosti materiala nespremenjene.\u00a0<\/span><\/p>\n<h3><strong>Brez ukrivljanja<\/strong><\/h3>\n<p><span style=\"font-weight: 400;\">Pri tiskanju z obi\u010dajnimi visoko zmogljivimi materiali, kot je ABS, pogosto naletimo na problem ukrivljanja. Do ukrivljanja pride, ko se robovi natisnjenega dela dvignejo s tiskalne povr\u0161ine, kar povzro\u010di deformacijo tiska. V kombinaciji s slabim oprijemom plasti bodo na predmetu prej ali slej nastale razpoke, kar bo povzro\u010dilo poslab\u0161anje videza in funkcionalnosti tiska. Na\u0161 izbolj\u0161an ABS Prime je zasnovan na na\u010din, ki omogo\u010da tisk brez deformacij in odli\u010den oprijem vmesnih plasti, kar v celoti odpravi pogoste te\u017eave obi\u010dajnega ABS materiala.<\/span><\/p>\n<div style=\"padding: 56.25% 0 0 0; position: relative;\"><iframe style=\"position: absolute; top: 0; left: 0; width: 100%; height: 100%;\" title=\"Brez ukrivljanja\" src=\"https:\/\/player.vimeo.com\/video\/935752163?badge=0&amp;autopause=0&amp;player_id=0&amp;app_id=58479\" frameborder=\"0\"><\/iframe><\/div>\n<p><script src=\"https:\/\/player.vimeo.com\/api\/player.js\"><\/script><\/p>\n<h3><strong>Visoka odpornost na temperaturo<\/strong><\/h3>\n<p><span style=\"font-weight: 400;\">ABS Prime ima zelo visoko temperaturno odpornost, zaradi \u010desar je to izjemno primeren material za tiskanje delov, ki morajo v praksi prenesti vi\u0161je temperature. Iz tega razloga se ABS Prime uporablja za tiskanje prototipov in delov za kon\u010dne uporabnike, ki jih je potrebno predhodno testirati v razli\u010dnih okoli\u0161\u010dinah resni\u010dnega sveta.<\/span><\/p>\n<p><img loading=\"lazy\" decoding=\"async\" class=\"wp-image-31859 size-full aligncenter\" src=\"https:\/\/azurefilm.com\/wp-content\/uploads\/2024\/04\/ABS-PRIME-High-Heat-Res-scaled.jpg\" alt=\"\" width=\"2560\" height=\"961\" title=\"\" srcset=\"https:\/\/azurefilm.com\/wp-content\/uploads\/2024\/04\/ABS-PRIME-High-Heat-Res-scaled.jpg 2560w, https:\/\/azurefilm.com\/wp-content\/uploads\/2024\/04\/ABS-PRIME-High-Heat-Res-scaled-510x191.jpg 510w, https:\/\/azurefilm.com\/wp-content\/uploads\/2024\/04\/ABS-PRIME-High-Heat-Res-300x113.jpg 300w, https:\/\/azurefilm.com\/wp-content\/uploads\/2024\/04\/ABS-PRIME-High-Heat-Res-1024x384.jpg 1024w, https:\/\/azurefilm.com\/wp-content\/uploads\/2024\/04\/ABS-PRIME-High-Heat-Res-768x288.jpg 768w, https:\/\/azurefilm.com\/wp-content\/uploads\/2024\/04\/ABS-PRIME-High-Heat-Res-1536x576.jpg 1536w, https:\/\/azurefilm.com\/wp-content\/uploads\/2024\/04\/ABS-PRIME-High-Heat-Res-2048x768.jpg 2048w\" sizes=\"auto, (max-width: 2560px) 100vw, 2560px\" \/><\/p>\n<h3><strong>Visoka odpornost na udarce<\/strong><\/h3>\n<p><span style=\"font-weight: 400;\">Odpornost na udarce se nana\u0161a na sposobnost materiala, da se upre deformaciji, pokanju in lomljenju pri nenadnem in mo\u010dnem udarcu. ABS Prime ima visoko udarno trdnost, kar pomeni, da lahko prenese veliko udarcev brez vpliva na celovitost va\u0161ega tiska.<\/span><\/p>\n<div style=\"padding: 56.25% 0 0 0; position: relative;\"><iframe style=\"position: absolute; top: 0; left: 0; width: 100%; height: 100%;\" title=\"Visoka odpornost na udarce\" src=\"https:\/\/player.vimeo.com\/video\/935752770?badge=0&amp;autopause=0&amp;player_id=0&amp;app_id=58479\" frameborder=\"0\"><\/iframe><\/div>\n<p><script src=\"https:\/\/player.vimeo.com\/api\/player.js\"><\/script><\/p>\n<h3><strong>Odli\u010den medplastni oprijem<\/strong><\/h3>\n<p><span style=\"font-weight: 400;\">ABS Prime zagotavlja odli\u010den medplastni oprijem, kar je klju\u010dnega pomena za zagotavljanje strukturne integritete in trdnosti natisnjenih predmetov. Dober medplastni oprijem zmanj\u0161a tveganje za razpoke pod pritiskom in ustvari bolj gladek postopek tiskanja.<\/span><\/p>\n<div style=\"padding: 56.25% 0 0 0; position: relative;\"><iframe style=\"position: absolute; top: 0; left: 0; width: 100%; height: 100%;\" title=\"Odli\u010den medplastni oprijem\" src=\"https:\/\/player.vimeo.com\/video\/935753418?badge=0&amp;autopause=0&amp;player_id=0&amp;app_id=58479\" frameborder=\"0\"><\/iframe><\/div>\n<p><script src=\"https:\/\/player.vimeo.com\/api\/player.js\"><\/script><\/p>\n<h3><strong>Visoka natan\u010dnost<\/strong><\/h3>\n<p><span style=\"font-weight: 400;\">Z ABS Prime lahko ustvarjate zelo natan\u010dne tiske, ki prikazujejo tudi najbolj zapletene podrobnosti. Ob tem je vsaka skrb odve\u010d, saj je ABS Prime material visokega in\u017eenirskega razreda ter ohranja svoje mehanske lastnosti. <\/span><\/p>\n<p><img loading=\"lazy\" decoding=\"async\" class=\"aligncenter wp-image-31883 size-full\" src=\"https:\/\/azurefilm.com\/wp-content\/uploads\/2024\/04\/ABS-PRIME-High-percision-scaled.jpg\" alt=\"\" width=\"2560\" height=\"961\" title=\"\" srcset=\"https:\/\/azurefilm.com\/wp-content\/uploads\/2024\/04\/ABS-PRIME-High-percision-scaled.jpg 2560w, https:\/\/azurefilm.com\/wp-content\/uploads\/2024\/04\/ABS-PRIME-High-percision-scaled-510x191.jpg 510w, https:\/\/azurefilm.com\/wp-content\/uploads\/2024\/04\/ABS-PRIME-High-percision-300x113.jpg 300w, https:\/\/azurefilm.com\/wp-content\/uploads\/2024\/04\/ABS-PRIME-High-percision-1024x384.jpg 1024w, https:\/\/azurefilm.com\/wp-content\/uploads\/2024\/04\/ABS-PRIME-High-percision-768x288.jpg 768w, https:\/\/azurefilm.com\/wp-content\/uploads\/2024\/04\/ABS-PRIME-High-percision-1536x576.jpg 1536w, https:\/\/azurefilm.com\/wp-content\/uploads\/2024\/04\/ABS-PRIME-High-percision-2048x768.jpg 2048w\" sizes=\"auto, (max-width: 2560px) 100vw, 2560px\" \/><\/p>\n<h3><strong>Zmanj\u0161an vonj<\/strong><\/h3>\n<p><span style=\"font-weight: 400;\">ABS Prime ima med tiskanjem bistveno manj izrazit vonj v primerjavi z navadnim ABS materialom, zato je delo z njim prijetnej\u0161e. Kljub temu, da ima ABS Prime zmanj\u0161ano spro\u0161\u010danje dolo\u010denih toksinov in hlapov pri segrevanju materiala, pa \u0161e vedno priporo\u010damo delo s 3D tiskalniki v dobro prezra\u010devanem prostoru.<\/span><\/p>\n<h4><strong>Shranjevanje produkta<\/strong><span style=\"font-weight: 400;\"><br \/>\n<\/span><\/h4>\n<p><span style=\"font-weight: 400;\">Priporo\u010damo vam, da filament shranjujete v hladnem, suhem in zaprtem prostoru, po mo\u017enosti v paketu s su\u0161ilnim sredstvom iz silicijevega dioksida ter stran od UV svetlobe.<\/span><\/p>\n<div class=\"is-divider divider clearfix\" style=\"max-width:100%;height:1px;background-color:rgb(17, 107, 168);\"><\/div>\n<h2><strong>Zna\u010dilnosti<\/strong><\/h2>\n<table>\n<tbody>\n<tr>\n<th><\/th>\n<th><span style=\"font-weight: 400;\">Standard<\/span><\/th>\n<th><span style=\"font-weight: 400;\">Vrednost XY<\/span><\/th>\n<th><span style=\"font-weight: 400;\">Vrednost XZ<\/span><\/th>\n<th><span style=\"font-weight: 400;\">Vrednost ZX<\/span><\/th>\n<th><span style=\"font-weight: 400;\">Enota<\/span><\/th>\n<\/tr>\n<tr>\n<td><span style=\"font-weight: 400;\">\u00a0Natezna trdnost<\/span><\/td>\n<td><span style=\"font-weight: 400;\">ISO 527-2<\/span><\/td>\n<td><span style=\"font-weight: 400;\">30,9<\/span><\/td>\n<td><span style=\"font-weight: 400;\">33,5<\/span><\/td>\n<td><span style=\"font-weight: 400;\">11,5<\/span><\/td>\n<td><span style=\"font-weight: 400;\">MPa<\/span><\/td>\n<\/tr>\n<tr>\n<td><span style=\"font-weight: 400;\">\u00a0Meja te\u010denja<\/span><\/td>\n<td><span style=\"font-weight: 400;\">ISO 527-2<\/span><\/td>\n<td><span style=\"font-weight: 400;\">25,2<\/span><\/td>\n<td><span style=\"font-weight: 400;\">26,6<\/span><\/td>\n<td><span style=\"font-weight: 400;\">\/<\/span><\/td>\n<td><span style=\"font-weight: 400;\">MPa<\/span><\/td>\n<\/tr>\n<tr>\n<td><span style=\"font-weight: 400;\">\u00a0Natezni modul<\/span><\/td>\n<td><span style=\"font-weight: 400;\">ISO 527-2<\/span><\/td>\n<td><span style=\"font-weight: 400;\">1600<\/span><\/td>\n<td><span style=\"font-weight: 400;\">1600<\/span><\/td>\n<td><span style=\"font-weight: 400;\">1400<\/span><\/td>\n<td><span style=\"font-weight: 400;\">MPa<\/span><\/td>\n<\/tr>\n<tr>\n<td><span style=\"font-weight: 400;\">\u00a0Deformacija pri<\/span><\/p>\n<p><span style=\"font-weight: 400;\">\u00a0izkoristku<\/span><\/td>\n<td><span style=\"font-weight: 400;\">ISO 527-2<\/span><\/td>\n<td><span style=\"font-weight: 400;\">3,2<\/span><\/td>\n<td><span style=\"font-weight: 400;\">3,2<\/span><\/td>\n<td><span style=\"font-weight: 400;\">0,9<\/span><\/td>\n<td><span style=\"font-weight: 400;\">%<\/span><\/td>\n<\/tr>\n<tr>\n<td><span style=\"font-weight: 400;\">\u00a0Upogibna trdnost<\/span><\/td>\n<td><span style=\"font-weight: 400;\">ISO 178<\/span><\/td>\n<td><span style=\"font-weight: 400;\">47,3<\/span><\/td>\n<td><span style=\"font-weight: 400;\">55,5<\/span><\/td>\n<td><span style=\"font-weight: 400;\">24,3<\/span><\/td>\n<td><span style=\"font-weight: 400;\">MPa<\/span><\/td>\n<\/tr>\n<tr>\n<td><span style=\"font-weight: 400;\">\u00a0Upogibni na\u010din<\/span><\/td>\n<td><span style=\"font-weight: 400;\">ISO 178\u00a0<\/span><\/td>\n<td><span style=\"font-weight: 400;\">1600<\/span><\/td>\n<td><span style=\"font-weight: 400;\">1700<\/span><\/td>\n<td><span style=\"font-weight: 400;\">1500<\/span><\/td>\n<td><span style=\"font-weight: 400;\">MPa<\/span><\/td>\n<\/tr>\n<tr>\n<td><span style=\"font-weight: 400;\">\u00a0Udarna trdnost<\/span><\/td>\n<td><span style=\"font-weight: 400;\">ISO 179<\/span><\/td>\n<td><span style=\"font-weight: 400;\">55,5<\/span><\/td>\n<td><span style=\"font-weight: 400;\">\/<\/span><\/td>\n<td><span style=\"font-weight: 400;\">\/<\/span><\/td>\n<td><span style=\"font-weight: 400;\">kJ\/m\u00b2<\/span><\/td>\n<\/tr>\n<\/tbody>\n<\/table>\n<p><span style=\"font-weight: 400;\"><a href=\"https:\/\/azurefilm.com\/sl\/technical-data-sheets\/\" target=\"_blank\" rel=\"noopener\"><strong>Tukaj<\/strong><\/a> lahko dostopate do <strong>tehni\u010dnega in varnostnega lista<\/strong>.<\/span><\/p>\n","protected":false},"excerpt":{"rendered":"<p><span style=\"font-weight: 400;\">Spoznajte izjemno mo\u010d v kombinaciji s pove\u010dano odpornostjo na udarce in <\/span><span style=\"font-weight: 400;\">odli\u010dnim oprijemom med plastmi, ki ga zagotavlja na\u0161 ABS Prime filament Dark Blue. Popoln za obstojne aplikacije.<\/span><\/p>\n","protected":false},"featured_media":32932,"comment_status":"closed","ping_status":"closed","template":"","meta":{"_acf_changed":false},"product_brand":[],"product_cat":[1556,659,756,1544,661],"product_tag":[],"brand":[267],"class_list":{"0":"post-32927","1":"product","2":"type-product","3":"status-publish","4":"has-post-thumbnail","6":"product_cat-abs-prime-sl","7":"product_cat-3d-filamenti","8":"product_cat-abs-filament","9":"product_cat-prime-kolekcija","10":"product_cat-vsi-filamenti","11":"pa_colour-blue","12":"pa_filament-diameter-1-75mm","13":"pa_filament-weight-1000g","14":"brand-azurefilm","16":"first","17":"instock","18":"taxable","19":"shipping-taxable","20":"purchasable","21":"product-type-variable"},"acf":[],"_links":{"self":[{"href":"https:\/\/azurefilm.com\/sl\/wp-json\/wp\/v2\/product\/32927","targetHints":{"allow":["GET"]}}],"collection":[{"href":"https:\/\/azurefilm.com\/sl\/wp-json\/wp\/v2\/product"}],"about":[{"href":"https:\/\/azurefilm.com\/sl\/wp-json\/wp\/v2\/types\/product"}],"replies":[{"embeddable":true,"href":"https:\/\/azurefilm.com\/sl\/wp-json\/wp\/v2\/comments?post=32927"}],"wp:featuredmedia":[{"embeddable":true,"href":"https:\/\/azurefilm.com\/sl\/wp-json\/wp\/v2\/media\/32932"}],"wp:attachment":[{"href":"https:\/\/azurefilm.com\/sl\/wp-json\/wp\/v2\/media?parent=32927"}],"wp:term":[{"taxonomy":"product_brand","embeddable":true,"href":"https:\/\/azurefilm.com\/sl\/wp-json\/wp\/v2\/product_brand?post=32927"},{"taxonomy":"product_cat","embeddable":true,"href":"https:\/\/azurefilm.com\/sl\/wp-json\/wp\/v2\/product_cat?post=32927"},{"taxonomy":"product_tag","embeddable":true,"href":"https:\/\/azurefilm.com\/sl\/wp-json\/wp\/v2\/product_tag?post=32927"},{"taxonomy":"brand","embeddable":true,"href":"https:\/\/azurefilm.com\/sl\/wp-json\/wp\/v2\/brand?post=32927"}],"curies":[{"name":"wp","href":"https:\/\/api.w.org\/{rel}","templated":true}]}}