
{"id":34994,"date":"2024-05-24T05:25:54","date_gmt":"2024-05-24T05:25:54","guid":{"rendered":"https:\/\/azurefilm.com\/?post_type=product&#038;p=34994"},"modified":"2026-03-16T19:56:20","modified_gmt":"2026-03-16T19:56:20","slug":"pla-matte-hs-filament-coral","status":"publish","type":"product","link":"https:\/\/azurefilm.com\/sl\/izdelek\/pla-matte-hs-filament-coral\/","title":{"rendered":"PLA Matte HS filament Coral"},"content":{"rendered":"<h2>PLA Matte HS<\/h2>\n<p><span style=\"font-weight: 400;\">PLA Matte HS je namenjen vsem, ki i\u0161\u010dejo popoln filament za zanesljiv mat zaklju\u010dek ter estetski videz svojih kreacij. Matirana povr\u0161ina filamenta lepo skrije linije med plastmi, kar \u0161e dodatno poskrbi za gladek videz. PLA Matte HS je enostaven za tiskanje, zagotavlja odli\u010den oprijem prve plasti ter se lahko tiska pri zelo visokih hitrostih vse do 500 mm\/s.<\/span><\/p>\n<h3>Priporo\u010dila za tiskanje:<\/h3>\n<ul>\n<li style=\"font-weight: 400;\" aria-level=\"1\"><span style=\"font-weight: 400;\">Za najbolj\u0161e rezultate tiskajte pri temperaturi 205\u2013225 \u00b0C.*<\/span><\/li>\n<li style=\"font-weight: 400;\" aria-level=\"1\"><span style=\"font-weight: 400;\">Ogrevane mize ne potrebujete, vendar priporo\u010damo, da jo segrejete na 50\u201360 \u00b0C.<\/span><\/li>\n<li style=\"font-weight: 400;\" aria-level=\"1\"><span style=\"font-weight: 400;\">Uporabite stekleno plo\u0161\u010do, PEI folijo, kapton ali modri trak za tiskalno povr\u0161ino s pr\u0161ilom 3Dlac.<\/span><\/li>\n<\/ul>\n<p><i><span style=\"font-weight: 400;\">*Idealna temperatura se lahko razlikuje pri uporabi razli\u010dnih tiskalnikov.<\/span><\/i><\/p>\n<div class=\"is-divider divider clearfix\" style=\"max-width:100%;height:1px;background-color:rgb(17, 107, 168);\"><\/div>\n<h2>Aplikacije<\/h2>\n<h3>Enostaven za tiskanje<\/h3>\n<p><span style=\"font-weight: 400;\">PLA Matte HS kolekcija je zaradi svoje <\/span><b>enostavnosti tiskanja<\/b><span style=\"font-weight: 400;\"> idealna izbira za za\u010detnike. \u010cetudi je ta material enostaven za uporabo, pa ima, v primerjavi z obi\u010dajnim PLA, kar nekaj izbolj\u0161anih estetskih lastnosti. Ravno zaradi tega je PLA Matte HS primeren za veliko razli\u010dnih aplikacij ter dekoracij.<\/span><\/p>\n<div style=\"padding: 56.25% 0 0 0; position: relative;\"><iframe style=\"position: absolute; top: 0; left: 0; width: 100%; height: 100%;\" title=\"Enostaven za tiskanje\" src=\"https:\/\/player.vimeo.com\/video\/949443214?badge=0&amp;autopause=0&amp;player_id=0&amp;app_id=58479\" frameborder=\"0\"><\/iframe><\/div>\n<p><script src=\"https:\/\/player.vimeo.com\/api\/player.js\"><\/script><\/p>\n<h3>Mat povr\u0161ina<\/h3>\n<p><span style=\"font-weight: 400;\">Vsi filamenti v PLA Matte HS kolekciji imajo zna\u010dilno mat povr\u0161ino, ki omogo\u010da zakrivanje linij med plastmi. Preizkusite PLA Matte HS in u\u017eivajte v profesionalnem izgledu va\u0161ih kreacij.<\/span><\/p>\n<div style=\"padding: 56.25% 0 0 0; position: relative;\"><iframe style=\"position: absolute; top: 0; left: 0; width: 100%; height: 100%;\" title=\"Mat povr\u0161ina\" src=\"https:\/\/player.vimeo.com\/video\/949443786?badge=0&amp;autopause=0&amp;player_id=0&amp;app_id=58479\" frameborder=\"0\"><\/iframe><\/div>\n<p><script src=\"https:\/\/player.vimeo.com\/api\/player.js\"><\/script><\/p>\n<h3>Tiskanje pri visoki hitrosti<\/h3>\n<p><span style=\"font-weight: 400;\">Mo\u017enost tiskanja pri <\/span><b>hitrosti do 500 mm\/s<\/b><span style=\"font-weight: 400;\"> vam omogo\u010da hitro inu\u010dinkovito ustvarjanje. Poleg tega hitrost tiskanja ne vpliva na mehanske lastnosti filamenta ter ne spremeni matiranega videza ob koncu tiskanja.<\/span><\/p>\n<div style=\"padding: 56.25% 0 0 0; position: relative;\"><iframe style=\"position: absolute; top: 0; left: 0; width: 100%; height: 100%;\" title=\"Tiskanje pri visoki hitrosti\" src=\"https:\/\/player.vimeo.com\/video\/949444924?badge=0&amp;autopause=0&amp;player_id=0&amp;app_id=58479\" frameborder=\"0\"><\/iframe><\/div>\n<p><script src=\"https:\/\/player.vimeo.com\/api\/player.js\"><\/script><\/p>\n<h3>Manj vidne linije med plastmi<\/h3>\n<p><span style=\"font-weight: 400;\">PLA Matte HS filamenti so posebej zasnovani za prikrivanje linij med plastmi, kar je zelo pogosta te\u017eava v 3D tiskanju. Ta lastnost je \u0161e posebno uporabna za aplikacije, pri katerih je estetski kon\u010dni videz klju\u010dnega pomena. Poleg tega PLA Matte HS filamenti ne zahtevajo veliko naknadne obdelave, zato so zelo primerni za tiskanje arhitekturnih modelov, dekoracij ter prototipov. <\/span><\/p>\n<p><img loading=\"lazy\" decoding=\"async\" class=\"aligncenter wp-image-34788 size-full\" src=\"https:\/\/azurefilm.com\/wp-content\/uploads\/2024\/05\/PLA-Matte-Red-1.jpg\" alt=\"\" width=\"2560\" height=\"960\" title=\"\" srcset=\"https:\/\/azurefilm.com\/wp-content\/uploads\/2024\/05\/PLA-Matte-Red-1.jpg 2560w, https:\/\/azurefilm.com\/wp-content\/uploads\/2024\/05\/PLA-Matte-Red-1-510x191.jpg 510w, https:\/\/azurefilm.com\/wp-content\/uploads\/2024\/05\/PLA-Matte-Red-1-300x113.jpg 300w, https:\/\/azurefilm.com\/wp-content\/uploads\/2024\/05\/PLA-Matte-Red-1-1024x384.jpg 1024w, https:\/\/azurefilm.com\/wp-content\/uploads\/2024\/05\/PLA-Matte-Red-1-768x288.jpg 768w, https:\/\/azurefilm.com\/wp-content\/uploads\/2024\/05\/PLA-Matte-Red-1-1536x576.jpg 1536w, https:\/\/azurefilm.com\/wp-content\/uploads\/2024\/05\/PLA-Matte-Red-1-2048x768.jpg 2048w\" sizes=\"auto, (max-width: 2560px) 100vw, 2560px\" \/><\/p>\n<h3>Odli\u010den oprijem prve plasti<\/h3>\n<p><span style=\"font-weight: 400;\">Odli\u010den oprijem na tiskalno povr\u0161ino je klju\u010dnega pomena, saj lahko vpliva na kvaliteto tiska. PLA Matte HS filamenti se odlikujejo po svojem oprijemu prve plasti ter medplastnem oprijemu, zato ste lahko med celotnim procesom tiskanja brez skrbi. Poleg tega odlil\u010den oprijem zmanj\u0161a potrebo po uporabi dodatnih sredstev, kot so lepila, trakovi, spreji in ostalo, kar lahko zakomplicira tudi proces \u010di\u0161\u010denja.\u00a0<\/span><\/p>\n<div style=\"padding: 56.25% 0 0 0; position: relative;\"><iframe style=\"position: absolute; top: 0; left: 0; width: 100%; height: 100%;\" title=\"Odli\u010den oprijem prve plasti\" src=\"https:\/\/player.vimeo.com\/video\/949444599?badge=0&amp;autopause=0&amp;player_id=0&amp;app_id=58479\" frameborder=\"0\"><\/iframe><\/div>\n<p><script src=\"https:\/\/player.vimeo.com\/api\/player.js\"><\/script><\/p>\n<h4>Shranjevanje produkta<\/h4>\n<p><span style=\"font-weight: 400;\">Priporo\u010damo vam, da filament shranjujete v hladnem, suhem in zaprtem prostoru, po mo\u017enosti v paketu s su\u0161ilnim sredstvom iz silicijevega dioksida ter stran od UV svetlobe.<\/span><\/p>\n<div class=\"is-divider divider clearfix\" style=\"max-width:100%;height:1px;background-color:rgb(17, 107, 168);\"><\/div>\n<h2>Zna\u010dilnosti<\/h2>\n<table>\n<tbody>\n<tr>\n<th><\/th>\n<th><span style=\"font-weight: 400;\">Standard<\/span><\/th>\n<th><span style=\"font-weight: 400;\">Vrednost XY<\/span><\/th>\n<th><span style=\"font-weight: 400;\">Vrednost XZ<\/span><\/th>\n<th><span style=\"font-weight: 400;\">Vrednost ZX<\/span><\/th>\n<th><span style=\"font-weight: 400;\">Enota<\/span><\/th>\n<\/tr>\n<tr>\n<td><span style=\"font-weight: 400;\">\u00a0Natezna trdnost<\/span><\/td>\n<td><span style=\"font-weight: 400;\">ISO 527-2<\/span><\/td>\n<td><span style=\"font-weight: 400;\">42,8<\/span><\/td>\n<td><span style=\"font-weight: 400;\">44,2<\/span><\/td>\n<td><span style=\"font-weight: 400;\">21,7<\/span><\/td>\n<td><span style=\"font-weight: 400;\">MPa<\/span><\/td>\n<\/tr>\n<tr>\n<td><span style=\"font-weight: 400;\">\u00a0Meja te\u010denja<\/span><\/td>\n<td><span style=\"font-weight: 400;\">ISO 527-2<\/span><\/td>\n<td><span style=\"font-weight: 400;\">32,9<\/span><\/td>\n<td><span style=\"font-weight: 400;\">32,8<\/span><\/td>\n<td><span style=\"font-weight: 400;\">\/<\/span><\/td>\n<td><span style=\"font-weight: 400;\">MPa<\/span><\/td>\n<\/tr>\n<tr>\n<td><span style=\"font-weight: 400;\">\u00a0Natezni modul<\/span><\/td>\n<td><span style=\"font-weight: 400;\">ISO 527-2<\/span><\/td>\n<td><span style=\"font-weight: 400;\">3800<\/span><\/td>\n<td><span style=\"font-weight: 400;\">3800<\/span><\/td>\n<td><span style=\"font-weight: 400;\">3200<\/span><\/td>\n<td><span style=\"font-weight: 400;\">MPa<\/span><\/td>\n<\/tr>\n<tr>\n<td><span style=\"font-weight: 400;\">\u00a0Deformacija pri<\/span><\/p>\n<p><span style=\"font-weight: 400;\">izkoristku<\/span><\/td>\n<td><span style=\"font-weight: 400;\">ISO 527-2<\/span><\/td>\n<td><span style=\"font-weight: 400;\">4,1<\/span><\/td>\n<td><span style=\"font-weight: 400;\">3,6<\/span><\/td>\n<td><span style=\"font-weight: 400;\">0,8<\/span><\/td>\n<td><span style=\"font-weight: 400;\">%<\/span><\/td>\n<\/tr>\n<tr>\n<td><span style=\"font-weight: 400;\">\u00a0Upogibna trdnost<\/span><\/td>\n<td><span style=\"font-weight: 400;\">ISO 178<\/span><\/td>\n<td><span style=\"font-weight: 400;\">81,8<\/span><\/td>\n<td><span style=\"font-weight: 400;\">83<\/span><\/td>\n<td><span style=\"font-weight: 400;\">52,7<\/span><\/td>\n<td><span style=\"font-weight: 400;\">MPa<\/span><\/td>\n<\/tr>\n<tr>\n<td><span style=\"font-weight: 400;\">\u00a0Upogibni na\u010din<\/span><\/td>\n<td><span style=\"font-weight: 400;\">ISO 178\u00a0<\/span><\/td>\n<td><span style=\"font-weight: 400;\">4500<\/span><\/td>\n<td><span style=\"font-weight: 400;\">4500<\/span><\/td>\n<td><span style=\"font-weight: 400;\">4000<\/span><\/td>\n<td><span style=\"font-weight: 400;\">MPa<\/span><\/td>\n<\/tr>\n<\/tbody>\n<\/table>\n<p><span style=\"font-weight: 400;\"><a href=\"https:\/\/azurefilm.com\/sl\/technical-data-sheets\/\" target=\"_blank\" rel=\"noopener\"><strong>Tukaj<\/strong><\/a> lahko dostopate do tehni\u010dnega lista.<\/span><\/p>\n","protected":false},"excerpt":{"rendered":"<p><span style=\"font-weight: 400;\">Na\u0161 PLA Matte HS filament Coral<\/span><span style=\"font-weight: 400;\">\u00a0vam omogo\u010da <\/span><span style=\"font-weight: 400;\">enostavno tiskanje pri visokih hitrostih z zanesljivo mat povr\u0161ino<\/span><span style=\"font-weight: 400;\">.\u00a0<\/span><\/p>\n","protected":false},"featured_media":113392,"comment_status":"closed","ping_status":"closed","template":"","meta":{"_acf_changed":false},"product_brand":[],"product_cat":[1568,659,685,661],"product_tag":[1532],"brand":[],"class_list":{"0":"post-34994","1":"product","2":"type-product","3":"status-publish","4":"has-post-thumbnail","6":"product_cat-pla-mat-hs-sl","7":"product_cat-3d-filamenti","8":"product_cat-pla-filament-sl","9":"product_cat-vsi-filamenti","10":"product_tag-high-speed","11":"pa_colour-red","12":"pa_filament-diameter-1-75mm","13":"pa_filament-weight-1000g","15":"first","16":"instock","17":"taxable","18":"shipping-taxable","19":"purchasable","20":"product-type-variable"},"acf":[],"_links":{"self":[{"href":"https:\/\/azurefilm.com\/sl\/wp-json\/wp\/v2\/product\/34994","targetHints":{"allow":["GET"]}}],"collection":[{"href":"https:\/\/azurefilm.com\/sl\/wp-json\/wp\/v2\/product"}],"about":[{"href":"https:\/\/azurefilm.com\/sl\/wp-json\/wp\/v2\/types\/product"}],"replies":[{"embeddable":true,"href":"https:\/\/azurefilm.com\/sl\/wp-json\/wp\/v2\/comments?post=34994"}],"wp:featuredmedia":[{"embeddable":true,"href":"https:\/\/azurefilm.com\/sl\/wp-json\/wp\/v2\/media\/113392"}],"wp:attachment":[{"href":"https:\/\/azurefilm.com\/sl\/wp-json\/wp\/v2\/media?parent=34994"}],"wp:term":[{"taxonomy":"product_brand","embeddable":true,"href":"https:\/\/azurefilm.com\/sl\/wp-json\/wp\/v2\/product_brand?post=34994"},{"taxonomy":"product_cat","embeddable":true,"href":"https:\/\/azurefilm.com\/sl\/wp-json\/wp\/v2\/product_cat?post=34994"},{"taxonomy":"product_tag","embeddable":true,"href":"https:\/\/azurefilm.com\/sl\/wp-json\/wp\/v2\/product_tag?post=34994"},{"taxonomy":"brand","embeddable":true,"href":"https:\/\/azurefilm.com\/sl\/wp-json\/wp\/v2\/brand?post=34994"}],"curies":[{"name":"wp","href":"https:\/\/api.w.org\/{rel}","templated":true}]}}