
{"id":37184,"date":"2024-06-18T07:53:17","date_gmt":"2024-06-18T07:53:17","guid":{"rendered":"https:\/\/azurefilm.com\/?post_type=product&#038;p=37184"},"modified":"2024-06-18T07:53:18","modified_gmt":"2024-06-18T07:53:18","slug":"sprednje-ohisje-serija-x1","status":"publish","type":"product","link":"https:\/\/azurefilm.com\/sl\/izdelek\/sprednje-ohisje-serija-x1\/","title":{"rendered":"Sprednje ohi\u0161je &#8211; serija X1"},"content":{"rendered":"<h2><strong>Klju\u010dne lastnosti<\/strong><\/h2>\n<p><span style=\"font-weight: 400;\">Sprednje ohi\u0161je &#8211; serija X1 se uporablja za <\/span><b>hlajenje 3D natisnjenih delov <\/b><span style=\"font-weight: 400;\">in s tem zagotavlja, da se <\/span><b>ustrezno oblikujejo<\/b><span style=\"font-weight: 400;\">.<\/span><\/p>\n<p><b>Opozorilo: <\/b><span style=\"font-weight: 400;\">Pred nakupom preverite model va\u0161ega tiskalnika, saj se lahko priklju\u010dek razlikuje med serijo X1 in razli\u010dico P1P.<\/span><\/p>\n<h2><strong>Namestitev<\/strong><\/h2>\n<p><span style=\"font-weight: 400;\">Za podrobna navodila o namestitvi obi\u0161\u010dite Bambu Lab Wiki.<\/span><\/p>\n<p>&nbsp;<\/p>\n","protected":false},"excerpt":{"rendered":"<p><span style=\"font-weight: 400;\">Sprednje ohi\u0161je &#8211; serija X1 zagotavlja, da se va\u0161i 3D natisnjeni deli ohladijo in ustrezno oblikujejo.<\/span><\/p>\n","protected":false},"featured_media":37181,"comment_status":"closed","ping_status":"closed","template":"","meta":{"_acf_changed":false},"product_brand":[],"product_cat":[760,775,773,761,759],"product_tag":[],"brand":[],"class_list":{"0":"post-37184","1":"product","2":"type-product","3":"status-publish","4":"has-post-thumbnail","6":"product_cat-rezervni-deli","7":"product_cat-deli-ekstruderja","8":"product_cat-ekstruderji","9":"product_cat-vsi-rezervni-deli","10":"product_cat-znizano","11":"pa_compatible-with-bambulab-fdm-3d-printers","12":"pa_fits-printer-bambu-lab-x1-series-only","14":"first","15":"instock","16":"sale","17":"taxable","18":"shipping-taxable","19":"purchasable","20":"product-type-simple"},"acf":[],"_links":{"self":[{"href":"https:\/\/azurefilm.com\/sl\/wp-json\/wp\/v2\/product\/37184","targetHints":{"allow":["GET"]}}],"collection":[{"href":"https:\/\/azurefilm.com\/sl\/wp-json\/wp\/v2\/product"}],"about":[{"href":"https:\/\/azurefilm.com\/sl\/wp-json\/wp\/v2\/types\/product"}],"replies":[{"embeddable":true,"href":"https:\/\/azurefilm.com\/sl\/wp-json\/wp\/v2\/comments?post=37184"}],"wp:featuredmedia":[{"embeddable":true,"href":"https:\/\/azurefilm.com\/sl\/wp-json\/wp\/v2\/media\/37181"}],"wp:attachment":[{"href":"https:\/\/azurefilm.com\/sl\/wp-json\/wp\/v2\/media?parent=37184"}],"wp:term":[{"taxonomy":"product_brand","embeddable":true,"href":"https:\/\/azurefilm.com\/sl\/wp-json\/wp\/v2\/product_brand?post=37184"},{"taxonomy":"product_cat","embeddable":true,"href":"https:\/\/azurefilm.com\/sl\/wp-json\/wp\/v2\/product_cat?post=37184"},{"taxonomy":"product_tag","embeddable":true,"href":"https:\/\/azurefilm.com\/sl\/wp-json\/wp\/v2\/product_tag?post=37184"},{"taxonomy":"brand","embeddable":true,"href":"https:\/\/azurefilm.com\/sl\/wp-json\/wp\/v2\/brand?post=37184"}],"curies":[{"name":"wp","href":"https:\/\/api.w.org\/{rel}","templated":true}]}}