
{"id":43088,"date":"2024-09-09T13:12:06","date_gmt":"2024-09-09T13:12:06","guid":{"rendered":"https:\/\/azurefilm.com\/product\/kobra-3-combo\/"},"modified":"2026-02-26T15:26:09","modified_gmt":"2026-02-26T15:26:09","slug":"anycubic-kobra-3-combo","status":"publish","type":"product","link":"https:\/\/azurefilm.com\/sl\/izdelek\/anycubic-kobra-3-combo\/","title":{"rendered":"Anycubic Kobra 3 Combo"},"content":{"rendered":"<h2><b>Anycubic Kobra 3<\/b><\/h2>\n<p><span style=\"font-weight: 400;\">S prostorno konstrukcijsko prostornino 250 x 250 x 260 mm vam Kobra 3 nudi veliko prostora za ambiciozne projekte, medtem ko vas bo njena hitrost do 600 mm\/s in pospe\u0161ek 20.000 mm\/s\u00b2 pustila navdu\u0161eni nad njeno hitrostjo in \u010dasom tiskanja.\u00a0<\/span><\/p>\n<p><b>Eleganten, a vzdr\u017eljiv dizajn<\/b><\/p>\n<p><span style=\"font-weight: 400;\">Ta tiskalnik zdru\u017euje eleganco in vzdr\u017eljivost ter vklju\u010duje integrirane jedrne module, ki jih je enostavno namestiti in so v zaprtem dizajnu, ki \u0161\u010diti klju\u010dne komponente pred prahom in drugimi okoljskimi dejavniki.<\/span><\/p>\n<p><b>Natan\u010dnost v gibanju<\/b><\/p>\n<p><span style=\"font-weight: 400;\">XY os je opremljena z dvojnim kovinskim jedrom in le\u017eaji SG15 ter zagotavlja gladko, stabilno delovanje in dolgotrajno zanesljivost.<\/span><\/p>\n<p><b>Robustna Z-os z dvojnimi vodilnimi vijaki<\/b><\/p>\n<p><span style=\"font-weight: 400;\">Dvojni vodilni vijaki Kobra 3 na osi Z zmanj\u0161ajo upor med tiskanjem, izbolj\u0161ajo stabilnost in kakovost tiskanja.<\/span><\/p>\n<p><b>Izbolj\u0161an hladilni sistem<\/b><\/p>\n<p><span style=\"font-weight: 400;\">Preoblikovan ventilator ekstruderja dose\u017ee impresivnih 7000 vrtljajev na minuto, kar izbolj\u0161a odvajanje toplote in hitreje ohladi modele.<\/span><\/p>\n<p><b>LeviQ 3.0 samodejno izravnavanje<\/b><\/p>\n<p><span style=\"font-weight: 400;\">Z LeviQ 3.0 je samodejno izravnavanje enostavno. Poseben modul samodejno prilagodi odmik Z s pritiskom na gumb, kar zagotavlja natan\u010dnost pri vsakem tisku.\u00a0<\/span><\/p>\n<p><b>Pametne funkcije za optimalno delovanje<\/b><\/p>\n<p><b>Nadzor napetosti jermena:<\/b><span style=\"font-weight: 400;\"> zaznavanje resonance samodejno prepozna in prilagodi napetost jermena, kar zagotavlja nemoteno delovanje (za funkcijo AI je potrebna kamera).<\/span><\/p>\n<p><b>Nadaljevanje tiskanja<\/b><span style=\"font-weight: 400;\">: samodejno nadaljuje, kjer je kon\u010dalo po nepri\u010dakovanem izpadu elektri\u010dne energije.<\/span><\/p>\n<p><b>Senzor za iztekanje filamenta:<\/b><span style=\"font-weight: 400;\"> zazna, ko filamenta zmanjkuje, in za\u010dasno ustavi tiskanje, da prepre\u010di napake.<\/span><\/p>\n<p><b>Kompenzacija vibracij<\/b><\/p>\n<p><span style=\"font-weight: 400;\">Vgrajen merilnik pospe\u0161ka zazna resonanco v oseh X in Y ter prilagodi gibanje za stabilne, visoko natan\u010dne izpise.<\/span><\/p>\n<p><b>Zmogljivosti pri visokih temperaturah<\/b><\/p>\n<p><span style=\"font-weight: 400;\">Kobra 3 je zasnovana za prena\u0161anje temperatur do 300 \u00b0C, z menjavo \u0161ob brez orodja za udobje.<\/span><\/p>\n<p><b>Dodatni poudarki:<\/b><\/p>\n<ul>\n<li style=\"font-weight: 400;\" aria-level=\"1\"><span style=\"font-weight: 400;\">Tiha 32-bitna mati\u010dna plo\u0161\u010da s tihimi gonilniki.<\/span><\/li>\n<li style=\"font-weight: 400;\" aria-level=\"1\"><span style=\"font-weight: 400;\">4,3-pal\u010dni zaslon na dotik z nastavljivimi koti gledanja (30\u00b0-60\u00b0).<\/span><\/li>\n<li style=\"font-weight: 400;\" aria-level=\"1\"><span style=\"font-weight: 400;\">Enostavna nastavitev napetosti pasu s preprostim gumbom.<\/span><\/li>\n<\/ul>\n<p>&nbsp;<\/p>\n<h2><b>Anycubic Colour Engine Pro \u2013 ACE Pro<\/b><\/h2>\n<p><span style=\"font-weight: 400;\">ACE Pro vam omogo\u010da tiskanje z ve\u010d materiali in barvami hkrati, kar je popolno za dodajanje ustvarjalne kompleksnosti va\u0161im projektom. Vsebuje prostor za \u0161tiri razli\u010dne kolute in v povezavi z drugim sistemom ACE omogo\u010da tiskanje s kar do osmimi barvami.<\/span><\/p>\n<p><b>Kako deluje ACE Pro<\/b><\/p>\n<p><span style=\"font-weight: 400;\">Barve se med tiskanjem samodejno preklapljajo glede na nastavitve rezalnika, zaradi \u010desar je ve\u010dbarvno tiskanje brez te\u017eav.<\/span><\/p>\n<p><b>Aktivno su\u0161enje za bolj\u0161e printe<\/b><\/p>\n<p><span style=\"font-weight: 400;\">Z dvojnim 200-vatnim grelnim elementom in mo\u010dnimi ventilatorji ACE Pro aktivno su\u0161i va\u0161e filamente med tiskanjem in zagotavlja, da ostanejo brez vlage. Nasvet: notranjo temperaturo lahko nastavite do 55 \u00b0C z optimalno vla\u017enostjo.<\/span><\/p>\n<p><span style=\"font-weight: 400;\">\u00a0Sistem lahko celo uporabite za varno shranjevanje filamentov med odmori od printanja.\u00a0<\/span><\/p>\n<p><b>Dizajn proti zapletanju<\/b><\/p>\n<p><span style=\"font-weight: 400;\">Vsak kolut filamenta ima svojo izhodno linijo, kar zmanj\u0161uje tveganje zapletanja in zagotavlja gladke barvne prehode. Poleg tega funkcija aktivnega previjanja pomaga prepre\u010diti izgubo materiala.<\/span><\/p>\n<p><b>Napredne funkcije vklju\u010dujejo:<\/b><\/p>\n<p><b>Zaznavanje zama\u0161itev<\/b><span style=\"font-weight: 400;\">: zgodaj zazna zama\u0161itve, da se izogne \u200b\u200bprekinitvam tiskanja.<\/span><\/p>\n<p><b>Samodejno preklapljanje med koluti: <\/b><span style=\"font-weight: 400;\">nemoteno nadaljuje tiskanje z drugim kolutom filamentov, ko prvega zmanjka.\u00a0<\/span><\/p>\n<p><b>Inteligentna sprememba barv:<\/b><span style=\"font-weight: 400;\"> Optimizira spremembe barv za zmanj\u0161anje odpadkov in \u010dasa tiskanja.<\/span><\/p>\n<p><b>Rezalnik Anycubic in aplikacija:<\/b><\/p>\n<p><span style=\"font-weight: 400;\">Podpira ve\u010dbarvno tiskanje, rezanje in preklapljanje barv.<\/span><\/p>\n<p><span style=\"font-weight: 400;\">Omogo\u010da daljinsko upravljanje preko ra\u010dunalnika ali pametnega telefona.<\/span><\/p>\n<p><span style=\"font-weight: 400;\">Spremlja stanje tiskanja v realnem \u010dasu z dodatno podporo za kamero.<\/span><\/p>\n<p><span style=\"font-weight: 400;\">Omogo\u010da nadzor 3D tiskalnika prek lokalnega omre\u017eja.<\/span><\/p>\n<p>&nbsp;<\/p>\n<h2><b>Vklju\u010deno v dostavo:<\/b><\/h2>\n<ul>\n<li style=\"font-weight: 400;\" aria-level=\"1\"><span style=\"font-weight: 400;\">1 x Kobra 3<\/span><\/li>\n<li style=\"font-weight: 400;\" aria-level=\"1\"><span style=\"font-weight: 400;\">1 x Anycubic Color Engine Pro (ACE Pro)<\/span><\/li>\n<li style=\"font-weight: 400;\" aria-level=\"1\"><span style=\"font-weight: 400;\">1 x tiskalna glava<\/span><\/li>\n<li style=\"font-weight: 400;\" aria-level=\"1\"><span style=\"font-weight: 400;\">1 x zaslon na dotik<\/span><\/li>\n<li style=\"font-weight: 400;\" aria-level=\"1\"><span style=\"font-weight: 400;\">1 x dr\u017ealo za kolut<\/span><\/li>\n<li style=\"font-weight: 400;\" aria-level=\"1\"><span style=\"font-weight: 400;\">1 x dr\u017ealo za kabel<\/span><\/li>\n<li style=\"font-weight: 400;\" aria-level=\"1\"><span style=\"font-weight: 400;\">1 x \u0161\u010detka za \u010di\u0161\u010denje<\/span><\/li>\n<li style=\"font-weight: 400;\" aria-level=\"1\"><span style=\"font-weight: 400;\">2 x M2x14 vijaka<\/span><\/li>\n<li style=\"font-weight: 400;\" aria-level=\"1\"><span style=\"font-weight: 400;\">4 x M3x6 vijaki<\/span><\/li>\n<li style=\"font-weight: 400;\" aria-level=\"1\"><span style=\"font-weight: 400;\">2 x M4x16 vijaka<\/span><\/li>\n<li style=\"font-weight: 400;\" aria-level=\"1\"><span style=\"font-weight: 400;\">1 x M3x10 vijak<\/span><\/li>\n<li style=\"font-weight: 400;\" aria-level=\"1\"><span style=\"font-weight: 400;\">1 x M3x8 vijaki<\/span><\/li>\n<li style=\"font-weight: 400;\" aria-level=\"1\"><span style=\"font-weight: 400;\">1 x U disk<\/span><\/li>\n<li style=\"font-weight: 400;\" aria-level=\"1\"><span style=\"font-weight: 400;\">2 x napajalnik<\/span><\/li>\n<li style=\"font-weight: 400;\" aria-level=\"1\"><span style=\"font-weight: 400;\">1x signalni kabel<\/span><\/li>\n<li style=\"font-weight: 400;\" aria-level=\"1\"><span style=\"font-weight: 400;\">4 x zbiralniki kablov<\/span><\/li>\n<li style=\"font-weight: 400;\" aria-level=\"1\"><span style=\"font-weight: 400;\">5 x \u017earilne cevi<\/span><\/li>\n<li style=\"font-weight: 400;\" aria-level=\"1\"><span style=\"font-weight: 400;\">1 x komplet klju\u010dev<\/span><\/li>\n<li style=\"font-weight: 400;\" aria-level=\"1\"><span style=\"font-weight: 400;\">1 x set imbus klju\u010dev (4.0, 3.0, 2.5, 2.0, 1.5)<\/span><\/li>\n<li style=\"font-weight: 400;\" aria-level=\"1\"><span style=\"font-weight: 400;\">1 x \u017earilna nitka<\/span><\/li>\n<li style=\"font-weight: 400;\" aria-level=\"1\"><span style=\"font-weight: 400;\">1 x mast<\/span><\/li>\n<li style=\"font-weight: 400;\" aria-level=\"1\"><span style=\"font-weight: 400;\">1 x \u010distilo za \u0161obe<\/span><\/li>\n<\/ul>\n","protected":false},"excerpt":{"rendered":"<p><span style=\"font-weight: 400;\">Naj 3D tiskanje \u0161e bolj zabavno in kreativno! <strong>Anycubic Kobra 3 Combo<\/strong> prina\u0161a dinami\u010den duo popolnoma sinhronizirane tehnologije 3D tiskanja, ki povzdigne va\u0161e kreativne projekte na vi\u0161jo raven.<\/span><\/p>\n<p><span style=\"font-weight: 400;\">Kombinacija vklju\u010duje dve zmogljivi komponenti, zasnovani za dvig va\u0161ih 3D-tiskov v nove vi\u0161ine:<\/span><\/p>\n<p><span style=\"font-weight: 400;\">Prvi\u010d, 3D-tiskalnik Kobra 3 FDM zagotavlja <strong>neverjetno hitrost, tiska s hitrostjo do 600 mm\/s z najve\u010djim pospe\u0161kom 20.000 mm\/s\u00b2.<\/strong> Podprt z Anycubic Color Engine Pro (ACE Pro) \u2013 samodejnim materialnim sistemom s funkcijo su\u0161enja \u2013 boste imeli vse, kar potrebujete za <strong>ve\u010dbarvno tiskanje.<\/strong><\/span><\/p>\n","protected":false},"featured_media":43038,"comment_status":"closed","ping_status":"closed","template":"","meta":{"_acf_changed":false},"product_brand":[],"product_cat":[735,1624,736,759],"product_tag":[],"brand":[],"class_list":{"0":"post-43088","1":"product","2":"type-product","3":"status-publish","4":"has-post-thumbnail","6":"product_cat-vsi-3d-tiskalniki","7":"product_cat-anycubic","8":"product_cat-fdm-tiskalnik","9":"product_cat-znizano","11":"first","12":"outofstock","13":"sale","14":"taxable","15":"shipping-taxable","16":"purchasable","17":"product-type-simple"},"acf":[],"_links":{"self":[{"href":"https:\/\/azurefilm.com\/sl\/wp-json\/wp\/v2\/product\/43088","targetHints":{"allow":["GET"]}}],"collection":[{"href":"https:\/\/azurefilm.com\/sl\/wp-json\/wp\/v2\/product"}],"about":[{"href":"https:\/\/azurefilm.com\/sl\/wp-json\/wp\/v2\/types\/product"}],"replies":[{"embeddable":true,"href":"https:\/\/azurefilm.com\/sl\/wp-json\/wp\/v2\/comments?post=43088"}],"wp:featuredmedia":[{"embeddable":true,"href":"https:\/\/azurefilm.com\/sl\/wp-json\/wp\/v2\/media\/43038"}],"wp:attachment":[{"href":"https:\/\/azurefilm.com\/sl\/wp-json\/wp\/v2\/media?parent=43088"}],"wp:term":[{"taxonomy":"product_brand","embeddable":true,"href":"https:\/\/azurefilm.com\/sl\/wp-json\/wp\/v2\/product_brand?post=43088"},{"taxonomy":"product_cat","embeddable":true,"href":"https:\/\/azurefilm.com\/sl\/wp-json\/wp\/v2\/product_cat?post=43088"},{"taxonomy":"product_tag","embeddable":true,"href":"https:\/\/azurefilm.com\/sl\/wp-json\/wp\/v2\/product_tag?post=43088"},{"taxonomy":"brand","embeddable":true,"href":"https:\/\/azurefilm.com\/sl\/wp-json\/wp\/v2\/brand?post=43088"}],"curies":[{"name":"wp","href":"https:\/\/api.w.org\/{rel}","templated":true}]}}