
{"id":43987,"date":"2024-09-17T11:53:27","date_gmt":"2024-09-17T11:53:27","guid":{"rendered":"https:\/\/azurefilm.com\/?post_type=product&#038;p=43987"},"modified":"2025-12-02T08:04:36","modified_gmt":"2025-12-02T08:04:36","slug":"soba-iz-kaljenega-jekla-za-creality-k1-k1-max","status":"publish","type":"product","link":"https:\/\/azurefilm.com\/sl\/izdelek\/soba-iz-kaljenega-jekla-za-creality-k1-k1-max\/","title":{"rendered":"\u0160oba iz kaljenega jekla za Creality K1 in K1 MAX"},"content":{"rendered":"<p><span style=\"font-weight: 400;\">Nadgradite svoj 3D tiskalnik Creality K1 ali K1 MAX s \u0161obo iz kaljenega jekla, ki je zasnovana za vzdr\u017eljivost in natan\u010dnost. Ta \u0161oba je izdelana tako, da prenese visoke temperature in abrazivne filamente, zato zagotavlja dosledne in visokokakovostne izpise tudi pri tiskanju z zahtevnimi materiali. Njena pove\u010dana odpornost proti obrabi zmanj\u0161uje potrebo po pogostih zamenjavah, zato je idealna za dolgotrajno in visoko zmogljivo tiskanje.\u00a0<\/span><\/p>\n<h2><strong>Klju\u010dne lastnosti:<\/strong><\/h2>\n<ul>\n<li style=\"font-weight: 400;\" aria-level=\"1\"><span style=\"font-weight: 400;\">Za Creality K1 in K1 MAX<\/span><\/li>\n<li style=\"font-weight: 400;\" aria-level=\"1\"><span style=\"font-weight: 400;\">Premer vhoda: 1,75 mm<\/span><\/li>\n<li style=\"font-weight: 400;\" aria-level=\"1\"><span style=\"font-weight: 400;\">Premer izhoda: 0,4 mm, 0,6 mm<\/span><\/li>\n<li style=\"font-weight: 400;\" aria-level=\"1\"><span style=\"font-weight: 400;\">Navoj M6<\/span><\/li>\n<li style=\"font-weight: 400;\" aria-level=\"1\"><span style=\"font-weight: 400;\">Primerni filamenti: PLA, ABS, PETG, TPE, TPU, PC, PSU, PPSU, PEL in celo visokotemperaturni filamenti PEEK, PEKK<\/span><\/li>\n<\/ul>\n","protected":false},"excerpt":{"rendered":"<p><span style=\"font-weight: 400;\">Nadgradite svoj Creality K1 ali K1 MAX s \u0161obo iz kaljenega jekla za ve\u010djo vzdr\u017eljivost in natan\u010dnost. Odli\u010dna je za visokotemperaturne in abrazivne filamente ter zagotavlja dosledne in visokokakovostne izpise.<\/span><\/p>\n","protected":false},"featured_media":44401,"comment_status":"closed","ping_status":"closed","template":"","meta":{"_acf_changed":false},"product_brand":[],"product_cat":[760,785,786,761,759],"product_tag":[],"brand":[270],"class_list":{"0":"post-43987","1":"product","2":"type-product","3":"status-publish","4":"has-post-thumbnail","6":"product_cat-rezervni-deli","7":"product_cat-sobe","8":"product_cat-utrjene-sobe-odporne-proti-obrabi","9":"product_cat-vsi-rezervni-deli","10":"product_cat-znizano","11":"pa_compatible-with-creality-fdm-3d-printers","12":"pa_fits-printer-creality-k1","13":"pa_fits-printer-creality-k1-max","14":"pa_nozzle-diameter-0-4mm","15":"pa_nozzle-diameter-0-6mm","16":"brand-creality","18":"first","19":"instock","20":"sale","21":"taxable","22":"shipping-taxable","23":"purchasable","24":"product-type-variable"},"acf":[],"_links":{"self":[{"href":"https:\/\/azurefilm.com\/sl\/wp-json\/wp\/v2\/product\/43987","targetHints":{"allow":["GET"]}}],"collection":[{"href":"https:\/\/azurefilm.com\/sl\/wp-json\/wp\/v2\/product"}],"about":[{"href":"https:\/\/azurefilm.com\/sl\/wp-json\/wp\/v2\/types\/product"}],"replies":[{"embeddable":true,"href":"https:\/\/azurefilm.com\/sl\/wp-json\/wp\/v2\/comments?post=43987"}],"wp:featuredmedia":[{"embeddable":true,"href":"https:\/\/azurefilm.com\/sl\/wp-json\/wp\/v2\/media\/44401"}],"wp:attachment":[{"href":"https:\/\/azurefilm.com\/sl\/wp-json\/wp\/v2\/media?parent=43987"}],"wp:term":[{"taxonomy":"product_brand","embeddable":true,"href":"https:\/\/azurefilm.com\/sl\/wp-json\/wp\/v2\/product_brand?post=43987"},{"taxonomy":"product_cat","embeddable":true,"href":"https:\/\/azurefilm.com\/sl\/wp-json\/wp\/v2\/product_cat?post=43987"},{"taxonomy":"product_tag","embeddable":true,"href":"https:\/\/azurefilm.com\/sl\/wp-json\/wp\/v2\/product_tag?post=43987"},{"taxonomy":"brand","embeddable":true,"href":"https:\/\/azurefilm.com\/sl\/wp-json\/wp\/v2\/brand?post=43987"}],"curies":[{"name":"wp","href":"https:\/\/api.w.org\/{rel}","templated":true}]}}