
{"id":44010,"date":"2024-09-17T11:54:11","date_gmt":"2024-09-17T11:54:11","guid":{"rendered":"https:\/\/azurefilm.com\/?post_type=product&#038;p=44010"},"modified":"2026-03-17T20:39:24","modified_gmt":"2026-03-17T20:39:24","slug":"medeninasta-soba-za-ender-3-v3-se","status":"publish","type":"product","link":"https:\/\/azurefilm.com\/sl\/izdelek\/medeninasta-soba-za-ender-3-v3-se\/","title":{"rendered":"Medeninasta \u0161oba za Ender 3 V3 SE"},"content":{"rendered":"<p><span style=\"font-weight: 400;\">Nadgradite svoj 3D tiskalnik Ender 3 V3 SE z medeninasto \u0161obo za ve\u010djo zmogljivost in natan\u010dnost. Ta \u0161oba, zasnovana za u\u010dinkovito toplotno prevodnost, zagotavlja hitro in enakomerno segrevanje ter gladke in natan\u010dne odtise s standardnimi filamenti, kot so PLA, PETG, ASA in ABS. Medeninasta \u0161oba, ki jo je enostavno namestiti in vzdr\u017eevati, je kot nala\u0161\u010d za izbolj\u0161anje va\u0161e izku\u0161nje pri tiskanju in doseganje doslednih, visokokakovostnih rezultatov.<\/span><\/p>\n<h2><strong>Klju\u010dne lastnosti:\u00a0<\/strong><\/h2>\n<ul>\n<li style=\"font-weight: 400;\" aria-level=\"1\"><span style=\"font-weight: 400;\">Za Ender 3 V3 SE<\/span><\/li>\n<li style=\"font-weight: 400;\" aria-level=\"1\"><span style=\"font-weight: 400;\">Premer vhoda: 1,75 mm<\/span><\/li>\n<li style=\"font-weight: 400;\" aria-level=\"1\"><span style=\"font-weight: 400;\">Premer izhoda: 0,4 mm<\/span><\/li>\n<li style=\"font-weight: 400;\" aria-level=\"1\"><span style=\"font-weight: 400;\">Navoj M6<\/span><\/li>\n<li style=\"font-weight: 400;\" aria-level=\"1\"><span style=\"font-weight: 400;\">Zdru\u017eljiv z vlakni: PLA, ABS, PETG, TPU, PC, PP, najlon, PEEK.<\/span><\/li>\n<\/ul>\n","protected":false},"excerpt":{"rendered":"<p><span style=\"font-weight: 400;\">Z medeninasto \u0161obo za Ender 3 V3 SE dose\u017eete brezhibne 3D izpise. Odli\u010dna za doseganje doslednih, visokokakovostnih rezultatov.<\/span><\/p>\n","protected":false},"featured_media":44341,"comment_status":"closed","ping_status":"closed","template":"","meta":{"_acf_changed":false},"product_brand":[],"product_cat":[760,787,785,761,759],"product_tag":[],"brand":[],"class_list":{"0":"post-44010","1":"product","2":"type-product","3":"status-publish","4":"has-post-thumbnail","6":"product_cat-rezervni-deli","7":"product_cat-navadne-sobe","8":"product_cat-sobe","9":"product_cat-vsi-rezervni-deli","10":"product_cat-znizano","11":"pa_compatible-with-creality-fdm-3d-printers","12":"pa_fits-printer-creality-ender-3-v3-se","13":"pa_nozzle-diameter-0-4mm","15":"first","16":"instock","17":"sale","18":"taxable","19":"shipping-taxable","20":"purchasable","21":"product-type-simple"},"acf":[],"_links":{"self":[{"href":"https:\/\/azurefilm.com\/sl\/wp-json\/wp\/v2\/product\/44010","targetHints":{"allow":["GET"]}}],"collection":[{"href":"https:\/\/azurefilm.com\/sl\/wp-json\/wp\/v2\/product"}],"about":[{"href":"https:\/\/azurefilm.com\/sl\/wp-json\/wp\/v2\/types\/product"}],"replies":[{"embeddable":true,"href":"https:\/\/azurefilm.com\/sl\/wp-json\/wp\/v2\/comments?post=44010"}],"wp:featuredmedia":[{"embeddable":true,"href":"https:\/\/azurefilm.com\/sl\/wp-json\/wp\/v2\/media\/44341"}],"wp:attachment":[{"href":"https:\/\/azurefilm.com\/sl\/wp-json\/wp\/v2\/media?parent=44010"}],"wp:term":[{"taxonomy":"product_brand","embeddable":true,"href":"https:\/\/azurefilm.com\/sl\/wp-json\/wp\/v2\/product_brand?post=44010"},{"taxonomy":"product_cat","embeddable":true,"href":"https:\/\/azurefilm.com\/sl\/wp-json\/wp\/v2\/product_cat?post=44010"},{"taxonomy":"product_tag","embeddable":true,"href":"https:\/\/azurefilm.com\/sl\/wp-json\/wp\/v2\/product_tag?post=44010"},{"taxonomy":"brand","embeddable":true,"href":"https:\/\/azurefilm.com\/sl\/wp-json\/wp\/v2\/brand?post=44010"}],"curies":[{"name":"wp","href":"https:\/\/api.w.org\/{rel}","templated":true}]}}