
{"id":44026,"date":"2024-09-17T11:54:56","date_gmt":"2024-09-17T11:54:56","guid":{"rendered":"https:\/\/azurefilm.com\/?post_type=product&#038;p=44026"},"modified":"2026-03-17T20:39:23","modified_gmt":"2026-03-17T20:39:23","slug":"hotend-komplet-za-ender-3-v3-se","status":"publish","type":"product","link":"https:\/\/azurefilm.com\/sl\/izdelek\/hotend-komplet-za-ender-3-v3-se\/","title":{"rendered":"Hotend komplet za Ender 3 V3 SE"},"content":{"rendered":"<h2><strong>Zna\u010dilnosti:<\/strong><\/h2>\n<ul>\n<li style=\"font-weight: 400;\" aria-level=\"1\"><span style=\"font-weight: 400;\">24V, 40W grelnik<\/span><\/li>\n<li style=\"font-weight: 400;\" aria-level=\"1\"><span style=\"font-weight: 400;\">Termistor: 260C\u00b0<\/span><\/li>\n<li style=\"font-weight: 400;\" aria-level=\"1\"><span style=\"font-weight: 400;\">Barva izdelka: \u010drna<\/span><\/li>\n<li style=\"font-weight: 400;\" aria-level=\"1\"><span style=\"font-weight: 400;\">Te\u017ea izdelka: 3,1 g<\/span><\/li>\n<li style=\"font-weight: 400;\" aria-level=\"1\"><span style=\"font-weight: 400;\">Velikost izdelka: 23x23x20 mm<\/span><\/li>\n<li style=\"font-weight: 400;\" aria-level=\"1\"><span style=\"font-weight: 400;\">Material: visokokakovostni silikon<\/span><\/li>\n<li style=\"font-weight: 400;\" aria-level=\"1\"><span style=\"font-weight: 400;\">Vklju\u010dena je silikonska vti\u010dnica, odporna proti visokim temperaturam<\/span><\/li>\n<\/ul>\n<h2><strong>Klju\u010dne lastnosti:<\/strong><\/h2>\n<ul>\n<li style=\"font-weight: 400;\" aria-level=\"1\"><b>Visoka izolativnost:<\/b><span style=\"font-weight: 400;\"> Zagotavlja stalno in enakomerno temperaturo za bolj\u0161o kakovost tiskanja.<\/span><\/li>\n<li style=\"font-weight: 400;\" aria-level=\"1\"><b>Temperaturna odpornost:<\/b><span style=\"font-weight: 400;\"> Odpornost na visoke temperature do 300 \u00b0C: vzdr\u017ei dolgotrajno izpostavljenost visokim temperaturam do 300 \u00b0C.<\/span><\/li>\n<li style=\"font-weight: 400;\" aria-level=\"1\"><b>Trpe\u017een material: <\/b><span style=\"font-weight: 400;\">Iz visokokakovostnega silikona, ki ga ni lahko odlepiti in ima nizko toplotno prevodnost.<\/span><\/li>\n<li style=\"font-weight: 400;\" aria-level=\"1\"><b>Za\u0161\u010ditno:<\/b><span style=\"font-weight: 400;\"> Za\u0161\u010dita grelnega bloka in \u0161obe, ki ju ohranja \u010diste in zmanj\u0161uje nevarnost opeklin.<\/span><\/li>\n<li style=\"font-weight: 400;\" aria-level=\"1\"><b>Enostavna namestitev:<\/b><span style=\"font-weight: 400;\"> Enostavna namestitev in odstranitev, zato je vzdr\u017eevanje brez te\u017eav.<\/span><\/li>\n<\/ul>\n","protected":false},"excerpt":{"rendered":"<p><span style=\"font-weight: 400;\">Hotend komplet za Ender 3 V3 SE &#8211; odli\u010den za dosledno tiskanje tudi pri visokih temperaturah do 300 \u00b0C.<\/span><\/p>\n","protected":false},"featured_media":44293,"comment_status":"closed","ping_status":"closed","template":"","meta":{"_acf_changed":false},"product_brand":[],"product_cat":[760,774,773,780,761,759],"product_tag":[],"brand":[],"class_list":{"0":"post-44026","1":"product","2":"type-product","3":"status-publish","4":"has-post-thumbnail","6":"product_cat-rezervni-deli","7":"product_cat-ekstruder-sl","8":"product_cat-ekstruderji","9":"product_cat-vroci-konci-hotends","10":"product_cat-vsi-rezervni-deli","11":"product_cat-znizano","12":"pa_compatible-with-creality-fdm-3d-printers","13":"pa_fits-printer-creality-ender-3-v3-se","15":"first","16":"instock","17":"sale","18":"taxable","19":"shipping-taxable","20":"purchasable","21":"product-type-simple"},"acf":[],"_links":{"self":[{"href":"https:\/\/azurefilm.com\/sl\/wp-json\/wp\/v2\/product\/44026","targetHints":{"allow":["GET"]}}],"collection":[{"href":"https:\/\/azurefilm.com\/sl\/wp-json\/wp\/v2\/product"}],"about":[{"href":"https:\/\/azurefilm.com\/sl\/wp-json\/wp\/v2\/types\/product"}],"replies":[{"embeddable":true,"href":"https:\/\/azurefilm.com\/sl\/wp-json\/wp\/v2\/comments?post=44026"}],"wp:featuredmedia":[{"embeddable":true,"href":"https:\/\/azurefilm.com\/sl\/wp-json\/wp\/v2\/media\/44293"}],"wp:attachment":[{"href":"https:\/\/azurefilm.com\/sl\/wp-json\/wp\/v2\/media?parent=44026"}],"wp:term":[{"taxonomy":"product_brand","embeddable":true,"href":"https:\/\/azurefilm.com\/sl\/wp-json\/wp\/v2\/product_brand?post=44026"},{"taxonomy":"product_cat","embeddable":true,"href":"https:\/\/azurefilm.com\/sl\/wp-json\/wp\/v2\/product_cat?post=44026"},{"taxonomy":"product_tag","embeddable":true,"href":"https:\/\/azurefilm.com\/sl\/wp-json\/wp\/v2\/product_tag?post=44026"},{"taxonomy":"brand","embeddable":true,"href":"https:\/\/azurefilm.com\/sl\/wp-json\/wp\/v2\/brand?post=44026"}],"curies":[{"name":"wp","href":"https:\/\/api.w.org\/{rel}","templated":true}]}}