
{"id":44096,"date":"2024-09-17T11:55:17","date_gmt":"2024-09-17T11:55:17","guid":{"rendered":"https:\/\/azurefilm.com\/?post_type=product&#038;p=44096"},"modified":"2026-03-19T19:03:36","modified_gmt":"2026-03-19T19:03:36","slug":"pei-plosca-s-3d-ucinkom-za-bambu-lab-x1-p1p","status":"publish","type":"product","link":"https:\/\/azurefilm.com\/sl\/izdelek\/pei-plosca-s-3d-ucinkom-za-bambu-lab-x1-p1p\/","title":{"rendered":"PEI plo\u0161\u010da s 3D u\u010dinkom za Bambu Lab X1 P1P"},"content":{"rendered":"<p><span style=\"font-weight: 400;\">\u017delite dodati nekaj okusa svojim 3D izpisom? S plo\u0161\u010do PEI z u\u010dinkom 3D podjetja Bambu lahko svojim projektom zagotovite edinstvene povr\u0161inske teksture. V tem kompletu so razli\u010dni vzorci: Zvezde, diamant in ogljikova vlakna. S temi plo\u0161\u010dami izbolj\u0161ajte svoje izpise in raziskujte nove razse\u017enosti tekstur.<\/span><\/p>\n<h2><strong>Zvezdnata plo\u0161\u010da\u00a0\u00a0<\/strong><\/h2>\n<p><span style=\"font-weight: 400;\">Bambu zvezdnata plo\u0161\u010da daje osupljiv mavri\u010dni u\u010dinek zvezd na prvi plasti tiska, ki se lesketa in spreminja barve glede na kot gledanja. Ta u\u010dinek je \u0161e posebej presenetljiv v kombinaciji s svilenimi ali svetle\u010dimi filamenti, ki poudarijo zapleten vzorec.<\/span><\/p>\n<h3><strong>Klju\u010dne lastnosti:<\/strong><\/h3>\n<ul>\n<li style=\"font-weight: 400;\" aria-level=\"1\"><span style=\"font-weight: 400;\">Gradbena plo\u0161\u010da PEI+PEY<\/span><\/li>\n<li style=\"font-weight: 400;\" aria-level=\"1\"><span style=\"font-weight: 400;\">Dvostranska<\/span><\/li>\n<li style=\"font-weight: 400;\" aria-level=\"1\"><span style=\"font-weight: 400;\">Primerno za razli\u010dne filamente: PLA\/TPU\/PETG.<\/span><\/li>\n<li style=\"font-weight: 400;\" aria-level=\"1\"><span style=\"font-weight: 400;\">Premaz PEI zagotavlja dober oprijem pri tiskanju nad 260 \u00b0C<\/span><\/li>\n<li style=\"font-weight: 400;\" aria-level=\"1\"><span style=\"font-weight: 400;\">Gladka folija PEY ima vzorec zvezdic in pikic, ki se bodo mo\u010dno svetile.\u00a0<\/span><\/li>\n<li style=\"font-weight: 400;\" aria-level=\"1\"><span style=\"font-weight: 400;\">Pod razli\u010dnimi koti se pojavijo razli\u010dne barve. Poleg tega bodo na tiskarskem modelu ostale razli\u010dne barve.<\/span><\/li>\n<\/ul>\n<h2><strong>Diamantna plo\u0161\u010da<\/strong><\/h2>\n<p><span style=\"font-weight: 400;\">Bambu diamantna plo\u0161\u010da ustvari prvi sloj z diamantnim vzorcem in kombinacijo sijajnega in matiranega zaklju\u010dka. Naju\u010dinkovitej\u0161a je pri svilenih ali svetle\u010dih nitkah, saj v celoti poudari potencial teksture.<\/span><\/p>\n<h3><strong>Klju\u010dne lastnosti:\u00a0<\/strong><\/h3>\n<ul>\n<li style=\"font-weight: 400;\" aria-level=\"1\"><span style=\"font-weight: 400;\">Gradbena plo\u0161\u010da PEI+PEO\u00a0<\/span><\/li>\n<li style=\"font-weight: 400;\" aria-level=\"1\"><span style=\"font-weight: 400;\">Dvostranska<\/span><\/li>\n<li style=\"font-weight: 400;\" aria-level=\"1\"><span style=\"font-weight: 400;\">Primerno za razli\u010dne filamente: PLA\/TPU\/PETG.<\/span><\/li>\n<li style=\"font-weight: 400;\" aria-level=\"1\"><span style=\"font-weight: 400;\">Premaz PEI zagotavlja dober oprijem pri tiskanju nad 260 \u00b0C<\/span><\/li>\n<li style=\"font-weight: 400;\" aria-level=\"1\"><span style=\"font-weight: 400;\">Zaradi gladke povr\u0161ine folije PEO se lahko model bolje prilepi na platformo.<\/span><\/li>\n<\/ul>\n<h2><strong>Plo\u0161\u010da iz ogljikovih vlaken<\/strong><\/h2>\n<p><span style=\"font-weight: 400;\">Bambu plo\u0161\u010da iz ogljikovih vlaken posnema subtilno teksturo pravih ogljikovih vlaken. Ko jo nanesete, se ta vzorec prenese na prvo plast tiska in ustvari izrazito 3D-teksturo, \u0161e posebej pri uporabi sivih karbonskih filamentov.<\/span><\/p>\n<h3><strong>Klju\u010dne lastnosti:<\/strong><\/h3>\n<ul>\n<li style=\"font-weight: 400;\" aria-level=\"1\"><span style=\"font-weight: 400;\">Gradbena plo\u0161\u010da PET+PEO\u00a0<\/span><\/li>\n<li style=\"font-weight: 400;\" aria-level=\"1\"><span style=\"font-weight: 400;\">Zaradi gladke povr\u0161ine folije PEO se lahko model bolje prilepi na platformo.<\/span><\/li>\n<li style=\"font-weight: 400;\" aria-level=\"1\"><span style=\"font-weight: 400;\">Povr\u0161ina PET je odporna proti visokim temperaturam 120 \u2103, za to povr\u0161ino predlagamo samo filament PLA<\/span><\/li>\n<li style=\"font-weight: 400;\" aria-level=\"1\"><span style=\"font-weight: 400;\">PET predstavlja povr\u0161ino iz umetnih ogljikovih vlaken, kar zagotavlja izrazito vizualno privla\u010dnost.<\/span><\/li>\n<\/ul>\n<h2><strong>Namestitev<\/strong><\/h2>\n<p><span style=\"font-weight: 400;\">Plo\u0161\u010de PEI z u\u010dinkom 3D je treba ro\u010dno namestiti na jekleno plo\u0161\u010do; niso vnaprej name\u0161\u010dene. Za optimalne rezultate uporabite samo uradno jekleno plo\u0161\u010do Bambu Lab. \u010ce plo\u0161\u010do nana\u0161ate na obstoje\u010do plo\u0161\u010do, poskrbite, da je stara plo\u0161\u010da popolnoma odstranjena, povr\u0161ina pa temeljito o\u010di\u0161\u010dena in posu\u0161ena. Skrbno upo\u0161tevajte priporo\u010dene nastavitve grelne plo\u0161\u010de, da zagotovite najbolj\u0161i prenos teksture. Upo\u0161tevajte, da je \u010dista povr\u0161ina klju\u010dnega pomena za ohranitev vidnosti 3D u\u010dinkov; ma\u0161\u010doba lahko poslab\u0161a vzorce. \u010cistite z vro\u010do vodo in detergentom ter se ne dotikajte povr\u0161ine neposredno.<\/span><\/p>\n<h3><strong>Dodatne informacije<\/strong><\/h3>\n<p><span style=\"font-weight: 400;\">Ker plo\u0161\u010de PEI s 3D u\u010dinkom odbijajo svetlobo, kalibracija LIDAR-a morda ne bo delovala po pri\u010dakovanjih. Priporo\u010dljivo je presko\u010diti zaporedje kalibracije LIDAR ali za kalibracijo uporabiti obi\u010dajno plo\u0161\u010do. Ne pozabite, da so te plo\u0161\u010de potro\u0161ni material, zato za podalj\u0161anje njihove \u017eivljenjske dobe posku\u0161ajte spreminjati razporeditev odtisov na plo\u0161\u010di. Izogibajte se nana\u0161anju lepila na povr\u0161ino lista in bodite previdni pri uporabi strgala, da prepre\u010dite po\u0161kodbe.<\/span><\/p>\n<h3><strong>Priporo\u010dene nastavitve<\/strong><\/h3>\n<p><span style=\"font-weight: 400;\">Za tiskanje priporo\u010damo uporabo filamentov PLA ali TPU. Odvisno od modela in filamenta boste morda morali prilagoditi nastavitve rezalnika. <\/span><\/p>\n","protected":false},"excerpt":{"rendered":"<p><span style=\"font-weight: 400;\">Preizkusite plo\u0161\u010do PEI s 3D u\u010dinkom za Bambu Lab X1 P1P v zvezdnati, diamantni ali karbonski strukturi in preoblikujte svoje odtise s teksturami, ki izstopajo.<\/span><\/p>\n","protected":false},"featured_media":44190,"comment_status":"closed","ping_status":"closed","template":"","meta":{"_acf_changed":false},"product_brand":[],"product_cat":[760,769,766,761],"product_tag":[],"brand":[268],"class_list":{"0":"post-44096","1":"product","2":"type-product","3":"status-publish","4":"has-post-thumbnail","6":"product_cat-rezervni-deli","7":"product_cat-pei-plosce","8":"product_cat-tiskalne-povrsine","9":"product_cat-vsi-rezervni-deli","10":"pa_compatible-with-bambulab-fdm-3d-printers","11":"pa_fits-printer-all-bambu-lab-x1-series-p1-series","12":"brand-bambu-lab","14":"first","15":"instock","16":"taxable","17":"shipping-taxable","18":"purchasable","19":"product-type-variable"},"acf":[],"_links":{"self":[{"href":"https:\/\/azurefilm.com\/sl\/wp-json\/wp\/v2\/product\/44096","targetHints":{"allow":["GET"]}}],"collection":[{"href":"https:\/\/azurefilm.com\/sl\/wp-json\/wp\/v2\/product"}],"about":[{"href":"https:\/\/azurefilm.com\/sl\/wp-json\/wp\/v2\/types\/product"}],"replies":[{"embeddable":true,"href":"https:\/\/azurefilm.com\/sl\/wp-json\/wp\/v2\/comments?post=44096"}],"wp:featuredmedia":[{"embeddable":true,"href":"https:\/\/azurefilm.com\/sl\/wp-json\/wp\/v2\/media\/44190"}],"wp:attachment":[{"href":"https:\/\/azurefilm.com\/sl\/wp-json\/wp\/v2\/media?parent=44096"}],"wp:term":[{"taxonomy":"product_brand","embeddable":true,"href":"https:\/\/azurefilm.com\/sl\/wp-json\/wp\/v2\/product_brand?post=44096"},{"taxonomy":"product_cat","embeddable":true,"href":"https:\/\/azurefilm.com\/sl\/wp-json\/wp\/v2\/product_cat?post=44096"},{"taxonomy":"product_tag","embeddable":true,"href":"https:\/\/azurefilm.com\/sl\/wp-json\/wp\/v2\/product_tag?post=44096"},{"taxonomy":"brand","embeddable":true,"href":"https:\/\/azurefilm.com\/sl\/wp-json\/wp\/v2\/brand?post=44096"}],"curies":[{"name":"wp","href":"https:\/\/api.w.org\/{rel}","templated":true}]}}