
{"id":44108,"date":"2024-09-17T11:51:18","date_gmt":"2024-09-17T11:51:18","guid":{"rendered":"https:\/\/azurefilm.com\/?post_type=product&#038;p=44108"},"modified":"2024-09-17T11:51:19","modified_gmt":"2024-09-17T11:51:19","slug":"creality-k1-max-maticna-plosca","status":"publish","type":"product","link":"https:\/\/azurefilm.com\/sl\/izdelek\/creality-k1-max-maticna-plosca\/","title":{"rendered":"Creality K1 Max mati\u010dna plo\u0161\u010da"},"content":{"rendered":"<p><span style=\"font-weight: 400;\">Mati\u010dna plo\u0161\u010da Creality K1 Max je zasnovana tako, da zagotavlja nemoteno, u\u010dinkovito in natan\u010dno 3D tiskanje. Ta mati\u010dna plo\u0161\u010da je zasnovana posebej za serijo Creality K1 Max in zagotavlja vrhunski nadzor nad vsemi funkcijami va\u0161ega tiskalnika.\u00a0<\/span><\/p>\n<p><b>Opozorilo: <\/b><span style=\"font-weight: 400;\">Pred naro\u010dilom se prepri\u010dajte, da je va\u0161 K1 MAX opremljen z motorji z majhnimi zobniki 4248. Ta komplet mati\u010dne plo\u0161\u010de deluje samo z motorji 42-48 X\/Y, ne pa tudi z motorji 42-60.\u00a0<\/span><\/p>\n","protected":false},"excerpt":{"rendered":"<p><span style=\"font-weight: 400;\">Nadgradite svoje sposobnosti 3D tiskanja s to zanesljivo Creality K1 Max mati\u010dno plo\u0161\u010do.<\/span><\/p>\n","protected":false},"featured_media":44251,"comment_status":"closed","ping_status":"closed","template":"","meta":{"_acf_changed":false},"product_brand":[],"product_cat":[760,781,761,759],"product_tag":[],"brand":[],"class_list":{"0":"post-44108","1":"product","2":"type-product","3":"status-publish","4":"has-post-thumbnail","6":"product_cat-rezervni-deli","7":"product_cat-maticne-plosce","8":"product_cat-vsi-rezervni-deli","9":"product_cat-znizano","10":"pa_compatible-with-creality-fdm-3d-printers","11":"pa_fits-printer-creality-k1-max","13":"first","14":"instock","15":"sale","16":"taxable","17":"shipping-taxable","18":"purchasable","19":"product-type-simple"},"acf":[],"_links":{"self":[{"href":"https:\/\/azurefilm.com\/sl\/wp-json\/wp\/v2\/product\/44108","targetHints":{"allow":["GET"]}}],"collection":[{"href":"https:\/\/azurefilm.com\/sl\/wp-json\/wp\/v2\/product"}],"about":[{"href":"https:\/\/azurefilm.com\/sl\/wp-json\/wp\/v2\/types\/product"}],"replies":[{"embeddable":true,"href":"https:\/\/azurefilm.com\/sl\/wp-json\/wp\/v2\/comments?post=44108"}],"wp:featuredmedia":[{"embeddable":true,"href":"https:\/\/azurefilm.com\/sl\/wp-json\/wp\/v2\/media\/44251"}],"wp:attachment":[{"href":"https:\/\/azurefilm.com\/sl\/wp-json\/wp\/v2\/media?parent=44108"}],"wp:term":[{"taxonomy":"product_brand","embeddable":true,"href":"https:\/\/azurefilm.com\/sl\/wp-json\/wp\/v2\/product_brand?post=44108"},{"taxonomy":"product_cat","embeddable":true,"href":"https:\/\/azurefilm.com\/sl\/wp-json\/wp\/v2\/product_cat?post=44108"},{"taxonomy":"product_tag","embeddable":true,"href":"https:\/\/azurefilm.com\/sl\/wp-json\/wp\/v2\/product_tag?post=44108"},{"taxonomy":"brand","embeddable":true,"href":"https:\/\/azurefilm.com\/sl\/wp-json\/wp\/v2\/brand?post=44108"}],"curies":[{"name":"wp","href":"https:\/\/api.w.org\/{rel}","templated":true}]}}