
{"id":44682,"date":"2024-09-20T08:41:24","date_gmt":"2024-09-20T08:41:24","guid":{"rendered":"https:\/\/azurefilm.com\/?post_type=product&#038;p=44682"},"modified":"2024-09-20T08:41:25","modified_gmt":"2024-09-20T08:41:25","slug":"creality-k1-se","status":"publish","type":"product","link":"https:\/\/azurefilm.com\/sl\/izdelek\/creality-k1-se\/","title":{"rendered":"Creality K1 SE"},"content":{"rendered":"<p><b>Creality<\/b> <b>K1 SE <\/b><span style=\"font-weight: 400;\">zdru\u017euje pametno zasnovo z visoko hitrostjo, natan\u010dnostjo in zanesljivostjo, s \u010dimer zelo u\u010dinkovito preoblikuje zamisli v resni\u010dnost. Ta 3D tiskalnik je zasnovan za brezhibno uporabni\u0161ko izku\u0161njo, zagotavlja izjemne rezultate v kratkem \u010dasu ter\u00a0 je idealen tako za profesionalce kot za za\u010detnike.<\/span><\/p>\n<h2><strong>Robustna zasnova za stabilnost in vzdr\u017eljivost<\/strong><\/h2>\n<p><span style=\"font-weight: 400;\">Creality K1 SE ima robusten okvir, izdelan iz integriranih komponent iz tla\u010dno lite aluminijeve zlitine, ki se brezhibno zdru\u017eujejo in pove\u010dujejo stabilnost stroja. Za dodatno podporo tej stabilnosti med tresljaji pri visoki hitrosti je okvir oja\u010dan z vogalnimi spoji in robustnimi pre\u010dnimi nosilci. Ta trpe\u017ena zasnova zagotavlja zanesljivo in dosledno tiskanje tudi v intenzivnih pogojih delovanja.<\/span><\/p>\n<h2><strong>Struktura CoreXY za izjemno hitro tiskanje<\/strong><\/h2>\n<p><span style=\"font-weight: 400;\">Ena od izstopajo\u010dih lastnosti K1 SE je njegova dinami\u010dna struktura CoreXY, ki je zasnovana za hitro tiskanje brez ogro\u017eanja kakovosti tiskanja. Ta napredna struktura omogo\u010da tiskalniku, da dose\u017ee najve\u010djo hitrost tiskanja 600 mm\/s in pospe\u0161ek do 20.000 mm\/s\u00b2, kar omogo\u010da hitrej\u0161e dokon\u010danje projekta ob ohranjanju natan\u010dnosti.<\/span><\/p>\n<h2><strong>Popolnoma kovinski ekstruder z dvojnim zobnikom<\/strong><\/h2>\n<p><span style=\"font-weight: 400;\">K1 SE je opremljen s sistemom popolnoma kovinskega ekstruderja z dvojno prestavo, ki vklju\u010duje podporno vzmet in krogli\u010dni bat za trdno pritrditev filamenta med tiskanjem. Ta sistem zagotavlja zanesljiv oprijem filamentov in je zasnovan za delo z razli\u010dnimi vrstami filamentov, vklju\u010dno s pro\u017enimi materiali, kot je TPU. Poleg tega zasnova ekstruderja brez zama\u0161itev zagotavlja nemoteno delovanje tudi pri tiskanju zahtevnej\u0161ih materialov. Za tiskanje z ABS je priporo\u010dljiva za\u0161\u010ditna prevleka.<\/span><\/p>\n<h2><strong>Hotend za hitro segrevanje\u00a0<\/strong><\/h2>\n<p><span style=\"font-weight: 400;\">Hotend Creality K1 SE je zasnovan za hitrost in u\u010dinkovitost. Opremljen je s 60 W kerami\u010dnim grelcem, ki se segreje od 0 do 300 \u00b0C v samo 75 sekundah in popolnoma stopi filament za podporo ultra hitremu tiskanju. To zagotavlja minimalne izpade in omogo\u010da neprekinjeno tiskanje pri optimalnih hitrostih.<\/span><\/p>\n<h2><strong>Vzdr\u017eljiva tri-kovinska \u0161oba<\/strong><\/h2>\n<p><span style=\"font-weight: 400;\">K1 SE ima tri-kovinsko \u0161obo z bakreno osnovo, jekleno konico in toplotno lo\u010ditvijo iz titanove zlitine. Ta konstrukcija je zasnovana tako, da prepre\u010duje kopi\u010denje toplote, kar prispeva k njeni vzdr\u017eljivosti. \u0160obo je tudi enostavno zamenjati, kar zagotavlja nemoteno vzdr\u017eevanje in dolgotrajno uporabo.<\/span><\/p>\n<h2><strong>Inteligentni algoritmi za optimizirano tiskanje<\/strong><\/h2>\n<p><span style=\"font-weight: 400;\">Creality K1 SE uporablja inteligentne algoritme za zagotavljanje kakovosti in u\u010dinkovitosti tiskanja:<\/span><\/p>\n<ul>\n<li style=\"font-weight: 400;\" aria-level=\"1\"><b>Oblikovanje vnosa: <\/b><span style=\"font-weight: 400;\">G-senzor zazna hitrosti, ki lahko povzro\u010dijo resonanco, in prilagodi delovanje motorja za ubla\u017eitev morebitnih tresljajev, kar zagotavlja gladke in natan\u010dne izpise.<\/span><\/li>\n<li style=\"font-weight: 400;\" aria-level=\"1\"><b>Uravnote\u017een komponentni ventilator: <\/b><span style=\"font-weight: 400;\">komponentni ventilator na tiskalni glavi je dinami\u010dno uravnote\u017een, kar zmanj\u0161uje nihanje med delovanjem z visoko hitrostjo.<\/span><\/li>\n<\/ul>\n<h2><strong>Uporabniku prijazne funkcije<\/strong><\/h2>\n<p><span style=\"font-weight: 400;\">K1 SE ponuja ve\u010d samodejnih in uporabniku prijaznih funkcij za poenostavitev postopka tiskanja:<\/span><\/p>\n<ul>\n<li style=\"font-weight: 400;\" aria-level=\"1\"><b>Nastavitev Plug-and-play: <\/b><span style=\"font-weight: 400;\">S preprostimi navodili za zagon lahko tiskalnik razpakirate in za\u017eenete v samo 3 minutah.<\/span><\/li>\n<li style=\"font-weight: 400;\" aria-level=\"1\"><b>Samodejna kalibracija: <\/b><span style=\"font-weight: 400;\">Funkcije, kot so samodejni Z-odmik, izravnava in testi oblikovanja vnosa, zagotavljajo, da je tiskalnik pripravljen za zagotavljanje natan\u010dnih rezultatov z minimalnim ro\u010dnim posredovanjem.<\/span><\/li>\n<li style=\"font-weight: 400;\" aria-level=\"1\"><b>Upravljanje delne napake serije: <\/b><span style=\"font-weight: 400;\">v primeru delne napake tiskanja K1 SE uporabnikom omogo\u010da, da izlo\u010dijo napa\u010dne natise in nemoteno nadaljujejo s tiskanjem preostale serije.<\/span><\/li>\n<\/ul>\n<h2><strong>Odprtokodna prilagodljivost<\/strong><\/h2>\n<p><span style=\"font-weight: 400;\">K1 SE ima odprtokodno programsko opremo, ki uporabnikom omogo\u010da enostavno spreminjanje. Podpira Creality OS, Creality Print 5.0 in Creality Cloud za prilagodljive mo\u017enosti rezanja, kar uporabnikom omogo\u010da svobodo, da izku\u0161njo tiskanja prilagodijo svojim posebnim potrebam. Poleg tega prilagodljiva vgradna plo\u0161\u010da PEI zagotavlja enostavno odstranitev dokon\u010danih natisov.<\/span><\/p>\n<h2><strong>Dodatne funkcije<\/strong><\/h2>\n<p><span style=\"font-weight: 400;\">Creality K1 SE vklju\u010duje ve\u010d dodatnih funkcij za optimizacijo delovanja:<\/span><\/p>\n<ul>\n<li style=\"font-weight: 400;\" aria-level=\"1\"><span style=\"font-weight: 400;\">Vnaprej name\u0161\u010dene du\u0161ilne blazinice za zmanj\u0161anje hrupa in stabilnost.<\/span><\/li>\n<li style=\"font-weight: 400;\" aria-level=\"1\"><span style=\"font-weight: 400;\">Silikonski trakovi za brisanje, da bodo konice \u0161ob \u010diste.<\/span><\/li>\n<li style=\"font-weight: 400;\" aria-level=\"1\"><span style=\"font-weight: 400;\">Prostoro\u010dno samodejno niveliranje za enostavno nastavitev in natan\u010dnost.<\/span><\/li>\n<li style=\"font-weight: 400;\" aria-level=\"1\"><span style=\"font-weight: 400;\">Prilagodljiva vzmetna jeklena plo\u0161\u010da PEI za enostavno odstranjevanje delov.<\/span><\/li>\n<\/ul>\n","protected":false},"excerpt":{"rendered":"<p><span style=\"font-weight: 400;\">Creality K1 SE \u2013 popolna kombinacija hitrosti, zanesljivosti in naprednih funkcij, odli\u010dna izbira za ustvarjalce, ki \u017eelijo u\u010dinkovito izdelati visokokakovostne tiske.<\/span><\/p>\n","protected":false},"featured_media":44655,"comment_status":"closed","ping_status":"closed","template":"","meta":{"_acf_changed":false},"product_brand":[],"product_cat":[733,739,736,735,759],"product_tag":[],"brand":[],"class_list":{"0":"post-44682","1":"product","2":"type-product","3":"status-publish","4":"has-post-thumbnail","6":"product_cat-3d-tiskalnik","7":"product_cat-creality","8":"product_cat-fdm-tiskalnik","9":"product_cat-vsi-3d-tiskalniki","10":"product_cat-znizano","12":"first","13":"instock","14":"sale","15":"taxable","16":"shipping-taxable","17":"purchasable","18":"product-type-simple"},"acf":[],"_links":{"self":[{"href":"https:\/\/azurefilm.com\/sl\/wp-json\/wp\/v2\/product\/44682","targetHints":{"allow":["GET"]}}],"collection":[{"href":"https:\/\/azurefilm.com\/sl\/wp-json\/wp\/v2\/product"}],"about":[{"href":"https:\/\/azurefilm.com\/sl\/wp-json\/wp\/v2\/types\/product"}],"replies":[{"embeddable":true,"href":"https:\/\/azurefilm.com\/sl\/wp-json\/wp\/v2\/comments?post=44682"}],"wp:featuredmedia":[{"embeddable":true,"href":"https:\/\/azurefilm.com\/sl\/wp-json\/wp\/v2\/media\/44655"}],"wp:attachment":[{"href":"https:\/\/azurefilm.com\/sl\/wp-json\/wp\/v2\/media?parent=44682"}],"wp:term":[{"taxonomy":"product_brand","embeddable":true,"href":"https:\/\/azurefilm.com\/sl\/wp-json\/wp\/v2\/product_brand?post=44682"},{"taxonomy":"product_cat","embeddable":true,"href":"https:\/\/azurefilm.com\/sl\/wp-json\/wp\/v2\/product_cat?post=44682"},{"taxonomy":"product_tag","embeddable":true,"href":"https:\/\/azurefilm.com\/sl\/wp-json\/wp\/v2\/product_tag?post=44682"},{"taxonomy":"brand","embeddable":true,"href":"https:\/\/azurefilm.com\/sl\/wp-json\/wp\/v2\/brand?post=44682"}],"curies":[{"name":"wp","href":"https:\/\/api.w.org\/{rel}","templated":true}]}}