
{"id":44714,"date":"2024-09-20T08:41:46","date_gmt":"2024-09-20T08:41:46","guid":{"rendered":"https:\/\/azurefilm.com\/?post_type=product&#038;p=44714"},"modified":"2025-09-16T19:09:02","modified_gmt":"2025-09-16T19:09:02","slug":"creality-ender-3-v3-plus","status":"publish","type":"product","link":"https:\/\/azurefilm.com\/sl\/izdelek\/creality-ender-3-v3-plus\/","title":{"rendered":"Creality Ender 3 V3 Plus"},"content":{"rendered":"<p><b>Creality Ender 3 V3 Plus <\/b><span style=\"font-weight: 400;\">ponuja z impresivnim volumnom konstrukcije 300x300x330 mm prostor tudi za najbolj ambiciozne zamisli. To veliko delovno obmo\u010dje uporabnikom omogo\u010da tiskanje ve\u010djih predmetov ali ve\u010d delov v enem opravilu, zaradi \u010desar je idealen za oblikovalce in ustvarjalce, ki \u017eelijo svoje zamisli spremeniti v resni\u010dnost v ve\u010djem obsegu.<\/span><\/p>\n<h2><strong>Robustna in stabilna konstrukcija<\/strong><\/h2>\n<p><span style=\"font-weight: 400;\">Temelji tiskalnika so izdelani iz enega samega tla\u010dno ulitega dela iz aluminijeve zlitine, ki tvori robustno trikotno strukturo. To stabilno konstrukcijo dodatno izbolj\u0161ata dve dodatni podporni palici, ki pove\u010data stabilnost osi Z in znatno zmanj\u0161ata nihanje med tiskanjem. Z manj vijaki in zaobljenimi vogali Ender 3 V3 Plus ne zagotavlja samo zanesljivega delovanja, ampak se pona\u0161a tudi z elegantnim, modernim videzom.<\/span><\/p>\n<h2><strong>Sistem gibanja CoreXZ<\/strong><\/h2>\n<p><span style=\"font-weight: 400;\">Ender 3 V3 Plus, ki ga poganja napredni sistem gibanja CoreXZ, zdru\u017euje osi X in Z za stabilno in hitro tiskanje. Sistem gibanja podpirata dva mo\u010dna motorja, ki zagotavljata usklajeno in gladko premikanje osi.<\/span><\/p>\n<p><span style=\"font-weight: 400;\">Rezultat je impresivna najvi\u0161ja hitrost 600 mm\/s in najve\u010dji pospe\u0161ek 20.000 mm\/s\u00b2, kar ponuja izku\u0161njo tiskanja, ki je 12-krat hitrej\u0161a brez \u017ertvovanja natan\u010dnosti. Y-os je opremljena tudi z dvema mo\u010dnima motorjema, ki ustvarjata najvi\u0161ji navor 1000 Nm, kar omogo\u010da gladko in natan\u010dno premikanje tiskalne postelje vzdol\u017e linearnih vodilnih palic.<\/span><\/p>\n<h2><strong>Optimiziran ekstruder z direktnim pogonom in u\u010dinkovito ogrevanje<\/strong><\/h2>\n<p><span style=\"font-weight: 400;\">Ender 3 V3 Plus ima optimiziran ekstruder z direktnim pogonom, opremljen s podporno vzmetjo in krogli\u010dnim valjem, ki zagotavlja mo\u010dan oprijem filamenta in ekstruzijo brez zama\u0161itev. Za dodatno izbolj\u0161anje zmogljivosti tiskalnik vklju\u010duje 60-vatni kerami\u010dni grelni element, ki se segreje do 300 \u00b0C v samo 75 sekundah. Ta hitra zmogljivost pri visokih temperaturah omogo\u010da zanesljivo taljenje filamentov tudi med hitrim tiskanjem, kar zagotavlja dosleden tisk.<\/span><\/p>\n<h2><strong>Tri-kovinska \u0161oba<\/strong><\/h2>\n<p><span style=\"font-weight: 400;\">Jedro Ender 3 V3 Plus je tri-kovinska \u0161oba Unicorn. Ta \u0161oba vklju\u010duje bakreno osnovo z jekleno konico in toplotno prekinitev iz titanove zlitine. Rezultat je trpe\u017ena \u0161oba, ki u\u010dinkovito blokira prekomerno razvijanje toplote, kar omogo\u010da natan\u010dno tiskanje v dalj\u0161ih obdobjih. \u0160oba je zasnovana tudi za enostavno zamenjavo, zaradi \u010desar je vzdr\u017eevanje preprosto.<\/span><\/p>\n<p><b>Opomba: <\/b><span style=\"font-weight: 400;\">Prepri\u010dajte se, da je \u0161oba hladna, preden z njo ravnate, da prepre\u010dite po\u0161kodbe.<\/span><\/p>\n<h2><strong>U\u010dinkoviti hladilni ventilatorji<\/strong><\/h2>\n<p><span style=\"font-weight: 400;\">Ender 3 V3 Plus je opremljen z u\u010dinkovitimi hladilnimi ventilatorji, ki se nahajajo na sprednji in zadnji strani tiskalne glave. Ti ventilatorji zagotavljajo hitro in enakomerno hlajenje sve\u017ee natisnjenih plasti, kar izbolj\u0161a splo\u0161no kakovost tiskanja in zmanj\u0161a tveganje zvijanja ali deformacije kon\u010dnega modela.<\/span><\/p>\n<h2><strong>Dodatne funkcije<\/strong><\/h2>\n<p><span style=\"font-weight: 400;\">Ender 3 V3 Plus ponuja vrsto dodatnih funkcij, ki izbolj\u0161ajo uporabnost in zmogljivost:<\/span><\/p>\n<ul>\n<li style=\"font-weight: 400;\" aria-level=\"1\"><span style=\"font-weight: 400;\">Vnaprej sestavljeni moduli za hitro in enostavno nastavitev.<\/span><\/li>\n<li style=\"font-weight: 400;\" aria-level=\"1\"><span style=\"font-weight: 400;\">Tihi na\u010din delovanja z nivojem hrupa \u2264 55 dB.<\/span><\/li>\n<li style=\"font-weight: 400;\" aria-level=\"1\"><span style=\"font-weight: 400;\">Samodejno umerjanje z izravnavo z enim dotikom, odmikom Z in preskusi oblikovanja vnosa.<\/span><\/li>\n<li style=\"font-weight: 400;\" aria-level=\"1\"><span style=\"font-weight: 400;\">Popolnoma avtomatizirano napenjanje jermena XZ.<\/span><\/li>\n<li style=\"font-weight: 400;\" aria-level=\"1\"><span style=\"font-weight: 400;\">Idealno za ustvarjanje tiskalnih farm z ve\u010d tiskalniki.<\/span><\/li>\n<li style=\"font-weight: 400;\" aria-level=\"1\"><span style=\"font-weight: 400;\">Odprtokodni Creality OS, zdru\u017eljiv s Creality Print Slicer in Creality Cloud App za brezhibno integracijo delovnega toka.<\/span><\/li>\n<\/ul>\n","protected":false},"excerpt":{"rendered":"<p><span style=\"font-weight: 400;\">Creality Ender 3 V3 Plus &#8211; zmogljiv, uporabniku prijazen in u\u010dinkovit 3D tiskalnik z volumnom 300x300x330 mm.<\/span><\/p>\n","protected":false},"featured_media":44705,"comment_status":"closed","ping_status":"closed","template":"","meta":{"_acf_changed":false},"product_brand":[],"product_cat":[733,739,736,735,759],"product_tag":[],"brand":[],"class_list":{"0":"post-44714","1":"product","2":"type-product","3":"status-publish","4":"has-post-thumbnail","6":"product_cat-3d-tiskalnik","7":"product_cat-creality","8":"product_cat-fdm-tiskalnik","9":"product_cat-vsi-3d-tiskalniki","10":"product_cat-znizano","12":"first","13":"outofstock","14":"sale","15":"taxable","16":"shipping-taxable","17":"purchasable","18":"product-type-simple"},"acf":[],"_links":{"self":[{"href":"https:\/\/azurefilm.com\/sl\/wp-json\/wp\/v2\/product\/44714","targetHints":{"allow":["GET"]}}],"collection":[{"href":"https:\/\/azurefilm.com\/sl\/wp-json\/wp\/v2\/product"}],"about":[{"href":"https:\/\/azurefilm.com\/sl\/wp-json\/wp\/v2\/types\/product"}],"replies":[{"embeddable":true,"href":"https:\/\/azurefilm.com\/sl\/wp-json\/wp\/v2\/comments?post=44714"}],"wp:featuredmedia":[{"embeddable":true,"href":"https:\/\/azurefilm.com\/sl\/wp-json\/wp\/v2\/media\/44705"}],"wp:attachment":[{"href":"https:\/\/azurefilm.com\/sl\/wp-json\/wp\/v2\/media?parent=44714"}],"wp:term":[{"taxonomy":"product_brand","embeddable":true,"href":"https:\/\/azurefilm.com\/sl\/wp-json\/wp\/v2\/product_brand?post=44714"},{"taxonomy":"product_cat","embeddable":true,"href":"https:\/\/azurefilm.com\/sl\/wp-json\/wp\/v2\/product_cat?post=44714"},{"taxonomy":"product_tag","embeddable":true,"href":"https:\/\/azurefilm.com\/sl\/wp-json\/wp\/v2\/product_tag?post=44714"},{"taxonomy":"brand","embeddable":true,"href":"https:\/\/azurefilm.com\/sl\/wp-json\/wp\/v2\/brand?post=44714"}],"curies":[{"name":"wp","href":"https:\/\/api.w.org\/{rel}","templated":true}]}}