
{"id":44830,"date":"2024-09-20T10:57:53","date_gmt":"2024-09-20T10:57:53","guid":{"rendered":"https:\/\/azurefilm.com\/?post_type=product&#038;p=44830"},"modified":"2026-03-30T13:50:28","modified_gmt":"2026-03-30T13:50:28","slug":"refill-pla-silk-rainbow-candy","status":"publish","type":"product","link":"https:\/\/azurefilm.com\/sl\/izdelek\/refill-pla-silk-rainbow-candy\/","title":{"rendered":"Refill PLA Silk Rainbow Candy"},"content":{"rendered":"<h2><b>Refill PLA Silk Rainbow<\/b><\/h2>\n<p><span style=\"font-weight: 400;\">Refill PLA Silk Rainbow filamenti ponujajo popolnoma enake lastnosti kot na\u0161 PLA Silk Rainbow. Dajejo videz <\/span><b>sijo\u010de, rahlo prosojne, svilnate povr\u0161ine <\/b><span style=\"font-weight: 400;\">ter <\/span><b>lep prehod med razli\u010dnimi barvami<\/b><span style=\"font-weight: 400;\">. Barva prehaja vsakih nekaj metrov filamenta. Poleg tega ta material pomaga <\/span><b>prikrivati prehode med plastmi <\/b><span style=\"font-weight: 400;\">pri tiskanju.<\/span><\/p>\n<p><span style=\"font-weight: 400;\">Refill PLA Silk Rainbow je <\/span><b>enostaven za tiskanje <\/b><span style=\"font-weight: 400;\">in je na voljo v \u0161tevilnih razli\u010dnih barvnih mo\u017enostih. Ti filamenti so <\/span><b>okolju prijazna izbira<\/b><span style=\"font-weight: 400;\">, ki ponuja zanesljivo delovanje in dosledne rezultate. Poleg tega so na\u0161i Refill PLA Silk Rainbow filamenti <\/span><b>odli\u010dni za za\u010detnike<\/b><span style=\"font-weight: 400;\">.<\/span><\/p>\n<h3><strong>Kaj je novega?<\/strong><\/h3>\n<ul>\n<li><span style=\"font-weight: 400;\">Odstranili smo plasti\u010dne vezice ter jih nadomestili z bolj\u0161o alternativo za la\u017eje razpakiranje.<\/span><\/li>\n<li><span style=\"font-weight: 400;\">Konec filamenta je sedaj popolnoma raven. To prepre\u010duje, da bi se konica zagozdila v kolutu in uni\u010dila va\u0161 tisk, ko zmanjka filamenta.<\/span><\/li>\n<li><b>Popolna zdru\u017eljivost z AzureFilm in Bambu Lab koluti.<\/b><\/li>\n<\/ul>\n<h3><strong>Priporo\u010dila za tiskanje:<\/strong><\/h3>\n<ul>\n<li><span style=\"font-weight: 400;\">Za najbolj\u0161e rezultate tiskajte pri temperaturi 220\u2013240 \u00b0C.\u00a0<\/span><\/li>\n<li><span style=\"font-weight: 400;\">Priporo\u010dena temperatura grelne mize je 80 \u00b0C.<\/span><\/li>\n<li><span style=\"font-weight: 400;\">Uporabite stekleno plo\u0161\u010do, PEI folijo, kapton ali modri trak za tiskalno povr\u0161ino s pr\u0161ilom 3Dlac.<\/span><\/li>\n<\/ul>\n<p><i><span style=\"font-weight: 400;\">*Idealna temperatura se lahko razlikuje pri uporabi razli\u010dnih tiskalnikov.<\/span><\/i><\/p>\n<div class=\"is-divider divider clearfix\" style=\"max-width:100%;height:1px;background-color:rgb(17, 107, 168);\"><\/div>\n<p><span style=\"font-weight: 400;\">Na\u0161i Refill PLA Silk filamenti so popolnoma zdru\u017eljivi z <\/span><a href=\"https:\/\/azurefilm.com\/sl\/izdelek\/azurefilm-master-spool-1-gratis\/\" target=\"_blank\" rel=\"noopener\"><b>AzureFilm Master Spool-om<\/b><\/a><b> \u2013 edinim kolutom, ki ga boste potrebovali<\/b><span style=\"font-weight: 400;\">. Z nakupom koluta za ve\u010dkratno uporabo se nam lahko pridru\u017eite pri zmanj\u0161evanju odpadkov in zmanj\u0161anju vpliva na okolje.<\/span><\/p>\n<p><span style=\"font-weight: 400;\">AzureFilm Master Spool je na\u0161 kolut za <\/span><b>ve\u010dkratno uporabo<\/b><span style=\"font-weight: 400;\">, ki omogo\u010da <\/span><b>trajnostno in ugodno re\u0161itev <\/b><span style=\"font-weight: 400;\">za 3D tiskanje. Kolut je komplet <\/span><b>dveh brizganih diskov<\/b><span style=\"font-weight: 400;\">, kar mu zagotavlja visoko vzdr\u017eljivost in natan\u010dnost.<\/span><\/p>\n<p><span style=\"font-weight: 400;\">Z nakupom in ponovno uporabo na\u0161ega Master Spool-a prispevate k \u010distej\u0161emu okolju, medtem ko u\u017eivate v zanesljivem izdelku, ki je preprost za uporabo in zdru\u017eljiv z ve\u010dino 3D tiskalnikov.<\/span><\/p>\n<div style=\"padding: 56.25% 0 0 0; position: relative;\"><iframe style=\"position: absolute; top: 0; left: 0; width: 100%; height: 100%;\" title=\"AzureFilm Master Spool\" src=\"https:\/\/player.vimeo.com\/video\/954356184?badge=0&amp;autopause=0&amp;player_id=0&amp;app_id=58479\" frameborder=\"0\"><\/iframe><\/div>\n<p><script src=\"https:\/\/player.vimeo.com\/api\/player.js\"><\/script><\/p>\n<div class=\"is-divider divider clearfix\" style=\"max-width:100%;height:1px;background-color:rgb(17, 107, 168);\"><\/div>\n<h2><b>Zna\u010dilnosti\u00a0<\/b><\/h2>\n<table>\n<thead>\n<tr>\n<th>Zna\u010dilnost<\/th>\n<th>Vrednost<\/th>\n<\/tr>\n<tr>\n<td><span style=\"font-weight: 400;\">\u00a0Fleksibilnost<\/span><\/td>\n<td><span style=\"font-weight: 400;\">Nizka<\/span><\/td>\n<\/tr>\n<tr>\n<td><span style=\"font-weight: 400;\">\u00a0Mo\u010d<\/span><\/td>\n<td><span style=\"font-weight: 400;\">Srednja<\/span><\/td>\n<\/tr>\n<tr>\n<td><span style=\"font-weight: 400;\">\u00a0Vzdr\u017eljivost<\/span><\/td>\n<td><span style=\"font-weight: 400;\">Srednja<\/span><\/td>\n<\/tr>\n<tr>\n<td><span style=\"font-weight: 400;\">\u00a0Te\u017eavnost uporabe<\/span><\/td>\n<td><span style=\"font-weight: 400;\">Nizka<\/span><\/td>\n<\/tr>\n<tr>\n<td><span style=\"font-weight: 400;\">\u00a0Kr\u010denje \/ uvijanje<\/span><\/td>\n<td><span style=\"font-weight: 400;\">Minimalno<\/span><\/td>\n<\/tr>\n<tr>\n<td><span style=\"font-weight: 400;\">\u00a0Topen<\/span><\/td>\n<td><span style=\"font-weight: 400;\">Ne<\/span><\/td>\n<\/tr>\n<tr>\n<td><span style=\"font-weight: 400;\">\u00a0Premer na voljo<\/span><\/td>\n<td><span style=\"font-weight: 400;\">1,75 mm<\/span><\/td>\n<\/tr>\n<tr>\n<td><span style=\"font-weight: 400;\">\u00a0Proizvajalec<\/span><\/td>\n<td><span style=\"font-weight: 400;\">AzureFilm<\/span><\/td>\n<\/tr>\n<\/thead>\n<\/table>\n<p><span style=\"font-weight: 400;\">\u010ce \u017eelite izvedeti ve\u010d o PLA filamentih, preberite na\u0161 <a href=\"https:\/\/azurefilm.com\/sl\/2023\/07\/04\/pla-filamenti-vse-kar-morate-vedeti\/\" target=\"_blank\" rel=\"noopener\"><strong>blog<\/strong><\/a>.<\/span><\/p>\n<p><span style=\"font-weight: 400;\"><a href=\"https:\/\/azurefilm.com\/sl\/technical-data-sheets\/\" target=\"_blank\" rel=\"noopener\"><strong>Tukaj<\/strong><\/a> lahko dostopate do <\/span><b>tehni\u010dnega lista<\/b><span style=\"font-weight: 400;\">.<\/span><\/p>\n","protected":false},"excerpt":{"rendered":"<p><span style=\"font-weight: 400;\">Kupite Refill PLA Silk Rainbow Candy za sijo\u010do povr\u0161ino in \u010dudovit prehod med razli\u010dnimi barvami<\/span><span style=\"font-weight: 400;\">.<\/span><\/p>\n","protected":false},"featured_media":44889,"comment_status":"closed","ping_status":"closed","template":"","meta":{"_acf_changed":false},"product_brand":[],"product_cat":[1663,659,685,802,697,1659,661],"product_tag":[1524],"brand":[267],"class_list":{"0":"post-44830","1":"product","2":"type-product","3":"status-publish","4":"has-post-thumbnail","6":"product_cat-refill-pla-svila-mavrica-sl","7":"product_cat-3d-filamenti","8":"product_cat-pla-filament-sl","9":"product_cat-pla-svila-mavrica-sl","10":"product_cat-refill-filament-brez-koluta-sl","11":"product_cat-refill-pla-svila-sl","12":"product_cat-vsi-filamenti","13":"product_tag-eko","14":"pa_colour-multicolour","15":"pa_colour-orange","16":"pa_colour-pink","17":"pa_colour-purple","18":"pa_filament-diameter-1-75mm","19":"pa_filament-weight-1000g","20":"brand-azurefilm","22":"first","23":"instock","24":"taxable","25":"shipping-taxable","26":"purchasable","27":"product-type-variable"},"acf":[],"_links":{"self":[{"href":"https:\/\/azurefilm.com\/sl\/wp-json\/wp\/v2\/product\/44830","targetHints":{"allow":["GET"]}}],"collection":[{"href":"https:\/\/azurefilm.com\/sl\/wp-json\/wp\/v2\/product"}],"about":[{"href":"https:\/\/azurefilm.com\/sl\/wp-json\/wp\/v2\/types\/product"}],"replies":[{"embeddable":true,"href":"https:\/\/azurefilm.com\/sl\/wp-json\/wp\/v2\/comments?post=44830"}],"wp:featuredmedia":[{"embeddable":true,"href":"https:\/\/azurefilm.com\/sl\/wp-json\/wp\/v2\/media\/44889"}],"wp:attachment":[{"href":"https:\/\/azurefilm.com\/sl\/wp-json\/wp\/v2\/media?parent=44830"}],"wp:term":[{"taxonomy":"product_brand","embeddable":true,"href":"https:\/\/azurefilm.com\/sl\/wp-json\/wp\/v2\/product_brand?post=44830"},{"taxonomy":"product_cat","embeddable":true,"href":"https:\/\/azurefilm.com\/sl\/wp-json\/wp\/v2\/product_cat?post=44830"},{"taxonomy":"product_tag","embeddable":true,"href":"https:\/\/azurefilm.com\/sl\/wp-json\/wp\/v2\/product_tag?post=44830"},{"taxonomy":"brand","embeddable":true,"href":"https:\/\/azurefilm.com\/sl\/wp-json\/wp\/v2\/brand?post=44830"}],"curies":[{"name":"wp","href":"https:\/\/api.w.org\/{rel}","templated":true}]}}