
{"id":45274,"date":"2024-09-26T10:37:00","date_gmt":"2024-09-26T10:37:00","guid":{"rendered":"https:\/\/azurefilm.com\/?post_type=product&#038;p=45274"},"modified":"2026-01-11T17:31:17","modified_gmt":"2026-01-11T17:31:17","slug":"refill-pctg-black","status":"publish","type":"product","link":"https:\/\/azurefilm.com\/sl\/izdelek\/refill-pctg-black\/","title":{"rendered":"Refill PCTG Black"},"content":{"rendered":"<h2><b>Refill PCTG<\/b><\/h2>\n<p><span style=\"font-weight: 400;\">Refill PCTG filamenti ponujajo enake lastnosti kot na\u0161 PCTG. So <\/span><b>vzdr\u017eljivi, mo\u010dni in brez vonja<\/b><span style=\"font-weight: 400;\">. Refill PCTG je odli\u010den filament, ki zdru\u017euje mo\u010d in prilagodljivost. Ima izjemno nizko stopnjo kr\u010denja in zvijanja. Idealen je za tiskanje velikih izdelkov in mehanskih delov v robotiki.<\/span><\/p>\n<p><span style=\"font-weight: 400;\">PCTG filament je na\u0161a<\/span><b> izbolj\u0161ana razli\u010dica PETG Original filamenta<\/b><span style=\"font-weight: 400;\">, zasnovana za odpornost na vi\u0161je temperature. Posledi\u010dno ta material prenese <\/span><b>5-10\u00b0C vi\u0161je temperature<\/b><span style=\"font-weight: 400;\"> in ima pove\u010dano vzdr\u017eljivost v primerjavi s PETG Original. PCTG je \u0161e vedno zelo <\/span><b>enostaven za uporabo<\/b><span style=\"font-weight: 400;\"> in <\/span><b>primeren za za\u010detnike<\/b><span style=\"font-weight: 400;\">.<\/span><\/p>\n\n\t<section class=\"section pb-0\" id=\"section_347599235\">\n\t\t<div class=\"section-bg fill\" >\n\t\t\t\t\t\t\t\t\t<div class=\"section-bg-overlay absolute fill\"><\/div>\n\t\t\t\n\n\t\t<\/div>\n\n\t\t\n\n\t\t<div class=\"section-content relative\">\n\t\t\t\n<div class=\"row row-large align-middle pb-0\"  id=\"row-1023098461\">\n\n\t<div id=\"col-1022975797\" class=\"col medium-6 small-12 large-6\"  >\n\t\t\t\t<div class=\"col-inner text-left\"  >\n\t\t\t\n\t\t\t\n<h3><strong>Kaj je novega?<\/strong><\/h3>\n<ul>\n<li><span style=\"font-weight: 400;\">Odstranili smo plasti\u010dne vezice ter jih nadomestili z bolj\u0161o alternativo za la\u017eje razpakiranje.<\/span><\/li>\n<li><span style=\"font-weight: 400;\">Konec filamenta je sedaj popolnoma raven. To prepre\u010duje, da bi se konica zagozdila v kolutu in uni\u010dila va\u0161 tisk, ko zmanjka filamenta.<\/span><\/li>\n<li><b>Popolna zdru\u017eljivost z AzureFilm in Bambu Lab koluti.<\/b><\/li>\n<\/ul>\n<h3><strong>Priporo\u010dila za tiskanje<\/strong><\/h3>\n<ul>\n<li style=\"font-weight: 400;\" aria-level=\"1\"><span style=\"font-weight: 400;\">Za najbolj\u0161e rezultate tiskajte pri temperaturi 240\u2013260 \u00b0C*.\u00a0<\/span><\/li>\n<li style=\"font-weight: 400;\" aria-level=\"1\"><span style=\"font-weight: 400;\">Priporo\u010dena temperatura grelne mize je 80 \u00b0C.<\/span><\/li>\n<li style=\"font-weight: 400;\" aria-level=\"1\"><span style=\"font-weight: 400;\">Uporabite stekleno plo\u0161\u010do, PEI folijo, kapton ali modri trak za tiskalno povr\u0161ino s pr\u0161ilom 3Dlac.<\/span><\/li>\n<\/ul>\n<p><i><span style=\"font-weight: 400;\">*Idealna temperatura se lahko razlikuje pri uporabi razli\u010dnih tiskalnikov.<\/span><\/i><\/p>\n\t\t<\/div>\n\t\t\t\t\t<\/div>\n\n\t\n\n\t<div id=\"col-617670587\" class=\"col medium-6 small-12 large-6\"  >\n\t\t\t\t<div class=\"col-inner\"  >\n\t\t\t\n\t\t\t\n<div class=\"video video-fit mb\" style=\"padding-top:56.25%;\"><p><iframe loading=\"lazy\" title=\"Printing with PCTG filaments\" width=\"1020\" height=\"574\" src=\"https:\/\/www.youtube.com\/embed\/SSB2XEpYjoo?feature=oembed\" frameborder=\"0\" allow=\"accelerometer; autoplay; clipboard-write; encrypted-media; gyroscope; picture-in-picture; web-share\" referrerpolicy=\"strict-origin-when-cross-origin\" allowfullscreen><\/iframe><\/p>\n<\/div>\n\t\t<\/div>\n\t\t\t\t\t<\/div>\n\n\t\n<\/div>\n\t\t<\/div>\n\n\t\t\n<style>\n#section_347599235 {\n  padding-top: 30px;\n  padding-bottom: 30px;\n}\n#section_347599235 .section-bg-overlay {\n  background-color: rgba(255, 255, 255, 0.85);\n}\n<\/style>\n\t<\/section>\n\t\n<div class=\"is-divider divider clearfix\" style=\"max-width:100%;height:1px;background-color:rgb(17, 107, 168);\"><\/div>\n<p><span style=\"font-weight: 400;\">Na\u0161i Refill PCTG filamenti so popolnoma zdru\u017eljivi z <\/span><b><a href=\"https:\/\/azurefilm.com\/sl\/izdelek\/azurefilm-master-spool-1-gratis\/\" target=\"_blank\" rel=\"noopener\">AzureFilm Master Spool-om<\/a> \u2013 edinim kolutom, ki ga boste potrebovali<\/b><span style=\"font-weight: 400;\">. Z nakupom koluta za ve\u010dkratno uporabo se nam lahko pridru\u017eite pri zmanj\u0161evanju odpadkov in zmanj\u0161anju vpliva na okolje.<\/span><\/p>\n<p><span style=\"font-weight: 400;\">AzureFilm Master Spool je na\u0161 kolut za <\/span><b>ve\u010dkratno uporabo<\/b><span style=\"font-weight: 400;\">, ki omogo\u010da <\/span><b>trajnostno in ugodno re\u0161itev<\/b><span style=\"font-weight: 400;\"> za 3D tiskanje. Kolut je komplet <\/span><b>dveh brizganih diskov<\/b><span style=\"font-weight: 400;\">, kar mu zagotavlja visoko vzdr\u017eljivost in natan\u010dnost.<\/span><\/p>\n<p><span style=\"font-weight: 400;\">Z nakupom in ponovno uporabo na\u0161ega Master Spool-a prispevate k \u010distej\u0161emu okolju, medtem ko u\u017eivate v zanesljivem izdelku, ki je preprost za uporabo in zdru\u017eljiv z ve\u010dino 3D tiskalnikov.<\/span><\/p>\n<div style=\"padding: 56.25% 0 0 0; position: relative;\"><iframe style=\"position: absolute; top: 0; left: 0; width: 100%; height: 100%;\" title=\"AzureFilm Master Spool\" src=\"https:\/\/player.vimeo.com\/video\/954356184?badge=0&amp;autopause=0&amp;player_id=0&amp;app_id=58479\" frameborder=\"0\"><\/iframe><\/div>\n<p><script src=\"https:\/\/player.vimeo.com\/api\/player.js\"><\/script><\/p>\n<div class=\"is-divider divider clearfix\" style=\"max-width:100%;height:1px;background-color:rgb(17, 107, 168);\"><\/div>\n<h2><strong>Zna\u010dilnosti<\/strong><\/h2>\n<table>\n<thead>\n<tr>\n<th>Zna\u010dilost<\/th>\n<th>Vrednost<\/th>\n<\/tr>\n<tr>\n<td><span style=\"font-weight: 400;\">\u00a0Fleksibilnost<\/span><\/td>\n<td><span style=\"font-weight: 400;\">Srednja<\/span><\/td>\n<\/tr>\n<tr>\n<td><span style=\"font-weight: 400;\">\u00a0Mo\u010d<\/span><\/td>\n<td><span style=\"font-weight: 400;\">Visoka<\/span><\/td>\n<\/tr>\n<tr>\n<td><span style=\"font-weight: 400;\">\u00a0Vzdr\u017eljivost<\/span><\/td>\n<td><span style=\"font-weight: 400;\">Visoka<\/span><\/td>\n<\/tr>\n<tr>\n<td><span style=\"font-weight: 400;\">\u00a0Te\u017eavnost uporabe<\/span><\/td>\n<td><span style=\"font-weight: 400;\">Nizka<\/span><\/td>\n<\/tr>\n<tr>\n<td><span style=\"font-weight: 400;\">\u00a0Kr\u010denje \/ uvijanje<\/span><\/td>\n<td><span style=\"font-weight: 400;\">Minimalno<\/span><\/td>\n<\/tr>\n<tr>\n<td><span style=\"font-weight: 400;\">\u00a0Topen<\/span><\/td>\n<td><span style=\"font-weight: 400;\">Ne<\/span><\/td>\n<\/tr>\n<tr>\n<td><span style=\"font-weight: 400;\">\u00a0Premer na voljo<\/span><\/td>\n<td><span style=\"font-weight: 400;\">1,75 mm<\/span><\/td>\n<\/tr>\n<tr>\n<td><span style=\"font-weight: 400;\">\u00a0Proizvajalec<\/span><\/td>\n<td><span style=\"font-weight: 400;\">AzureFilm<\/span><\/td>\n<\/tr>\n<\/thead>\n<\/table>\n<p><span style=\"font-weight: 400;\">\u010ce \u017eelite izvedeti ve\u010d o PCTG filamentih, preberite na\u0161 <a href=\"https:\/\/azurefilm.com\/sl\/2023\/10\/12\/pctg-filamenti-vse-kar-morate-vedeti\/\" target=\"_blank\" rel=\"noopener\"><strong>blog<\/strong><\/a>.\u00a0<\/span><\/p>\n<p><span style=\"font-weight: 400;\"><a href=\"https:\/\/azurefilm.com\/sl\/technical-data-sheets\/\" target=\"_blank\" rel=\"noopener\"><strong>Tukaj<\/strong><\/a> lahko dostopate do <strong>tehni\u010dnega lista<\/strong>.<\/span><\/p>\n","protected":false},"excerpt":{"rendered":"<p><span style=\"font-weight: 400;\">Nakupujte Refill PCTG Black za vzdr\u017eljive in mo\u010dne 3D tiske brez vonja.<\/span><\/p>\n","protected":false},"featured_media":113089,"comment_status":"closed","ping_status":"closed","template":"","meta":{"_acf_changed":false},"product_brand":[],"product_cat":[1700,659,678,697,661],"product_tag":[1524],"brand":[],"class_list":{"0":"post-45274","1":"product","2":"type-product","3":"status-publish","4":"has-post-thumbnail","6":"product_cat-refill-pctg-sl","7":"product_cat-3d-filamenti","8":"product_cat-pctg-filament-sl","9":"product_cat-refill-filament-brez-koluta-sl","10":"product_cat-vsi-filamenti","11":"product_tag-eko","12":"pa_colour-black","13":"pa_filament-diameter-1-75mm","14":"pa_filament-weight-1000g","16":"first","17":"instock","18":"taxable","19":"shipping-taxable","20":"purchasable","21":"product-type-variable"},"acf":[],"_links":{"self":[{"href":"https:\/\/azurefilm.com\/sl\/wp-json\/wp\/v2\/product\/45274","targetHints":{"allow":["GET"]}}],"collection":[{"href":"https:\/\/azurefilm.com\/sl\/wp-json\/wp\/v2\/product"}],"about":[{"href":"https:\/\/azurefilm.com\/sl\/wp-json\/wp\/v2\/types\/product"}],"replies":[{"embeddable":true,"href":"https:\/\/azurefilm.com\/sl\/wp-json\/wp\/v2\/comments?post=45274"}],"wp:featuredmedia":[{"embeddable":true,"href":"https:\/\/azurefilm.com\/sl\/wp-json\/wp\/v2\/media\/113089"}],"wp:attachment":[{"href":"https:\/\/azurefilm.com\/sl\/wp-json\/wp\/v2\/media?parent=45274"}],"wp:term":[{"taxonomy":"product_brand","embeddable":true,"href":"https:\/\/azurefilm.com\/sl\/wp-json\/wp\/v2\/product_brand?post=45274"},{"taxonomy":"product_cat","embeddable":true,"href":"https:\/\/azurefilm.com\/sl\/wp-json\/wp\/v2\/product_cat?post=45274"},{"taxonomy":"product_tag","embeddable":true,"href":"https:\/\/azurefilm.com\/sl\/wp-json\/wp\/v2\/product_tag?post=45274"},{"taxonomy":"brand","embeddable":true,"href":"https:\/\/azurefilm.com\/sl\/wp-json\/wp\/v2\/brand?post=45274"}],"curies":[{"name":"wp","href":"https:\/\/api.w.org\/{rel}","templated":true}]}}