
{"id":45451,"date":"2024-09-27T10:09:17","date_gmt":"2024-09-27T10:09:17","guid":{"rendered":"https:\/\/azurefilm.com\/?post_type=product&#038;p=45451"},"modified":"2026-03-15T08:40:41","modified_gmt":"2026-03-15T08:40:41","slug":"pla-original-filament-magenta","status":"publish","type":"product","link":"https:\/\/azurefilm.com\/sl\/izdelek\/pla-original-filament-magenta\/","title":{"rendered":"PLA Original filament Magenta"},"content":{"rendered":"<h2><b>PLA Original <\/b><\/h2>\n<p><span style=\"font-weight: 400;\">Predstavljamo PLA Original, na\u0161o<\/span> <span style=\"font-weight: 400;\">linijo filamentov, ki ponuja <\/span><b>zanesljivo delovanje<\/b><span style=\"font-weight: 400;\"> in <\/span><b>\u0161iroko paleto barv<\/b><span style=\"font-weight: 400;\">. Ta kolekcija ima vse tradicionalne zna\u010dilnosti PLA, ki zagotavljajo <\/span><b>dosledne in zanesljive rezultate<\/b><span style=\"font-weight: 400;\">. PLA Original je <\/span><b>enostaven za tiskanje<\/b><span style=\"font-weight: 400;\"> in odli\u010den za za\u010detnike. Ne glede na to, ali delate na dekoracijah, prototipih ali drugih modelih, je PLA Original va\u0161a najbolj\u0161a izbira za uspe\u0161no in zadovoljivo izku\u0161njo tiskanja.<\/span><\/p>\n<p><span style=\"font-weight: 400;\">\u010ce \u017eelite izvedeti ve\u010d o PLA filamentih, preberite na\u0161 <a href=\"https:\/\/azurefilm.com\/sl\/2023\/07\/04\/pla-filamenti\/\" target=\"_blank\" rel=\"noopener\">blog<\/a>. <\/span><\/p>\n<p><span style=\"font-weight: 400;\">Tukaj lahko dostopate do <a href=\"https:\/\/azurefilm.com\/sl\/technical-data-sheets\/\" target=\"_blank\" rel=\"noopener\">tehni\u010dnega lista<\/a>.<\/span><\/p>\n<h3><strong>PLA Original filament Magenta<\/strong><\/h3>\n<p>Bodite igrivi in za\u010dnite ustvarjati energi\u010dne in o\u010darljive 3D tiske z na\u0161im PLA Original filament Magenta.<\/p>\n<h3><strong>Priporo\u010dila za tiskanje:<\/strong><\/h3>\n<ul>\n<li style=\"font-weight: 400;\" aria-level=\"1\"><span style=\"font-weight: 400;\">Za najbolj\u0161e rezultate tiskajte pri temperaturi 200\u2013230 \u00b0C.*<\/span><\/li>\n<li style=\"font-weight: 400;\" aria-level=\"1\"><span style=\"font-weight: 400;\">Ogrevane mize ne potrebujete, vendar priporo\u010damo, da jo segrejete na 50\u201360 \u00b0C.<\/span><\/li>\n<li style=\"font-weight: 400;\" aria-level=\"1\"><span style=\"font-weight: 400;\">Uporabite stekleno plo\u0161\u010do, PEI folijo, kapton ali modri trak za tiskalno povr\u0161ino s pr\u0161ilom 3Dlac.<\/span><\/li>\n<\/ul>\n<p><i><span style=\"font-weight: 400;\">*Idealna temperatura se lahko razlikuje pri uporabi razli\u010dnih tiskalnikov.<\/span><\/i><\/p>\n","protected":false},"excerpt":{"rendered":"<p><span style=\"font-weight: 400;\">Napolnite svoj 3D tiskalnik z neskon\u010dnim potencialom PLA Original filament Magenta.<\/span><\/p>\n<p><span style=\"font-weight: 400;\">Poskusite v kombinaciji z drugimi <\/span><b>PLA CMYK barvami, kot nala\u0161\u010d za litofane<\/b><span style=\"font-weight: 400;\">. Kupite paket <a href=\"https:\/\/azurefilm.com\/sl\/izdelek\/pla-cmyk-lithophane-4-pack\/\" target=\"_blank\" rel=\"noopener\"><strong>tukaj<\/strong><\/a>.<\/span><\/p>\n","protected":false},"featured_media":114257,"comment_status":"closed","ping_status":"closed","template":"","meta":{"_acf_changed":false},"product_brand":[],"product_cat":[689,659,1704,685,661],"product_tag":[],"brand":[],"class_list":{"0":"post-45451","1":"product","2":"type-product","3":"status-publish","4":"has-post-thumbnail","6":"product_cat-pla-original-sl","7":"product_cat-3d-filamenti","8":"product_cat-pla-cmyk-sl","9":"product_cat-pla-filament-sl","10":"product_cat-vsi-filamenti","11":"pa_colour-pink","12":"pa_filament-diameter-1-75mm","13":"pa_filament-weight-1000g","15":"first","16":"instock","17":"taxable","18":"shipping-taxable","19":"purchasable","20":"product-type-variable","21":"has-default-attributes"},"acf":[],"_links":{"self":[{"href":"https:\/\/azurefilm.com\/sl\/wp-json\/wp\/v2\/product\/45451","targetHints":{"allow":["GET"]}}],"collection":[{"href":"https:\/\/azurefilm.com\/sl\/wp-json\/wp\/v2\/product"}],"about":[{"href":"https:\/\/azurefilm.com\/sl\/wp-json\/wp\/v2\/types\/product"}],"replies":[{"embeddable":true,"href":"https:\/\/azurefilm.com\/sl\/wp-json\/wp\/v2\/comments?post=45451"}],"wp:featuredmedia":[{"embeddable":true,"href":"https:\/\/azurefilm.com\/sl\/wp-json\/wp\/v2\/media\/114257"}],"wp:attachment":[{"href":"https:\/\/azurefilm.com\/sl\/wp-json\/wp\/v2\/media?parent=45451"}],"wp:term":[{"taxonomy":"product_brand","embeddable":true,"href":"https:\/\/azurefilm.com\/sl\/wp-json\/wp\/v2\/product_brand?post=45451"},{"taxonomy":"product_cat","embeddable":true,"href":"https:\/\/azurefilm.com\/sl\/wp-json\/wp\/v2\/product_cat?post=45451"},{"taxonomy":"product_tag","embeddable":true,"href":"https:\/\/azurefilm.com\/sl\/wp-json\/wp\/v2\/product_tag?post=45451"},{"taxonomy":"brand","embeddable":true,"href":"https:\/\/azurefilm.com\/sl\/wp-json\/wp\/v2\/brand?post=45451"}],"curies":[{"name":"wp","href":"https:\/\/api.w.org\/{rel}","templated":true}]}}