
{"id":46011,"date":"2024-10-02T07:52:52","date_gmt":"2024-10-02T07:52:52","guid":{"rendered":"https:\/\/azurefilm.com\/?post_type=product&#038;p=46011"},"modified":"2026-02-05T16:43:31","modified_gmt":"2026-02-05T16:43:31","slug":"refill-pla-cmyk-lithophane-4-pack","status":"publish","type":"product","link":"https:\/\/azurefilm.com\/sl\/izdelek\/refill-pla-cmyk-lithophane-4-pack\/","title":{"rendered":"Refill PLA CMYK Lithophane 4-pack"},"content":{"rendered":"<h2><b>Kaj so PLA CMYK filamenti?<\/b><\/h2>\n<p><span style=\"font-weight: 400;\">PLA CMYK filamenti so specializirani filamenti za 3D tiskanje, zasnovani tako, da predstavljajo \u0161tiri osnovne barve, ki se uporabljajo v tradicionalnem tiskanju: <\/span><b>Cyan (C)<\/b><span style=\"font-weight: 400;\">, <\/span><b>Magenta (M)<\/b><span style=\"font-weight: 400;\">, <\/span><b>Yellow (Y) <\/b><span style=\"font-weight: 400;\">in <\/span><b>Key color (K).<\/b><span style=\"font-weight: 400;\"> &#8220;Klju\u010dna&#8221; barva se uporablja za globino, podrobnosti in sence &#8211; <\/span><b>bela <\/b><span style=\"font-weight: 400;\">je najpogostej\u0161a izbira, saj omogo\u010da bolj\u0161i prenos svetlobe pri projektih, ko se jih osvetli. Ti filamenti se obi\u010dajno uporabljajo na podoben na\u010din, kot deluje tiskanje CMYK pri dvodimenzionalnem tiskanju s \u010drnilom, kar omogo\u010da ustvarjanje barvitih in \u017eivahnih 3D tiskov.<\/span><\/p>\n<p><img loading=\"lazy\" decoding=\"async\" class=\"aligncenter wp-image-45945 size-full\" src=\"https:\/\/azurefilm.com\/wp-content\/uploads\/2024\/10\/Combined-CMYK-Photos-1.jpg\" alt=\"\" width=\"2400\" height=\"1200\" title=\"\" srcset=\"https:\/\/azurefilm.com\/wp-content\/uploads\/2024\/10\/Combined-CMYK-Photos-1.jpg 2400w, https:\/\/azurefilm.com\/wp-content\/uploads\/2024\/10\/Combined-CMYK-Photos-1-510x255.jpg 510w, https:\/\/azurefilm.com\/wp-content\/uploads\/2024\/10\/Combined-CMYK-Photos-1-300x150.jpg 300w, https:\/\/azurefilm.com\/wp-content\/uploads\/2024\/10\/Combined-CMYK-Photos-1-1024x512.jpg 1024w, https:\/\/azurefilm.com\/wp-content\/uploads\/2024\/10\/Combined-CMYK-Photos-1-768x384.jpg 768w, https:\/\/azurefilm.com\/wp-content\/uploads\/2024\/10\/Combined-CMYK-Photos-1-1536x768.jpg 1536w, https:\/\/azurefilm.com\/wp-content\/uploads\/2024\/10\/Combined-CMYK-Photos-1-2048x1024.jpg 2048w\" sizes=\"auto, (max-width: 2400px) 100vw, 2400px\" \/><\/p>\n<h2><b>Kaj so litofani?<\/b><\/h2>\n<p><span style=\"font-weight: 400;\">Litofani so <\/span><b>3D natisnjene slike <\/b><span style=\"font-weight: 400;\">, ki pri osvetlitvi od zadaj razkrivajo izjemne podrobnosti. Subtilna sprememba debeline filamenta omogo\u010da, <\/span><b>da svetloba prehaja druga\u010de<\/b><span style=\"font-weight: 400;\">, kar ustvari sliko v sivinah ali celo barvno, \u010de je natisnjena s pravimi filamenti.<\/span><\/p>\n\n\t<section class=\"section\" id=\"section_272027430\">\n\t\t<div class=\"section-bg fill\" >\n\t\t\t\t\t\t\t\t\t<div class=\"section-bg-overlay absolute fill\"><\/div>\n\t\t\t\n\n\t\t<\/div>\n\n\t\t\n\n\t\t<div class=\"section-content relative\">\n\t\t\t\n<h3><b>PLA CMYK filamenti so odli\u010dni za litofane, ker:<\/b><\/h3>\n<div class=\"row row-large align-middle\"  id=\"row-741699328\">\n\n\t<div id=\"col-767073883\" class=\"col medium-8 small-12 large-8\"  >\n\t\t\t\t<div class=\"col-inner text-left\"  >\n\t\t\t\n\t\t\t\n<p><b>Nadzor barv<\/b><\/p>\n<p><span style=\"font-weight: 400;\">S tiskanjem v razli\u010dnih kombinacijah filamentov CMYK lahko dose\u017eete natan\u010dno sen\u010denje in tonske u\u010dinke, ki dajejo litofanom bogatej\u0161i in bolj dinami\u010den videz, ko so osvetljeni.<\/span><\/p>\n\t\t<\/div>\n\t\t\t\t\t<\/div>\n\n\t\n\n\t<div id=\"col-567322831\" class=\"col medium-4 small-12 large-4\"  >\n\t\t\t\t<div class=\"col-inner\"  >\n\t\t\t\n\t\t\t\n\t<div class=\"img has-hover x md-x lg-x y md-y lg-y\" id=\"image_596026495\">\n\t\t\t\t\t\t\t\t<div class=\"img-inner dark\" >\n\t\t\t<img loading=\"lazy\" decoding=\"async\" width=\"1020\" height=\"611\" src=\"https:\/\/azurefilm.com\/wp-content\/uploads\/2024\/10\/color-1024x613.jpg\" class=\"attachment-large size-large\" alt=\"\" srcset=\"https:\/\/azurefilm.com\/wp-content\/uploads\/2024\/10\/color-1024x613.jpg 1024w, https:\/\/azurefilm.com\/wp-content\/uploads\/2024\/10\/color-510x305.jpg 510w, https:\/\/azurefilm.com\/wp-content\/uploads\/2024\/10\/color-300x180.jpg 300w, https:\/\/azurefilm.com\/wp-content\/uploads\/2024\/10\/color-768x460.jpg 768w, https:\/\/azurefilm.com\/wp-content\/uploads\/2024\/10\/color-1536x919.jpg 1536w, https:\/\/azurefilm.com\/wp-content\/uploads\/2024\/10\/color.jpg 2005w\" sizes=\"auto, (max-width: 1020px) 100vw, 1020px\" title=\"\">\t\t\t\t\t\t\n\t\t\t\t\t<\/div>\n\t\t\t\t\t\t\t\t\n<style>\n#image_596026495 {\n  width: 100%;\n}\n<\/style>\n\t<\/div>\n\t\n\t\t<\/div>\n\t\t\t\t\t<\/div>\n\n\t\n<\/div>\n\t\t<\/div>\n\n\t\t\n<style>\n#section_272027430 {\n  padding-top: 30px;\n  padding-bottom: 30px;\n  background-color: rgb(193, 193, 193);\n}\n#section_272027430 .section-bg-overlay {\n  background-color: rgba(255, 255, 255, 0.85);\n}\n<\/style>\n\t<\/section>\n\t\n\n\t<section class=\"section\" id=\"section_1790565925\">\n\t\t<div class=\"section-bg fill\" >\n\t\t\t\t\t\t\t\t\t<div class=\"section-bg-overlay absolute fill\"><\/div>\n\t\t\t\n\n\t\t<\/div>\n\n\t\t\n\n\t\t<div class=\"section-content relative\">\n\t\t\t\n<div class=\"row row-large align-middle\"  id=\"row-1479806832\">\n\n\t<div id=\"col-870707266\" class=\"col medium-8 small-12 large-8\"  >\n\t\t\t\t<div class=\"col-inner text-left\"  >\n\t\t\t\n\t\t\t\n<h4><b>Prosojnost<\/b><\/h4>\n<p><span style=\"font-weight: 400;\">PLA, zlasti v tanj\u0161ih plasteh, je lahko nekoliko prosojen, kar je bistvenega pomena za litofane, saj se pri razkrivanju podrobnosti zana\u0161ajo na prehajajo\u010do svetlobo.<\/span><\/p>\n\t\t<\/div>\n\t\t\t\t\t<\/div>\n\n\t\n\n\t<div id=\"col-2032653910\" class=\"col medium-4 small-12 large-4\"  >\n\t\t\t\t<div class=\"col-inner\"  >\n\t\t\t\n\t\t\t\n\t<div class=\"img has-hover x md-x lg-x y md-y lg-y\" id=\"image_228685393\">\n\t\t\t\t\t\t\t\t<div class=\"img-inner dark\" >\n\t\t\t<img loading=\"lazy\" decoding=\"async\" width=\"1020\" height=\"611\" src=\"https:\/\/azurefilm.com\/wp-content\/uploads\/2024\/10\/translucent-1-1024x613.jpg\" class=\"attachment-large size-large\" alt=\"\" srcset=\"https:\/\/azurefilm.com\/wp-content\/uploads\/2024\/10\/translucent-1-1024x613.jpg 1024w, https:\/\/azurefilm.com\/wp-content\/uploads\/2024\/10\/translucent-1-510x305.jpg 510w, https:\/\/azurefilm.com\/wp-content\/uploads\/2024\/10\/translucent-1-300x180.jpg 300w, https:\/\/azurefilm.com\/wp-content\/uploads\/2024\/10\/translucent-1-768x460.jpg 768w, https:\/\/azurefilm.com\/wp-content\/uploads\/2024\/10\/translucent-1-1536x919.jpg 1536w, https:\/\/azurefilm.com\/wp-content\/uploads\/2024\/10\/translucent-1.jpg 2005w\" sizes=\"auto, (max-width: 1020px) 100vw, 1020px\" title=\"\">\t\t\t\t\t\t\n\t\t\t\t\t<\/div>\n\t\t\t\t\t\t\t\t\n<style>\n#image_228685393 {\n  width: 100%;\n}\n<\/style>\n\t<\/div>\n\t\n\t\t<\/div>\n\t\t\t\t\t<\/div>\n\n\t\n<\/div>\n\t\t<\/div>\n\n\t\t\n<style>\n#section_1790565925 {\n  padding-top: 30px;\n  padding-bottom: 30px;\n  background-color: rgb(193, 193, 193);\n}\n#section_1790565925 .section-bg-overlay {\n  background-color: rgba(255, 255, 255, 0.85);\n}\n<\/style>\n\t<\/section>\n\t\n\n\t<section class=\"section\" id=\"section_628597877\">\n\t\t<div class=\"section-bg fill\" >\n\t\t\t\t\t\t\t\t\t<div class=\"section-bg-overlay absolute fill\"><\/div>\n\t\t\t\n\n\t\t<\/div>\n\n\t\t\n\n\t\t<div class=\"section-content relative\">\n\t\t\t\n<div class=\"row row-large align-middle\"  id=\"row-487095001\">\n\n\t<div id=\"col-1439979510\" class=\"col medium-8 small-12 large-8\"  >\n\t\t\t\t<div class=\"col-inner text-left\"  >\n\t\t\t\n\t\t\t\n<h4><b>Gladka kon\u010dna obdelava <\/b><\/h4>\n<p><span style=\"font-weight: 400;\">PLA filamenti ponavadi proizvajajo \u010diste, gladke tiske, kar je klju\u010dnega pomena za litofane, saj so za njihovo jasnost pomembni drobni detajli.<\/span><\/p>\n\t\t<\/div>\n\t\t\t\t\t<\/div>\n\n\t\n\n\t<div id=\"col-76143505\" class=\"col medium-4 small-12 large-4\"  >\n\t\t\t\t<div class=\"col-inner\"  >\n\t\t\t\n\t\t\t\n\t<div class=\"img has-hover x md-x lg-x y md-y lg-y\" id=\"image_967427636\">\n\t\t\t\t\t\t\t\t<div class=\"img-inner dark\" >\n\t\t\t<img loading=\"lazy\" decoding=\"async\" width=\"1020\" height=\"611\" src=\"https:\/\/azurefilm.com\/wp-content\/uploads\/2024\/10\/smooth-finish-1-1024x613.jpg\" class=\"attachment-large size-large\" alt=\"\" srcset=\"https:\/\/azurefilm.com\/wp-content\/uploads\/2024\/10\/smooth-finish-1-1024x613.jpg 1024w, https:\/\/azurefilm.com\/wp-content\/uploads\/2024\/10\/smooth-finish-1-510x305.jpg 510w, https:\/\/azurefilm.com\/wp-content\/uploads\/2024\/10\/smooth-finish-1-300x180.jpg 300w, https:\/\/azurefilm.com\/wp-content\/uploads\/2024\/10\/smooth-finish-1-768x460.jpg 768w, https:\/\/azurefilm.com\/wp-content\/uploads\/2024\/10\/smooth-finish-1-1536x919.jpg 1536w, https:\/\/azurefilm.com\/wp-content\/uploads\/2024\/10\/smooth-finish-1.jpg 2005w\" sizes=\"auto, (max-width: 1020px) 100vw, 1020px\" title=\"\">\t\t\t\t\t\t\n\t\t\t\t\t<\/div>\n\t\t\t\t\t\t\t\t\n<style>\n#image_967427636 {\n  width: 100%;\n}\n<\/style>\n\t<\/div>\n\t\n\t\t<\/div>\n\t\t\t\t\t<\/div>\n\n\t\n<\/div>\n\t\t<\/div>\n\n\t\t\n<style>\n#section_628597877 {\n  padding-top: 30px;\n  padding-bottom: 30px;\n  background-color: rgb(193, 193, 193);\n}\n#section_628597877 .section-bg-overlay {\n  background-color: rgba(255, 255, 255, 0.85);\n}\n<\/style>\n\t<\/section>\n\t\n\t<div id=\"gap-1065079665\" class=\"gap-element clearfix\" style=\"display:block; height:auto;\">\n\t\t\n<style>\n#gap-1065079665 {\n  padding-top: 30px;\n}\n<\/style>\n\t<\/div>\n\t\n<p><span style=\"font-weight: 400;\">Skratka, PLA CMYK filamenti omogo\u010dajo litofanom izbolj\u0161ane podrobnosti in potencialno enakomerno barvo pri osvetlitvi, zaradi \u010desar so odli\u010dna izbira za to aplikacijo.<\/span><\/p>\n<h2><b>Na\u0161 Refill PLA CMYK Lithophane 4-pack<\/b><\/h2>\n<p><span style=\"font-weight: 400;\">V na\u0161em Refill PLA CMYK Lithophane 4-pack dobite 1 kg Refill filamenta PLA Original Cyan, 1 kg Refill filamenta PLA Original Magenta, 1 kg Refill filamenta PLA Original Yellow in 1 kg Refill filamenta PLA Lumos Litho White. Nakupujte skupaj in prihranite.<\/span><\/p>\n","protected":false},"excerpt":{"rendered":"<p><span style=\"font-weight: 400;\">Nakupujte Refill PLA CYMK Lithophane 4-pack: 1 kg Refill PLA Original filament <\/span><b>Cyan<\/b><span style=\"font-weight: 400;\">, 1 kg Refill PLA Original filament <\/span><b>Magenta<\/b><span style=\"font-weight: 400;\">, 1 kg Refill PLA Original filament <\/span><b>Yellow <\/b><span style=\"font-weight: 400;\">in 1 kg Refill PLA Lumos filament <\/span><b>Litho White <\/b><span style=\"font-weight: 400;\">. Popolna kombinacija za vsak litofan!<\/span><\/p>\n","protected":false},"featured_media":46047,"comment_status":"closed","ping_status":"closed","template":"","meta":{"_acf_changed":false},"product_brand":[],"product_cat":[659,663,1704,685,687,689,697,805,661],"product_tag":[],"brand":[],"class_list":{"0":"post-46011","1":"product","2":"type-product","3":"status-publish","4":"has-post-thumbnail","6":"product_cat-3d-filamenti","7":"product_cat-paketi","8":"product_cat-pla-cmyk-sl","9":"product_cat-pla-filament-sl","10":"product_cat-pla-svetleci-sl","11":"product_cat-pla-original-sl","12":"product_cat-refill-filament-brez-koluta-sl","13":"product_cat-refill-pla-original-sl","14":"product_cat-vsi-filamenti","15":"pa_colour-blue","16":"pa_colour-pink","17":"pa_colour-white","18":"pa_colour-yellow","19":"pa_filament-diameter-1-75mm","20":"pa_filament-weight-1000g","22":"first","23":"outofstock","24":"taxable","25":"shipping-taxable","26":"purchasable","27":"product-type-simple"},"acf":[],"_links":{"self":[{"href":"https:\/\/azurefilm.com\/sl\/wp-json\/wp\/v2\/product\/46011","targetHints":{"allow":["GET"]}}],"collection":[{"href":"https:\/\/azurefilm.com\/sl\/wp-json\/wp\/v2\/product"}],"about":[{"href":"https:\/\/azurefilm.com\/sl\/wp-json\/wp\/v2\/types\/product"}],"replies":[{"embeddable":true,"href":"https:\/\/azurefilm.com\/sl\/wp-json\/wp\/v2\/comments?post=46011"}],"wp:featuredmedia":[{"embeddable":true,"href":"https:\/\/azurefilm.com\/sl\/wp-json\/wp\/v2\/media\/46047"}],"wp:attachment":[{"href":"https:\/\/azurefilm.com\/sl\/wp-json\/wp\/v2\/media?parent=46011"}],"wp:term":[{"taxonomy":"product_brand","embeddable":true,"href":"https:\/\/azurefilm.com\/sl\/wp-json\/wp\/v2\/product_brand?post=46011"},{"taxonomy":"product_cat","embeddable":true,"href":"https:\/\/azurefilm.com\/sl\/wp-json\/wp\/v2\/product_cat?post=46011"},{"taxonomy":"product_tag","embeddable":true,"href":"https:\/\/azurefilm.com\/sl\/wp-json\/wp\/v2\/product_tag?post=46011"},{"taxonomy":"brand","embeddable":true,"href":"https:\/\/azurefilm.com\/sl\/wp-json\/wp\/v2\/brand?post=46011"}],"curies":[{"name":"wp","href":"https:\/\/api.w.org\/{rel}","templated":true}]}}