
{"id":47252,"date":"2024-10-14T11:37:11","date_gmt":"2024-10-14T11:37:11","guid":{"rendered":"https:\/\/azurefilm.com\/?post_type=product&#038;p=47252"},"modified":"2024-11-05T15:50:18","modified_gmt":"2024-11-05T15:50:18","slug":"enota-ekstruderja-iz-kaljenega-jekla-za-x1c","status":"publish","type":"product","link":"https:\/\/azurefilm.com\/sl\/izdelek\/enota-ekstruderja-iz-kaljenega-jekla-za-x1c\/","title":{"rendered":"Enota ekstruderja iz kaljenega jekla za X1C"},"content":{"rendered":"<p><span style=\"font-weight: 400;\">Enota ekstruderja iz kaljenega jekla za X1C je zasnovana z dvojnimi zobniki iz kaljenega jekla, ki nudijo izbolj\u0161ano silo iztiskanja, zmanj\u0161ano drsenje in izbolj\u0161ano odpornost proti obrabi. Te funkcije omogo\u010dajo ekstrudorski enoti rokovanje z zahtevnimi in\u017eenirskimi filamenti, vklju\u010dno s filamenti iz ogljikovih vlaken in najlona.<\/span><\/p>\n<p><span style=\"font-weight: 400;\">Poleg tega je enota opremljena s senzorjem za zaznavanje pretrganja filamenta, ki pomaga prepre\u010diti napake pri tiskanju in pove\u010da splo\u0161no u\u010dinkovitost tiskanja.<\/span><\/p>\n<h2><strong>Specifikacije izdelka<\/strong><\/h2>\n<ul>\n<li style=\"font-weight: 400;\" aria-level=\"1\"><span style=\"font-weight: 400;\">Razmerje redukcije: 9 : 53<\/span><\/li>\n<li style=\"font-weight: 400;\" aria-level=\"1\"><span style=\"font-weight: 400;\">Materiali: plastika, kovina<\/span><\/li>\n<li style=\"font-weight: 400;\" aria-level=\"1\"><span style=\"font-weight: 400;\">Podprt premer filamenta: 1,75 mm<\/span><\/li>\n<li style=\"font-weight: 400;\" aria-level=\"1\"><span style=\"font-weight: 400;\">Velikost pakiranja: 60x60x30 mm<\/span><\/li>\n<li style=\"font-weight: 400;\" aria-level=\"1\"><span style=\"font-weight: 400;\">Podprti filamenti PET-CF, PAHT-CF, PA6-CF, PLA-CF, PETG-CF, PLA, PETG, ABS, ASA, PC, TPU<\/span><\/li>\n<li style=\"font-weight: 400;\" aria-level=\"1\"><span style=\"font-weight: 400;\">Te\u017ea paketa: 50 g<\/span><\/li>\n<\/ul>\n<p>&nbsp;<\/p>\n","protected":false},"excerpt":{"rendered":"<p><span style=\"font-weight: 400;\">Enota ekstruderja iz kaljenega jekla za X1C \u2013 zasnovana za pove\u010dano silo iztiskanja, zmanj\u0161ano drsenje in izbolj\u0161ano odpornost proti obrabi.<\/span><\/p>\n","protected":false},"featured_media":47350,"comment_status":"closed","ping_status":"closed","template":"","meta":{"_acf_changed":false},"product_brand":[],"product_cat":[760,774,773,761],"product_tag":[],"brand":[],"class_list":{"0":"post-47252","1":"product","2":"type-product","3":"status-publish","4":"has-post-thumbnail","6":"product_cat-rezervni-deli","7":"product_cat-ekstruder-sl","8":"product_cat-ekstruderji","9":"product_cat-vsi-rezervni-deli","10":"pa_compatible-with-bambulab-fdm-3d-printers","11":"pa_fits-printer-bambu-lab-x1-series-only","12":"pa_fits-printer-bambu-lab-x1-carbon","14":"first","15":"outofstock","16":"taxable","17":"shipping-taxable","18":"purchasable","19":"product-type-simple"},"acf":[],"_links":{"self":[{"href":"https:\/\/azurefilm.com\/sl\/wp-json\/wp\/v2\/product\/47252","targetHints":{"allow":["GET"]}}],"collection":[{"href":"https:\/\/azurefilm.com\/sl\/wp-json\/wp\/v2\/product"}],"about":[{"href":"https:\/\/azurefilm.com\/sl\/wp-json\/wp\/v2\/types\/product"}],"replies":[{"embeddable":true,"href":"https:\/\/azurefilm.com\/sl\/wp-json\/wp\/v2\/comments?post=47252"}],"wp:featuredmedia":[{"embeddable":true,"href":"https:\/\/azurefilm.com\/sl\/wp-json\/wp\/v2\/media\/47350"}],"wp:attachment":[{"href":"https:\/\/azurefilm.com\/sl\/wp-json\/wp\/v2\/media?parent=47252"}],"wp:term":[{"taxonomy":"product_brand","embeddable":true,"href":"https:\/\/azurefilm.com\/sl\/wp-json\/wp\/v2\/product_brand?post=47252"},{"taxonomy":"product_cat","embeddable":true,"href":"https:\/\/azurefilm.com\/sl\/wp-json\/wp\/v2\/product_cat?post=47252"},{"taxonomy":"product_tag","embeddable":true,"href":"https:\/\/azurefilm.com\/sl\/wp-json\/wp\/v2\/product_tag?post=47252"},{"taxonomy":"brand","embeddable":true,"href":"https:\/\/azurefilm.com\/sl\/wp-json\/wp\/v2\/brand?post=47252"}],"curies":[{"name":"wp","href":"https:\/\/api.w.org\/{rel}","templated":true}]}}