
{"id":47274,"date":"2024-10-14T11:35:27","date_gmt":"2024-10-14T11:35:27","guid":{"rendered":"https:\/\/azurefilm.com\/?post_type=product&#038;p=47274"},"modified":"2026-03-17T20:39:24","modified_gmt":"2026-03-17T20:39:24","slug":"creality-part-cooling-ventilator-za-ender-3-v3-se","status":"publish","type":"product","link":"https:\/\/azurefilm.com\/sl\/izdelek\/creality-part-cooling-ventilator-za-ender-3-v3-se\/","title":{"rendered":"Creality Part Cooling ventilator za Ender 3 V3 SE"},"content":{"rendered":"<p><span style=\"font-weight: 400;\">Creality Part Cooling ventilator za Ender 3 V3 SE izbolj\u0161a kakovost 3D tiskov s hitrim in enakomernim hlajenjem natisnjenega materiala, izbolj\u0161anjem oprijema plasti in zmanj\u0161anjem upogibanja za bolj gladke in natan\u010dne rezultate.<\/span><\/p>\n","protected":false},"excerpt":{"rendered":"<p><span style=\"font-weight: 400;\">Creality Part Cooling ventilator za Ender 3 V3 SE je zasnovan za hitro in enakomerno hlajenje tiskovin.<\/span><\/p>\n","protected":false},"featured_media":47404,"comment_status":"closed","ping_status":"closed","template":"","meta":{"_acf_changed":false},"product_brand":[],"product_cat":[760,776,761,759],"product_tag":[],"brand":[],"class_list":{"0":"post-47274","1":"product","2":"type-product","3":"status-publish","4":"has-post-thumbnail","6":"product_cat-rezervni-deli","7":"product_cat-ventilatorji","8":"product_cat-vsi-rezervni-deli","9":"product_cat-znizano","10":"pa_compatible-with-creality-fdm-3d-printers","11":"pa_fits-printer-creality-ender-3-v3-se","13":"first","14":"instock","15":"sale","16":"taxable","17":"shipping-taxable","18":"purchasable","19":"product-type-simple"},"acf":[],"_links":{"self":[{"href":"https:\/\/azurefilm.com\/sl\/wp-json\/wp\/v2\/product\/47274","targetHints":{"allow":["GET"]}}],"collection":[{"href":"https:\/\/azurefilm.com\/sl\/wp-json\/wp\/v2\/product"}],"about":[{"href":"https:\/\/azurefilm.com\/sl\/wp-json\/wp\/v2\/types\/product"}],"replies":[{"embeddable":true,"href":"https:\/\/azurefilm.com\/sl\/wp-json\/wp\/v2\/comments?post=47274"}],"wp:featuredmedia":[{"embeddable":true,"href":"https:\/\/azurefilm.com\/sl\/wp-json\/wp\/v2\/media\/47404"}],"wp:attachment":[{"href":"https:\/\/azurefilm.com\/sl\/wp-json\/wp\/v2\/media?parent=47274"}],"wp:term":[{"taxonomy":"product_brand","embeddable":true,"href":"https:\/\/azurefilm.com\/sl\/wp-json\/wp\/v2\/product_brand?post=47274"},{"taxonomy":"product_cat","embeddable":true,"href":"https:\/\/azurefilm.com\/sl\/wp-json\/wp\/v2\/product_cat?post=47274"},{"taxonomy":"product_tag","embeddable":true,"href":"https:\/\/azurefilm.com\/sl\/wp-json\/wp\/v2\/product_tag?post=47274"},{"taxonomy":"brand","embeddable":true,"href":"https:\/\/azurefilm.com\/sl\/wp-json\/wp\/v2\/brand?post=47274"}],"curies":[{"name":"wp","href":"https:\/\/api.w.org\/{rel}","templated":true}]}}