
{"id":47303,"date":"2024-10-14T11:34:01","date_gmt":"2024-10-14T11:34:01","guid":{"rendered":"https:\/\/azurefilm.com\/?post_type=product&#038;p=47303"},"modified":"2026-01-27T16:02:44","modified_gmt":"2026-01-27T16:02:44","slug":"creality-ekstruder-za-k1-k1c-k1-max-ender-3-v3-ender-3-v3-plus","status":"publish","type":"product","link":"https:\/\/azurefilm.com\/sl\/izdelek\/creality-ekstruder-za-k1-k1c-k1-max-ender-3-v3-ender-3-v3-plus\/","title":{"rendered":"Creality ekstruder za K1\/K1C\/K1 Max\/Ender 3 V3\/Ender 3 V3 Plus"},"content":{"rendered":"<p><span style=\"font-weight: 400;\">Ta Creality ekstruder je zasnovan za brezhibno zdru\u017eljivost s 3D tiskalniki Creality K1, K1C, K1 Max, Ender 3 V3 in Ender 3 V3 Plus. Ponuja zanesljivo podajanje filamentov z izbolj\u0161ano natan\u010dnostjo, ki zagotavlja bolj gladke odtise in manj zama\u0161itev. Popoln za visoko zmogljivo in natan\u010dno tiskanje na razli\u010dne vrste filamentov.<\/span><\/p>\n","protected":false},"excerpt":{"rendered":"<p><span style=\"font-weight: 400;\">Creality ekstruder, zasnovan za brezhibno zdru\u017eljivost s 3D tiskalniki Creality K1, K1C, K1 Max, Ender 3 V3 in Ender 3 V3 Plus.<\/span><\/p>\n","protected":false},"featured_media":47496,"comment_status":"closed","ping_status":"closed","template":"","meta":{"_acf_changed":false},"product_brand":[],"product_cat":[760,774,773,761,759],"product_tag":[],"brand":[],"class_list":{"0":"post-47303","1":"product","2":"type-product","3":"status-publish","4":"has-post-thumbnail","6":"product_cat-rezervni-deli","7":"product_cat-ekstruder-sl","8":"product_cat-ekstruderji","9":"product_cat-vsi-rezervni-deli","10":"product_cat-znizano","11":"pa_compatible-with-creality-fdm-3d-printers","12":"pa_fits-printer-creality-k1","13":"pa_fits-printer-creality-k1-max","14":"pa_fits-printer-creality-k1c","16":"first","17":"outofstock","18":"sale","19":"taxable","20":"shipping-taxable","21":"purchasable","22":"product-type-simple"},"acf":[],"_links":{"self":[{"href":"https:\/\/azurefilm.com\/sl\/wp-json\/wp\/v2\/product\/47303","targetHints":{"allow":["GET"]}}],"collection":[{"href":"https:\/\/azurefilm.com\/sl\/wp-json\/wp\/v2\/product"}],"about":[{"href":"https:\/\/azurefilm.com\/sl\/wp-json\/wp\/v2\/types\/product"}],"replies":[{"embeddable":true,"href":"https:\/\/azurefilm.com\/sl\/wp-json\/wp\/v2\/comments?post=47303"}],"wp:featuredmedia":[{"embeddable":true,"href":"https:\/\/azurefilm.com\/sl\/wp-json\/wp\/v2\/media\/47496"}],"wp:attachment":[{"href":"https:\/\/azurefilm.com\/sl\/wp-json\/wp\/v2\/media?parent=47303"}],"wp:term":[{"taxonomy":"product_brand","embeddable":true,"href":"https:\/\/azurefilm.com\/sl\/wp-json\/wp\/v2\/product_brand?post=47303"},{"taxonomy":"product_cat","embeddable":true,"href":"https:\/\/azurefilm.com\/sl\/wp-json\/wp\/v2\/product_cat?post=47303"},{"taxonomy":"product_tag","embeddable":true,"href":"https:\/\/azurefilm.com\/sl\/wp-json\/wp\/v2\/product_tag?post=47303"},{"taxonomy":"brand","embeddable":true,"href":"https:\/\/azurefilm.com\/sl\/wp-json\/wp\/v2\/brand?post=47303"}],"curies":[{"name":"wp","href":"https:\/\/api.w.org\/{rel}","templated":true}]}}