
{"id":47307,"date":"2024-10-14T11:33:42","date_gmt":"2024-10-14T11:33:42","guid":{"rendered":"https:\/\/azurefilm.com\/?post_type=product&#038;p=47307"},"modified":"2025-12-29T17:55:10","modified_gmt":"2025-12-29T17:55:10","slug":"creality-ventilator-za-hotend-k1-k1c-k1-max","status":"publish","type":"product","link":"https:\/\/azurefilm.com\/sl\/izdelek\/creality-ventilator-za-hotend-k1-k1c-k1-max\/","title":{"rendered":"Creality ventilator za hotend za K1\/K1C\/K1 Max"},"content":{"rendered":"<p><span style=\"font-weight: 400;\">Creality ventilator za hotend za K1\/K1C\/K1 Max je zasnovan za u\u010dinkovito hlajenje vro\u010dega dela va\u0161ega 3D-tiskalnika, kar zagotavlja stabilne temperature in prepre\u010duje pregrevanje med tiskanjem. Idealno za ohranjanje optimalne zmogljivosti in kakovosti tiskanja.<\/span><\/p>\n","protected":false},"excerpt":{"rendered":"<p><span style=\"font-weight: 400;\">Creality ventilator za hotend za K1\/K1C\/K1 Max je zasnovan za u\u010dinkovito hlajenje hotenda, zagotavlja stabilne temperature in prepre\u010duje pregrevanje.<\/span><\/p>\n","protected":false},"featured_media":47502,"comment_status":"closed","ping_status":"closed","template":"","meta":{"_acf_changed":false},"product_brand":[],"product_cat":[760,776,761,759],"product_tag":[],"brand":[],"class_list":{"0":"post-47307","1":"product","2":"type-product","3":"status-publish","4":"has-post-thumbnail","6":"product_cat-rezervni-deli","7":"product_cat-ventilatorji","8":"product_cat-vsi-rezervni-deli","9":"product_cat-znizano","10":"pa_compatible-with-creality-fdm-3d-printers","11":"pa_fits-printer-creality-k1","12":"pa_fits-printer-creality-k1-max","13":"pa_fits-printer-creality-k1c","15":"first","16":"instock","17":"sale","18":"taxable","19":"shipping-taxable","20":"purchasable","21":"product-type-simple"},"acf":[],"_links":{"self":[{"href":"https:\/\/azurefilm.com\/sl\/wp-json\/wp\/v2\/product\/47307","targetHints":{"allow":["GET"]}}],"collection":[{"href":"https:\/\/azurefilm.com\/sl\/wp-json\/wp\/v2\/product"}],"about":[{"href":"https:\/\/azurefilm.com\/sl\/wp-json\/wp\/v2\/types\/product"}],"replies":[{"embeddable":true,"href":"https:\/\/azurefilm.com\/sl\/wp-json\/wp\/v2\/comments?post=47307"}],"wp:featuredmedia":[{"embeddable":true,"href":"https:\/\/azurefilm.com\/sl\/wp-json\/wp\/v2\/media\/47502"}],"wp:attachment":[{"href":"https:\/\/azurefilm.com\/sl\/wp-json\/wp\/v2\/media?parent=47307"}],"wp:term":[{"taxonomy":"product_brand","embeddable":true,"href":"https:\/\/azurefilm.com\/sl\/wp-json\/wp\/v2\/product_brand?post=47307"},{"taxonomy":"product_cat","embeddable":true,"href":"https:\/\/azurefilm.com\/sl\/wp-json\/wp\/v2\/product_cat?post=47307"},{"taxonomy":"product_tag","embeddable":true,"href":"https:\/\/azurefilm.com\/sl\/wp-json\/wp\/v2\/product_tag?post=47307"},{"taxonomy":"brand","embeddable":true,"href":"https:\/\/azurefilm.com\/sl\/wp-json\/wp\/v2\/brand?post=47307"}],"curies":[{"name":"wp","href":"https:\/\/api.w.org\/{rel}","templated":true}]}}