
{"id":47312,"date":"2024-10-14T11:33:21","date_gmt":"2024-10-14T11:33:21","guid":{"rendered":"https:\/\/azurefilm.com\/?post_type=product&#038;p=47312"},"modified":"2025-12-22T16:43:47","modified_gmt":"2025-12-22T16:43:47","slug":"creality-part-cooling-ventilator-za-k1-k1c-k1-max","status":"publish","type":"product","link":"https:\/\/azurefilm.com\/sl\/izdelek\/creality-part-cooling-ventilator-za-k1-k1c-k1-max\/","title":{"rendered":"Creality Part Cooling ventilator za K1\/K1C\/K1 Max"},"content":{"rendered":"<p><span style=\"font-weight: 400;\">Creality Part Cooling ventilator za K1\/K1C\/K1 Max\u00a0 izbolj\u0161uje kakovost 3D tiskov s hitrim in enakomernim hlajenjem natisnjenega materiala, izbolj\u0161anjem oprijema plasti in zmanj\u0161anjem upogibanja za bolj gladke in natan\u010dne rezultate.<\/span><\/p>\n","protected":false},"excerpt":{"rendered":"<p><span style=\"font-weight: 400;\">Creality Part Cooling ventilator za K1\/K1C\/K1 Max je zasnovan za hitro in enakomerno hlajenje natisnjenega materiala.<\/span><\/p>\n","protected":false},"featured_media":47508,"comment_status":"closed","ping_status":"closed","template":"","meta":{"_acf_changed":false},"product_brand":[],"product_cat":[760,776,761,759],"product_tag":[],"brand":[],"class_list":{"0":"post-47312","1":"product","2":"type-product","3":"status-publish","4":"has-post-thumbnail","6":"product_cat-rezervni-deli","7":"product_cat-ventilatorji","8":"product_cat-vsi-rezervni-deli","9":"product_cat-znizano","10":"pa_compatible-with-creality-fdm-3d-printers","11":"pa_fits-printer-creality-k1","12":"pa_fits-printer-creality-k1-max","13":"pa_fits-printer-creality-k1c","15":"first","16":"instock","17":"sale","18":"taxable","19":"shipping-taxable","20":"purchasable","21":"product-type-simple"},"acf":[],"_links":{"self":[{"href":"https:\/\/azurefilm.com\/sl\/wp-json\/wp\/v2\/product\/47312","targetHints":{"allow":["GET"]}}],"collection":[{"href":"https:\/\/azurefilm.com\/sl\/wp-json\/wp\/v2\/product"}],"about":[{"href":"https:\/\/azurefilm.com\/sl\/wp-json\/wp\/v2\/types\/product"}],"replies":[{"embeddable":true,"href":"https:\/\/azurefilm.com\/sl\/wp-json\/wp\/v2\/comments?post=47312"}],"wp:featuredmedia":[{"embeddable":true,"href":"https:\/\/azurefilm.com\/sl\/wp-json\/wp\/v2\/media\/47508"}],"wp:attachment":[{"href":"https:\/\/azurefilm.com\/sl\/wp-json\/wp\/v2\/media?parent=47312"}],"wp:term":[{"taxonomy":"product_brand","embeddable":true,"href":"https:\/\/azurefilm.com\/sl\/wp-json\/wp\/v2\/product_brand?post=47312"},{"taxonomy":"product_cat","embeddable":true,"href":"https:\/\/azurefilm.com\/sl\/wp-json\/wp\/v2\/product_cat?post=47312"},{"taxonomy":"product_tag","embeddable":true,"href":"https:\/\/azurefilm.com\/sl\/wp-json\/wp\/v2\/product_tag?post=47312"},{"taxonomy":"brand","embeddable":true,"href":"https:\/\/azurefilm.com\/sl\/wp-json\/wp\/v2\/brand?post=47312"}],"curies":[{"name":"wp","href":"https:\/\/api.w.org\/{rel}","templated":true}]}}