
{"id":47339,"date":"2024-10-14T11:31:18","date_gmt":"2024-10-14T11:31:18","guid":{"rendered":"https:\/\/azurefilm.com\/?post_type=product&#038;p=47339"},"modified":"2024-10-14T11:31:19","modified_gmt":"2024-10-14T11:31:19","slug":"napajalnik-za-neptune-4-pro","status":"publish","type":"product","link":"https:\/\/azurefilm.com\/sl\/izdelek\/napajalnik-za-neptune-4-pro\/","title":{"rendered":"Napajalnik za Neptune 4 Pro"},"content":{"rendered":"<p><span style=\"font-weight: 400;\">Napajalnik za Neptune 4 Pro zagotavlja zanesljivo in dosledno napajanje va\u0161ega 3D tiskalnika, s \u010dimer zagotavlja stabilno delovanje in u\u010dinkovito delovanje za visokokakovostno, neprekinjeno tiskanje.<\/span><\/p>\n","protected":false},"excerpt":{"rendered":"<p><span style=\"font-weight: 400;\">Napajalnik za Neptune 4 Pro za zanesljivo in dosledno napajanje va\u0161ega 3D tiskalnika, ki zagotavlja stabilno delovanje.<\/span><\/p>\n","protected":false},"featured_media":47581,"comment_status":"closed","ping_status":"closed","template":"","meta":{"_acf_changed":false},"product_brand":[],"product_cat":[760,811,761,759],"product_tag":[],"brand":[],"class_list":{"0":"post-47339","1":"product","2":"type-product","3":"status-publish","4":"has-post-thumbnail","6":"product_cat-rezervni-deli","7":"product_cat-elektronika","8":"product_cat-vsi-rezervni-deli","9":"product_cat-znizano","10":"pa_compatible-with-elegoo-fdm-printers","11":"pa_fits-printer-neptune-4-pro","13":"first","14":"instock","15":"sale","16":"taxable","17":"shipping-taxable","18":"purchasable","19":"product-type-simple"},"acf":[],"_links":{"self":[{"href":"https:\/\/azurefilm.com\/sl\/wp-json\/wp\/v2\/product\/47339","targetHints":{"allow":["GET"]}}],"collection":[{"href":"https:\/\/azurefilm.com\/sl\/wp-json\/wp\/v2\/product"}],"about":[{"href":"https:\/\/azurefilm.com\/sl\/wp-json\/wp\/v2\/types\/product"}],"replies":[{"embeddable":true,"href":"https:\/\/azurefilm.com\/sl\/wp-json\/wp\/v2\/comments?post=47339"}],"wp:featuredmedia":[{"embeddable":true,"href":"https:\/\/azurefilm.com\/sl\/wp-json\/wp\/v2\/media\/47581"}],"wp:attachment":[{"href":"https:\/\/azurefilm.com\/sl\/wp-json\/wp\/v2\/media?parent=47339"}],"wp:term":[{"taxonomy":"product_brand","embeddable":true,"href":"https:\/\/azurefilm.com\/sl\/wp-json\/wp\/v2\/product_brand?post=47339"},{"taxonomy":"product_cat","embeddable":true,"href":"https:\/\/azurefilm.com\/sl\/wp-json\/wp\/v2\/product_cat?post=47339"},{"taxonomy":"product_tag","embeddable":true,"href":"https:\/\/azurefilm.com\/sl\/wp-json\/wp\/v2\/product_tag?post=47339"},{"taxonomy":"brand","embeddable":true,"href":"https:\/\/azurefilm.com\/sl\/wp-json\/wp\/v2\/brand?post=47339"}],"curies":[{"name":"wp","href":"https:\/\/api.w.org\/{rel}","templated":true}]}}