
{"id":48514,"date":"2024-10-23T07:09:24","date_gmt":"2024-10-23T07:09:24","guid":{"rendered":"https:\/\/azurefilm.com\/?post_type=product&#038;p=48514"},"modified":"2026-01-20T10:11:13","modified_gmt":"2026-01-20T10:11:13","slug":"refill-lumberlay-cork","status":"publish","type":"product","link":"https:\/\/azurefilm.com\/sl\/izdelek\/refill-lumberlay-cork\/","title":{"rendered":"Refill LumberLay Cork"},"content":{"rendered":"<h2><b>Refill LumberLay<\/b><\/h2>\n<p><span style=\"font-weight: 400;\">Spoznajte na\u0161e Refill LumberLay filamente \u2013 to je edinstven material, ki daje va\u0161im tiskom <\/span><b>videz in ob\u010dutek pravega lesa<\/b><span style=\"font-weight: 400;\">.<\/span><\/p>\n<p><span style=\"font-weight: 400;\">Refill LumberLay filamenti so bili zasnovani za uporabo z <\/span><b>Master Spoolom<\/b><span style=\"font-weight: 400;\">, kar zmanj\u0161uje koli\u010dino dopadkov ter pripomore k izbolj\u0161anju trajnostnih praks v 3D tiskanju. Poleg tega zdru\u017eujejo <\/span><b>40 % recikliranega lesa <\/b><span style=\"font-weight: 400;\">in 60 % PLA filamenta. Zaradi te me\u0161anice bodo imeli va\u0161i tiski <\/span><b>videz naravnega lesa<\/b><span style=\"font-weight: 400;\">, fizikalne lastnosti izdelka pa bodo izjemno podobne naravnemu lesu.<\/span><\/p>\n<p><span style=\"font-weight: 400;\">Na\u0161i Refill filamenti se lahko uporabljajo tudi z Bambu Lab Reusable Spool-om.<\/span><\/p>\n<p><b>Prosimo upo\u0161tevajte: <\/b><span style=\"font-weight: 400;\">filamente LumberLay je treba pred uporabo posu\u0161iti (8 ur pri 55 \u00b0C) in niso zdru\u017eljivi z 0,2 mm \u0161obo.<\/span><\/p>\n<p><img loading=\"lazy\" decoding=\"async\" class=\"aligncenter wp-image-48268 size-full\" src=\"https:\/\/azurefilm.com\/wp-content\/uploads\/2024\/10\/LumberLay_BLOG_cover.jpg\" alt=\"\" width=\"2560\" height=\"960\" title=\"\" srcset=\"https:\/\/azurefilm.com\/wp-content\/uploads\/2024\/10\/LumberLay_BLOG_cover.jpg 2560w, https:\/\/azurefilm.com\/wp-content\/uploads\/2024\/10\/LumberLay_BLOG_cover-510x191.jpg 510w, https:\/\/azurefilm.com\/wp-content\/uploads\/2024\/10\/LumberLay_BLOG_cover-300x113.jpg 300w, https:\/\/azurefilm.com\/wp-content\/uploads\/2024\/10\/LumberLay_BLOG_cover-1024x384.jpg 1024w, https:\/\/azurefilm.com\/wp-content\/uploads\/2024\/10\/LumberLay_BLOG_cover-768x288.jpg 768w, https:\/\/azurefilm.com\/wp-content\/uploads\/2024\/10\/LumberLay_BLOG_cover-1536x576.jpg 1536w, https:\/\/azurefilm.com\/wp-content\/uploads\/2024\/10\/LumberLay_BLOG_cover-2048x768.jpg 2048w\" sizes=\"auto, (max-width: 2560px) 100vw, 2560px\" \/><\/p>\n\n\t<section class=\"section\" id=\"section_1837020309\">\n\t\t<div class=\"section-bg fill\" >\n\t\t\t\t\t\t\t\t\t<div class=\"section-bg-overlay absolute fill\"><\/div>\n\t\t\t\n\n\t\t<\/div>\n\n\t\t\n\n\t\t<div class=\"section-content relative\">\n\t\t\t\n<div class=\"row row-large align-middle pb-0\"  id=\"row-1683258380\">\n\n\t<div id=\"col-1001561293\" class=\"col medium-8 small-12 large-8\"  >\n\t\t\t\t<div class=\"col-inner text-left\"  >\n\t\t\t\n\t\t\t\n<h3><b>Priporo\u010dila za tiskanje:<\/b><\/h3>\n<ul>\n<li><strong>Filament mora biti pred uporabo posu\u0161en (8 ur pri 55\u00b0C).<\/strong><\/li>\n<li><strong>LumberLay filamenti niso zdru\u017eljivi z 0,2 mm \u0161obo.<\/strong><\/li>\n<li><span style=\"font-weight: 400;\">Za najbolj\u0161e rezultate tiskajte pri 200\u2013230 \u00b0C.<\/span><\/li>\n<li><span style=\"font-weight: 400;\">Priporo\u010dena temperatura grelne mize je 60\u00b0C.<\/span><\/li>\n<li><span style=\"font-weight: 400;\">Uporabite stekleno plo\u0161\u010do, PEI folijo, kapton ali modri trak za tiskalno povr\u0161ino s pr\u0161ilom 3Dlac.<\/span><\/li>\n<\/ul>\n<p><i><span style=\"font-weight: 400;\">*Idealna temperatura se lahko razlikuje pri uporabi razli\u010dnih tiskalnikov.<\/span><\/i><\/p>\n\t\t<\/div>\n\t\t\t\t\t<\/div>\n\n\t\n\n\t<div id=\"col-1660041022\" class=\"col medium-4 small-12 large-4\"  >\n\t\t\t\t<div class=\"col-inner\"  >\n\t\t\t\n\t\t\t\n\t<div class=\"img has-hover x md-x lg-x y md-y lg-y\" id=\"image_1369457774\">\n\t\t\t\t\t\t\t\t<div class=\"img-inner dark\" style=\"margin:20px 0px 0px 0px;\">\n\t\t\t<img loading=\"lazy\" decoding=\"async\" width=\"1020\" height=\"1020\" src=\"https:\/\/azurefilm.com\/wp-content\/uploads\/2024\/10\/P1388941-1024x1024.jpg\" class=\"attachment-large size-large\" alt=\"\" srcset=\"https:\/\/azurefilm.com\/wp-content\/uploads\/2024\/10\/P1388941-1024x1024.jpg 1024w, https:\/\/azurefilm.com\/wp-content\/uploads\/2024\/10\/P1388941-scaled-274x274.jpg 274w, https:\/\/azurefilm.com\/wp-content\/uploads\/2024\/10\/P1388941-scaled-100x100.jpg 100w, https:\/\/azurefilm.com\/wp-content\/uploads\/2024\/10\/P1388941-scaled-510x510.jpg 510w, https:\/\/azurefilm.com\/wp-content\/uploads\/2024\/10\/P1388941-300x300.jpg 300w, https:\/\/azurefilm.com\/wp-content\/uploads\/2024\/10\/P1388941-150x150.jpg 150w, https:\/\/azurefilm.com\/wp-content\/uploads\/2024\/10\/P1388941-768x768.jpg 768w, https:\/\/azurefilm.com\/wp-content\/uploads\/2024\/10\/P1388941-1536x1536.jpg 1536w, https:\/\/azurefilm.com\/wp-content\/uploads\/2024\/10\/P1388941-2048x2048.jpg 2048w\" sizes=\"auto, (max-width: 1020px) 100vw, 1020px\" title=\"\">\t\t\t\t\t\t\n\t\t\t\t\t<\/div>\n\t\t\t\t\t\t\t\t\n<style>\n#image_1369457774 {\n  width: 100%;\n}\n<\/style>\n\t<\/div>\n\t\n\t\t<\/div>\n\t\t\t\t\t<\/div>\n\n\t\n<\/div>\n\t\t<\/div>\n\n\t\t\n<style>\n#section_1837020309 {\n  padding-top: 30px;\n  padding-bottom: 30px;\n  background-color: rgb(242, 215, 182);\n}\n#section_1837020309 .section-bg-overlay {\n  background-color: rgba(255, 255, 255, 0.85);\n}\n<\/style>\n\t<\/section>\n\t\n\n\t<section class=\"section\" id=\"section_1425468421\">\n\t\t<div class=\"section-bg fill\" >\n\t\t\t\t\t\t\t\t\t<div class=\"section-bg-overlay absolute fill\"><\/div>\n\t\t\t\n\n\t\t<\/div>\n\n\t\t\n\n\t\t<div class=\"section-content relative\">\n\t\t\t\n<div class=\"row row-large align-middle pb-0\"  id=\"row-714944675\">\n\n\t<div id=\"col-544200831\" class=\"col medium-8 small-12 large-8\"  >\n\t\t\t\t<div class=\"col-inner text-left\"  >\n\t\t\t\n\t\t\t\n<h3><b>Zakaj izbrati AzureFilm Refill filamente?<\/b><\/h3>\n<ul>\n<li style=\"font-weight: 400;\" aria-level=\"1\"><span style=\"font-weight: 400;\">Odstranili smo plasti\u010dne vezice ter jih nadomestili z bolj\u0161o alternativo za la\u017eje odpakiranje.<\/span><\/li>\n<li style=\"font-weight: 400;\" aria-level=\"1\"><span style=\"font-weight: 400;\">Konec filamenta je sedaj popolnoma raven. To prepre\u010duje, da bi se konica zagozdila v kolutu in uni\u010dila va\u0161 tisk, ko zmanjka filamenta.<\/span><\/li>\n<li style=\"font-weight: 400;\" aria-level=\"1\"><b>Popolna zdru\u017eljivost z AzureFilm in Bambu Lab koluti.<\/b><\/li>\n<\/ul>\n<h3><\/h3>\n\t\t<\/div>\n\t\t\t\t\t<\/div>\n\n\t\n\n\t<div id=\"col-423109841\" class=\"col medium-4 small-12 large-4\"  >\n\t\t\t\t<div class=\"col-inner\"  >\n\t\t\t\n\t\t\t\n\t<div class=\"img has-hover x md-x lg-x y md-y lg-y\" id=\"image_605022003\">\n\t\t\t\t\t\t\t\t<div class=\"img-inner dark\" >\n\t\t\t<img loading=\"lazy\" decoding=\"async\" width=\"1020\" height=\"1020\" src=\"https:\/\/azurefilm.com\/wp-content\/uploads\/2024\/10\/P1388736-1-1024x1024.jpg\" class=\"attachment-large size-large\" alt=\"\" srcset=\"https:\/\/azurefilm.com\/wp-content\/uploads\/2024\/10\/P1388736-1-1024x1024.jpg 1024w, https:\/\/azurefilm.com\/wp-content\/uploads\/2024\/10\/P1388736-1-scaled-274x274.jpg 274w, https:\/\/azurefilm.com\/wp-content\/uploads\/2024\/10\/P1388736-1-scaled-100x100.jpg 100w, https:\/\/azurefilm.com\/wp-content\/uploads\/2024\/10\/P1388736-1-scaled-510x510.jpg 510w, https:\/\/azurefilm.com\/wp-content\/uploads\/2024\/10\/P1388736-1-300x300.jpg 300w, https:\/\/azurefilm.com\/wp-content\/uploads\/2024\/10\/P1388736-1-150x150.jpg 150w, https:\/\/azurefilm.com\/wp-content\/uploads\/2024\/10\/P1388736-1-768x768.jpg 768w, https:\/\/azurefilm.com\/wp-content\/uploads\/2024\/10\/P1388736-1-1536x1536.jpg 1536w, https:\/\/azurefilm.com\/wp-content\/uploads\/2024\/10\/P1388736-1-2048x2048.jpg 2048w\" sizes=\"auto, (max-width: 1020px) 100vw, 1020px\" title=\"\">\t\t\t\t\t\t\n\t\t\t\t\t<\/div>\n\t\t\t\t\t\t\t\t\n<style>\n#image_605022003 {\n  width: 100%;\n}\n<\/style>\n\t<\/div>\n\t\n\t\t<\/div>\n\t\t\t\t\t<\/div>\n\n\t\n<\/div>\n\t\t<\/div>\n\n\t\t\n<style>\n#section_1425468421 {\n  padding-top: 30px;\n  padding-bottom: 30px;\n  background-color: rgb(242, 215, 182);\n}\n#section_1425468421 .section-bg-overlay {\n  background-color: rgba(255, 255, 255, 0.85);\n}\n<\/style>\n\t<\/section>\n\t\n<div class=\"is-divider divider clearfix\" style=\"max-width:100%;height:1px;background-color:rgb(17, 107, 168);\"><\/div>\n<p><span style=\"font-weight: 400;\">Na\u0161i Refill LumberLay filamenti so popolnoma zdru\u017eljivi z <\/span><a href=\"https:\/\/azurefilm.com\/sl\/izdelek\/azurefilm-master-spool-1-gratis\/\" target=\"_blank\" rel=\"noopener\"><b>AzureFilm Master Spool-om<\/b><\/a><b> \u2013 edinim kolutom, ki ga boste potrebovali<\/b><span style=\"font-weight: 400;\">. Z nakupom koluta za ve\u010dkratno uporabo se nam lahko pridru\u017eite pri zmanj\u0161evanju odpadkov in zmanj\u0161anju vpliva na okolje.<\/span><\/p>\n<p><span style=\"font-weight: 400;\">AzureFilm Master Spool je na\u0161 kolut za ve\u010dkratno uporabo, ki omogo\u010da <\/span><b>trajnostno in ugodno re\u0161itev<\/b><span style=\"font-weight: 400;\"> za 3D tiskanje. Kolut je <\/span><b>komplet dveh brizganih diskov<\/b><span style=\"font-weight: 400;\">, kar mu zagotavlja visoko vzdr\u017eljivost in natan\u010dnost.<\/span><\/p>\n<p><span style=\"font-weight: 400;\">Z nakupom in ponovno uporabo na\u0161ega Master Spool-a prispevate k \u010distej\u0161emu okolju, medtem ko u\u017eivate v zanesljivem izdelku, ki je preprost za uporabo in zdru\u017eljiv z ve\u010dino 3D tiskalnikov.<\/span><\/p>\n<p><span style=\"font-weight: 400;\">Na\u0161i Refill filamenti se lahko uporabljajo tudi Bambu Lab Reusable Spool-om.<\/span><\/p>\n<div style=\"padding: 56.25% 0 0 0; position: relative;\"><iframe style=\"position: absolute; top: 0; left: 0; width: 100%; height: 100%;\" title=\"AzureFilm Master Spool\" src=\"https:\/\/player.vimeo.com\/video\/954356184?badge=0&amp;autopause=0&amp;player_id=0&amp;app_id=58479\" frameborder=\"0\"><\/iframe><\/div>\n<p><script src=\"https:\/\/player.vimeo.com\/api\/player.js\"><\/script><\/p>\n<div class=\"is-divider divider clearfix\" style=\"max-width:100%;height:1px;background-color:rgb(17, 107, 168);\"><\/div>\n<h2><strong>Zna\u010dilnosti<\/strong><\/h2>\n<table>\n<thead>\n<tr>\n<th><b>Zna\u010dilost<\/b><\/th>\n<th><b>Vrednost<\/b><\/th>\n<\/tr>\n<tr>\n<td><span style=\"font-weight: 400;\">\u00a0Fleksibilnost<\/span><\/td>\n<td><span style=\"font-weight: 400;\">Nizka<\/span><\/td>\n<\/tr>\n<tr>\n<td><span style=\"font-weight: 400;\">\u00a0Mo\u010d<\/span><\/td>\n<td><span style=\"font-weight: 400;\">Srednja<\/span><\/td>\n<\/tr>\n<tr>\n<td><span style=\"font-weight: 400;\">\u00a0Vzdr\u017eljivost<\/span><\/td>\n<td><span style=\"font-weight: 400;\">Srednja<\/span><\/td>\n<\/tr>\n<tr>\n<td><span style=\"font-weight: 400;\">\u00a0Te\u017eavnost uporabe<\/span><\/td>\n<td><span style=\"font-weight: 400;\">Nizka<\/span><\/td>\n<\/tr>\n<tr>\n<td><span style=\"font-weight: 400;\">\u00a0Kr\u010denje \/ uvijanje<\/span><\/td>\n<td><span style=\"font-weight: 400;\">Minimalno<\/span><\/td>\n<\/tr>\n<tr>\n<td><span style=\"font-weight: 400;\">\u00a0Topen<\/span><\/td>\n<td><span style=\"font-weight: 400;\">Ne<\/span><\/td>\n<\/tr>\n<tr>\n<td><span style=\"font-weight: 400;\">\u00a0Premer na voljo<\/span><\/td>\n<td><span style=\"font-weight: 400;\">1,75 mm<\/span><\/td>\n<\/tr>\n<tr>\n<td><span style=\"font-weight: 400;\">\u00a0Proizvajalec<\/span><\/td>\n<td><span style=\"font-weight: 400;\">AzureFilm<\/span><\/td>\n<\/tr>\n<\/thead>\n<\/table>\n<p><span style=\"font-weight: 400;\">\u010ce \u017eelite izvedeti ve\u010d o Lumberlay filamentih, preberite na\u0161 <a href=\"https:\/\/azurefilm.com\/sl\/2024\/10\/24\/spoznajte-lumberlay-kolekcijo\/\" target=\"_blank\" rel=\"noopener\"><strong>blog<\/strong><\/a>.<\/span><\/p>\n<p><span style=\"font-weight: 400;\"><a href=\"https:\/\/azurefilm.com\/sl\/technical-data-sheets\/\" target=\"_blank\" rel=\"noopener\"><strong>Tukaj<\/strong> <\/a>lahko dostopate do <\/span><b>tehni\u010dnega lista.<\/b><\/p>\n\n  \n    <div class=\"row large-columns-4 medium-columns-3 small-columns-2\" >\n  <div class=\"gallery-col col\" >\n          <div class=\"col-inner\">\n            <a class=\"image-lightbox lightbox-gallery\" href=\"https:\/\/azurefilm.com\/wp-content\/uploads\/3-9-1024x1024.jpg\" title=\"\">            <div class=\"box has-hover gallery-box box-overlay dark\">\n              <div class=\"box-image\" >\n                <img loading=\"lazy\" decoding=\"async\" width=\"300\" height=\"300\" src=\"https:\/\/azurefilm.com\/wp-content\/uploads\/3-9-300x300.jpg\" class=\"attachment-medium size-medium\" alt=\"\" ids=\"73769,73787,73793,73799,73763,73781,73775,73726\" srcset=\"https:\/\/azurefilm.com\/wp-content\/uploads\/3-9-300x300.jpg 300w, https:\/\/azurefilm.com\/wp-content\/uploads\/3-9-274x274.jpg 274w, https:\/\/azurefilm.com\/wp-content\/uploads\/3-9-100x100.jpg 100w, https:\/\/azurefilm.com\/wp-content\/uploads\/3-9-510x510.jpg 510w, https:\/\/azurefilm.com\/wp-content\/uploads\/3-9-1024x1024.jpg 1024w, https:\/\/azurefilm.com\/wp-content\/uploads\/3-9-150x150.jpg 150w, https:\/\/azurefilm.com\/wp-content\/uploads\/3-9-768x768.jpg 768w, https:\/\/azurefilm.com\/wp-content\/uploads\/3-9.jpg 1200w\" sizes=\"auto, (max-width: 300px) 100vw, 300px\" title=\"\">                                  <div class=\"overlay fill\"\n                      style=\"background-color: rgba(0,0,0,.15)\">\n                  <\/div>\n                                                              <\/div>\n              <div class=\"box-text text-left\" >\n                 <p><\/p>\n              <\/div>\n            <\/div>\n            <\/a>          <\/div>\n         <\/div><div class=\"gallery-col col\" >\n          <div class=\"col-inner\">\n            <a class=\"image-lightbox lightbox-gallery\" href=\"https:\/\/azurefilm.com\/wp-content\/uploads\/6-8-1024x1024.jpg\" title=\"\">            <div class=\"box has-hover gallery-box box-overlay dark\">\n              <div class=\"box-image\" >\n                <img loading=\"lazy\" decoding=\"async\" width=\"300\" height=\"300\" src=\"https:\/\/azurefilm.com\/wp-content\/uploads\/6-8-300x300.jpg\" class=\"attachment-medium size-medium\" alt=\"\" ids=\"73769,73787,73793,73799,73763,73781,73775,73726\" srcset=\"https:\/\/azurefilm.com\/wp-content\/uploads\/6-8-300x300.jpg 300w, https:\/\/azurefilm.com\/wp-content\/uploads\/6-8-274x274.jpg 274w, https:\/\/azurefilm.com\/wp-content\/uploads\/6-8-100x100.jpg 100w, https:\/\/azurefilm.com\/wp-content\/uploads\/6-8-510x510.jpg 510w, https:\/\/azurefilm.com\/wp-content\/uploads\/6-8-1024x1024.jpg 1024w, https:\/\/azurefilm.com\/wp-content\/uploads\/6-8-150x150.jpg 150w, https:\/\/azurefilm.com\/wp-content\/uploads\/6-8-768x768.jpg 768w, https:\/\/azurefilm.com\/wp-content\/uploads\/6-8.jpg 1200w\" sizes=\"auto, (max-width: 300px) 100vw, 300px\" title=\"\">                                  <div class=\"overlay fill\"\n                      style=\"background-color: rgba(0,0,0,.15)\">\n                  <\/div>\n                                                              <\/div>\n              <div class=\"box-text text-left\" >\n                 <p><\/p>\n              <\/div>\n            <\/div>\n            <\/a>          <\/div>\n         <\/div><div class=\"gallery-col col\" >\n          <div class=\"col-inner\">\n            <a class=\"image-lightbox lightbox-gallery\" href=\"https:\/\/azurefilm.com\/wp-content\/uploads\/9-8-1024x1024.jpg\" title=\"\">            <div class=\"box has-hover gallery-box box-overlay dark\">\n              <div class=\"box-image\" >\n                <img loading=\"lazy\" decoding=\"async\" width=\"300\" height=\"300\" src=\"https:\/\/azurefilm.com\/wp-content\/uploads\/9-8-300x300.jpg\" class=\"attachment-medium size-medium\" alt=\"\" ids=\"73769,73787,73793,73799,73763,73781,73775,73726\" srcset=\"https:\/\/azurefilm.com\/wp-content\/uploads\/9-8-300x300.jpg 300w, https:\/\/azurefilm.com\/wp-content\/uploads\/9-8-274x274.jpg 274w, https:\/\/azurefilm.com\/wp-content\/uploads\/9-8-100x100.jpg 100w, https:\/\/azurefilm.com\/wp-content\/uploads\/9-8-510x510.jpg 510w, https:\/\/azurefilm.com\/wp-content\/uploads\/9-8-1024x1024.jpg 1024w, https:\/\/azurefilm.com\/wp-content\/uploads\/9-8-150x150.jpg 150w, https:\/\/azurefilm.com\/wp-content\/uploads\/9-8-768x768.jpg 768w, https:\/\/azurefilm.com\/wp-content\/uploads\/9-8.jpg 1200w\" sizes=\"auto, (max-width: 300px) 100vw, 300px\" title=\"\">                                  <div class=\"overlay fill\"\n                      style=\"background-color: rgba(0,0,0,.15)\">\n                  <\/div>\n                                                              <\/div>\n              <div class=\"box-text text-left\" >\n                 <p><\/p>\n              <\/div>\n            <\/div>\n            <\/a>          <\/div>\n         <\/div><div class=\"gallery-col col\" >\n          <div class=\"col-inner\">\n            <a class=\"image-lightbox lightbox-gallery\" href=\"https:\/\/azurefilm.com\/wp-content\/uploads\/10-8-1024x1024.jpg\" title=\"\">            <div class=\"box has-hover gallery-box box-overlay dark\">\n              <div class=\"box-image\" >\n                <img loading=\"lazy\" decoding=\"async\" width=\"300\" height=\"300\" src=\"https:\/\/azurefilm.com\/wp-content\/uploads\/10-8-300x300.jpg\" class=\"attachment-medium size-medium\" alt=\"\" ids=\"73769,73787,73793,73799,73763,73781,73775,73726\" srcset=\"https:\/\/azurefilm.com\/wp-content\/uploads\/10-8-300x300.jpg 300w, https:\/\/azurefilm.com\/wp-content\/uploads\/10-8-274x274.jpg 274w, https:\/\/azurefilm.com\/wp-content\/uploads\/10-8-100x100.jpg 100w, https:\/\/azurefilm.com\/wp-content\/uploads\/10-8-510x510.jpg 510w, https:\/\/azurefilm.com\/wp-content\/uploads\/10-8-1024x1024.jpg 1024w, https:\/\/azurefilm.com\/wp-content\/uploads\/10-8-150x150.jpg 150w, https:\/\/azurefilm.com\/wp-content\/uploads\/10-8-768x768.jpg 768w, https:\/\/azurefilm.com\/wp-content\/uploads\/10-8.jpg 1200w\" sizes=\"auto, (max-width: 300px) 100vw, 300px\" title=\"\">                                  <div class=\"overlay fill\"\n                      style=\"background-color: rgba(0,0,0,.15)\">\n                  <\/div>\n                                                              <\/div>\n              <div class=\"box-text text-left\" >\n                 <p><\/p>\n              <\/div>\n            <\/div>\n            <\/a>          <\/div>\n         <\/div><div class=\"gallery-col col\" >\n          <div class=\"col-inner\">\n            <a class=\"image-lightbox lightbox-gallery\" href=\"https:\/\/azurefilm.com\/wp-content\/uploads\/1-4-1024x1024.jpg\" title=\"\">            <div class=\"box has-hover gallery-box box-overlay dark\">\n              <div class=\"box-image\" >\n                <img loading=\"lazy\" decoding=\"async\" width=\"300\" height=\"300\" src=\"https:\/\/azurefilm.com\/wp-content\/uploads\/1-4-300x300.jpg\" class=\"attachment-medium size-medium\" alt=\"\" ids=\"73769,73787,73793,73799,73763,73781,73775,73726\" srcset=\"https:\/\/azurefilm.com\/wp-content\/uploads\/1-4-300x300.jpg 300w, https:\/\/azurefilm.com\/wp-content\/uploads\/1-4-274x274.jpg 274w, https:\/\/azurefilm.com\/wp-content\/uploads\/1-4-100x100.jpg 100w, https:\/\/azurefilm.com\/wp-content\/uploads\/1-4-510x510.jpg 510w, https:\/\/azurefilm.com\/wp-content\/uploads\/1-4-1024x1024.jpg 1024w, https:\/\/azurefilm.com\/wp-content\/uploads\/1-4-150x150.jpg 150w, https:\/\/azurefilm.com\/wp-content\/uploads\/1-4-768x768.jpg 768w, https:\/\/azurefilm.com\/wp-content\/uploads\/1-4.jpg 1200w\" sizes=\"auto, (max-width: 300px) 100vw, 300px\" title=\"\">                                  <div class=\"overlay fill\"\n                      style=\"background-color: rgba(0,0,0,.15)\">\n                  <\/div>\n                                                              <\/div>\n              <div class=\"box-text text-left\" >\n                 <p><\/p>\n              <\/div>\n            <\/div>\n            <\/a>          <\/div>\n         <\/div><div class=\"gallery-col col\" >\n          <div class=\"col-inner\">\n            <a class=\"image-lightbox lightbox-gallery\" href=\"https:\/\/azurefilm.com\/wp-content\/uploads\/5-9-1024x1024.jpg\" title=\"\">            <div class=\"box has-hover gallery-box box-overlay dark\">\n              <div class=\"box-image\" >\n                <img loading=\"lazy\" decoding=\"async\" width=\"300\" height=\"300\" src=\"https:\/\/azurefilm.com\/wp-content\/uploads\/5-9-300x300.jpg\" class=\"attachment-medium size-medium\" alt=\"\" ids=\"73769,73787,73793,73799,73763,73781,73775,73726\" srcset=\"https:\/\/azurefilm.com\/wp-content\/uploads\/5-9-300x300.jpg 300w, https:\/\/azurefilm.com\/wp-content\/uploads\/5-9-274x274.jpg 274w, https:\/\/azurefilm.com\/wp-content\/uploads\/5-9-100x100.jpg 100w, https:\/\/azurefilm.com\/wp-content\/uploads\/5-9-510x510.jpg 510w, https:\/\/azurefilm.com\/wp-content\/uploads\/5-9-1024x1024.jpg 1024w, https:\/\/azurefilm.com\/wp-content\/uploads\/5-9-150x150.jpg 150w, https:\/\/azurefilm.com\/wp-content\/uploads\/5-9-768x768.jpg 768w, https:\/\/azurefilm.com\/wp-content\/uploads\/5-9.jpg 1200w\" sizes=\"auto, (max-width: 300px) 100vw, 300px\" title=\"\">                                  <div class=\"overlay fill\"\n                      style=\"background-color: rgba(0,0,0,.15)\">\n                  <\/div>\n                                                              <\/div>\n              <div class=\"box-text text-left\" >\n                 <p><\/p>\n              <\/div>\n            <\/div>\n            <\/a>          <\/div>\n         <\/div><div class=\"gallery-col col\" >\n          <div class=\"col-inner\">\n            <a class=\"image-lightbox lightbox-gallery\" href=\"https:\/\/azurefilm.com\/wp-content\/uploads\/4-9-1024x1024.jpg\" title=\"\">            <div class=\"box has-hover gallery-box box-overlay dark\">\n              <div class=\"box-image\" >\n                <img loading=\"lazy\" decoding=\"async\" width=\"300\" height=\"300\" src=\"https:\/\/azurefilm.com\/wp-content\/uploads\/4-9-300x300.jpg\" class=\"attachment-medium size-medium\" alt=\"\" ids=\"73769,73787,73793,73799,73763,73781,73775,73726\" srcset=\"https:\/\/azurefilm.com\/wp-content\/uploads\/4-9-300x300.jpg 300w, https:\/\/azurefilm.com\/wp-content\/uploads\/4-9-274x274.jpg 274w, https:\/\/azurefilm.com\/wp-content\/uploads\/4-9-100x100.jpg 100w, https:\/\/azurefilm.com\/wp-content\/uploads\/4-9-510x510.jpg 510w, https:\/\/azurefilm.com\/wp-content\/uploads\/4-9-1024x1024.jpg 1024w, https:\/\/azurefilm.com\/wp-content\/uploads\/4-9-150x150.jpg 150w, https:\/\/azurefilm.com\/wp-content\/uploads\/4-9-768x768.jpg 768w, https:\/\/azurefilm.com\/wp-content\/uploads\/4-9.jpg 1200w\" sizes=\"auto, (max-width: 300px) 100vw, 300px\" title=\"\">                                  <div class=\"overlay fill\"\n                      style=\"background-color: rgba(0,0,0,.15)\">\n                  <\/div>\n                                                              <\/div>\n              <div class=\"box-text text-left\" >\n                 <p><\/p>\n              <\/div>\n            <\/div>\n            <\/a>          <\/div>\n         <\/div><div class=\"gallery-col col\" >\n          <div class=\"col-inner\">\n            <a class=\"image-lightbox lightbox-gallery\" href=\"https:\/\/azurefilm.com\/wp-content\/uploads\/2-5-1024x1024.jpg\" title=\"\">            <div class=\"box has-hover gallery-box box-overlay dark\">\n              <div class=\"box-image\" >\n                <img loading=\"lazy\" decoding=\"async\" width=\"300\" height=\"300\" src=\"https:\/\/azurefilm.com\/wp-content\/uploads\/2-5-300x300.jpg\" class=\"attachment-medium size-medium\" alt=\"\" ids=\"73769,73787,73793,73799,73763,73781,73775,73726\" srcset=\"https:\/\/azurefilm.com\/wp-content\/uploads\/2-5-300x300.jpg 300w, https:\/\/azurefilm.com\/wp-content\/uploads\/2-5-274x274.jpg 274w, https:\/\/azurefilm.com\/wp-content\/uploads\/2-5-100x100.jpg 100w, https:\/\/azurefilm.com\/wp-content\/uploads\/2-5-510x510.jpg 510w, https:\/\/azurefilm.com\/wp-content\/uploads\/2-5-1024x1024.jpg 1024w, https:\/\/azurefilm.com\/wp-content\/uploads\/2-5-150x150.jpg 150w, https:\/\/azurefilm.com\/wp-content\/uploads\/2-5-768x768.jpg 768w, https:\/\/azurefilm.com\/wp-content\/uploads\/2-5.jpg 1200w\" sizes=\"auto, (max-width: 300px) 100vw, 300px\" title=\"\">                                  <div class=\"overlay fill\"\n                      style=\"background-color: rgba(0,0,0,.15)\">\n                  <\/div>\n                                                              <\/div>\n              <div class=\"box-text text-left\" >\n                 <p><\/p>\n              <\/div>\n            <\/div>\n            <\/a>          <\/div>\n         <\/div><\/div>\n","protected":false},"excerpt":{"rendered":"<p><span style=\"font-weight: 400;\">Nakupujte Refill LumberLay Cork za 3D tiske, ki imajo vonj, videz in ob\u010dutek pravega lesa. 40 % recikliranega lesa.<\/span><\/p>\n<p><b>Opozorilo: <\/b><span style=\"font-weight: 400;\">Zaradi naravnih razlik v lesnih vlaknih lahko med serijami filamentov LumberLay pride do rahlih odstopanj v barvi.<\/span><\/p>\n","protected":false},"featured_media":113162,"comment_status":"closed","ping_status":"closed","template":"","meta":{"_acf_changed":false},"product_brand":[],"product_cat":[1737,659,696,697,661],"product_tag":[1524],"brand":[],"class_list":{"0":"post-48514","1":"product","2":"type-product","3":"status-publish","4":"has-post-thumbnail","6":"product_cat-refill-lumberlay-leseni-sl","7":"product_cat-3d-filamenti","8":"product_cat-leseni-filament-lumberlay","9":"product_cat-refill-filament-brez-koluta-sl","10":"product_cat-vsi-filamenti","11":"product_tag-eko","12":"pa_colour-brown","13":"pa_filament-diameter-1-75mm","14":"pa_filament-weight-750g","16":"first","17":"instock","18":"taxable","19":"shipping-taxable","20":"purchasable","21":"product-type-variable"},"acf":[],"_links":{"self":[{"href":"https:\/\/azurefilm.com\/sl\/wp-json\/wp\/v2\/product\/48514","targetHints":{"allow":["GET"]}}],"collection":[{"href":"https:\/\/azurefilm.com\/sl\/wp-json\/wp\/v2\/product"}],"about":[{"href":"https:\/\/azurefilm.com\/sl\/wp-json\/wp\/v2\/types\/product"}],"replies":[{"embeddable":true,"href":"https:\/\/azurefilm.com\/sl\/wp-json\/wp\/v2\/comments?post=48514"}],"wp:featuredmedia":[{"embeddable":true,"href":"https:\/\/azurefilm.com\/sl\/wp-json\/wp\/v2\/media\/113162"}],"wp:attachment":[{"href":"https:\/\/azurefilm.com\/sl\/wp-json\/wp\/v2\/media?parent=48514"}],"wp:term":[{"taxonomy":"product_brand","embeddable":true,"href":"https:\/\/azurefilm.com\/sl\/wp-json\/wp\/v2\/product_brand?post=48514"},{"taxonomy":"product_cat","embeddable":true,"href":"https:\/\/azurefilm.com\/sl\/wp-json\/wp\/v2\/product_cat?post=48514"},{"taxonomy":"product_tag","embeddable":true,"href":"https:\/\/azurefilm.com\/sl\/wp-json\/wp\/v2\/product_tag?post=48514"},{"taxonomy":"brand","embeddable":true,"href":"https:\/\/azurefilm.com\/sl\/wp-json\/wp\/v2\/brand?post=48514"}],"curies":[{"name":"wp","href":"https:\/\/api.w.org\/{rel}","templated":true}]}}