
{"id":60926,"date":"2024-10-25T08:45:04","date_gmt":"2024-10-25T08:45:04","guid":{"rendered":"https:\/\/azurefilm.com\/?post_type=product&#038;p=60926"},"modified":"2025-09-19T15:35:47","modified_gmt":"2025-09-19T15:35:47","slug":"magigoo-lepilo-za-3d-tiskanje","status":"publish","type":"product","link":"https:\/\/azurefilm.com\/sl\/izdelek\/magigoo-lepilo-za-3d-tiskanje\/","title":{"rendered":"Magigoo lepilo za 3D tiskanje"},"content":{"rendered":"<h2><strong>Magigoo lepilo za 3D tiskanje<\/strong><\/h2>\n<p><span style=\"font-weight: 400;\">Tako za\u010detnik, kot profesionalec v 3D tiskanju zagotovo rad vidi brezhibno kon\u010dno obdelavo svojega 3D tiska brez deformacije ter \u010disto preprosto z upogibom tiskalne povr\u0161ine. Magigoo vam zagotavlja pritrditev ter lahko odstranitev 3D tiska iz povr\u0161ine.<\/span><\/p>\n<p><img loading=\"lazy\" decoding=\"async\" class=\" wp-image-60967 alignright\" src=\"https:\/\/azurefilm.com\/wp-content\/uploads\/2024\/10\/3d-printing-adhesive-300x300.jpg\" alt=\"\" width=\"400\" height=\"400\" title=\"\" srcset=\"https:\/\/azurefilm.com\/wp-content\/uploads\/2024\/10\/3d-printing-adhesive-300x300.jpg 300w, https:\/\/azurefilm.com\/wp-content\/uploads\/2024\/10\/3d-printing-adhesive-274x274.jpg 274w, https:\/\/azurefilm.com\/wp-content\/uploads\/2024\/10\/3d-printing-adhesive-100x100.jpg 100w, https:\/\/azurefilm.com\/wp-content\/uploads\/2024\/10\/3d-printing-adhesive-510x510.jpg 510w, https:\/\/azurefilm.com\/wp-content\/uploads\/2024\/10\/3d-printing-adhesive-1024x1024.jpg 1024w, https:\/\/azurefilm.com\/wp-content\/uploads\/2024\/10\/3d-printing-adhesive-150x150.jpg 150w, https:\/\/azurefilm.com\/wp-content\/uploads\/2024\/10\/3d-printing-adhesive-768x768.jpg 768w, https:\/\/azurefilm.com\/wp-content\/uploads\/2024\/10\/3d-printing-adhesive.jpg 1200w\" sizes=\"auto, (max-width: 400px) 100vw, 400px\" \/><\/p>\n<h3><b>Klju\u010dne prednosti:<\/b><\/h3>\n<ul>\n<li style=\"font-weight: 400;\" aria-level=\"1\"><span style=\"font-weight: 400;\">Deluje z ve\u010d filamenti: ABS, PLA, PETG, HIPS, ASA, TPU<\/span><\/li>\n<li style=\"font-weight: 400;\" aria-level=\"1\"><span style=\"font-weight: 400;\">Enostavno nana\u0161anje: samo pretresite, pritisnite in razporedite po aktivnem tiskalnem obmo\u010dju \u2013 ni vam treba premazati celotne plo\u0161\u010de<\/span><\/li>\n<li style=\"font-weight: 400;\" aria-level=\"1\"><span style=\"font-weight: 400;\">Odstranjevanje brez te\u017eav: odtisi se gladko sprostijo, ko se plo\u0161\u010da ohladi<\/span><\/li>\n<li style=\"font-weight: 400;\" aria-level=\"1\"><span style=\"font-weight: 400;\">Enostavno \u010di\u0161\u010denje: preprosto sperite z vodo<\/span><\/li>\n<li style=\"font-weight: 400;\" aria-level=\"1\"><span style=\"font-weight: 400;\">Dolgo obstojen: ve\u010d kot 100 uporab na stekleni\u010dko<\/span><\/li>\n<li style=\"font-weight: 400;\" aria-level=\"1\"><span style=\"font-weight: 400;\">Brez vonja in varen za uporabo, tudi v u\u010dilnicah ali delavnicah<\/span><\/li>\n<li style=\"font-weight: 400;\" aria-level=\"1\"><span style=\"font-weight: 400;\">Za nana\u0161anje ali odstranjevanje niso potrebna nobena orodja<\/span><\/li>\n<\/ul>\n<p><span style=\"font-weight: 400;\">Magigoo je prenosljiv, netoksi\u010den in zagotavlja, da bodo va\u0161i tiski vsaki\u010d videti popolno.<\/span><\/p>\n<p><b>Na voljo v: <\/b><span style=\"font-weight: 400;\">50 ml in 120 ml.<\/span><\/p>\n<p><b>Pomembna opomba: <\/b><span style=\"font-weight: 400;\">aplikator ima aktiven vzmetni ventil, ki se aktivira, ko aplikator pritisnete na gradbeno plo\u0161\u010do. Ne pritiskajte na stekleni\u010dko kot na &#8220;steklenico ke\u010dapa&#8221;, sicer lahko aplikator odsko\u010di. Stekleni\u010dko lahko rahlo stisnemo le, ko je konica pritisnjena ob le\u017ei\u0161\u010de in morda le, \u010de je potreben ve\u010dji pretok. Plastenke ne smete stisniti kadarkoli, ko je pokrov\u010dek odstranjen, ker lahko lepilo izstopi iz steklenice.<\/span><\/p>\n","protected":false},"excerpt":{"rendered":"<p><span style=\"font-weight: 400;\">Poslovite se od te\u017eav z oprijemom prvega sloja z Magigoo, najbolj\u0161o re\u0161itvijo, ki zagotovi, da se va\u0161i 3D tiski varno pritrdijo na tiskalno plo\u0161\u010do. Uporaba je preprosta \u2013 samo nanesite ga na segreto povr\u0161ino, kar zagotovi trdno vez po celotnem tisku. To pa je njabolj\u0161i del: ko se plo\u0161\u010da ohladi, se va\u0161 natis odstrani brez truda ali strganja po povr\u0161ini! Poleg tega Magigoo pomaga prepre\u010diti neprijetno te\u017eavo z upogibanjem in poskrbi, da bodo tudi dolgi tiski popolni.<\/span><\/p>\n","protected":false},"featured_media":48237,"comment_status":"closed","ping_status":"closed","template":"","meta":{"_acf_changed":false},"product_brand":[],"product_cat":[760,764,761,759],"product_tag":[],"brand":[2598],"class_list":{"0":"post-60926","1":"product","2":"type-product","3":"status-publish","4":"has-post-thumbnail","6":"product_cat-rezervni-deli","7":"product_cat-sredstva-za-oprijem","8":"product_cat-vsi-rezervni-deli","9":"product_cat-znizano","10":"brand-magigoo","12":"first","13":"outofstock","14":"sale","15":"taxable","16":"shipping-taxable","17":"purchasable","18":"product-type-variable"},"acf":[],"_links":{"self":[{"href":"https:\/\/azurefilm.com\/sl\/wp-json\/wp\/v2\/product\/60926","targetHints":{"allow":["GET"]}}],"collection":[{"href":"https:\/\/azurefilm.com\/sl\/wp-json\/wp\/v2\/product"}],"about":[{"href":"https:\/\/azurefilm.com\/sl\/wp-json\/wp\/v2\/types\/product"}],"replies":[{"embeddable":true,"href":"https:\/\/azurefilm.com\/sl\/wp-json\/wp\/v2\/comments?post=60926"}],"wp:featuredmedia":[{"embeddable":true,"href":"https:\/\/azurefilm.com\/sl\/wp-json\/wp\/v2\/media\/48237"}],"wp:attachment":[{"href":"https:\/\/azurefilm.com\/sl\/wp-json\/wp\/v2\/media?parent=60926"}],"wp:term":[{"taxonomy":"product_brand","embeddable":true,"href":"https:\/\/azurefilm.com\/sl\/wp-json\/wp\/v2\/product_brand?post=60926"},{"taxonomy":"product_cat","embeddable":true,"href":"https:\/\/azurefilm.com\/sl\/wp-json\/wp\/v2\/product_cat?post=60926"},{"taxonomy":"product_tag","embeddable":true,"href":"https:\/\/azurefilm.com\/sl\/wp-json\/wp\/v2\/product_tag?post=60926"},{"taxonomy":"brand","embeddable":true,"href":"https:\/\/azurefilm.com\/sl\/wp-json\/wp\/v2\/brand?post=60926"}],"curies":[{"name":"wp","href":"https:\/\/api.w.org\/{rel}","templated":true}]}}