
{"id":65179,"date":"2024-12-02T06:59:11","date_gmt":"2024-12-02T06:59:11","guid":{"rendered":"https:\/\/azurefilm.com\/?post_type=product&#038;p=65179"},"modified":"2025-12-27T09:00:55","modified_gmt":"2025-12-27T09:00:55","slug":"creality-phantom-teksturirana-pei-plosca","status":"publish","type":"product","link":"https:\/\/azurefilm.com\/sl\/izdelek\/creality-phantom-teksturirana-pei-plosca\/","title":{"rendered":"Creality Phantom teksturirana PEI plo\u0161\u010da"},"content":{"rendered":"<p><b>Creality Phantom teksturirana PEI plo\u0161\u010da <\/b><span style=\"font-weight: 400;\">je zasnovana tako, da izpolnjuje \u0161irok spekter potreb 3D tiskanja s funkcijo dvojne uporabe in izbolj\u0161ano zmogljivostjo.<\/span><\/p>\n<h2><strong>Klju\u010dne zna\u010dilnosti:<\/strong><\/h2>\n<ul>\n<li style=\"font-weight: 400;\" aria-level=\"1\"><b>Funkcionalnost dvojne uporabe <\/b><span style=\"font-weight: 400;\">: Ena delovna plo\u0161\u010da za izpolnjevanje razli\u010dnih zahtev glede tiskanja in ponuja vsestranske povr\u0161ine za tiskanje.<\/span><\/li>\n<li style=\"font-weight: 400;\" aria-level=\"1\"><b>Pisani vzorci <\/b><span style=\"font-weight: 400;\">: fantomski vzorci na PET foliji odsevajo razli\u010dne barve iz razli\u010dnih zornih kotov, kar pove\u010da vizualno privla\u010dnost va\u0161ih odtisov.<\/span><\/li>\n<li style=\"font-weight: 400;\" aria-level=\"1\"><b>Visoka oprijemljivost <\/b><span style=\"font-weight: 400;\">: Zagotavlja stabilno oblikovanje s povr\u0161ino z visoko oprijemljivostjo, kar zmanj\u0161uje vztrajnost za bolj gladko delovanje in bolj\u0161o kakovost tiskanja.<\/span><\/li>\n<li style=\"font-weight: 400;\" aria-level=\"1\"><b>Visoka ravnost in enostavno odstranjevanje iz kalupa <\/b><span style=\"font-weight: 400;\">: vzmetna jeklena plo\u010devina obdr\u017ei svojo obliko po upogibanju, kar omogo\u010da enostavno odstranjevanje odtisa in ohranja visoko ravnost za dosledne rezultate.<\/span><\/li>\n<li style=\"font-weight: 400;\" aria-level=\"1\"><b>Hitra namestitev <\/b><span style=\"font-weight: 400;\">: Edinstvena zasnova z dvojnim ro\u010dajem in luknjo z dvojno lokacijo zagotavlja natan\u010dno in enostavno namestitev za vsakokratno natan\u010dno pozicioniranje.<\/span><\/li>\n<\/ul>\n<p><b>Zdru\u017eljivo z: <\/b><span style=\"font-weight: 400;\">Ender-3 S1, Ender-3 S1 Pro, Ender-5 S1, Ender-3 V3, Ender-3 V3 SE, Ender-3 V3 KE<\/span><\/p>\n","protected":false},"excerpt":{"rendered":"<p><span style=\"font-weight: 400;\">Nadgradite svojo nastavitev 3D tiskanja s <\/span><b>Creality Phantom teksturirano PEI plo\u0161\u010do <\/b><span style=\"font-weight: 400;\">za zanesljive, visokokakovostne tiske in vizualno privla\u010dnej\u0161o izku\u0161njo tiskanja.<\/span><\/p>\n","protected":false},"featured_media":65108,"comment_status":"closed","ping_status":"closed","template":"","meta":{"_acf_changed":false},"product_brand":[],"product_cat":[760,769,766,761,759],"product_tag":[],"brand":[],"class_list":{"0":"post-65179","1":"product","2":"type-product","3":"status-publish","4":"has-post-thumbnail","6":"product_cat-rezervni-deli","7":"product_cat-pei-plosce","8":"product_cat-tiskalne-povrsine","9":"product_cat-vsi-rezervni-deli","10":"product_cat-znizano","11":"pa_compatible-with-creality-fdm-3d-printers","12":"pa_fits-printer-creality-ender-3-v3-se","14":"first","15":"instock","16":"sale","17":"taxable","18":"shipping-taxable","19":"purchasable","20":"product-type-simple"},"acf":[],"_links":{"self":[{"href":"https:\/\/azurefilm.com\/sl\/wp-json\/wp\/v2\/product\/65179","targetHints":{"allow":["GET"]}}],"collection":[{"href":"https:\/\/azurefilm.com\/sl\/wp-json\/wp\/v2\/product"}],"about":[{"href":"https:\/\/azurefilm.com\/sl\/wp-json\/wp\/v2\/types\/product"}],"replies":[{"embeddable":true,"href":"https:\/\/azurefilm.com\/sl\/wp-json\/wp\/v2\/comments?post=65179"}],"wp:featuredmedia":[{"embeddable":true,"href":"https:\/\/azurefilm.com\/sl\/wp-json\/wp\/v2\/media\/65108"}],"wp:attachment":[{"href":"https:\/\/azurefilm.com\/sl\/wp-json\/wp\/v2\/media?parent=65179"}],"wp:term":[{"taxonomy":"product_brand","embeddable":true,"href":"https:\/\/azurefilm.com\/sl\/wp-json\/wp\/v2\/product_brand?post=65179"},{"taxonomy":"product_cat","embeddable":true,"href":"https:\/\/azurefilm.com\/sl\/wp-json\/wp\/v2\/product_cat?post=65179"},{"taxonomy":"product_tag","embeddable":true,"href":"https:\/\/azurefilm.com\/sl\/wp-json\/wp\/v2\/product_tag?post=65179"},{"taxonomy":"brand","embeddable":true,"href":"https:\/\/azurefilm.com\/sl\/wp-json\/wp\/v2\/brand?post=65179"}],"curies":[{"name":"wp","href":"https:\/\/api.w.org\/{rel}","templated":true}]}}