
{"id":65258,"date":"2024-12-02T06:59:34","date_gmt":"2024-12-02T06:59:34","guid":{"rendered":"https:\/\/azurefilm.com\/?post_type=product&#038;p=65258"},"modified":"2026-01-05T16:49:46","modified_gmt":"2026-01-05T16:49:46","slug":"creality-stars-teksturirana-pei-plosca","status":"publish","type":"product","link":"https:\/\/azurefilm.com\/sl\/izdelek\/creality-stars-teksturirana-pei-plosca\/","title":{"rendered":"Creality Stars teksturirana PEI plo\u0161\u010da"},"content":{"rendered":"<p><b>Creality Stars teksturirana PEI plo\u0161\u010da <\/b><span style=\"font-weight: 400;\">je zasnovana tako, da zagotavlja izjemno zmogljivost, nudi izbolj\u0161ano oprijemljivost in kakovost tiskanja za \u0161iroko paleto aplikacij 3D tiskanja.<\/span><\/p>\n<h2><strong>Klju\u010dne zna\u010dilnosti:<\/strong><\/h2>\n<ul>\n<li style=\"font-weight: 400;\" aria-level=\"1\"><b>Oblikovanje zvezdne teksture<\/b><span style=\"font-weight: 400;\">: vsebuje edinstveno zvezdno teksturo, ki ne le izbolj\u0161a oprijem tiskanja, ampak va\u0161im 3D tiskom doda tudi vizualno privla\u010dno, kozmi\u010dno estetiko.<\/span><\/li>\n<li style=\"font-weight: 400;\" aria-level=\"1\"><b>Povr\u0161ina z visoko oprijemljivostjo<\/b><span style=\"font-weight: 400;\">: Zagotavlja stabilno oblikovanje z odli\u010dnim oprijemom, zmanj\u0161uje napake tiskanja in izbolj\u0161a splo\u0161no kakovost tiskanja.<\/span><\/li>\n<li style=\"font-weight: 400;\" aria-level=\"1\"><b>Vzdr\u017eljiva in visoka ploskost<\/b><span style=\"font-weight: 400;\">: izdelana iz vzmetnega jekla visoke ploskosti, je ta plo\u0161\u010da odporna na deformacije in ohranja svojo obliko tudi po ve\u010dkratni uporabi.<\/span><\/li>\n<li style=\"font-weight: 400;\" aria-level=\"1\"><b>Enostavno odstranjevanje iz kalupa<\/b><span style=\"font-weight: 400;\">: prilagodljiva jeklena konstrukcija omogo\u010da preprosto odstranjevanje odtisov, ne da bi po\u0161kodovali va\u0161e modele.<\/span><\/li>\n<li style=\"font-weight: 400;\" aria-level=\"1\"><b>Hitra namestitev<\/b><span style=\"font-weight: 400;\">: Zasnovano za natan\u010dno in enostavno namestitev z dvojnim ro\u010dajem in nastavitvijo dvojne lokacijske luknje za natan\u010dno pozicioniranje.<\/span><\/li>\n<\/ul>\n<p><b>Zdru\u017eljivo z: <\/b><span style=\"font-weight: 400;\">Ender-3 S1, Ender-3 S1 Pro, Ender-5 S1, Ender-3 V3, Ender-3 V3 SE, Ender-3 V3 KE<\/span><\/p>\n","protected":false},"excerpt":{"rendered":"<p><span style=\"font-weight: 400;\">Nakupujte <\/span><b>Creality Stars teksturirano PEI plo\u0161\u010do<\/b><span style=\"font-weight: 400;\"> &#8211; visoka zmogljivost, vzdr\u017eljivost in estetska privla\u010dnost.<\/span><\/p>\n","protected":false},"featured_media":65188,"comment_status":"closed","ping_status":"closed","template":"","meta":{"_acf_changed":false},"product_brand":[],"product_cat":[760,769,766,761,759],"product_tag":[],"brand":[],"class_list":{"0":"post-65258","1":"product","2":"type-product","3":"status-publish","4":"has-post-thumbnail","6":"product_cat-rezervni-deli","7":"product_cat-pei-plosce","8":"product_cat-tiskalne-povrsine","9":"product_cat-vsi-rezervni-deli","10":"product_cat-znizano","11":"pa_compatible-with-creality-fdm-3d-printers","12":"pa_fits-printer-creality-ender-3-v3-se","14":"first","15":"instock","16":"sale","17":"taxable","18":"shipping-taxable","19":"purchasable","20":"product-type-simple"},"acf":[],"_links":{"self":[{"href":"https:\/\/azurefilm.com\/sl\/wp-json\/wp\/v2\/product\/65258","targetHints":{"allow":["GET"]}}],"collection":[{"href":"https:\/\/azurefilm.com\/sl\/wp-json\/wp\/v2\/product"}],"about":[{"href":"https:\/\/azurefilm.com\/sl\/wp-json\/wp\/v2\/types\/product"}],"replies":[{"embeddable":true,"href":"https:\/\/azurefilm.com\/sl\/wp-json\/wp\/v2\/comments?post=65258"}],"wp:featuredmedia":[{"embeddable":true,"href":"https:\/\/azurefilm.com\/sl\/wp-json\/wp\/v2\/media\/65188"}],"wp:attachment":[{"href":"https:\/\/azurefilm.com\/sl\/wp-json\/wp\/v2\/media?parent=65258"}],"wp:term":[{"taxonomy":"product_brand","embeddable":true,"href":"https:\/\/azurefilm.com\/sl\/wp-json\/wp\/v2\/product_brand?post=65258"},{"taxonomy":"product_cat","embeddable":true,"href":"https:\/\/azurefilm.com\/sl\/wp-json\/wp\/v2\/product_cat?post=65258"},{"taxonomy":"product_tag","embeddable":true,"href":"https:\/\/azurefilm.com\/sl\/wp-json\/wp\/v2\/product_tag?post=65258"},{"taxonomy":"brand","embeddable":true,"href":"https:\/\/azurefilm.com\/sl\/wp-json\/wp\/v2\/brand?post=65258"}],"curies":[{"name":"wp","href":"https:\/\/api.w.org\/{rel}","templated":true}]}}