
{"id":65288,"date":"2024-12-02T06:59:58","date_gmt":"2024-12-02T06:59:58","guid":{"rendered":"https:\/\/azurefilm.com\/?post_type=product&#038;p=65288"},"modified":"2026-04-01T15:29:49","modified_gmt":"2026-04-01T15:29:49","slug":"creality-smooth-pei-plosca","status":"publish","type":"product","link":"https:\/\/azurefilm.com\/sl\/izdelek\/creality-smooth-pei-plosca\/","title":{"rendered":"Creality Smooth PEI plo\u0161\u010da"},"content":{"rendered":"<p><span style=\"font-weight: 400;\">Creality <\/span><b>Smooth PEI plo\u0161\u010da <\/b><span style=\"font-weight: 400;\">je strokovno izdelana za natan\u010dnost, vzdr\u017eljivost in zdru\u017eljivost z naslednjimi modeli 3D tiskalnikov Creality:<\/span><\/p>\n<ul>\n<li style=\"font-weight: 400;\" aria-level=\"1\"><span style=\"font-weight: 400;\">Ender-3 S1<\/span><\/li>\n<li style=\"font-weight: 400;\" aria-level=\"1\"><span style=\"font-weight: 400;\">Ender-3 S1 Pro<\/span><\/li>\n<li style=\"font-weight: 400;\" aria-level=\"1\"><span style=\"font-weight: 400;\">Ender-5 S1<\/span><\/li>\n<li style=\"font-weight: 400;\" aria-level=\"1\"><span style=\"font-weight: 400;\">K1<\/span><\/li>\n<li style=\"font-weight: 400;\" aria-level=\"1\"><span style=\"font-weight: 400;\">Ender-3 V3 SE<\/span><\/li>\n<li style=\"font-weight: 400;\" aria-level=\"1\"><span style=\"font-weight: 400;\">Ender-3 V3 KE<\/span><\/li>\n<li style=\"font-weight: 400;\" aria-level=\"1\"><span style=\"font-weight: 400;\">CR-10 SE<\/span><\/li>\n<\/ul>\n<h2><strong>Lastnosti izdelka:<\/strong><\/h2>\n<ul>\n<li style=\"font-weight: 400;\" aria-level=\"1\"><b>Gladka povr\u0161ina PEI<\/b><span style=\"font-weight: 400;\">: zasnovana za zagotavljanje ravnih in brezhibnih povr\u0161in modelov, kar zagotavlja rezultate profesionalne kakovosti.<\/span><\/li>\n<li style=\"font-weight: 400;\" aria-level=\"1\"><b>Vzdr\u017eljiv material PEI<\/b><span style=\"font-weight: 400;\">: ponuja izjemno odpornost proti obrabi, stabilnost pri visokih temperaturah in zanesljivo dolgoro\u010dno delovanje.<\/span><\/li>\n<li style=\"font-weight: 400;\" aria-level=\"1\"><b>Plo\u0161\u010da iz vzmetnega jekla visoke trdnosti<\/b><span style=\"font-weight: 400;\">: odporna na deformacije, ki zagotavlja dosledno delovanje pri obse\u017eni uporabi.<\/span><\/li>\n<li style=\"font-weight: 400;\" aria-level=\"1\"><b>Enostavno odstranjevanje modelov<\/b><span style=\"font-weight: 400;\">: Prilagodljiva zasnova omogo\u010da enostavno odstranjevanje natisnjenih modelov, kar zmanj\u0161a \u0161kodo na va\u0161ih kreacijah.<\/span><\/li>\n<li style=\"font-weight: 400;\" aria-level=\"1\"><b>Mo\u010dna magnetna podlaga<\/b><span style=\"font-weight: 400;\">: Zagotavlja, da plo\u0161\u010da ostane varno v polo\u017eaju med tiskanjem, kar zmanj\u0161a tveganje za premik.<\/span><\/li>\n<li style=\"font-weight: 400;\" aria-level=\"1\"><b>Premi\u0161ljena zasnova<\/b><span style=\"font-weight: 400;\">: vsaka podrobnost je izpopolnjena, da zagotovi vrhunsko uporabni\u0161ko izku\u0161njo, od namestitve do kon\u010dne odstranitve tiskanja.<\/span><\/li>\n<\/ul>\n","protected":false},"excerpt":{"rendered":"<p><span style=\"font-weight: 400;\">Nadgradite svoj 3D tiskalnik s Creality Smooth PEI plo\u0161\u010do \u2013 profesionalno re\u0161itvijo za enostavno doseganje natan\u010dnih visokokakovostnih natisov.<\/span><\/p>\n","protected":false},"featured_media":65266,"comment_status":"closed","ping_status":"closed","template":"","meta":{"_acf_changed":false},"product_brand":[],"product_cat":[760,769,766,761,759],"product_tag":[],"brand":[],"class_list":{"0":"post-65288","1":"product","2":"type-product","3":"status-publish","4":"has-post-thumbnail","6":"product_cat-rezervni-deli","7":"product_cat-pei-plosce","8":"product_cat-tiskalne-povrsine","9":"product_cat-vsi-rezervni-deli","10":"product_cat-znizano","11":"pa_compatible-with-creality-fdm-3d-printers","12":"pa_fits-printer-creality-ender-3-v3-se","13":"pa_fits-printer-creality-k1","15":"first","16":"outofstock","17":"sale","18":"taxable","19":"shipping-taxable","20":"purchasable","21":"product-type-simple"},"acf":[],"_links":{"self":[{"href":"https:\/\/azurefilm.com\/sl\/wp-json\/wp\/v2\/product\/65288","targetHints":{"allow":["GET"]}}],"collection":[{"href":"https:\/\/azurefilm.com\/sl\/wp-json\/wp\/v2\/product"}],"about":[{"href":"https:\/\/azurefilm.com\/sl\/wp-json\/wp\/v2\/types\/product"}],"replies":[{"embeddable":true,"href":"https:\/\/azurefilm.com\/sl\/wp-json\/wp\/v2\/comments?post=65288"}],"wp:featuredmedia":[{"embeddable":true,"href":"https:\/\/azurefilm.com\/sl\/wp-json\/wp\/v2\/media\/65266"}],"wp:attachment":[{"href":"https:\/\/azurefilm.com\/sl\/wp-json\/wp\/v2\/media?parent=65288"}],"wp:term":[{"taxonomy":"product_brand","embeddable":true,"href":"https:\/\/azurefilm.com\/sl\/wp-json\/wp\/v2\/product_brand?post=65288"},{"taxonomy":"product_cat","embeddable":true,"href":"https:\/\/azurefilm.com\/sl\/wp-json\/wp\/v2\/product_cat?post=65288"},{"taxonomy":"product_tag","embeddable":true,"href":"https:\/\/azurefilm.com\/sl\/wp-json\/wp\/v2\/product_tag?post=65288"},{"taxonomy":"brand","embeddable":true,"href":"https:\/\/azurefilm.com\/sl\/wp-json\/wp\/v2\/brand?post=65288"}],"curies":[{"name":"wp","href":"https:\/\/api.w.org\/{rel}","templated":true}]}}