
{"id":65376,"date":"2024-12-02T07:00:43","date_gmt":"2024-12-02T07:00:43","guid":{"rendered":"https:\/\/azurefilm.com\/?post_type=product&#038;p=65376"},"modified":"2026-03-23T11:15:03","modified_gmt":"2026-03-23T11:15:03","slug":"komplet-mehanizma-za-ekstruzijo-creality","status":"publish","type":"product","link":"https:\/\/azurefilm.com\/sl\/izdelek\/komplet-mehanizma-za-ekstruzijo-creality\/","title":{"rendered":"Komplet mehanizma za ekstruzijo Creality"},"content":{"rendered":"<p><span style=\"font-weight: 400;\">Komplet <\/span><b>mehanizma za ekstruzijo Creality <\/b><span style=\"font-weight: 400;\">je zasnovan tako, da zagotavlja gladko in dosledno podajanje filamentov za va\u0161 3D tiskalnik. Ta visokokakovosten komplet vklju\u010duje vse bistvene komponente, ki so potrebne za vzdr\u017eevanje optimalne zmogljivosti iztiskanja, zagotavlja natan\u010den pretok materiala in izbolj\u0161ano kakovost tiskanja. Enostaven za namestitev in izdelan tako, da traja.<\/span><\/p>\n","protected":false},"excerpt":{"rendered":"<p><span style=\"font-weight: 400;\">Kupite komplet mehanizma za ekstruzijo Creality &#8211; optimalna zmogljivost iztiskanja, ki zagotavlja natan\u010den pretok materiala.<\/span><\/p>\n","protected":false},"featured_media":65348,"comment_status":"closed","ping_status":"closed","template":"","meta":{"_acf_changed":false},"product_brand":[],"product_cat":[760,774,773,761],"product_tag":[],"brand":[],"class_list":{"0":"post-65376","1":"product","2":"type-product","3":"status-publish","4":"has-post-thumbnail","6":"product_cat-rezervni-deli","7":"product_cat-ekstruder-sl","8":"product_cat-ekstruderji","9":"product_cat-vsi-rezervni-deli","10":"pa_compatible-with-creality-fdm-3d-printers","11":"pa_fits-printer-creality-k1","12":"pa_fits-printer-creality-k1-max","13":"pa_fits-printer-creality-k1c","15":"first","16":"instock","17":"taxable","18":"shipping-taxable","19":"purchasable","20":"product-type-simple"},"acf":[],"_links":{"self":[{"href":"https:\/\/azurefilm.com\/sl\/wp-json\/wp\/v2\/product\/65376","targetHints":{"allow":["GET"]}}],"collection":[{"href":"https:\/\/azurefilm.com\/sl\/wp-json\/wp\/v2\/product"}],"about":[{"href":"https:\/\/azurefilm.com\/sl\/wp-json\/wp\/v2\/types\/product"}],"replies":[{"embeddable":true,"href":"https:\/\/azurefilm.com\/sl\/wp-json\/wp\/v2\/comments?post=65376"}],"wp:featuredmedia":[{"embeddable":true,"href":"https:\/\/azurefilm.com\/sl\/wp-json\/wp\/v2\/media\/65348"}],"wp:attachment":[{"href":"https:\/\/azurefilm.com\/sl\/wp-json\/wp\/v2\/media?parent=65376"}],"wp:term":[{"taxonomy":"product_brand","embeddable":true,"href":"https:\/\/azurefilm.com\/sl\/wp-json\/wp\/v2\/product_brand?post=65376"},{"taxonomy":"product_cat","embeddable":true,"href":"https:\/\/azurefilm.com\/sl\/wp-json\/wp\/v2\/product_cat?post=65376"},{"taxonomy":"product_tag","embeddable":true,"href":"https:\/\/azurefilm.com\/sl\/wp-json\/wp\/v2\/product_tag?post=65376"},{"taxonomy":"brand","embeddable":true,"href":"https:\/\/azurefilm.com\/sl\/wp-json\/wp\/v2\/brand?post=65376"}],"curies":[{"name":"wp","href":"https:\/\/api.w.org\/{rel}","templated":true}]}}