
{"id":65428,"date":"2024-12-02T07:01:52","date_gmt":"2024-12-02T07:01:52","guid":{"rendered":"https:\/\/azurefilm.com\/?post_type=product&#038;p=65428"},"modified":"2024-12-02T07:01:53","modified_gmt":"2024-12-02T07:01:53","slug":"anycubic-ekstruder-za-kobra-3","status":"publish","type":"product","link":"https:\/\/azurefilm.com\/sl\/izdelek\/anycubic-ekstruder-za-kobra-3\/","title":{"rendered":"Anycubic ekstruder za Kobra 3"},"content":{"rendered":"<p><span style=\"font-weight: 400;\">Anycubic ekstruder za Kobra 3 zagotavlja natan\u010dno in dosledno podajanje filamentov za visokokakovostne izpise. Izdelan za vzdr\u017eljivost in enostavno namestitev, je zanesljiva komponenta za vzdr\u017eevanje optimalne zmogljivosti tiskalnika.<\/span><\/p>\n","protected":false},"excerpt":{"rendered":"<p><span style=\"font-weight: 400;\">Kupite Anycubic ekstruder za Kobra 3 &#8211; natan\u010dno in dosledno podajanje filamentov za visokokakovostne izpise.<\/span><\/p>\n","protected":false},"featured_media":65412,"comment_status":"closed","ping_status":"closed","template":"","meta":{"_acf_changed":false},"product_brand":[],"product_cat":[760,774,773,761,759],"product_tag":[],"brand":[],"class_list":{"0":"post-65428","1":"product","2":"type-product","3":"status-publish","4":"has-post-thumbnail","6":"product_cat-rezervni-deli","7":"product_cat-ekstruder-sl","8":"product_cat-ekstruderji","9":"product_cat-vsi-rezervni-deli","10":"product_cat-znizano","11":"pa_compatible-with-anycubic-fdm-printers","12":"pa_fits-printer-kobra-3","14":"first","15":"outofstock","16":"sale","17":"taxable","18":"shipping-taxable","19":"purchasable","20":"product-type-simple"},"acf":[],"_links":{"self":[{"href":"https:\/\/azurefilm.com\/sl\/wp-json\/wp\/v2\/product\/65428","targetHints":{"allow":["GET"]}}],"collection":[{"href":"https:\/\/azurefilm.com\/sl\/wp-json\/wp\/v2\/product"}],"about":[{"href":"https:\/\/azurefilm.com\/sl\/wp-json\/wp\/v2\/types\/product"}],"replies":[{"embeddable":true,"href":"https:\/\/azurefilm.com\/sl\/wp-json\/wp\/v2\/comments?post=65428"}],"wp:featuredmedia":[{"embeddable":true,"href":"https:\/\/azurefilm.com\/sl\/wp-json\/wp\/v2\/media\/65412"}],"wp:attachment":[{"href":"https:\/\/azurefilm.com\/sl\/wp-json\/wp\/v2\/media?parent=65428"}],"wp:term":[{"taxonomy":"product_brand","embeddable":true,"href":"https:\/\/azurefilm.com\/sl\/wp-json\/wp\/v2\/product_brand?post=65428"},{"taxonomy":"product_cat","embeddable":true,"href":"https:\/\/azurefilm.com\/sl\/wp-json\/wp\/v2\/product_cat?post=65428"},{"taxonomy":"product_tag","embeddable":true,"href":"https:\/\/azurefilm.com\/sl\/wp-json\/wp\/v2\/product_tag?post=65428"},{"taxonomy":"brand","embeddable":true,"href":"https:\/\/azurefilm.com\/sl\/wp-json\/wp\/v2\/brand?post=65428"}],"curies":[{"name":"wp","href":"https:\/\/api.w.org\/{rel}","templated":true}]}}