
{"id":65792,"date":"2024-12-03T09:45:18","date_gmt":"2024-12-03T09:45:18","guid":{"rendered":"https:\/\/azurefilm.com\/?post_type=product&#038;p=65792"},"modified":"2024-12-03T09:45:19","modified_gmt":"2024-12-03T09:45:19","slug":"prusa-xl","status":"publish","type":"product","link":"https:\/\/azurefilm.com\/sl\/izdelek\/prusa-xl\/","title":{"rendered":"Prusa XL"},"content":{"rendered":"<p><span style=\"font-weight: 400;\">Original Prusa XL je inovacija v svetu 3D tiskanja. S svojim naprednim izmenjevalnikom orodij s petimi glavami zagotavlja ta tiskalnik vrhunske, hitre in u\u010dinkovite tiske iz ve\u010d materialov. Od svoje natan\u010dnosti in velikega obsega tiskanja do zmo\u017enosti tiskanja brez odpadkov, XL postavlja nov standard za visoko zmogljive namizne 3D tiskalnike.<\/span><\/p>\n<h2><strong>Menjalnik orodja s petimi glavami za najve\u010djo prilagodljivost<\/strong><\/h2>\n<p><span style=\"font-weight: 400;\">Temelj Prusa XL je menjalnik orodja s petimi glavami. Ta funkcija vam omogo\u010da, da imate nalo\u017eenih do pet materialov hkrati in med njimi takoj preklapljate med tiskanjem. Ta sistem za hitro in zanesljivo menjavo orodij zagotavlja, da lahko z lahkoto dokon\u010date kompleksne natise iz ve\u010d materialov, hkrati pa skraj\u0161ate \u010das tiskanja.<\/span><\/p>\n<h2><strong>Tiskanje brez odpadkov<\/strong><\/h2>\n<p><span style=\"font-weight: 400;\">S Prusa XL se lahko poslovite od odpadnih filamentov. Za razliko od tiskalnikov z enim ekstruderjem, ki pri vsaki spremembi barve ali materiala porabijo odpadni material, XL skoraj v celoti odstrani odpadke. Zahvaljujo\u010d njegovi edinstveni zasnovi, vklju\u010dno z majhnim polnilnim stolpom za stabilizacijo tlaka \u0161ob in mo\u017enostmi brisanja do polnjenja, boste u\u017eivali v u\u010dinkovitem tiskanju iz ve\u010d materialov z najmanj ali brez odpadkov.<\/span><\/p>\n<h2><strong>Hitrost in natan\u010dnost tiskanja brez primere<\/strong><\/h2>\n<p><span style=\"font-weight: 400;\">XL je najhitrej\u0161i namizni tiskalnik za ve\u010d materialov na trgu. Vklju\u010duje vrhunske tehnologije, kot sta Input Shaper in Pressure Advance, ki omogo\u010data izjemno hitro tiskanje brez kompromisov pri kakovosti. Ne glede na to, ali tiskate s pro\u017enimi filamenti ali naprednimi materiali, XL ohranja izjemno natan\u010dnost in kakovost po celotni tiskalni postelji.<\/span><\/p>\n<h2><strong>Velik obseg gradnje za velike projekte<\/strong><\/h2>\n<p><span style=\"font-weight: 400;\">Z gradbeno povr\u0161ino 360x360x360 mm je Original Prusa XL idealen za ve\u010dje projekte. Njegov velik obseg tiskanja vam omogo\u010da, da se lotite velikih natisov in oblikovanja iz ve\u010d materialov, hkrati pa ohranite visoko raven podrobnosti in natan\u010dnosti.<\/span><\/p>\n<h2><strong>Napredna kakovost in zanesljivost tiskanja<\/strong><\/h2>\n<p><span style=\"font-weight: 400;\">XL se odlikuje po zagotavljanju popolnih rezultatov tiskanja, tudi za najbolj zapletene modele. XL je zasnovan za zanesljivost in natan\u010dnost, opremljen z ekstruderjem Nextruder za fleksibilno tiskanje filamentov in izjemno zmogljivostjo na strmih previsih. Ne glede na to, ali tiskate dele, ki se morajo popolnoma prilegati drug drugemu, ali zapletene geometrije, XL vedno poskrbi za najbolj\u0161e rezultate.<\/span><\/p>\n<h2><strong>Modularna, segmentirana grelna postelja za dosledne rezultate<\/strong><\/h2>\n<p><span style=\"font-weight: 400;\">XL je opremljen z modularno, segmentirano grelno posteljo, ki prepre\u010duje deformacije, ki so obi\u010dajne pri enojnih velikih grelnih posteljah. Vsaka od 16 nadzorovanih plo\u0161\u010dic zagotavlja enakomerno segrevanje po celotni tiskalni povr\u0161ini, kar vam vsaki\u010d zagotavlja optimalen oprijem in kakovost tiska.<\/span><\/p>\n<h2><strong>Prilagodljiva zdru\u017eljivost materialov<\/strong><\/h2>\n<p><span style=\"font-weight: 400;\">Ne glede na to, ali potrebujete tiskanje s PLA, PETG, ASA ali celo upogljivimi filamenti, kot je TPU, Original Prusa XL zmore vse. S svojim Nextruderjem z neposrednim pogonom XL zagotavlja gladko in natan\u010dno tiskanje tudi z najzahtevnej\u0161imi materiali. Za materiale, ki potrebujejo zaprt prostor, nudi opcijsko originalno ohi\u0161je Prusa.<\/span><\/p>\n<h2><strong>Hitro omre\u017eno tiskanje s Prusa Connect<\/strong><\/h2>\n<p><span style=\"font-weight: 400;\">S Prusa Connect ponuja XL enostavno brez\u017ei\u010dno upravljanje in spremljanje. Tiskanje lahko za\u010dnete na daljavo, na\u010drtujete opravila in spremljate napredek prek spletne kamere, medtem ko uporabljate varen in \u0161ifriran sistem. Poleg tega XL podpira omre\u017eno tiskanje, tako da lahko preprosto upravljate ve\u010d tiskalnikov z enega mesta.<\/span><\/p>\n<h2><strong>Obnovitev po izgubi elektri\u010dne energije<\/strong><\/h2>\n<p><span style=\"font-weight: 400;\">Tiskanje velikih velikosti lahko traja ve\u010d ur, toda s funkcijo obnovitve ob izgubi elektri\u010dne energije vam z XL ni treba skrbeti za izpade. Tiskalnik shrani zadnji znani polo\u017eaj ekstruderja, tako da lahko, \u010de zmanjka elektri\u010dnega toka, nadaljuje s tiskanjem to\u010dno tam, kjer je kon\u010dal, kar zagotavlja minimalne motnje v va\u0161em delovnem procesu.<\/span><\/p>\n<h2><strong>Enostaven za uporabo s tiskanjem z enim klikom<\/strong><\/h2>\n<p><span style=\"font-weight: 400;\">Uporabniku prijazna zasnova omogo\u010da preprost za\u010detek tiskanja. S samodejnim niveliranjem, tiskanjem z enim klikom in vedno popolnimi prvimi plastmi vam ne bo treba izgubljati \u010dasa s prilagajanjem nastavitev. Poleg tega tiskalnikov vmesnik z zaslonom na dotik in intuitivni meniji olaj\u0161ajo uporabo.<\/span><\/p>\n<h2><strong>Zasnovan za dolgotrajno delovanje<\/strong><\/h2>\n<p><span style=\"font-weight: 400;\">3D tiskalniki Prusa, vklju\u010dno z XL, so izdelani za dolgoro\u010dno uporabo in nenehne izbolj\u0161ave. XL je podprt z rednimi posodobitvami strojne in vdelane programske opreme, ki dodajajo nove funkcije in zagotavljajo posodobljenost tiskalnika v prihodnjih letih.<\/span><\/p>\n","protected":false},"excerpt":{"rendered":"<p><span style=\"font-weight: 400;\">Prusa XL je najnovej\u0161a razli\u010dica njihovega ve\u010dmaterialnega namiznega 3D tiskalnika velikega formata. Ima veliko prostornino 360x360x360 mm. Opremljen je s hitrim menjalnikom orodij in zmo\u017enostjo uporabe do petih orodnih glav, zato XL dosega visokokakovostne tiske iz ve\u010d materialov hitreje kot kateri koli drug tiskalnik, pri tem pa zmanj\u0161uje koli\u010dino odpadkov. Zasnovano in izdelano v EU.<\/span><\/p>\n","protected":false},"featured_media":65787,"comment_status":"closed","ping_status":"closed","template":"","meta":{"_acf_changed":false},"product_brand":[],"product_cat":[733,736,2639,735],"product_tag":[],"brand":[],"class_list":{"0":"post-65792","1":"product","2":"type-product","3":"status-publish","4":"has-post-thumbnail","6":"product_cat-3d-tiskalnik","7":"product_cat-fdm-tiskalnik","8":"product_cat-prusa","9":"product_cat-vsi-3d-tiskalniki","11":"first","12":"instock","13":"taxable","14":"shipping-taxable","15":"product-type-simple"},"acf":[],"_links":{"self":[{"href":"https:\/\/azurefilm.com\/sl\/wp-json\/wp\/v2\/product\/65792","targetHints":{"allow":["GET"]}}],"collection":[{"href":"https:\/\/azurefilm.com\/sl\/wp-json\/wp\/v2\/product"}],"about":[{"href":"https:\/\/azurefilm.com\/sl\/wp-json\/wp\/v2\/types\/product"}],"replies":[{"embeddable":true,"href":"https:\/\/azurefilm.com\/sl\/wp-json\/wp\/v2\/comments?post=65792"}],"wp:featuredmedia":[{"embeddable":true,"href":"https:\/\/azurefilm.com\/sl\/wp-json\/wp\/v2\/media\/65787"}],"wp:attachment":[{"href":"https:\/\/azurefilm.com\/sl\/wp-json\/wp\/v2\/media?parent=65792"}],"wp:term":[{"taxonomy":"product_brand","embeddable":true,"href":"https:\/\/azurefilm.com\/sl\/wp-json\/wp\/v2\/product_brand?post=65792"},{"taxonomy":"product_cat","embeddable":true,"href":"https:\/\/azurefilm.com\/sl\/wp-json\/wp\/v2\/product_cat?post=65792"},{"taxonomy":"product_tag","embeddable":true,"href":"https:\/\/azurefilm.com\/sl\/wp-json\/wp\/v2\/product_tag?post=65792"},{"taxonomy":"brand","embeddable":true,"href":"https:\/\/azurefilm.com\/sl\/wp-json\/wp\/v2\/brand?post=65792"}],"curies":[{"name":"wp","href":"https:\/\/api.w.org\/{rel}","templated":true}]}}