
{"id":65921,"date":"2024-12-03T09:44:47","date_gmt":"2024-12-03T09:44:47","guid":{"rendered":"https:\/\/azurefilm.com\/?post_type=product&#038;p=65921"},"modified":"2024-12-03T09:44:48","modified_gmt":"2024-12-03T09:44:48","slug":"prusa-mini","status":"publish","type":"product","link":"https:\/\/azurefilm.com\/sl\/izdelek\/prusa-mini\/","title":{"rendered":"Prusa MINI+"},"content":{"rendered":"<p><span style=\"font-weight: 400;\">Original Prusa MINI+ je zmogljiv 3D tiskalnik, ki zdru\u017euje hitrost, zanesljivost in enostavnost uporabe v kompaktni zasnovi. Opremljen je z vsemi funkcijami, ki jih pri\u010dakujete od izvirnega 3D tiskalnika Prusa, zaradi \u010desar je popolna izbira za uporabnike vseh stopenj.<\/span><\/p>\n<h2><strong>Volumen konstrukcije: 18x18x18 cm<\/strong><\/h2>\n<p><span style=\"font-weight: 400;\">MINI+ ponuja prostornino velikosti 18x18x18 cm v kompaktnem ohi\u0161ju. Ta majhen, a mogo\u010den tiskalnik je opremljen s funkcijami, kot so nastavljanje brez senzorja, samodejno niveliranje mre\u017easte postelje in barvni zaslon LCD, zaradi \u010desar je enostavno upravljanje in vzdr\u017eevanje.<\/span><\/p>\n<h2><strong>Hitro tiskanje z Input Shaper in Pressure Advance<\/strong><\/h2>\n<p><span style=\"font-weight: 400;\">MINI+ je zdaj hitrej\u0161i kot kdaj koli prej, zahvaljujo\u010d uvedbi tehnologij Input Shaper in Pressure Advance. Te nadgradnje omogo\u010dajo tiskalniku visoko hitrost tiskanja brez kompromisov pri kakovosti tiskanja. S tovarni\u0161ko preizku\u0161enimi profili v PrusaSlicerju lahko preprosto najdete najbolj\u0161e nastavitve za svoj projekt.<\/span><\/p>\n<h2><strong>Fleksibilna plo\u0161\u010da za tiskanje<\/strong><\/h2>\n<p><span style=\"font-weight: 400;\">Poslovite se od boja s tiski, prilepljenimi na plo\u0161\u010do! MINI+ ima magnetno grelno posteljo z odstranljivimi plo\u0161\u010dami iz vzmetnega jekla, kar omogo\u010da enostavno odstranjevanje odtisov s preprostim upogibanjem. Povr\u0161ina je na voljo v treh razli\u010dicah: gladka, teksturirana in satinirana, vse pa so enostavne za vzdr\u017eevanje.<\/span><\/p>\n<h2><strong>Sonda SuperPINDA za natan\u010dno niveliranje postelje<\/strong><\/h2>\n<p><span style=\"font-weight: 400;\">Sonda SuperPINDA zagotavlja popolne prve plasti vsaki\u010d s popolnoma samodejnim niveliranjem mre\u017easte postelje. Pred vsakim odtisom preizkusi posteljo na ve\u010d lokacijah in ustvari navidezni zemljevid vi\u0161ine, da zagotovi brezhiben prvi sloj za vsak tisk.<\/span><\/p>\n<h2><strong>Omre\u017ena povezljivost za oddaljeno upravljanje<\/strong><\/h2>\n<p><span style=\"font-weight: 400;\">MINI+, ki je opremljen z ethernet priklju\u010dkom, vam omogo\u010da preprosto integracijo s Prusinim sistemom za daljinsko upravljanje tiskanja Prusa Connect. Svoje natise lahko upravljate, nalagate nove datoteke ali celo vdelano programsko opremo na daljavo za\u017eenete prek spletnega brskalnika. Izbirna nadgradnja Wi-Fi naredi to \u0161e bolj priro\u010dno.<\/span><\/p>\n<h2><strong>Varnostne funkcije<\/strong><\/h2>\n<p><span style=\"font-weight: 400;\">MINI+ je zasnovan z mislijo na varnost. Vsaka enota je podvr\u017eena strogemu internemu testiranju, ki zagotavlja, da vsi deli izpolnjujejo najvi\u0161je standarde. Opremljen s tremi termistorji in visokokakovostnim napajalnikom (Delta ali Mean Well, odvisno od va\u0161e regije), je MINI+ izdelan za varno in zanesljivo delovanje.<\/span><\/p>\n<h2><strong>Tiskanje z enim klikom<\/strong><\/h2>\n<p><span style=\"font-weight: 400;\">Tiskanje je preprosto s funkcijo enega klika. Preprosto vstavite pogon USB z razrezano datoteko, izberite natis v meniju za predogled predmeta in kliknite enkrat, da za\u010dnete. MINI+ bo poskrbel za ostalo.<\/span><\/p>\n<h2><strong>32-bitna vdelana platforma za mo\u010d in prilagodljivost<\/strong><\/h2>\n<p><span style=\"font-weight: 400;\">MINI+ poganja na\u0161a po meri narejena 32-bitna mati\u010dna plo\u0161\u010da &#8220;Buddy&#8221;, ki vklju\u010duje gonilnike Trinamic 2209 za natan\u010dno in gladko delovanje. Izvorno poganja Input Shaper in Pressure Advance, kar omogo\u010da hitrej\u0161e tiskanje brez potrebe po dodatni strojni opremi. Prav tako se brezhibno integrira s Prusa Connect za oddaljeno upravljanje.<\/span><\/p>\n","protected":false},"excerpt":{"rendered":"<p><span style=\"font-weight: 400;\">Original Prusa MINI+ ponuja veliko zmogljivost tiskalnika v kompaktni zasnovi, ki je zdaj hitrej\u0161i kot kdaj koli prej z dodatkom Input Shaper in Pressure Advance. MINI+ je zanesljiv, hiter in pripravljen za enostavno opravljanje \u0161tevilnih projektov. Poleg tega je opremljen s tiskalno plo\u0161\u010do Smooth PEI za optimalen oprijem.<\/span><\/p>\n","protected":false},"featured_media":65917,"comment_status":"closed","ping_status":"closed","template":"","meta":{"_acf_changed":false},"product_brand":[],"product_cat":[733,736,2639,735,759],"product_tag":[],"brand":[],"class_list":{"0":"post-65921","1":"product","2":"type-product","3":"status-publish","4":"has-post-thumbnail","6":"product_cat-3d-tiskalnik","7":"product_cat-fdm-tiskalnik","8":"product_cat-prusa","9":"product_cat-vsi-3d-tiskalniki","10":"product_cat-znizano","12":"first","13":"instock","14":"sale","15":"taxable","16":"shipping-taxable","17":"purchasable","18":"product-type-simple"},"acf":[],"_links":{"self":[{"href":"https:\/\/azurefilm.com\/sl\/wp-json\/wp\/v2\/product\/65921","targetHints":{"allow":["GET"]}}],"collection":[{"href":"https:\/\/azurefilm.com\/sl\/wp-json\/wp\/v2\/product"}],"about":[{"href":"https:\/\/azurefilm.com\/sl\/wp-json\/wp\/v2\/types\/product"}],"replies":[{"embeddable":true,"href":"https:\/\/azurefilm.com\/sl\/wp-json\/wp\/v2\/comments?post=65921"}],"wp:featuredmedia":[{"embeddable":true,"href":"https:\/\/azurefilm.com\/sl\/wp-json\/wp\/v2\/media\/65917"}],"wp:attachment":[{"href":"https:\/\/azurefilm.com\/sl\/wp-json\/wp\/v2\/media?parent=65921"}],"wp:term":[{"taxonomy":"product_brand","embeddable":true,"href":"https:\/\/azurefilm.com\/sl\/wp-json\/wp\/v2\/product_brand?post=65921"},{"taxonomy":"product_cat","embeddable":true,"href":"https:\/\/azurefilm.com\/sl\/wp-json\/wp\/v2\/product_cat?post=65921"},{"taxonomy":"product_tag","embeddable":true,"href":"https:\/\/azurefilm.com\/sl\/wp-json\/wp\/v2\/product_tag?post=65921"},{"taxonomy":"brand","embeddable":true,"href":"https:\/\/azurefilm.com\/sl\/wp-json\/wp\/v2\/brand?post=65921"}],"curies":[{"name":"wp","href":"https:\/\/api.w.org\/{rel}","templated":true}]}}