
{"id":68820,"date":"2025-01-10T12:10:54","date_gmt":"2025-01-10T12:10:54","guid":{"rendered":"https:\/\/azurefilm.com\/?post_type=product&#038;p=68820"},"modified":"2026-02-10T10:23:09","modified_gmt":"2026-02-10T10:23:09","slug":"creality-k2-plus-combo-pro-pack","status":"publish","type":"product","link":"https:\/\/azurefilm.com\/sl\/izdelek\/creality-k2-plus-combo-pro-pack\/","title":{"rendered":"Creality K2 Plus Combo BUNDLE"},"content":{"rendered":"<p>Creality K2 Plus Combo je prvi 3D tiskalnik podjetja Creality z ve\u010dbarvnim sistemom tiskanja! CFS ali Creality Filament System omogo\u010da tiskanje s 4 barvami hkrati, kar uvr\u0161\u010da Creality med najbolj inovativne znamke 3D tiskalnikov ta trenutek.<\/p>\n<h2><strong>Ve\u010dbarvni tisk<\/strong><\/h2>\n<p>Sistem CFS omogo\u010da tiskanje v 4 barvah hkrati. Poleg tega lahko pove\u017eete 4 enote CFS ter s tem ustvarite 16-barvni sistem.<\/p>\n<p>Sistem CFS omogo\u010da avtomatizirano vstavljanje in menjavo filamentov. Ima zaprt dizajn z nadzorom temperature in vla\u017enosti, ki aktivno vzdr\u017euje optimalne pogoje tiskanja in su\u0161i filament. CFS je zdru\u017eljiv s K2 Plus in drugimi prihodnjimi Creality tiskalniki. Sistem izbolj\u0161uje kakovost in u\u010dinkovitost tiskanja, podpira vodotopne materiale za la\u017ejo naknadno obdelavo ter \u0161iri ustvarjalne in oblikovalske mo\u017enosti.<\/p>\n<p>Creality je napovedal, da bodo nadgradnje CFS v prihodnosti na voljo za modele K1 in Ender 3 V3.<\/p>\n<h2><strong>Krmiljenje motorja z zaprto zanko<\/strong><\/h2>\n<p>Implementacija motorja z zaprto zanko FOC (Field-Oriented Control) za vse motorje na novem tiskalniku K2 Plus zagotavlja bolj\u0161i nadzor motorjev, vklju\u010dno z ekstruderjem. Obstaja ve\u010d kot 32.000 nadzorovanih mikrokorakov z vsakim vrtenjem motorja, kar zagotavlja izbolj\u0161an navor, vrhunsko natan\u010dnost, nizke stopnje napak in izjemno visoke hitrosti.<\/p>\n<h2><strong>Ekstruder z direktnim pogonom APUS<\/strong><\/h2>\n<p>Ta novi direktni pogon poleg svoje zmogljivosti vsebuje tudi vgrajen senzor iztekanja filamenta in natan\u010den senzor izravnave. Zobniki so izdelani iz kaljenega jekla in prevle\u010deni z DLC premazom, ki \u0161\u010diti in zagotavlja stabilnost pri tisku z zahtevnej\u0161imi materiali, kot je Carbon Fiber filament. Vro\u010di konec (hotend) se segreje do 350\u00b0C in ima bolj\u0161i pretok v primerjavi s prej\u0161njim modelom.<\/p>\n<h2><strong>Velik pospe\u0161ek in hitrost<\/strong><\/h2>\n<p>K2 Plus lahko dose\u017ee hitrost do 600 mm\/s, njegovi pospe\u0161ki pa segajo do 30.000 mm\/s\u00b2. Tako je ta model trenutno eden izmed tiskalnikov z najhitrej\u0161imi mo\u017enostmi pospe\u0161evanja, kar posledi\u010dno omogo\u010da izjemno hitro tiskanje.<\/p>\n<h2><strong>Velik format tiskanja<\/strong><\/h2>\n<p>Creality je dokazal svojo zavezanost povratnim informacijam strank z vklju\u010ditvijo velikodu\u0161ne povr\u0161ine za tiskanje 350 mm\u00b3 v novi model. To obse\u017eno podro\u010dje je impresivno za namizni tiskalnik in odpira nove ustvarjalne mo\u017enosti.<\/p>\n","protected":false},"excerpt":{"rendered":"<p><span style=\"font-weight: 400;\">Creality K2 Plus Combo: ve\u010dbarvno tiskanje s sistemom CFS pri visoki hitrosti delovanja v kombinaciji s \u0161tirimi kilogrami AzureFilm Refill filamentov in 4 Master Spool-i.<\/span><\/p>\n<p>&nbsp;<\/p>\n","protected":false},"featured_media":86747,"comment_status":"closed","ping_status":"closed","template":"","meta":{"_acf_changed":false},"product_brand":[],"product_cat":[733,739,736,755,735,759],"product_tag":[],"brand":[832],"class_list":{"0":"post-68820","1":"product","2":"type-product","3":"status-publish","4":"has-post-thumbnail","6":"product_cat-3d-tiskalnik","7":"product_cat-creality","8":"product_cat-fdm-tiskalnik","9":"product_cat-posebni-paketi","10":"product_cat-vsi-3d-tiskalniki","11":"product_cat-znizano","12":"pa_colour-bela","13":"pa_colour-crna","14":"pa_colour-modra","15":"pa_colour-rdeca","16":"pa_colour-rjava","17":"pa_colour-siva","18":"pa_colour-zelena-sl","19":"pa_filament-diameter-1-75mm-sl","20":"pa_filament-weight-1000g-sl","21":"brand-creality-sl","23":"first","24":"onbackorder","25":"sale","26":"taxable","27":"shipping-taxable","28":"purchasable","29":"product-type-variable"},"acf":[],"_links":{"self":[{"href":"https:\/\/azurefilm.com\/sl\/wp-json\/wp\/v2\/product\/68820","targetHints":{"allow":["GET"]}}],"collection":[{"href":"https:\/\/azurefilm.com\/sl\/wp-json\/wp\/v2\/product"}],"about":[{"href":"https:\/\/azurefilm.com\/sl\/wp-json\/wp\/v2\/types\/product"}],"replies":[{"embeddable":true,"href":"https:\/\/azurefilm.com\/sl\/wp-json\/wp\/v2\/comments?post=68820"}],"wp:featuredmedia":[{"embeddable":true,"href":"https:\/\/azurefilm.com\/sl\/wp-json\/wp\/v2\/media\/86747"}],"wp:attachment":[{"href":"https:\/\/azurefilm.com\/sl\/wp-json\/wp\/v2\/media?parent=68820"}],"wp:term":[{"taxonomy":"product_brand","embeddable":true,"href":"https:\/\/azurefilm.com\/sl\/wp-json\/wp\/v2\/product_brand?post=68820"},{"taxonomy":"product_cat","embeddable":true,"href":"https:\/\/azurefilm.com\/sl\/wp-json\/wp\/v2\/product_cat?post=68820"},{"taxonomy":"product_tag","embeddable":true,"href":"https:\/\/azurefilm.com\/sl\/wp-json\/wp\/v2\/product_tag?post=68820"},{"taxonomy":"brand","embeddable":true,"href":"https:\/\/azurefilm.com\/sl\/wp-json\/wp\/v2\/brand?post=68820"}],"curies":[{"name":"wp","href":"https:\/\/api.w.org\/{rel}","templated":true}]}}