
{"id":71609,"date":"2025-02-18T07:18:34","date_gmt":"2025-02-18T07:18:34","guid":{"rendered":"https:\/\/azurefilm.com\/?post_type=product&#038;p=71609"},"modified":"2025-09-17T11:32:23","modified_gmt":"2025-09-17T11:32:23","slug":"creality-hi-combo","status":"publish","type":"product","link":"https:\/\/azurefilm.com\/sl\/izdelek\/creality-hi-combo\/","title":{"rendered":"Creality Hi Combo"},"content":{"rendered":"<p><span style=\"font-weight: 400;\">Creality Hi Combo zdru\u017euje napredni 3D tiskalnik Creality Hi in multimaterialni sistem Creality CFS za natan\u010dno tiskanje z impresivno hitrostjo. Ta paket vam omogo\u010da prosto eksperimentiranje z razli\u010dnimi materiali in barvami, hkrati pa zagotavlja visokokakovostne rezultate.<\/span><\/p>\n<h2><strong>Creality Hi: pametno in u\u010dinkovito tiskanje<\/strong><\/h2>\n<p><span style=\"font-weight: 400;\">Ne glede na to, ali ste za\u010detnik ali profesionalec, Creality Hi naredi 3D tiskanje hitrej\u0161e, pametnej\u0161e in enostavnej\u0161e. Z vrhunsko tehnologijo, intuitivnimi kontrolami in elegantno, stabilno zasnovo izbolj\u0161a va\u0161o izku\u0161njo tiskanja.<\/span><\/p>\n<h3><strong>Hitra monta\u017ea<\/strong><\/h3>\n<p><span style=\"font-weight: 400;\">Creality Hi je 95 % vnaprej sestavljen &#8211; samo sedem vijakov in nekaj povezav, in pripravljeni ste na tiskanje v 8 minutah! Nastavitev programske opreme in za\u010detna kalibracija sta enako preprosti.<\/span><\/p>\n<h3><strong>Stabilnost se sre\u010da s stilom<\/strong><\/h3>\n<p><span style=\"font-weight: 400;\">Elegantno ohi\u0161je Creality Hi iz popolnoma kovinske zlitine nudi stabilnost, medtem ko sistem linearnih tirnic na osi X in dvojne linearne palice na osi Y zagotavljajo gladko gibanje in natan\u010dno tiskanje.<\/span><\/p>\n<h3><strong>Hitro tiskanje<\/strong><\/h3>\n<p><span style=\"font-weight: 400;\">FOC-Step-Servo motorji podjetja Creality Hi omogo\u010dajo hitrost tiskanja do 500 mm\/s in pospe\u0161ek 12000 mm\/s\u00b2, kar zagotavlja hitrost in natan\u010dnost.<\/span><\/p>\n<h3><strong>Samodejno niveliranje postelje za popolne prve plasti<\/strong><\/h3>\n<p><span style=\"font-weight: 400;\">Samodejni sistem niveliranja postelje zagotavlja, da so va\u0161e prve plasti vsaki\u010d brezhibne, zahvaljujo\u010d natan\u010dnim nastavitvam z dvojnimi vodilnimi vijaki na osi X.<\/span><\/p>\n<h3><strong>Hitro ogrevanje za hitrej\u0161e zagone<\/strong><\/h3>\n<p><span style=\"font-weight: 400;\">Ogrevana postelja z mo\u010djo 1000 W dose\u017ee 60 \u00b0C v samo 30 sekundah in 100 \u00b0C v 90 sekundah, kar omogo\u010da hitre priprave za tiskanje in hitrej\u0161i za\u010detek tiskanja.<\/span><\/p>\n<h3><strong>Obvestila z zvo\u010dnimi opozorili<\/strong><\/h3>\n<p><span style=\"font-weight: 400;\">Vgrajena zvo\u010dna opozorila vas obve\u0161\u010dajo o posodobitvah stanja tiskanja, na primer ko je tiskanje kon\u010dano ali za\u010dasno prekinjeno.<\/span><\/p>\n<h3><strong>Dodatne funkcije:<\/strong><\/h3>\n<ul>\n<li style=\"font-weight: 400;\" aria-level=\"1\"><span style=\"font-weight: 400;\">Izjemno vzdr\u017eljivi kovinski zobniki za dolgotrajno iztiskanje<\/span><\/li>\n<li style=\"font-weight: 400;\" aria-level=\"1\"><span style=\"font-weight: 400;\">U\u010dinkovit rezalnik filamentov z magnetnim umikom<\/span><\/li>\n<li style=\"font-weight: 400;\" aria-level=\"1\"><span style=\"font-weight: 400;\">Senzor iztekanja za zmanj\u0161ano koli\u010dino odpadnih filamentov<\/span><\/li>\n<li style=\"font-weight: 400;\" aria-level=\"1\"><span style=\"font-weight: 400;\">Vgrajena kamera za nadzor na daljavo<\/span><\/li>\n<li style=\"font-weight: 400;\" aria-level=\"1\"><span style=\"font-weight: 400;\">Tiho delovanje pri ~48 dB<\/span><\/li>\n<li style=\"font-weight: 400;\" aria-level=\"1\"><span style=\"font-weight: 400;\">3,2-pal\u010dni zaslon na dotik<\/span><\/li>\n<\/ul>\n<h2><strong>Creality CFS: Enostavno ve\u010dmaterialno tiskanje<\/strong><\/h2>\n<p><span style=\"font-weight: 400;\">Creality CFS (Color Filament System) je inteligenten sistem za ve\u010d materialov s \u0161tirimi re\u017eami za filamente, popoln za ve\u010dbarvno tiskanje in hkratno uporabo razli\u010dnih materialov.<\/span><\/p>\n<h3><strong>Avtomatizirano upravljanje filamentov<\/strong><\/h3>\n<p><span style=\"font-weight: 400;\">Sistem samodejno nalo\u017ei in razbremeni filament, kar odpravlja potrebo po ro\u010dni menjavi. Slu\u017ei tudi kot suha \u0161katla za shranjevanje filamentov, s prikazoma temperature in vla\u017enosti za optimalno ohranitev filamentov.<\/span><\/p>\n<h3><strong>RFID prepoznavanje materiala<\/strong><\/h3>\n<p><span style=\"font-weight: 400;\">Sistem CFS samodejno prepozna vrste filamentov z uporabo RFID, kar zagotavlja brezhibno upravljanje materiala.<\/span><\/p>\n<h3><strong>Zdru\u017eljivost in zmogljivost<\/strong><\/h3>\n<p><span style=\"font-weight: 400;\">CFS sprejme \u0161tiri kolute filamenta po 1 kg (premer 197\u2013202 mm, \u0161irina 42\u201368 mm).\u00a0<\/span><\/p>\n<h3><strong>CFS specifikacije:\u00a0<\/strong><\/h3>\n<ul>\n<li>Izdelek: <span style=\"font-weight: 400;\">CFS<\/span><\/li>\n<li>Podprt 3D tiskalnik: <span style=\"font-weight: 400;\">Creality Hi<\/span><\/li>\n<li>Dimenzije: <span style=\"font-weight: 400;\">379x314x276 mm<\/span><\/li>\n<li>Priklju\u010dna vrata: <span style=\"font-weight: 400;\">Creality 485&#215;2<\/span><\/li>\n<li>Neto te\u017ea: <span style=\"font-weight: 400;\">4,56 kg<\/span><\/li>\n<li>\u0160tevilo re\u017e za filamente: <span style=\"font-weight: 400;\">4<\/span><\/li>\n<li>Zaslon: <span style=\"font-weight: 400;\">Segment LCD, <\/span><span style=\"font-weight: 400;\">prikazuje temperaturo in vla\u017enost<\/span><\/li>\n<li>\u0160tevilo raz\u0161iritev: <span style=\"font-weight: 400;\">\u2264 4<\/span><\/li>\n<li>Filamentni pufer: <span style=\"font-weight: 400;\">IN x 4 &amp; OUT x 1<\/span><\/li>\n<li>Zdru\u017eljivost s filamenti: <span style=\"font-weight: 400;\">1 kg kolut filamenta; <\/span><span style=\"font-weight: 400;\">premer: 197-202 mm, debelina: 42-68 mm<\/span><\/li>\n<li>Premer filamenta: <span style=\"font-weight: 400;\">1,75\u00b10,05 mm<\/span><\/li>\n<li>Napajanje: <span style=\"font-weight: 400;\">DC 24V<\/span><\/li>\n<li>Nazivna mo\u010d: <span style=\"font-weight: 400;\">20W<\/span><\/li>\n<li>Metoda su\u0161enja: <span style=\"font-weight: 400;\">Su\u0161ilno sredstvo<\/span><\/li>\n<li>Indikator stanja: <span style=\"font-weight: 400;\">Indikatorska lu\u010dka (bela\/rde\u010da) x 4<\/span><\/li>\n<li>Prepoznavanje filamentov RFID: <span style=\"font-weight: 400;\">Da<\/span><\/li>\n<li>Podprti filamenti: <span style=\"font-weight: 400;\">PLA\/PETG\/ABS\/ASA\/PET\/PLA-CF, <\/span><span style=\"font-weight: 400;\">*Ni zdru\u017eljivo z upogljivimi TPU, vla\u017enimi BVOH\/PVA ali ukrivljenimi kartonskimi koluti.<\/span><\/li>\n<li>Samodejni \u017earilni rele: <span style=\"font-weight: 400;\">Da<\/span><\/li>\n<\/ul>\n<p>&nbsp;<\/p>\n","protected":false},"excerpt":{"rendered":"<p><span style=\"font-weight: 400;\">Spoznajte Creality Hi Combo! Zdru\u017euje napredni 3D tiskalnik Creality Hi in multimaterialni sistem Creality CFS za natan\u010dno tiskanje z impresivno hitrostjo. Ta paket vam omogo\u010da svobodno eksperimentiranje z razli\u010dnimi materiali in barvami, hkrati pa zagotavlja visokokakovostne rezultate!<\/span><\/p>\n<p>&nbsp;<\/p>\n","protected":false},"featured_media":71703,"comment_status":"closed","ping_status":"closed","template":"","meta":{"_acf_changed":false},"product_brand":[],"product_cat":[733,2799,739,736,735,759],"product_tag":[],"brand":[],"class_list":{"0":"post-71609","1":"product","2":"type-product","3":"status-publish","4":"has-post-thumbnail","6":"product_cat-3d-tiskalnik","7":"product_cat-back-to-school-sl","8":"product_cat-creality","9":"product_cat-fdm-tiskalnik","10":"product_cat-vsi-3d-tiskalniki","11":"product_cat-znizano","13":"first","14":"outofstock","15":"sale","16":"taxable","17":"shipping-taxable","18":"purchasable","19":"product-type-simple"},"acf":[],"_links":{"self":[{"href":"https:\/\/azurefilm.com\/sl\/wp-json\/wp\/v2\/product\/71609","targetHints":{"allow":["GET"]}}],"collection":[{"href":"https:\/\/azurefilm.com\/sl\/wp-json\/wp\/v2\/product"}],"about":[{"href":"https:\/\/azurefilm.com\/sl\/wp-json\/wp\/v2\/types\/product"}],"replies":[{"embeddable":true,"href":"https:\/\/azurefilm.com\/sl\/wp-json\/wp\/v2\/comments?post=71609"}],"wp:featuredmedia":[{"embeddable":true,"href":"https:\/\/azurefilm.com\/sl\/wp-json\/wp\/v2\/media\/71703"}],"wp:attachment":[{"href":"https:\/\/azurefilm.com\/sl\/wp-json\/wp\/v2\/media?parent=71609"}],"wp:term":[{"taxonomy":"product_brand","embeddable":true,"href":"https:\/\/azurefilm.com\/sl\/wp-json\/wp\/v2\/product_brand?post=71609"},{"taxonomy":"product_cat","embeddable":true,"href":"https:\/\/azurefilm.com\/sl\/wp-json\/wp\/v2\/product_cat?post=71609"},{"taxonomy":"product_tag","embeddable":true,"href":"https:\/\/azurefilm.com\/sl\/wp-json\/wp\/v2\/product_tag?post=71609"},{"taxonomy":"brand","embeddable":true,"href":"https:\/\/azurefilm.com\/sl\/wp-json\/wp\/v2\/brand?post=71609"}],"curies":[{"name":"wp","href":"https:\/\/api.w.org\/{rel}","templated":true}]}}