
{"id":73117,"date":"2025-03-21T08:25:54","date_gmt":"2025-03-21T08:25:54","guid":{"rendered":"https:\/\/azurefilm.com\/?post_type=product&#038;p=73117"},"modified":"2025-03-21T08:25:55","modified_gmt":"2025-03-21T08:25:55","slug":"bambu-lab-hladilni-ventilator-delov","status":"publish","type":"product","link":"https:\/\/azurefilm.com\/sl\/izdelek\/bambu-lab-hladilni-ventilator-delov\/","title":{"rendered":"Bambu Lab hladilni ventilator delov"},"content":{"rendered":"<p><span style=\"font-weight: 400;\">Bambu Lab hladilni ventilator delov je izdelan iz visokokakovostnih materialov za zmanj\u0161anje vibracij. Pomaga pri u\u010dinkovitem odvajanju toplote iz ohi\u0161ja, kar zagotavlja optimalno delovanje in omogo\u010da visoko hitrost tiskanja tudi v zaprtem okolju.<\/span><\/p>\n<p><span style=\"font-weight: 400;\">Ustreza tiskalnikom: Bambu Lab P1P, Bambu Lab P1S, Bambu Lab P1S Combo, Bambu Lab X1 Carbon, Bambu Lab X1 Carbon Combo<\/span><\/p>\n","protected":false},"excerpt":{"rendered":"<p><span style=\"font-weight: 400;\">Kupite Bambu Lab hladilni ventilator delov &#8211; narejen iz visokokakovostnih materialov za zmanj\u0161anje vibracij.<\/span><\/p>\n","protected":false},"featured_media":73256,"comment_status":"closed","ping_status":"closed","template":"","meta":{"_acf_changed":false},"product_brand":[],"product_cat":[760,776,761],"product_tag":[],"brand":[],"class_list":{"0":"post-73117","1":"product","2":"type-product","3":"status-publish","4":"has-post-thumbnail","6":"product_cat-rezervni-deli","7":"product_cat-ventilatorji","8":"product_cat-vsi-rezervni-deli","9":"pa_compatible-with-bambulab-fdm-3d-printers","10":"pa_fits-printer-all-bambu-lab-x1-series-p1-series","11":"pa_fits-printer-bambu-lab-p1p","12":"pa_fits-printer-bambu-lab-x1-carbon","14":"first","15":"instock","16":"taxable","17":"shipping-taxable","18":"purchasable","19":"product-type-simple"},"acf":[],"_links":{"self":[{"href":"https:\/\/azurefilm.com\/sl\/wp-json\/wp\/v2\/product\/73117","targetHints":{"allow":["GET"]}}],"collection":[{"href":"https:\/\/azurefilm.com\/sl\/wp-json\/wp\/v2\/product"}],"about":[{"href":"https:\/\/azurefilm.com\/sl\/wp-json\/wp\/v2\/types\/product"}],"replies":[{"embeddable":true,"href":"https:\/\/azurefilm.com\/sl\/wp-json\/wp\/v2\/comments?post=73117"}],"wp:featuredmedia":[{"embeddable":true,"href":"https:\/\/azurefilm.com\/sl\/wp-json\/wp\/v2\/media\/73256"}],"wp:attachment":[{"href":"https:\/\/azurefilm.com\/sl\/wp-json\/wp\/v2\/media?parent=73117"}],"wp:term":[{"taxonomy":"product_brand","embeddable":true,"href":"https:\/\/azurefilm.com\/sl\/wp-json\/wp\/v2\/product_brand?post=73117"},{"taxonomy":"product_cat","embeddable":true,"href":"https:\/\/azurefilm.com\/sl\/wp-json\/wp\/v2\/product_cat?post=73117"},{"taxonomy":"product_tag","embeddable":true,"href":"https:\/\/azurefilm.com\/sl\/wp-json\/wp\/v2\/product_tag?post=73117"},{"taxonomy":"brand","embeddable":true,"href":"https:\/\/azurefilm.com\/sl\/wp-json\/wp\/v2\/brand?post=73117"}],"curies":[{"name":"wp","href":"https:\/\/api.w.org\/{rel}","templated":true}]}}