
{"id":73122,"date":"2025-03-21T08:25:04","date_gmt":"2025-03-21T08:25:04","guid":{"rendered":"https:\/\/azurefilm.com\/?post_type=product&#038;p=73122"},"modified":"2025-08-20T16:04:37","modified_gmt":"2025-08-20T16:04:37","slug":"bambu-lab-ams-podajalnik-prve-stopnje","status":"publish","type":"product","link":"https:\/\/azurefilm.com\/sl\/izdelek\/bambu-lab-ams-podajalnik-prve-stopnje\/","title":{"rendered":"Bambu Lab AMS podajalnik prve stopnje"},"content":{"rendered":"<p><span style=\"font-weight: 400;\">Bambu Lab AMS podajalnik prve stopnje je zasnovan tako, da podpira avtomatski materialni sistem (AMS) za ve\u010dbarvno tiskanje in tiskanje iz ve\u010d materialov. Vsaka enota AMS vsebuje \u0161tiri podajalnike prve stopnje, od katerih je vsak opremljen s svojim motorjem in zobniki za aktivno potiskanje filamenta naprej ali navijanje nazaj na tuljavo. Podajalnik ima tudi senzor za zaznavanje filamenta \u2013 ko je filament vstavljen, ga samodejno potegne noter. Ko je potrebno navijanje nazaj, podajalnik vklopi pogonsko gred AMS, da zavrti tuljavo in gladko umakne filament.<\/span><\/p>\n<p><span style=\"font-weight: 400;\">Ustreza tiskalnikom: Bambu Lab P1S Combo, Bambu Lab X1 Carbon Combo, Bambu Lab AMS<\/span><\/p>\n","protected":false},"excerpt":{"rendered":"<p><span style=\"font-weight: 400;\">Kupite Bambu Lab AMS podajalnik prve stopnje \u2013 zasnovan za podporo avtomatskega materialnega sistema (AMS) za ve\u010dbarvno in ve\u010dmaterialno tiskanje.<\/span><\/p>\n","protected":false},"featured_media":73262,"comment_status":"closed","ping_status":"closed","template":"","meta":{"_acf_changed":false},"product_brand":[],"product_cat":[760,775,773,761],"product_tag":[],"brand":[],"class_list":{"0":"post-73122","1":"product","2":"type-product","3":"status-publish","4":"has-post-thumbnail","6":"product_cat-rezervni-deli","7":"product_cat-deli-ekstruderja","8":"product_cat-ekstruderji","9":"product_cat-vsi-rezervni-deli","10":"pa_compatible-with-bambulab-fdm-3d-printers","11":"pa_fits-printer-bambu-lab-ams","12":"pa_fits-printer-bambu-lab-p1s-combo","13":"pa_fits-printer-bambu-lab-x1-carbon-combo","15":"first","16":"outofstock","17":"taxable","18":"shipping-taxable","19":"purchasable","20":"product-type-simple"},"acf":[],"_links":{"self":[{"href":"https:\/\/azurefilm.com\/sl\/wp-json\/wp\/v2\/product\/73122","targetHints":{"allow":["GET"]}}],"collection":[{"href":"https:\/\/azurefilm.com\/sl\/wp-json\/wp\/v2\/product"}],"about":[{"href":"https:\/\/azurefilm.com\/sl\/wp-json\/wp\/v2\/types\/product"}],"replies":[{"embeddable":true,"href":"https:\/\/azurefilm.com\/sl\/wp-json\/wp\/v2\/comments?post=73122"}],"wp:featuredmedia":[{"embeddable":true,"href":"https:\/\/azurefilm.com\/sl\/wp-json\/wp\/v2\/media\/73262"}],"wp:attachment":[{"href":"https:\/\/azurefilm.com\/sl\/wp-json\/wp\/v2\/media?parent=73122"}],"wp:term":[{"taxonomy":"product_brand","embeddable":true,"href":"https:\/\/azurefilm.com\/sl\/wp-json\/wp\/v2\/product_brand?post=73122"},{"taxonomy":"product_cat","embeddable":true,"href":"https:\/\/azurefilm.com\/sl\/wp-json\/wp\/v2\/product_cat?post=73122"},{"taxonomy":"product_tag","embeddable":true,"href":"https:\/\/azurefilm.com\/sl\/wp-json\/wp\/v2\/product_tag?post=73122"},{"taxonomy":"brand","embeddable":true,"href":"https:\/\/azurefilm.com\/sl\/wp-json\/wp\/v2\/brand?post=73122"}],"curies":[{"name":"wp","href":"https:\/\/api.w.org\/{rel}","templated":true}]}}