
{"id":73127,"date":"2025-03-21T08:24:24","date_gmt":"2025-03-21T08:24:24","guid":{"rendered":"https:\/\/azurefilm.com\/?post_type=product&#038;p=73127"},"modified":"2025-03-21T08:24:24","modified_gmt":"2025-03-21T08:24:24","slug":"bambu-lab-ams-active-support-shaft","status":"publish","type":"product","link":"https:\/\/azurefilm.com\/sl\/izdelek\/bambu-lab-ams-active-support-shaft\/","title":{"rendered":"Bambu Lab AMS Active Support Shaft"},"content":{"rendered":"<p><span style=\"font-weight: 400;\">Sklop aktivne podporne gredi AMS je klju\u010dna komponenta avtomatskega materialnega sistema (AMS), zasnovanega za zagotavljanje gladkega in zanesljivega ravnanja z \u017earilno nitko. Pomaga ohranjati natan\u010dno gibanje \u017earilne nitke, zmanj\u0161a trenje in izbolj\u0161a splo\u0161no delovanje med spremembami materiala. Ta sklop, izdelan za vzdr\u017eljivost in natan\u010dnost, igra klju\u010dno vlogo pri ohranjanju brezhibnih in u\u010dinkovitih natisov iz ve\u010d materialov.<\/span><\/p>\n<p><span style=\"font-weight: 400;\">Ustreza tiskalnikom: Bambu Lab P1S Combo, Bambu Lab X1 Carbon Combo, Bambu Lab AMS<\/span><\/p>\n","protected":false},"excerpt":{"rendered":"<p><span style=\"font-weight: 400;\">Kupite Bambu Lab AMS Active Support Shaft &#8211; zasnovan tako, da zagotavlja gladko in zanesljivo ravnanje s filamentom.<\/span><\/p>\n","protected":false},"featured_media":73268,"comment_status":"closed","ping_status":"closed","template":"","meta":{"_acf_changed":false},"product_brand":[],"product_cat":[760,775,773,761],"product_tag":[],"brand":[],"class_list":{"0":"post-73127","1":"product","2":"type-product","3":"status-publish","4":"has-post-thumbnail","6":"product_cat-rezervni-deli","7":"product_cat-deli-ekstruderja","8":"product_cat-ekstruderji","9":"product_cat-vsi-rezervni-deli","10":"pa_compatible-with-bambulab-fdm-3d-printers","11":"pa_fits-printer-bambu-lab-ams","12":"pa_fits-printer-bambu-lab-p1s-combo","13":"pa_fits-printer-bambu-lab-x1-carbon-combo","15":"first","16":"outofstock","17":"taxable","18":"shipping-taxable","19":"purchasable","20":"product-type-simple"},"acf":[],"_links":{"self":[{"href":"https:\/\/azurefilm.com\/sl\/wp-json\/wp\/v2\/product\/73127","targetHints":{"allow":["GET"]}}],"collection":[{"href":"https:\/\/azurefilm.com\/sl\/wp-json\/wp\/v2\/product"}],"about":[{"href":"https:\/\/azurefilm.com\/sl\/wp-json\/wp\/v2\/types\/product"}],"replies":[{"embeddable":true,"href":"https:\/\/azurefilm.com\/sl\/wp-json\/wp\/v2\/comments?post=73127"}],"wp:featuredmedia":[{"embeddable":true,"href":"https:\/\/azurefilm.com\/sl\/wp-json\/wp\/v2\/media\/73268"}],"wp:attachment":[{"href":"https:\/\/azurefilm.com\/sl\/wp-json\/wp\/v2\/media?parent=73127"}],"wp:term":[{"taxonomy":"product_brand","embeddable":true,"href":"https:\/\/azurefilm.com\/sl\/wp-json\/wp\/v2\/product_brand?post=73127"},{"taxonomy":"product_cat","embeddable":true,"href":"https:\/\/azurefilm.com\/sl\/wp-json\/wp\/v2\/product_cat?post=73127"},{"taxonomy":"product_tag","embeddable":true,"href":"https:\/\/azurefilm.com\/sl\/wp-json\/wp\/v2\/product_tag?post=73127"},{"taxonomy":"brand","embeddable":true,"href":"https:\/\/azurefilm.com\/sl\/wp-json\/wp\/v2\/brand?post=73127"}],"curies":[{"name":"wp","href":"https:\/\/api.w.org\/{rel}","templated":true}]}}