
{"id":74434,"date":"2025-04-01T11:30:12","date_gmt":"2025-04-01T11:30:12","guid":{"rendered":"https:\/\/azurefilm.com\/?post_type=product&#038;p=74434"},"modified":"2025-10-21T11:19:23","modified_gmt":"2025-10-21T11:19:23","slug":"ams-2-pro","status":"publish","type":"product","link":"https:\/\/azurefilm.com\/sl\/izdelek\/ams-2-pro\/","title":{"rendered":"AMS 2 Pro"},"content":{"rendered":"<h2>AMS 2 Pro: Napredni AMS sistem<\/h2>\n<p>Nova 2. generacija AMS sistemov, ki vklju\u010duje AMS 2 Pro in AMS HT, prina\u0161a brezkrta\u010dne servo podajalne motorje, ki bistveno pove\u010dajo u\u010dinkovitost podajanja filamenta ter pospe\u0161ijo ve\u010dbarvno in ve\u010dmaterialno tiskanje. Sistem vklju\u010duje tudi funkcijo su\u0161enja filamentov z aktivnim zra\u010dnim ventilom v popolnoma zatesnjenem ohi\u0161ju, kar omogo\u010da u\u010dinkovitej\u0161e su\u0161enje in ohranja filament v optimalnih pogojih dlje \u010dasa.<\/p>\n<h3>Klju\u010dne lastnosti:<\/h3>\n<ul>\n<li style=\"font-weight: 400;\" aria-level=\"1\"><b>Aktivni zra\u010dni ventil s 65 \u00b0C su\u0161enjem filamentov<\/b><span style=\"font-weight: 400;\"> \u2013 Samodejno odvaja vlago in zagotavlja optimalne pogoje za tiskanje.<\/span><\/li>\n<li style=\"font-weight: 400;\" aria-level=\"1\"><b>Zrakotesno shranjevanje filamentov<\/b><span style=\"font-weight: 400;\"> \u2013 Prepre\u010duje vpijanje vlage, kar je klju\u010dno za ob\u010dutljive materiale.<\/span><\/li>\n<li style=\"font-weight: 400;\" aria-level=\"1\"><b>Podpora do 24-barvnega \/ ve\u010dmaterialnega tiskanja<\/b><span style=\"font-weight: 400;\"> \u2013 Mo\u017enost povezave <\/span><b>do \u0161tirih AMS 2 Pro<\/b><span style=\"font-weight: 400;\"> in <\/span><b>osem AMS HT<\/b><span style=\"font-weight: 400;\"> enot omogo\u010da upravljanje <\/span><b>do 24 razli\u010dnih filamentov<\/b><span style=\"font-weight: 400;\"> hkrati.<\/span><\/li>\n<li style=\"font-weight: 400;\" aria-level=\"1\"><b>Brezkrta\u010dni servo podajalni motor<\/b><span style=\"font-weight: 400;\"> \u2013 Pove\u010da u\u010dinkovitost podajanja filamenta s <\/span><b>60 % hitrej\u0161o hitrostjo<\/b><span style=\"font-weight: 400;\">, kar skraj\u0161a \u010das tiskanja in izbolj\u0161a zmogljivost.<\/span><\/li>\n<li style=\"font-weight: 400;\" aria-level=\"1\"><strong>RFID sinhronizacija filamentov<\/strong><span style=\"font-weight: 400;\"> \u2013 Samodejno zazna in nastavi optimalne parametre za <\/span><b style=\"color: #555555;\">Bambu uradne filamente<\/b><span style=\"font-weight: 400;\">, kar poenostavi tiskanje.<\/span><\/li>\n<\/ul>\n","protected":false},"excerpt":{"rendered":"<p>Bambu Lab AMS 2 Pro je napreden samodejni materialni sistem, zasnovan za izbolj\u0161ano ve\u010dbarvno in ve\u010dmaterialno 3D tiskanje.<\/p>\n","protected":false},"featured_media":74430,"comment_status":"closed","ping_status":"closed","template":"","meta":{"_acf_changed":false},"product_brand":[],"product_cat":[733,796,788,736,760,735,761],"product_tag":[],"brand":[],"class_list":{"0":"post-74434","1":"product","2":"type-product","3":"status-publish","4":"has-post-thumbnail","6":"product_cat-3d-tiskalnik","7":"product_cat-bambu-lab","8":"product_cat-drugi-predmeti","9":"product_cat-fdm-tiskalnik","10":"product_cat-rezervni-deli","11":"product_cat-vsi-3d-tiskalniki","12":"product_cat-vsi-rezervni-deli","14":"first","15":"outofstock","16":"taxable","17":"shipping-taxable","18":"purchasable","19":"product-type-simple"},"acf":[],"_links":{"self":[{"href":"https:\/\/azurefilm.com\/sl\/wp-json\/wp\/v2\/product\/74434","targetHints":{"allow":["GET"]}}],"collection":[{"href":"https:\/\/azurefilm.com\/sl\/wp-json\/wp\/v2\/product"}],"about":[{"href":"https:\/\/azurefilm.com\/sl\/wp-json\/wp\/v2\/types\/product"}],"replies":[{"embeddable":true,"href":"https:\/\/azurefilm.com\/sl\/wp-json\/wp\/v2\/comments?post=74434"}],"wp:featuredmedia":[{"embeddable":true,"href":"https:\/\/azurefilm.com\/sl\/wp-json\/wp\/v2\/media\/74430"}],"wp:attachment":[{"href":"https:\/\/azurefilm.com\/sl\/wp-json\/wp\/v2\/media?parent=74434"}],"wp:term":[{"taxonomy":"product_brand","embeddable":true,"href":"https:\/\/azurefilm.com\/sl\/wp-json\/wp\/v2\/product_brand?post=74434"},{"taxonomy":"product_cat","embeddable":true,"href":"https:\/\/azurefilm.com\/sl\/wp-json\/wp\/v2\/product_cat?post=74434"},{"taxonomy":"product_tag","embeddable":true,"href":"https:\/\/azurefilm.com\/sl\/wp-json\/wp\/v2\/product_tag?post=74434"},{"taxonomy":"brand","embeddable":true,"href":"https:\/\/azurefilm.com\/sl\/wp-json\/wp\/v2\/brand?post=74434"}],"curies":[{"name":"wp","href":"https:\/\/api.w.org\/{rel}","templated":true}]}}