
{"id":74451,"date":"2025-04-01T11:30:40","date_gmt":"2025-04-01T11:30:40","guid":{"rendered":"https:\/\/azurefilm.com\/?post_type=product&#038;p=74451"},"modified":"2026-03-26T08:46:09","modified_gmt":"2026-03-26T08:46:09","slug":"ams-ht","status":"publish","type":"product","link":"https:\/\/azurefilm.com\/sl\/izdelek\/ams-ht\/","title":{"rendered":"AMS HT"},"content":{"rendered":"<h2><span style=\"font-weight: 400;\">AMS HT: Napredni AMS sistem<\/span><\/h2>\n<p>Nova 2. generacija AMS sistemov, ki vklju\u010duje AMS 2 Pro in AMS HT, prina\u0161a brezkrta\u010dne servo podajalne motorje, ki bistveno pove\u010dajo u\u010dinkovitost podajanja filamenta ter pospe\u0161ijo ve\u010dbarvno in ve\u010dmaterialno tiskanje. Sistem vklju\u010duje tudi funkcijo su\u0161enja filamentov z aktivnim zra\u010dnim ventilom v popolnoma zatesnjenem ohi\u0161ju, kar omogo\u010da u\u010dinkovitej\u0161e su\u0161enje in ohranja filament v optimalnih pogojih dlje \u010dasa.<\/p>\n<h3>U\u010dinkovito su\u0161enje filamentov:<\/h3>\n<ul>\n<li style=\"font-weight: 400;\" aria-level=\"1\"><b>Visokotemperaturno su\u0161enje do 85 \u00b0C<\/b><span style=\"font-weight: 400;\"> \u2013 Idealen za <\/span><b>PET-CF<\/b><span style=\"font-weight: 400;\"> in druge napredne materiale.<\/span><\/li>\n<li style=\"font-weight: 400;\" aria-level=\"1\"><b>Elektromagnetni zra\u010dni ventil<\/b><span style=\"font-weight: 400;\"> \u2013 Samodejno prilagaja su\u0161enje glede na <\/span><b>vla\u017enost in temperaturo<\/b><span style=\"font-weight: 400;\">.<\/span><\/li>\n<li style=\"font-weight: 400;\" aria-level=\"1\"><b>Zrakotesno shranjevanje<\/b><span style=\"font-weight: 400;\"> \u2013 Prepre\u010duje vpijanje vlage in ohranja filament v optimalnem stanju.<\/span><\/li>\n<li style=\"font-weight: 400;\" aria-level=\"1\"><b>RFID samodejno zaznavanje<\/b><span style=\"font-weight: 400;\"> \u2013 Avtomatsko nastavi pravilne parametre su\u0161enja za <\/span><b>Bambu uradne filamente<\/b><span style=\"font-weight: 400;\">.<\/span><\/li>\n<\/ul>\n<h3>Hitrej\u0161e ve\u010dmaterialno tiskanje:<\/h3>\n<ul>\n<li style=\"font-weight: 400;\" aria-level=\"1\"><b>Brezkrta\u010dni servo podajalni motorji<\/b><span style=\"font-weight: 400;\"> \u2013 Izbolj\u0161ajo u\u010dinkovitost podajanja filamenta.<\/span><\/li>\n<li style=\"font-weight: 400;\" aria-level=\"1\"><b>Optimiziran za ve\u010dmaterialno tiskanje<\/b><span style=\"font-weight: 400;\"> \u2013 Zagotavlja gladke in zanesljive prehode med materiali\/barvami.<\/span><\/li>\n<li style=\"font-weight: 400;\" aria-level=\"1\"><b style=\"color: #555555;\">Zdru\u017eljivost v prihodnosti<\/b><span style=\"font-weight: 400;\"> \u2013 Zdru\u017eljiv z vsemi <\/span><b style=\"color: #555555;\">Bambu Lab tiskalniki<\/b><span style=\"font-weight: 400;\">, podpora za <\/span><b style=\"color: #555555;\">A1 serijo prihaja v Q3 2025<\/b><span style=\"font-weight: 400;\">.<\/span><\/li>\n<\/ul>\n","protected":false},"excerpt":{"rendered":"<p><span style=\"font-weight: 400;\">Bambu Lab AMS HT (Automatic Material System High-Temperature) je napreden sistem za upravljanje filamentov, zasnovan za vrhunsko ve\u010dbarvno in ve\u010dmaterialno 3D tiskanje.<\/span><\/p>\n","protected":false},"featured_media":74447,"comment_status":"closed","ping_status":"closed","template":"","meta":{"_acf_changed":false},"product_brand":[],"product_cat":[733,796,788,736,760,735,761],"product_tag":[],"brand":[],"class_list":{"0":"post-74451","1":"product","2":"type-product","3":"status-publish","4":"has-post-thumbnail","6":"product_cat-3d-tiskalnik","7":"product_cat-bambu-lab","8":"product_cat-drugi-predmeti","9":"product_cat-fdm-tiskalnik","10":"product_cat-rezervni-deli","11":"product_cat-vsi-3d-tiskalniki","12":"product_cat-vsi-rezervni-deli","14":"first","15":"outofstock","16":"taxable","17":"shipping-taxable","18":"purchasable","19":"product-type-simple"},"acf":[],"_links":{"self":[{"href":"https:\/\/azurefilm.com\/sl\/wp-json\/wp\/v2\/product\/74451","targetHints":{"allow":["GET"]}}],"collection":[{"href":"https:\/\/azurefilm.com\/sl\/wp-json\/wp\/v2\/product"}],"about":[{"href":"https:\/\/azurefilm.com\/sl\/wp-json\/wp\/v2\/types\/product"}],"replies":[{"embeddable":true,"href":"https:\/\/azurefilm.com\/sl\/wp-json\/wp\/v2\/comments?post=74451"}],"wp:featuredmedia":[{"embeddable":true,"href":"https:\/\/azurefilm.com\/sl\/wp-json\/wp\/v2\/media\/74447"}],"wp:attachment":[{"href":"https:\/\/azurefilm.com\/sl\/wp-json\/wp\/v2\/media?parent=74451"}],"wp:term":[{"taxonomy":"product_brand","embeddable":true,"href":"https:\/\/azurefilm.com\/sl\/wp-json\/wp\/v2\/product_brand?post=74451"},{"taxonomy":"product_cat","embeddable":true,"href":"https:\/\/azurefilm.com\/sl\/wp-json\/wp\/v2\/product_cat?post=74451"},{"taxonomy":"product_tag","embeddable":true,"href":"https:\/\/azurefilm.com\/sl\/wp-json\/wp\/v2\/product_tag?post=74451"},{"taxonomy":"brand","embeddable":true,"href":"https:\/\/azurefilm.com\/sl\/wp-json\/wp\/v2\/brand?post=74451"}],"curies":[{"name":"wp","href":"https:\/\/api.w.org\/{rel}","templated":true}]}}