
{"id":76956,"date":"2025-05-15T10:54:19","date_gmt":"2025-05-15T10:54:19","guid":{"rendered":"https:\/\/azurefilm.com\/?post_type=product&#038;p=76956"},"modified":"2026-01-16T22:18:04","modified_gmt":"2026-01-16T22:18:04","slug":"235x235-mm-pei-dvostranska-tiskarska-plosca","status":"publish","type":"product","link":"https:\/\/azurefilm.com\/sl\/izdelek\/235x235-mm-pei-dvostranska-tiskarska-plosca\/","title":{"rendered":"235&#215;235 mm PEI dvostranska tiskarska plo\u0161\u010da"},"content":{"rendered":"","protected":false},"excerpt":{"rendered":"<p><span style=\"font-weight: 400;\">PEI dvostranska tiskarska plo\u0161\u010da velikosti 235&#215;235 mm zagotavlja odli\u010den oprijem prvega sloja in enostavno odstranjevanje odtisa za 3D-tiskalnike.<br \/>\n<\/span><\/p>\n","protected":false},"featured_media":77818,"comment_status":"closed","ping_status":"closed","template":"","meta":{"_acf_changed":false},"product_brand":[],"product_cat":[760,769,766,761,759],"product_tag":[],"brand":[],"class_list":{"0":"post-76956","1":"product","2":"type-product","3":"status-publish","4":"has-post-thumbnail","6":"product_cat-rezervni-deli","7":"product_cat-pei-plosce","8":"product_cat-tiskalne-povrsine","9":"product_cat-vsi-rezervni-deli","10":"product_cat-znizano","11":"pa_compatible-with-creality-fdm-3d-printers","13":"first","14":"instock","15":"sale","16":"taxable","17":"shipping-taxable","18":"purchasable","19":"product-type-simple"},"acf":[],"_links":{"self":[{"href":"https:\/\/azurefilm.com\/sl\/wp-json\/wp\/v2\/product\/76956","targetHints":{"allow":["GET"]}}],"collection":[{"href":"https:\/\/azurefilm.com\/sl\/wp-json\/wp\/v2\/product"}],"about":[{"href":"https:\/\/azurefilm.com\/sl\/wp-json\/wp\/v2\/types\/product"}],"replies":[{"embeddable":true,"href":"https:\/\/azurefilm.com\/sl\/wp-json\/wp\/v2\/comments?post=76956"}],"wp:featuredmedia":[{"embeddable":true,"href":"https:\/\/azurefilm.com\/sl\/wp-json\/wp\/v2\/media\/77818"}],"wp:attachment":[{"href":"https:\/\/azurefilm.com\/sl\/wp-json\/wp\/v2\/media?parent=76956"}],"wp:term":[{"taxonomy":"product_brand","embeddable":true,"href":"https:\/\/azurefilm.com\/sl\/wp-json\/wp\/v2\/product_brand?post=76956"},{"taxonomy":"product_cat","embeddable":true,"href":"https:\/\/azurefilm.com\/sl\/wp-json\/wp\/v2\/product_cat?post=76956"},{"taxonomy":"product_tag","embeddable":true,"href":"https:\/\/azurefilm.com\/sl\/wp-json\/wp\/v2\/product_tag?post=76956"},{"taxonomy":"brand","embeddable":true,"href":"https:\/\/azurefilm.com\/sl\/wp-json\/wp\/v2\/brand?post=76956"}],"curies":[{"name":"wp","href":"https:\/\/api.w.org\/{rel}","templated":true}]}}