
{"id":76962,"date":"2025-05-15T10:26:31","date_gmt":"2025-05-15T10:26:31","guid":{"rendered":"https:\/\/azurefilm.com\/?post_type=product&#038;p=76962"},"modified":"2026-02-17T16:19:40","modified_gmt":"2026-02-17T16:19:40","slug":"cmyk-litofanska-led-plosca","status":"publish","type":"product","link":"https:\/\/azurefilm.com\/sl\/izdelek\/cmyk-litofanska-led-plosca\/","title":{"rendered":"CMYK litofanska LED plo\u0161\u010da"},"content":{"rendered":"","protected":false},"excerpt":{"rendered":"<p><span style=\"font-weight: 400;\">Svetla in u\u010dinkovita LED-plo\u0161\u010da za osvetlitev va\u0161ih CMYK litofanov, zaradi \u010desar va\u0161e 3D-natisnjene slike izstopajo z \u017eivahnim kontrastom.<br \/>\n<\/span><\/p>\n","protected":false},"featured_media":77740,"comment_status":"closed","ping_status":"closed","template":"","meta":{"_acf_changed":false},"product_brand":[],"product_cat":[760,788,761,759],"product_tag":[],"brand":[],"class_list":{"0":"post-76962","1":"product","2":"type-product","3":"status-publish","4":"has-post-thumbnail","6":"product_cat-rezervni-deli","7":"product_cat-drugi-predmeti","8":"product_cat-vsi-rezervni-deli","9":"product_cat-znizano","11":"first","12":"instock","13":"sale","14":"taxable","15":"shipping-taxable","16":"purchasable","17":"product-type-simple"},"acf":[],"_links":{"self":[{"href":"https:\/\/azurefilm.com\/sl\/wp-json\/wp\/v2\/product\/76962","targetHints":{"allow":["GET"]}}],"collection":[{"href":"https:\/\/azurefilm.com\/sl\/wp-json\/wp\/v2\/product"}],"about":[{"href":"https:\/\/azurefilm.com\/sl\/wp-json\/wp\/v2\/types\/product"}],"replies":[{"embeddable":true,"href":"https:\/\/azurefilm.com\/sl\/wp-json\/wp\/v2\/comments?post=76962"}],"wp:featuredmedia":[{"embeddable":true,"href":"https:\/\/azurefilm.com\/sl\/wp-json\/wp\/v2\/media\/77740"}],"wp:attachment":[{"href":"https:\/\/azurefilm.com\/sl\/wp-json\/wp\/v2\/media?parent=76962"}],"wp:term":[{"taxonomy":"product_brand","embeddable":true,"href":"https:\/\/azurefilm.com\/sl\/wp-json\/wp\/v2\/product_brand?post=76962"},{"taxonomy":"product_cat","embeddable":true,"href":"https:\/\/azurefilm.com\/sl\/wp-json\/wp\/v2\/product_cat?post=76962"},{"taxonomy":"product_tag","embeddable":true,"href":"https:\/\/azurefilm.com\/sl\/wp-json\/wp\/v2\/product_tag?post=76962"},{"taxonomy":"brand","embeddable":true,"href":"https:\/\/azurefilm.com\/sl\/wp-json\/wp\/v2\/brand?post=76962"}],"curies":[{"name":"wp","href":"https:\/\/api.w.org\/{rel}","templated":true}]}}