
{"id":77260,"date":"2025-05-13T11:46:01","date_gmt":"2025-05-13T11:46:01","guid":{"rendered":"https:\/\/azurefilm.com\/?post_type=product&#038;p=77260"},"modified":"2025-08-22T10:42:49","modified_gmt":"2025-08-22T10:42:49","slug":"refill-abs-plus-grey","status":"publish","type":"product","link":"https:\/\/azurefilm.com\/sl\/izdelek\/refill-abs-plus-grey\/","title":{"rendered":"Refill ABS PLUS Grey"},"content":{"rendered":"<h2><b>Refill ABS PLUS<\/b><\/h2>\n<p><span style=\"font-weight: 400;\">Refill ABS PLUS filamenti imajo enake lastnosti kot na\u0161 ABS PLUS. Filamenti ABS PLUS so tehni\u010dni filamenti, popolni za aplikacije, ki zahtevajo izjemno <\/span><b>visoko odpornost proti udarcem<\/b><span style=\"font-weight: 400;\"> in<\/span><b> dobro toplotno odpornost<\/b><span style=\"font-weight: 400;\">. Ena od njegovih prednosti je tudi <\/span><b>dobra fleksibilnost<\/b><span style=\"font-weight: 400;\">.\u00a0<\/span><\/p>\n<p><span style=\"font-weight: 400;\">PLUS pomeni, da so v filamentu na\u0161i posebni dodatki, zaradi katerih je ta material \u0161e <\/span><b>mo\u010dnej\u0161i od obi\u010dajnega ABS<\/b><span style=\"font-weight: 400;\">. Material je odporen proti temperaturam do 85 \u00b0C, zaradi \u010desar je odli\u010den za zunanjo in tehni\u010dno uporabo.<\/span><\/p>\n<p><span style=\"font-weight: 400;\">Ta material je mogo\u010de tiskati brez ohi\u0161ja, vendar mo\u010dno <\/span><b>priporo\u010damo uporabo ohi\u0161ja ali zaprtega 3D tiskalnika<\/b><span style=\"font-weight: 400;\">.<\/span><\/p>\n<h3><strong>Kaj je novega?<\/strong><\/h3>\n<ul>\n<li><span style=\"font-weight: 400;\">Odstranili smo plasti\u010dne vezice ter jih nadomestili z bolj\u0161o alternativo za la\u017eje razpakiranje.<\/span><\/li>\n<li><span style=\"font-weight: 400;\">Konec filamenta je sedaj popolnoma raven. To prepre\u010duje, da bi se konica zagozdila v kolutu in uni\u010dila va\u0161 tisk, ko zmanjka filamenta.<\/span><\/li>\n<li><b>Popolna zdru\u017eljivost z AzureFilm in Bambu Lab koluti.<\/b><\/li>\n<\/ul>\n<h3><strong>Priporo\u010dila za tiskanje:<\/strong><\/h3>\n<ul>\n<li style=\"font-weight: 400;\" aria-level=\"1\"><span style=\"font-weight: 400;\">Za najbolj\u0161e rezultate tiskajte pri temperaturi 240\u2013260 \u00b0C*.\u00a0\u00a0<\/span><\/li>\n<li style=\"font-weight: 400;\" aria-level=\"1\"><span style=\"font-weight: 400;\">Priporo\u010dena temperatura grelne mize je 90\u2013120 \u00b0C. Priporo\u010damo uporabo ohi\u0161ja ali zaprtega 3D tiskalnika.<\/span><\/li>\n<li style=\"font-weight: 400;\" aria-level=\"1\"><span style=\"font-weight: 400;\">Uporabite stekleno plo\u0161\u010do, PEI folijo, kapton ali modri trak za tiskalno povr\u0161ino s pr\u0161ilom 3Dlac.<\/span><\/li>\n<\/ul>\n<p><i><span style=\"font-weight: 400;\">*Idealna temperatura se lahko pri uporabi razli\u010dnih tiskalnikov razlikuje.<\/span><\/i><\/p>\n<div class=\"is-divider divider clearfix\" style=\"max-width:100%;height:1px;background-color:rgb(17, 107, 168);\"><\/div>\n<p><span style=\"font-weight: 400;\">Na\u0161i Refill ABS PLUS filamenti so popolnoma zdru\u017eljivi z <\/span><a href=\"https:\/\/azurefilm.com\/sl\/izdelek\/azurefilm-master-spool-1-gratis\/\" target=\"_blank\" rel=\"noopener\"><strong>AzureFilm Master Spool-om<\/strong><\/a><span style=\"font-weight: 400;\"> &#8211; <\/span><b>edinim kolutom, ki ga boste potrebovali<\/b><span style=\"font-weight: 400;\">. Z nakupom koluta za ve\u010dkratno uporabo se nam lahko pridru\u017eite pri zmanj\u0161evanju odpadkov in zmanj\u0161anju vpliva na okolje.<\/span><\/p>\n<p><span style=\"font-weight: 400;\">AzureFilm Master Spool<\/span><span style=\"font-weight: 400;\"> je na\u0161 <\/span><b>kolut za ve\u010dkratno uporabo<\/b><span style=\"font-weight: 400;\">, ki omogo\u010da <\/span><b>trajnostno in ugodno re\u0161itev<\/b><span style=\"font-weight: 400;\"> za 3D tiskanje. Kolut je komplet <\/span><b>dveh brizganih diskov<\/b><span style=\"font-weight: 400;\">, kar mu zagotavlja visoko vzdr\u017eljivost in natan\u010dnost.<\/span><\/p>\n<p><span style=\"font-weight: 400;\">Z nakupom in ponovno uporabo na\u0161ega Master <\/span><span style=\"font-weight: 400;\">Spool-a<\/span><span style=\"font-weight: 400;\"> prispevate k \u010distej\u0161emu okolju, medtem ko u\u017eivate v zanesljivem izdelku, ki je preprost za uporabo in zdru\u017eljiv z ve\u010dino 3D tiskalnikov.<\/span><\/p>\n<div style=\"padding: 56.25% 0 0 0; position: relative;\"><iframe style=\"position: absolute; top: 0; left: 0; width: 100%; height: 100%;\" title=\"AzureFilm Master Spool\" src=\"https:\/\/player.vimeo.com\/video\/954356184?badge=0&amp;autopause=0&amp;player_id=0&amp;app_id=58479\" frameborder=\"0\"><\/iframe><\/div>\n<p><script src=\"https:\/\/player.vimeo.com\/api\/player.js\"><\/script><\/p>\n<div class=\"is-divider divider clearfix\" style=\"max-width:100%;height:1px;background-color:rgb(17, 107, 168);\"><\/div>\n<h2><strong>Zna\u010dilnosti<\/strong><\/h2>\n<table>\n<thead>\n<tr>\n<th><b>Zna\u010dilost<\/b><\/th>\n<th><b>Vrednost<\/b><\/th>\n<\/tr>\n<tr>\n<td><span style=\"font-weight: 400;\">\u00a0Fleksibilnost<\/span><\/td>\n<td><span style=\"font-weight: 400;\">Srednja<\/span><\/td>\n<\/tr>\n<tr>\n<td><span style=\"font-weight: 400;\">\u00a0Mo\u010d<\/span><\/td>\n<td><span style=\"font-weight: 400;\">Visoka<\/span><\/td>\n<\/tr>\n<tr>\n<td><span style=\"font-weight: 400;\">\u00a0Vzdr\u017eljivost<\/span><\/td>\n<td><span style=\"font-weight: 400;\">Visoka<\/span><\/td>\n<\/tr>\n<tr>\n<td><span style=\"font-weight: 400;\">\u00a0Te\u017eavnost uporabe<\/span><\/td>\n<td><span style=\"font-weight: 400;\">Srednja<\/span><\/td>\n<\/tr>\n<tr>\n<td><span style=\"font-weight: 400;\">\u00a0Kr\u010denje \/ uvijanje<\/span><\/td>\n<td><span style=\"font-weight: 400;\">Minimalno<\/span><\/td>\n<\/tr>\n<tr>\n<td><span style=\"font-weight: 400;\">\u00a0Topen<\/span><\/td>\n<td><span style=\"font-weight: 400;\">Ne<\/span><\/td>\n<\/tr>\n<tr>\n<td><span style=\"font-weight: 400;\">\u00a0Premer na voljo<\/span><\/td>\n<td><span style=\"font-weight: 400;\">1,75 mm<\/span><\/td>\n<\/tr>\n<tr>\n<td><span style=\"font-weight: 400;\">\u00a0Proizvajalec<\/span><\/td>\n<td><span style=\"font-weight: 400;\">AzureFilm<\/span><\/td>\n<\/tr>\n<\/thead>\n<\/table>\n<p><span style=\"font-weight: 400;\">\u010ce \u017eelite izvedeti ve\u010d o ASA filamentih, preberite na\u0161 <a href=\"https:\/\/azurefilm.com\/sl\/2023\/07\/11\/abs-filamenti-vse-kar-morate-vedeti\/\" target=\"_blank\" rel=\"noopener\">blog<\/a>.\u00a0<\/span><\/p>\n<p><span style=\"font-weight: 400;\">Tukaj lahko dostopate do <a href=\"https:\/\/azurefilm.com\/sl\/technical-data-sheets\/\"> tehni\u010dnega lista<\/a>.<\/span><\/p>\n","protected":false},"excerpt":{"rendered":"<p><span style=\"font-weight: 400;\">Kupite AzureFilm Refill ABS PLUS Grey za mo\u010dne 3D tiske, odporne na udarce ter UV \u017earke &#8211; idealna izbira za tehni\u010dne aplikacije pri visokih temperaturah.<\/span><\/p>\n","protected":false},"featured_media":77536,"comment_status":"closed","ping_status":"closed","template":"","meta":{"_acf_changed":false},"product_brand":[],"product_cat":[2750,659,756,757,697,661],"product_tag":[1524],"brand":[823],"class_list":{"0":"post-77260","1":"product","2":"type-product","3":"status-publish","4":"has-post-thumbnail","6":"product_cat-refill-abs-plus-sl","7":"product_cat-3d-filamenti","8":"product_cat-abs-filament","9":"product_cat-abs-plus-filament","10":"product_cat-refill-filament-brez-koluta-sl","11":"product_cat-vsi-filamenti","12":"product_tag-eko","13":"pa_colour-siva","14":"pa_filament-diameter-1-75mm-sl","15":"pa_filament-weight-1000g-sl","16":"brand-azurefilm-sl","18":"first","19":"outofstock","20":"taxable","21":"shipping-taxable","22":"purchasable","23":"product-type-variable","24":"has-default-attributes"},"acf":[],"_links":{"self":[{"href":"https:\/\/azurefilm.com\/sl\/wp-json\/wp\/v2\/product\/77260","targetHints":{"allow":["GET"]}}],"collection":[{"href":"https:\/\/azurefilm.com\/sl\/wp-json\/wp\/v2\/product"}],"about":[{"href":"https:\/\/azurefilm.com\/sl\/wp-json\/wp\/v2\/types\/product"}],"replies":[{"embeddable":true,"href":"https:\/\/azurefilm.com\/sl\/wp-json\/wp\/v2\/comments?post=77260"}],"wp:featuredmedia":[{"embeddable":true,"href":"https:\/\/azurefilm.com\/sl\/wp-json\/wp\/v2\/media\/77536"}],"wp:attachment":[{"href":"https:\/\/azurefilm.com\/sl\/wp-json\/wp\/v2\/media?parent=77260"}],"wp:term":[{"taxonomy":"product_brand","embeddable":true,"href":"https:\/\/azurefilm.com\/sl\/wp-json\/wp\/v2\/product_brand?post=77260"},{"taxonomy":"product_cat","embeddable":true,"href":"https:\/\/azurefilm.com\/sl\/wp-json\/wp\/v2\/product_cat?post=77260"},{"taxonomy":"product_tag","embeddable":true,"href":"https:\/\/azurefilm.com\/sl\/wp-json\/wp\/v2\/product_tag?post=77260"},{"taxonomy":"brand","embeddable":true,"href":"https:\/\/azurefilm.com\/sl\/wp-json\/wp\/v2\/brand?post=77260"}],"curies":[{"name":"wp","href":"https:\/\/api.w.org\/{rel}","templated":true}]}}