
{"id":78788,"date":"2025-05-27T07:53:51","date_gmt":"2025-05-27T07:53:51","guid":{"rendered":"https:\/\/azurefilm.com\/?post_type=product&#038;p=78788"},"modified":"2025-11-18T07:10:50","modified_gmt":"2025-11-18T07:10:50","slug":"super-pack-petg-lila","status":"publish","type":"product","link":"https:\/\/azurefilm.com\/sl\/izdelek\/super-pack-petg-lila\/","title":{"rendered":"SUPER PACK PETG Lila"},"content":{"rendered":"\t<div id=\"text-1265850077\" class=\"text pb-0\">\n\t\t\n<h2><b>Refill PETG Original HS \u2013 Hyper Speed, visoka zmogljivost<\/b><\/h2>\n<p><span style=\"font-weight: 400;\">Refill PETG Hyper Speed je zasnovan za <\/span><b>hitro, zanesljivo in visokokakovostno 3D-tiskanje<\/b><span style=\"font-weight: 400;\">. Zasnovan je za izjemno hitro delovanje, zato ohranja izjemno oprijemljivost plasti, vzdr\u017eljivost in gladko povr\u0161ino, tudi pri <\/span><b>visokih hitrostih tiskanja do 1000 mm\/s<\/b><span style=\"font-weight: 400;\">.<\/span><\/p>\n<p><img loading=\"lazy\" decoding=\"async\" class=\"aligncenter wp-image-78632 size-full\" src=\"https:\/\/azurefilm.com\/wp-content\/uploads\/SL-Product-Page-P\u2026-scaled.png\" alt=\"\" width=\"2560\" height=\"962\" title=\"\" srcset=\"https:\/\/azurefilm.com\/wp-content\/uploads\/SL-Product-Page-P\u2026-scaled.png 2560w, https:\/\/azurefilm.com\/wp-content\/uploads\/SL-Product-Page-P\u2026-scaled-510x192.png 510w, https:\/\/azurefilm.com\/wp-content\/uploads\/SL-Product-Page-P\u2026-300x113.png 300w, https:\/\/azurefilm.com\/wp-content\/uploads\/SL-Product-Page-P\u2026-1024x385.png 1024w, https:\/\/azurefilm.com\/wp-content\/uploads\/SL-Product-Page-P\u2026-768x289.png 768w, https:\/\/azurefilm.com\/wp-content\/uploads\/SL-Product-Page-P\u2026-1536x577.png 1536w, https:\/\/azurefilm.com\/wp-content\/uploads\/SL-Product-Page-P\u2026-2048x769.png 2048w\" sizes=\"auto, (max-width: 2560px) 100vw, 2560px\" \/><\/p>\n<p><img loading=\"lazy\" decoding=\"async\" class=\"aligncenter wp-image-78614 size-full\" src=\"https:\/\/azurefilm.com\/wp-content\/uploads\/SL-Product-Page-P\u2026-2-scaled.png\" alt=\"\" width=\"2560\" height=\"962\" title=\"\" srcset=\"https:\/\/azurefilm.com\/wp-content\/uploads\/SL-Product-Page-P\u2026-2-scaled.png 2560w, https:\/\/azurefilm.com\/wp-content\/uploads\/SL-Product-Page-P\u2026-2-scaled-510x192.png 510w, https:\/\/azurefilm.com\/wp-content\/uploads\/SL-Product-Page-P\u2026-2-300x113.png 300w, https:\/\/azurefilm.com\/wp-content\/uploads\/SL-Product-Page-P\u2026-2-1024x385.png 1024w, https:\/\/azurefilm.com\/wp-content\/uploads\/SL-Product-Page-P\u2026-2-768x289.png 768w, https:\/\/azurefilm.com\/wp-content\/uploads\/SL-Product-Page-P\u2026-2-1536x577.png 1536w, https:\/\/azurefilm.com\/wp-content\/uploads\/SL-Product-Page-P\u2026-2-2048x769.png 2048w\" sizes=\"auto, (max-width: 2560px) 100vw, 2560px\" \/><\/p>\n<h3><b>Uporaba PETG Hyper Speed<\/b><\/h3>\n<p><span style=\"font-weight: 400;\">Zaradi visoke trdnosti in odpornosti na udarce je PETG Hyper Speed <\/span><b>tr\u0161i od PLA<\/b><span style=\"font-weight: 400;\">, ter dealen za funkcionalne in mehanske dele. Njegova <\/span><b>odpornost na kemikalije in vla\u017enost <\/b><span style=\"font-weight: 400;\">zagotavlja dolgo \u017eivljenjsko dobo izdelkov, medtem ko njegova rahla pro\u017enost prepre\u010duje krhke po\u0161kodbe. Poleg tega <\/span><b>vrhunska temperaturna odpornost <\/b><span style=\"font-weight: 400;\">omogo\u010da uporabo v okoljih z zmerno vro\u010dino.<\/span><\/p>\n<p><img loading=\"lazy\" decoding=\"async\" class=\"aligncenter wp-image-78620 size-full\" src=\"https:\/\/azurefilm.com\/wp-content\/uploads\/SL-Product-Page-P\u2026-3-scaled.png\" alt=\"\" width=\"2560\" height=\"962\" title=\"\" srcset=\"https:\/\/azurefilm.com\/wp-content\/uploads\/SL-Product-Page-P\u2026-3-scaled.png 2560w, https:\/\/azurefilm.com\/wp-content\/uploads\/SL-Product-Page-P\u2026-3-scaled-510x192.png 510w, https:\/\/azurefilm.com\/wp-content\/uploads\/SL-Product-Page-P\u2026-3-300x113.png 300w, https:\/\/azurefilm.com\/wp-content\/uploads\/SL-Product-Page-P\u2026-3-1024x385.png 1024w, https:\/\/azurefilm.com\/wp-content\/uploads\/SL-Product-Page-P\u2026-3-768x289.png 768w, https:\/\/azurefilm.com\/wp-content\/uploads\/SL-Product-Page-P\u2026-3-1536x577.png 1536w, https:\/\/azurefilm.com\/wp-content\/uploads\/SL-Product-Page-P\u2026-3-2048x769.png 2048w\" sizes=\"auto, (max-width: 2560px) 100vw, 2560px\" \/><\/p>\n<h2><b>Tiskanje z AzureFilm Master Spool-om<\/b><\/h2>\n<p><span style=\"font-weight: 400;\">Na\u0161i Refill PETG Hyper Speed filamenti so popolnoma zdru\u017eljivi z<\/span> <a href=\"https:\/\/azurefilm.com\/sl\/izdelek\/azurefilm-master-spool-1-gratis\/\" target=\"_blank\" rel=\"noopener\"><b>AzureFilm Master Spool-om<\/b><\/a><b> \u2013 edinim kolutom, ki ga boste potrebovali.<\/b><span style=\"font-weight: 400;\"> Z nakupom koluta za ve\u010dkratno uporabo se nam lahko pridru\u017eite pri zmanj\u0161evanju odpadkov in zmanj\u0161anju vpliva na okolje.<\/span><\/p>\n<p><img loading=\"lazy\" decoding=\"async\" class=\"aligncenter wp-image-78626 size-full\" src=\"https:\/\/azurefilm.com\/wp-content\/uploads\/SL-Product-Page-P\u2026-4-scaled.png\" alt=\"\" width=\"2560\" height=\"962\" title=\"\" srcset=\"https:\/\/azurefilm.com\/wp-content\/uploads\/SL-Product-Page-P\u2026-4-scaled.png 2560w, https:\/\/azurefilm.com\/wp-content\/uploads\/SL-Product-Page-P\u2026-4-scaled-510x192.png 510w, https:\/\/azurefilm.com\/wp-content\/uploads\/SL-Product-Page-P\u2026-4-300x113.png 300w, https:\/\/azurefilm.com\/wp-content\/uploads\/SL-Product-Page-P\u2026-4-1024x385.png 1024w, https:\/\/azurefilm.com\/wp-content\/uploads\/SL-Product-Page-P\u2026-4-768x289.png 768w, https:\/\/azurefilm.com\/wp-content\/uploads\/SL-Product-Page-P\u2026-4-1536x577.png 1536w, https:\/\/azurefilm.com\/wp-content\/uploads\/SL-Product-Page-P\u2026-4-2048x769.png 2048w\" sizes=\"auto, (max-width: 2560px) 100vw, 2560px\" \/><\/p>\n<p><span style=\"font-weight: 400;\">AzureFilm Master Spool je na\u0161 kolut za<\/span><b> ve\u010dkratno uporabo<\/b><span style=\"font-weight: 400;\">, ki omogo\u010da <\/span><b>trajnostno in ugodno re\u0161itev za 3D tiskanje<\/b><span style=\"font-weight: 400;\">. Kolut je komplet <\/span><b>dveh brizganih diskov<\/b><span style=\"font-weight: 400;\">, kar mu zagotavlja visoko vzdr\u017eljivost in natan\u010dnost.<\/span><\/p>\n\t\t\t<\/div>\n\t\n<div class=\"video video-fit mb\" style=\"padding-top:56.25%;\"><p><iframe loading=\"lazy\" title=\"AzureFilm Master Spool assembly\" width=\"1020\" height=\"574\" src=\"https:\/\/www.youtube.com\/embed\/u2F_58YfvbM?feature=oembed\" frameborder=\"0\" allow=\"accelerometer; autoplay; clipboard-write; encrypted-media; gyroscope; picture-in-picture; web-share\" referrerpolicy=\"strict-origin-when-cross-origin\" allowfullscreen><\/iframe><\/p>\n<\/div>\n","protected":false},"excerpt":{"rendered":"<p><span style=\"font-weight: 400;\">Privo\u0161\u010dite si na\u0161 ekskluzivni Refill PETG Hyper Speed Lila 10-pack z <\/span><b>dvema BREZPLA\u010cNIMA Master Spool-oma <\/b><span style=\"font-weight: 400;\">\u2013 omejene koli\u010dine, najbolj\u0161a cena in <\/span><b>30-dnevna garancija brez tveganja<\/b><span style=\"font-weight: 400;\">!<\/span><\/p>\n<p><span style=\"font-weight: 400;\">Tiskajte pametneje in hitreje brez kompromisov pri kakovosti \u2013 do\u017eivite naslednjo raven PETG!<\/span><\/p>\n","protected":false},"featured_media":78863,"comment_status":"closed","ping_status":"closed","template":"","meta":{"_acf_changed":false},"product_brand":[],"product_cat":[2765,659,663,679,682,661,759],"product_tag":[1524,1532],"brand":[],"class_list":{"0":"post-78788","1":"product","2":"type-product","3":"status-publish","4":"has-post-thumbnail","6":"product_cat-petg-super-paketi-sl","7":"product_cat-3d-filamenti","8":"product_cat-paketi","9":"product_cat-petg-filament-sl","10":"product_cat-petg-original-sl","11":"product_cat-vsi-filamenti","12":"product_cat-znizano","13":"product_tag-eko","14":"product_tag-high-speed","15":"pa_colour-purple","16":"pa_filament-diameter-1-75mm","17":"pa_filament-weight-10000g","18":"pa_filament-weight-1000g","20":"first","21":"outofstock","22":"sale","23":"taxable","24":"shipping-taxable","25":"purchasable","26":"product-type-simple"},"acf":[],"_links":{"self":[{"href":"https:\/\/azurefilm.com\/sl\/wp-json\/wp\/v2\/product\/78788","targetHints":{"allow":["GET"]}}],"collection":[{"href":"https:\/\/azurefilm.com\/sl\/wp-json\/wp\/v2\/product"}],"about":[{"href":"https:\/\/azurefilm.com\/sl\/wp-json\/wp\/v2\/types\/product"}],"replies":[{"embeddable":true,"href":"https:\/\/azurefilm.com\/sl\/wp-json\/wp\/v2\/comments?post=78788"}],"wp:featuredmedia":[{"embeddable":true,"href":"https:\/\/azurefilm.com\/sl\/wp-json\/wp\/v2\/media\/78863"}],"wp:attachment":[{"href":"https:\/\/azurefilm.com\/sl\/wp-json\/wp\/v2\/media?parent=78788"}],"wp:term":[{"taxonomy":"product_brand","embeddable":true,"href":"https:\/\/azurefilm.com\/sl\/wp-json\/wp\/v2\/product_brand?post=78788"},{"taxonomy":"product_cat","embeddable":true,"href":"https:\/\/azurefilm.com\/sl\/wp-json\/wp\/v2\/product_cat?post=78788"},{"taxonomy":"product_tag","embeddable":true,"href":"https:\/\/azurefilm.com\/sl\/wp-json\/wp\/v2\/product_tag?post=78788"},{"taxonomy":"brand","embeddable":true,"href":"https:\/\/azurefilm.com\/sl\/wp-json\/wp\/v2\/brand?post=78788"}],"curies":[{"name":"wp","href":"https:\/\/api.w.org\/{rel}","templated":true}]}}