
{"id":81609,"date":"2025-06-23T07:13:08","date_gmt":"2025-06-23T07:13:08","guid":{"rendered":"https:\/\/azurefilm.com\/?post_type=product&#038;p=81609"},"modified":"2025-12-20T07:59:45","modified_gmt":"2025-12-20T07:59:45","slug":"creality-space-pi-susilnik-filamenta","status":"publish","type":"product","link":"https:\/\/azurefilm.com\/sl\/izdelek\/creality-space-pi-susilnik-filamenta\/","title":{"rendered":"Creality Space Pi Su\u0161ilnik Filamenta"},"content":{"rendered":"<h2><b>Creality Space Pi Su\u0161ilnik Filamenta<\/b><\/h2>\n<p><span style=\"font-weight: 400;\">Space Pi su\u0161ilnik filamenta podjetja Creality poskrbi za hitro in u\u010dinkovito su\u0161enje, kar izbolj\u0161a kakovost 3D-tiska in prepre\u010di te\u017eave, povezane z vlago. Ne glede na to, ali tiskate s PLA, PETG, TPU ali posebnimi materiali, naprava zagotavlja optimalno stanje filamenta za bolj gladko in zanesljivo tiskanje.<\/span><\/p>\n<h2><b>Glavne zna\u010dilnosti<\/b><\/h2>\n<ul>\n<li style=\"font-weight: 400;\" aria-level=\"1\"><b>80 W PTC 360\u00b0<\/b><span style=\"font-weight: 400;\"> kro\u017eno vro\u010de zra\u010dno ogrevanje za hitro in enakomerno su\u0161enje<\/span><\/li>\n<li style=\"font-weight: 400;\" aria-level=\"1\"><span style=\"font-weight: 400;\">Nastavljiva temperatura od <\/span><b>45\u202f\u00b0C do 70\u202f\u00b0C<\/b><\/li>\n<li style=\"font-weight: 400;\" aria-level=\"1\"><span style=\"font-weight: 400;\">Prednastavitve na dotik za do <\/span><b>12 vrst filamentov<\/b><\/li>\n<li style=\"font-weight: 400;\" aria-level=\"1\"><span style=\"font-weight: 400;\">\u010casovnik su\u0161enja od<\/span><b> 0 do 48 ur<\/b><span style=\"font-weight: 400;\"> z mo\u017enostjo pomnjenja nastavitev<\/span><span style=\"font-weight: 400;\"><br \/>\n<\/span><\/li>\n<\/ul>\n<h2><b>Nadzor v realnem \u010dasu<\/b><\/h2>\n<ul>\n<li style=\"font-weight: 400;\" aria-level=\"1\"><b>3,7-pal\u010dni LCD zaslon<\/b><span style=\"font-weight: 400;\"> na dotik za enostavno uporabo<\/span><\/li>\n<li style=\"font-weight: 400;\" aria-level=\"1\"><span style=\"font-weight: 400;\">Prikaz temperature, vla\u017enosti in preostalega \u010dasa<\/span><\/li>\n<li style=\"font-weight: 400;\" aria-level=\"1\"><b>Vgrajen senzor<\/b><span style=\"font-weight: 400;\"> za merjenje vla\u017enosti v realnem \u010dasu<\/span><span style=\"font-weight: 400;\"><br \/>\n<\/span><\/li>\n<\/ul>\n<h2><b>Prednosti delovanja<\/b><\/h2>\n<ul>\n<li style=\"font-weight: 400;\" aria-level=\"1\"><b>Tih na\u010din delovanja<\/b><span style=\"font-weight: 400;\"> z optimiziranim pretokom zraka<\/span><\/li>\n<li style=\"font-weight: 400;\" aria-level=\"1\"><span style=\"font-weight: 400;\">Podpira filament premera: <\/span><b>1,75 mm \/ 2,85 mm \/ 3 mm<\/b><\/li>\n<li style=\"font-weight: 400;\" aria-level=\"1\"><span style=\"font-weight: 400;\">Hitro in enostavno upravljanje<\/span><\/li>\n<li style=\"font-weight: 400;\" aria-level=\"1\"><span style=\"font-weight: 400;\">Prepre\u010duje te\u017eave kot so <\/span><b>nitkanje, mehur\u010dki ali slaba oprijemljivost<\/b><b><br \/>\n<\/b><\/li>\n<\/ul>\n<h2><b>Tehni\u010dne specifikacije<\/b><\/h2>\n<ul>\n<li style=\"font-weight: 400;\" aria-level=\"1\"><span style=\"font-weight: 400;\">Ime izdelka: Space \u03c0 Su\u0161ilnik Filamenta<\/span><\/li>\n<li style=\"font-weight: 400;\" aria-level=\"1\"><span style=\"font-weight: 400;\">Model: DB-03<\/span><\/li>\n<li style=\"font-weight: 400;\" aria-level=\"1\"><span style=\"font-weight: 400;\">Velikost paketa: 315x125x300 mm<\/span><\/li>\n<li style=\"font-weight: 400;\" aria-level=\"1\"><span style=\"font-weight: 400;\">Neto te\u017ea: 1150 g<\/span><\/li>\n<li style=\"font-weight: 400;\" aria-level=\"1\"><span style=\"font-weight: 400;\">Barva: Vesoljsko siva<\/span><\/li>\n<li style=\"font-weight: 400;\" aria-level=\"1\"><span style=\"font-weight: 400;\">Vhodna napetost:<\/span>\n<ul>\n<li style=\"font-weight: 400;\" aria-level=\"2\"><span style=\"font-weight: 400;\">ZDA: 110 V \/ 50\u201360 Hz<\/span><\/li>\n<li style=\"font-weight: 400;\" aria-level=\"2\"><span style=\"font-weight: 400;\">EU\/UK: 220 V \/ 50\u201360 Hz<\/span><\/li>\n<\/ul>\n<\/li>\n<li style=\"font-weight: 400;\" aria-level=\"1\"><span style=\"font-weight: 400;\">Nazivna mo\u010d: 145\u202fW<\/span><\/li>\n<li style=\"font-weight: 400;\" aria-level=\"1\"><span style=\"font-weight: 400;\">Temperaturni razpon: 45\u202f\u00b0C \u2013 70\u202f\u00b0C<\/span><\/li>\n<li style=\"font-weight: 400;\" aria-level=\"1\"><span style=\"font-weight: 400;\">Trajanje ogrevanja: 0\u201348 h<\/span><\/li>\n<li style=\"font-weight: 400;\" aria-level=\"1\"><span style=\"font-weight: 400;\">Podprti premeri filamenta: 1,75 mm \/ 2,85 mm<\/span><\/li>\n<\/ul>\n","protected":false},"excerpt":{"rendered":"<p><span style=\"font-weight: 400;\">Creality Space Pi su\u0161ilnik filamenta omogo\u010da hitro in u\u010dinkovito su\u0161enje za bolj\u0161o kakovost 3D-tiska in manj te\u017eav zaradi vlage.<\/span><\/p>\n","protected":false},"featured_media":81918,"comment_status":"closed","ping_status":"closed","template":"","meta":{"_acf_changed":false},"product_brand":[],"product_cat":[760,788,761],"product_tag":[],"brand":[],"class_list":{"0":"post-81609","1":"product","2":"type-product","3":"status-publish","4":"has-post-thumbnail","6":"product_cat-rezervni-deli","7":"product_cat-drugi-predmeti","8":"product_cat-vsi-rezervni-deli","10":"first","11":"instock","12":"taxable","13":"shipping-taxable","14":"purchasable","15":"product-type-simple"},"acf":[],"_links":{"self":[{"href":"https:\/\/azurefilm.com\/sl\/wp-json\/wp\/v2\/product\/81609","targetHints":{"allow":["GET"]}}],"collection":[{"href":"https:\/\/azurefilm.com\/sl\/wp-json\/wp\/v2\/product"}],"about":[{"href":"https:\/\/azurefilm.com\/sl\/wp-json\/wp\/v2\/types\/product"}],"replies":[{"embeddable":true,"href":"https:\/\/azurefilm.com\/sl\/wp-json\/wp\/v2\/comments?post=81609"}],"wp:featuredmedia":[{"embeddable":true,"href":"https:\/\/azurefilm.com\/sl\/wp-json\/wp\/v2\/media\/81918"}],"wp:attachment":[{"href":"https:\/\/azurefilm.com\/sl\/wp-json\/wp\/v2\/media?parent=81609"}],"wp:term":[{"taxonomy":"product_brand","embeddable":true,"href":"https:\/\/azurefilm.com\/sl\/wp-json\/wp\/v2\/product_brand?post=81609"},{"taxonomy":"product_cat","embeddable":true,"href":"https:\/\/azurefilm.com\/sl\/wp-json\/wp\/v2\/product_cat?post=81609"},{"taxonomy":"product_tag","embeddable":true,"href":"https:\/\/azurefilm.com\/sl\/wp-json\/wp\/v2\/product_tag?post=81609"},{"taxonomy":"brand","embeddable":true,"href":"https:\/\/azurefilm.com\/sl\/wp-json\/wp\/v2\/brand?post=81609"}],"curies":[{"name":"wp","href":"https:\/\/api.w.org\/{rel}","templated":true}]}}