
{"id":84381,"date":"2025-07-30T09:13:28","date_gmt":"2025-07-30T09:13:28","guid":{"rendered":"https:\/\/azurefilm.com\/?post_type=product&#038;p=84381"},"modified":"2026-01-18T20:30:31","modified_gmt":"2026-01-18T20:30:31","slug":"komplet-sob-za-hitro-menjavo-unicorn-k2-plus","status":"publish","type":"product","link":"https:\/\/azurefilm.com\/sl\/izdelek\/komplet-sob-za-hitro-menjavo-unicorn-k2-plus\/","title":{"rendered":"Komplet \u0161ob za hitro menjavo Unicorn K2 Plus"},"content":{"rendered":"<p><span style=\"font-weight: 400;\">Komplet \u0161ob za hitro menjavo Unicorn K2 Plus je originalni dodatek Creality, zasnovan za 3D-tiskalnik K2 Plus. Ta komplet vklju\u010duje \u0161tiri razli\u010dne velikosti \u0161ob za podporo razli\u010dnim potrebam tiskanja &#8211; od visokopodrobnega do visokohitrostnega tiskanja.<\/span><\/p>\n<p><span style=\"font-weight: 400;\">Prilo\u017eene velikosti \u0161ob:<\/span><\/p>\n<ul>\n<li style=\"font-weight: 400;\" aria-level=\"1\"><span style=\"font-weight: 400;\">2x 0,4 mm<\/span><\/li>\n<li style=\"font-weight: 400;\" aria-level=\"1\"><span style=\"font-weight: 400;\">0,6 mm<\/span><\/li>\n<li style=\"font-weight: 400;\" aria-level=\"1\"><span style=\"font-weight: 400;\">0,8 mm<\/span><\/li>\n<\/ul>\n<p><span style=\"font-weight: 400;\">Klju\u010dne lastnosti:<\/span><\/p>\n<ul>\n<li style=\"font-weight: 400;\" aria-level=\"1\"><span style=\"font-weight: 400;\">Sistem hitre menjave: za menjavo \u0161ob ni potrebno orodje<\/span><\/li>\n<li style=\"font-weight: 400;\" aria-level=\"1\"><span style=\"font-weight: 400;\">Natan\u010dno obdelane medeninaste \u0161obe<\/span><\/li>\n<li style=\"font-weight: 400;\" aria-level=\"1\"><span style=\"font-weight: 400;\">Primerno za \u0161iroko paleto vrst filamentov<\/span><\/li>\n<\/ul>\n","protected":false},"excerpt":{"rendered":"<p><span style=\"font-weight: 400;\">Komplet \u0161ob za hitro menjavo za Creality K2 Plus. Vklju\u010duje 4 velikosti \u0161ob: 2x 0,4 mm, 0,6 mm in 0,8 mm.<\/span><\/p>\n","protected":false},"featured_media":84542,"comment_status":"closed","ping_status":"closed","template":"","meta":{"_acf_changed":false},"product_brand":[],"product_cat":[760,787,785,761],"product_tag":[],"brand":[],"class_list":{"0":"post-84381","1":"product","2":"type-product","3":"status-publish","4":"has-post-thumbnail","6":"product_cat-rezervni-deli","7":"product_cat-navadne-sobe","8":"product_cat-sobe","9":"product_cat-vsi-rezervni-deli","10":"pa_compatible-with-creality-fdm-3d-printers","11":"pa_fits-printer-creality-k2-plus","13":"first","14":"outofstock","15":"taxable","16":"shipping-taxable","17":"purchasable","18":"product-type-simple"},"acf":[],"_links":{"self":[{"href":"https:\/\/azurefilm.com\/sl\/wp-json\/wp\/v2\/product\/84381","targetHints":{"allow":["GET"]}}],"collection":[{"href":"https:\/\/azurefilm.com\/sl\/wp-json\/wp\/v2\/product"}],"about":[{"href":"https:\/\/azurefilm.com\/sl\/wp-json\/wp\/v2\/types\/product"}],"replies":[{"embeddable":true,"href":"https:\/\/azurefilm.com\/sl\/wp-json\/wp\/v2\/comments?post=84381"}],"wp:featuredmedia":[{"embeddable":true,"href":"https:\/\/azurefilm.com\/sl\/wp-json\/wp\/v2\/media\/84542"}],"wp:attachment":[{"href":"https:\/\/azurefilm.com\/sl\/wp-json\/wp\/v2\/media?parent=84381"}],"wp:term":[{"taxonomy":"product_brand","embeddable":true,"href":"https:\/\/azurefilm.com\/sl\/wp-json\/wp\/v2\/product_brand?post=84381"},{"taxonomy":"product_cat","embeddable":true,"href":"https:\/\/azurefilm.com\/sl\/wp-json\/wp\/v2\/product_cat?post=84381"},{"taxonomy":"product_tag","embeddable":true,"href":"https:\/\/azurefilm.com\/sl\/wp-json\/wp\/v2\/product_tag?post=84381"},{"taxonomy":"brand","embeddable":true,"href":"https:\/\/azurefilm.com\/sl\/wp-json\/wp\/v2\/brand?post=84381"}],"curies":[{"name":"wp","href":"https:\/\/api.w.org\/{rel}","templated":true}]}}