
{"id":84399,"date":"2025-07-30T09:19:30","date_gmt":"2025-07-30T09:19:30","guid":{"rendered":"https:\/\/azurefilm.com\/?post_type=product&#038;p=84399"},"modified":"2025-07-30T09:19:33","modified_gmt":"2025-07-30T09:19:33","slug":"ventilator-k2-plus","status":"publish","type":"product","link":"https:\/\/azurefilm.com\/sl\/izdelek\/ventilator-k2-plus\/","title":{"rendered":"Ventilator K2 Plus"},"content":{"rendered":"<p><span style=\"font-weight: 400;\">Ventilator <\/span><b>K2 Plus Heatbreak <\/b><span style=\"font-weight: 400;\">je klju\u010dna nadgradnja hlajenja, zasnovana za optimizacijo toplotnega upravljanja va\u0161ega 3D-tiskalnika Creality K2 Plus. Ta visokozmogljiv ventilator u\u010dinkovito hladi del s toplotnim prelomom hotenda, prepre\u010duje lezenje toplote in zagotavlja stabilno ekstruzijo med tiskanjem.<\/span><\/p>\n<p><span style=\"font-weight: 400;\">Z vzdr\u017eevanjem idealne temperature na toplotnem prelomu ventilator zmanj\u0161a tveganje zastoja filamenta in izbolj\u0161a splo\u0161no zanesljivost tiskanja, zlasti pri tiskanju s temperaturno ob\u010dutljivimi materiali, kot so PLA, TPU ali fleksibilni filamenti. Njegova kompaktna zasnova se brezhibno prilega nastavitvi K2 Plus, kar omogo\u010da enostavno zamenjavo ali nadgradnjo brez zapletenih nastavitev.<\/span><\/p>\n<p><span style=\"font-weight: 400;\">Klju\u010dne lastnosti:<\/span><\/p>\n<ul>\n<li style=\"font-weight: 400;\" aria-level=\"1\"><span style=\"font-weight: 400;\">U\u010dinkovito hlajenje za toplotni odklop in stabilnost vro\u010dega dela<\/span><\/li>\n<li style=\"font-weight: 400;\" aria-level=\"1\"><span style=\"font-weight: 400;\">Zmanj\u0161a zatikanje filamentov zaradi toplotnega lezenja<\/span><\/li>\n<li style=\"font-weight: 400;\" aria-level=\"1\"><span style=\"font-weight: 400;\">Zasnovano izklju\u010dno za Creality K2 Plus<\/span><\/li>\n<li style=\"font-weight: 400;\" aria-level=\"1\"><span style=\"font-weight: 400;\">Enostavna namestitev z zasnovo \u00bbplug-and-play\u00ab<\/span><\/li>\n<li style=\"font-weight: 400;\" aria-level=\"1\"><span style=\"font-weight: 400;\">Podpira tiskanje s \u0161iroko paleto vrst filamentov<\/span><\/li>\n<\/ul>\n","protected":false},"excerpt":{"rendered":"<p><span style=\"font-weight: 400;\">Izbolj\u0161ajte u\u010dinkovitost hlajenja va\u0161ega 3D-tiskalnika Creality K2 Plus z ventilatorjem K2 Plus Heatbreak za bolj\u0161e odvajanje toplote in izbolj\u0161ano kakovost tiskanja.<\/span><\/p>\n","protected":false},"featured_media":84585,"comment_status":"closed","ping_status":"closed","template":"","meta":{"_acf_changed":false},"product_brand":[],"product_cat":[760,776,761],"product_tag":[],"brand":[],"class_list":{"0":"post-84399","1":"product","2":"type-product","3":"status-publish","4":"has-post-thumbnail","6":"product_cat-rezervni-deli","7":"product_cat-ventilatorji","8":"product_cat-vsi-rezervni-deli","9":"pa_compatible-with-creality-fdm-3d-printers","10":"pa_fits-printer-creality-k2-plus","12":"first","13":"instock","14":"taxable","15":"shipping-taxable","16":"purchasable","17":"product-type-simple"},"acf":[],"_links":{"self":[{"href":"https:\/\/azurefilm.com\/sl\/wp-json\/wp\/v2\/product\/84399","targetHints":{"allow":["GET"]}}],"collection":[{"href":"https:\/\/azurefilm.com\/sl\/wp-json\/wp\/v2\/product"}],"about":[{"href":"https:\/\/azurefilm.com\/sl\/wp-json\/wp\/v2\/types\/product"}],"replies":[{"embeddable":true,"href":"https:\/\/azurefilm.com\/sl\/wp-json\/wp\/v2\/comments?post=84399"}],"wp:featuredmedia":[{"embeddable":true,"href":"https:\/\/azurefilm.com\/sl\/wp-json\/wp\/v2\/media\/84585"}],"wp:attachment":[{"href":"https:\/\/azurefilm.com\/sl\/wp-json\/wp\/v2\/media?parent=84399"}],"wp:term":[{"taxonomy":"product_brand","embeddable":true,"href":"https:\/\/azurefilm.com\/sl\/wp-json\/wp\/v2\/product_brand?post=84399"},{"taxonomy":"product_cat","embeddable":true,"href":"https:\/\/azurefilm.com\/sl\/wp-json\/wp\/v2\/product_cat?post=84399"},{"taxonomy":"product_tag","embeddable":true,"href":"https:\/\/azurefilm.com\/sl\/wp-json\/wp\/v2\/product_tag?post=84399"},{"taxonomy":"brand","embeddable":true,"href":"https:\/\/azurefilm.com\/sl\/wp-json\/wp\/v2\/brand?post=84399"}],"curies":[{"name":"wp","href":"https:\/\/api.w.org\/{rel}","templated":true}]}}