
{"id":84451,"date":"2025-07-30T09:24:47","date_gmt":"2025-07-30T09:24:47","guid":{"rendered":"https:\/\/azurefilm.com\/?post_type=product&#038;p=84451"},"modified":"2025-12-24T19:08:40","modified_gmt":"2025-12-24T19:08:40","slug":"k2-plus-epoksidna-plosca","status":"publish","type":"product","link":"https:\/\/azurefilm.com\/sl\/izdelek\/k2-plus-epoksidna-plosca\/","title":{"rendered":"K2 Plus epoksidna plo\u0161\u010da"},"content":{"rendered":"<p><span style=\"font-weight: 400;\">Gradbena plo\u0161\u010da iz epoksidne smole K2 Plus je zasnovana za izbolj\u0161ano zmogljivost tiskanja na tiskalniku Creality K2 Plus. Z visokokakovostnim premazom iz epoksidne smole ta gradbena plo\u0161\u010da ponuja odli\u010den oprijem razli\u010dnih filamentov, hkrati pa zagotavlja enostavno odstranjevanje kon\u010dnih odtisov. Njena trpe\u017ena povr\u0161ina je odporna na praske in obrabo ter zagotavlja stabilno in zanesljivo podlago za tiskanje za dosledne rezultate. Popolna za uporabnike, ki i\u0161\u010dejo robustno in dolgotrajno nadgradnjo za izbolj\u0161anje kakovosti tiskanja in oprijema podlage.<\/span><\/p>\n<p><span style=\"font-weight: 400;\">Klju\u010dne lastnosti:<\/span><\/p>\n<ul>\n<li style=\"font-weight: 400;\" aria-level=\"1\"><span style=\"font-weight: 400;\">Trpe\u017ena povr\u0161ina epoksidne smole za mo\u010dan oprijem<\/span><\/li>\n<li style=\"font-weight: 400;\" aria-level=\"1\"><span style=\"font-weight: 400;\">Enostavno odstranjevanje odtisov brez po\u0161kodb<\/span><\/li>\n<li style=\"font-weight: 400;\" aria-level=\"1\"><span style=\"font-weight: 400;\">Zdru\u017eljivo s Creality K2 Plus<\/span><\/li>\n<li style=\"font-weight: 400;\" aria-level=\"1\"><span style=\"font-weight: 400;\">Podpira ve\u010d vrst filamentov, vklju\u010dno s PLA, ABS, PETG<\/span><\/li>\n<li style=\"font-weight: 400;\" aria-level=\"1\"><span style=\"font-weight: 400;\">Odporno na praske in dolgo obstojno<\/span><\/li>\n<\/ul>\n","protected":false},"excerpt":{"rendered":"<p><span style=\"font-weight: 400;\">Nadgradite svoj Creality K2 Plus z epoksidno plo\u0161\u010do za vrhunski oprijem in dolgotrajno vzdr\u017eljivost.<\/span><\/p>\n","protected":false},"featured_media":84729,"comment_status":"closed","ping_status":"closed","template":"","meta":{"_acf_changed":false},"product_brand":[],"product_cat":[760,766,761],"product_tag":[],"brand":[],"class_list":{"0":"post-84451","1":"product","2":"type-product","3":"status-publish","4":"has-post-thumbnail","6":"product_cat-rezervni-deli","7":"product_cat-tiskalne-povrsine","8":"product_cat-vsi-rezervni-deli","9":"pa_compatible-with-creality-fdm-3d-printers","10":"pa_fits-printer-creality-k2-plus","12":"first","13":"outofstock","14":"taxable","15":"shipping-taxable","16":"purchasable","17":"product-type-simple"},"acf":[],"_links":{"self":[{"href":"https:\/\/azurefilm.com\/sl\/wp-json\/wp\/v2\/product\/84451","targetHints":{"allow":["GET"]}}],"collection":[{"href":"https:\/\/azurefilm.com\/sl\/wp-json\/wp\/v2\/product"}],"about":[{"href":"https:\/\/azurefilm.com\/sl\/wp-json\/wp\/v2\/types\/product"}],"replies":[{"embeddable":true,"href":"https:\/\/azurefilm.com\/sl\/wp-json\/wp\/v2\/comments?post=84451"}],"wp:featuredmedia":[{"embeddable":true,"href":"https:\/\/azurefilm.com\/sl\/wp-json\/wp\/v2\/media\/84729"}],"wp:attachment":[{"href":"https:\/\/azurefilm.com\/sl\/wp-json\/wp\/v2\/media?parent=84451"}],"wp:term":[{"taxonomy":"product_brand","embeddable":true,"href":"https:\/\/azurefilm.com\/sl\/wp-json\/wp\/v2\/product_brand?post=84451"},{"taxonomy":"product_cat","embeddable":true,"href":"https:\/\/azurefilm.com\/sl\/wp-json\/wp\/v2\/product_cat?post=84451"},{"taxonomy":"product_tag","embeddable":true,"href":"https:\/\/azurefilm.com\/sl\/wp-json\/wp\/v2\/product_tag?post=84451"},{"taxonomy":"brand","embeddable":true,"href":"https:\/\/azurefilm.com\/sl\/wp-json\/wp\/v2\/brand?post=84451"}],"curies":[{"name":"wp","href":"https:\/\/api.w.org\/{rel}","templated":true}]}}