
{"id":84465,"date":"2025-07-30T09:30:20","date_gmt":"2025-07-30T09:30:20","guid":{"rendered":"https:\/\/azurefilm.com\/?post_type=product&#038;p=84465"},"modified":"2025-07-30T09:30:24","modified_gmt":"2025-07-30T09:30:24","slug":"sprednji-pokrov-ekstruderja-k2-plus","status":"publish","type":"product","link":"https:\/\/azurefilm.com\/sl\/izdelek\/sprednji-pokrov-ekstruderja-k2-plus\/","title":{"rendered":"Sprednji pokrov ekstruderja K2 Plus"},"content":{"rendered":"<p><span style=\"font-weight: 400;\">Sprednji pokrov ekstruderja K2 Plus je trpe\u017een nadomestni del, zasnovan za za\u0161\u010dito sklopa ekstruderja va\u0161ega 3D-tiskalnika Creality K2 Plus. \u0160\u010diti klju\u010dne komponente pred prahom in umazanijo, kar pomaga ohranjati nemoteno podajanje filamenta in podalj\u0161uje \u017eivljenjsko dobo va\u0161ega ekstruderja. Ta sprednji pokrov je enostaven za namestitev in izdelan tako, da se popolnoma prilega, zato je idealna nadgradnja ali zamenjava za ohranjanje zanesljivosti in videza tiskalnika.<\/span><\/p>\n<p><span style=\"font-weight: 400;\">Klju\u010dne lastnosti:<\/span><\/p>\n<ul>\n<li style=\"font-weight: 400;\" aria-level=\"1\"><span style=\"font-weight: 400;\">\u0160\u010diti komponente ekstruderja pred prahom in umazanijo<\/span><\/li>\n<li style=\"font-weight: 400;\" aria-level=\"1\"><span style=\"font-weight: 400;\">Trpe\u017ena, natan\u010dno prilegajo\u010da se zasnova za Creality K2 Plus<\/span><\/li>\n<li style=\"font-weight: 400;\" aria-level=\"1\"><span style=\"font-weight: 400;\">Enostavna namestitev<\/span><\/li>\n<li style=\"font-weight: 400;\" aria-level=\"1\"><span style=\"font-weight: 400;\">Pomaga zagotoviti nemoteno podajanje filamenta<\/span><\/li>\n<\/ul>\n","protected":false},"excerpt":{"rendered":"<p><span style=\"font-weight: 400;\">Za\u0161\u010ditite in izbolj\u0161ajte svoj ekstruder Creality K2 Plus z vzdr\u017eljivim sprednjim pokrovom ekstruderja K2 Plus.<\/span><\/p>\n","protected":false},"featured_media":84760,"comment_status":"closed","ping_status":"closed","template":"","meta":{"_acf_changed":false},"product_brand":[],"product_cat":[760,775,773,812,761],"product_tag":[],"brand":[],"class_list":{"0":"post-84465","1":"product","2":"type-product","3":"status-publish","4":"has-post-thumbnail","6":"product_cat-rezervni-deli","7":"product_cat-deli-ekstruderja","8":"product_cat-ekstruderji","9":"product_cat-nadgradnje-ekstruderja","10":"product_cat-vsi-rezervni-deli","11":"pa_compatible-with-creality-fdm-3d-printers","12":"pa_fits-printer-creality-k2-plus","14":"first","15":"instock","16":"taxable","17":"shipping-taxable","18":"purchasable","19":"product-type-simple"},"acf":[],"_links":{"self":[{"href":"https:\/\/azurefilm.com\/sl\/wp-json\/wp\/v2\/product\/84465","targetHints":{"allow":["GET"]}}],"collection":[{"href":"https:\/\/azurefilm.com\/sl\/wp-json\/wp\/v2\/product"}],"about":[{"href":"https:\/\/azurefilm.com\/sl\/wp-json\/wp\/v2\/types\/product"}],"replies":[{"embeddable":true,"href":"https:\/\/azurefilm.com\/sl\/wp-json\/wp\/v2\/comments?post=84465"}],"wp:featuredmedia":[{"embeddable":true,"href":"https:\/\/azurefilm.com\/sl\/wp-json\/wp\/v2\/media\/84760"}],"wp:attachment":[{"href":"https:\/\/azurefilm.com\/sl\/wp-json\/wp\/v2\/media?parent=84465"}],"wp:term":[{"taxonomy":"product_brand","embeddable":true,"href":"https:\/\/azurefilm.com\/sl\/wp-json\/wp\/v2\/product_brand?post=84465"},{"taxonomy":"product_cat","embeddable":true,"href":"https:\/\/azurefilm.com\/sl\/wp-json\/wp\/v2\/product_cat?post=84465"},{"taxonomy":"product_tag","embeddable":true,"href":"https:\/\/azurefilm.com\/sl\/wp-json\/wp\/v2\/product_tag?post=84465"},{"taxonomy":"brand","embeddable":true,"href":"https:\/\/azurefilm.com\/sl\/wp-json\/wp\/v2\/brand?post=84465"}],"curies":[{"name":"wp","href":"https:\/\/api.w.org\/{rel}","templated":true}]}}